{"id":5032,"date":"2021-03-17T23:20:05","date_gmt":"2021-03-17T23:20:05","guid":{"rendered":"https:\/\/www.hotelplaza.hr\/?page_id=5032"},"modified":"2021-03-17T23:21:02","modified_gmt":"2021-03-17T23:21:02","slug":"elektrotankstelle","status":"publish","type":"page","link":"https:\/\/www.hotelplaza.hr\/de\/elektrotankstelle\/","title":{"rendered":"Elektrotankstelle"},"content":{"rendered":"\t\t<div data-elementor-type=\"wp-page\" data-elementor-id=\"5032\" class=\"elementor elementor-5032 elementor-1492\" data-elementor-post-type=\"page\">\n\t\t\t\t\t\t<section class=\"elementor-section elementor-top-section elementor-element elementor-element-31e50d0 elementor-section-full_width elementor-section-height-min-height elementor-section-stretched elementor-section-height-default elementor-section-items-middle\" data-id=\"31e50d0\" data-element_type=\"section\" data-e-type=\"section\" data-settings=\"{&quot;stretch_section&quot;:&quot;section-stretched&quot;,&quot;background_background&quot;:&quot;classic&quot;}\">\n\t\t\t\t\t\t<div class=\"elementor-container elementor-column-gap-default\">\n\t\t\t\t\t<div class=\"elementor-column elementor-col-100 elementor-top-column elementor-element elementor-element-7f5ccb9\" data-id=\"7f5ccb9\" data-element_type=\"column\" data-e-type=\"column\">\n\t\t\t<div class=\"elementor-widget-wrap\">\n\t\t\t\t\t\t\t<\/div>\n\t\t<\/div>\n\t\t\t\t\t<\/div>\n\t\t<\/section>\n\t\t\t\t<section class=\"elementor-section elementor-top-section elementor-element elementor-element-9398b38 elementor-section-stretched elementor-section-boxed elementor-section-height-default elementor-section-height-default\" data-id=\"9398b38\" data-element_type=\"section\" data-e-type=\"section\" data-settings=\"{&quot;background_background&quot;:&quot;classic&quot;,&quot;stretch_section&quot;:&quot;section-stretched&quot;}\">\n\t\t\t\t\t\t<div class=\"elementor-container elementor-column-gap-default\">\n\t\t\t\t\t<div class=\"elementor-column elementor-col-100 elementor-top-column elementor-element elementor-element-e0ce22b\" data-id=\"e0ce22b\" data-element_type=\"column\" data-e-type=\"column\">\n\t\t\t<div class=\"elementor-widget-wrap elementor-element-populated\">\n\t\t\t\t\t\t<div class=\"elementor-element elementor-element-336a588 subtilines elementor-widget elementor-widget-text-editor\" data-id=\"336a588\" data-element_type=\"widget\" data-e-type=\"widget\" data-widget_type=\"text-editor.default\">\n\t\t\t\t\t\t\t\t\t<p class=\"t1\">EXKLUSIVE 4-STERNE-HOTELS<\/p>\t\t\t\t\t\t\t\t<\/div>\n\t\t\t\t<div class=\"elementor-element elementor-element-b43de2c elementor-widget elementor-widget-heading\" data-id=\"b43de2c\" data-element_type=\"widget\" data-e-type=\"widget\" data-widget_type=\"heading.default\">\n\t\t\t\t\t<h2 class=\"elementor-heading-title elementor-size-default\">Elektrotankstelle<\/h2>\t\t\t\t<\/div>\n\t\t\t\t<div class=\"elementor-element elementor-element-fa34f6f elementor-widget elementor-widget-text-editor\" data-id=\"fa34f6f\" data-element_type=\"widget\" data-e-type=\"widget\" data-widget_type=\"text-editor.default\">\n\t\t\t\t\t\t\t\t\t<p>Gem\u00e4\u00df dem Bewusstsein \u00fcber \u00d6kologie und der Anpassung unserer Gesch\u00e4ftst\u00e4tigkeit zur Energieeinsparung und St\u00e4rkung der erhaltenden Entwicklung, verf\u00fcgt das Hotel Du\u0107e \u00fcber eine zertifizierte Ducati Energia Elektrotrankstelle, an der zwei Fahrzeuge gleichzeitig mit 24kW und 32 kW\/h geladen werden k\u00f6nnen. Die Tankstelle steht unseren G\u00e4sten kostenlos zur Verf\u00fcgung.<\/p>\t\t\t\t\t\t\t\t<\/div>\n\t\t\t\t\t<\/div>\n\t\t<\/div>\n\t\t\t\t\t<\/div>\n\t\t<\/section>\n\t\t\t\t<\/div>\n\t\t","protected":false},"excerpt":{"rendered":"<p>EXKLUSIVE 4-STERNE-HOTELS Elektrotankstelle Gem\u00e4\u00df dem Bewusstsein \u00fcber \u00d6kologie und der Anpassung unserer Gesch\u00e4ftst\u00e4tigkeit zur Energieeinsparung und St\u00e4rkung der erhaltenden Entwicklung, verf\u00fcgt das Hotel Du\u0107e \u00fcber eine zertifizierte Ducati Energia Elektrotrankstelle, an der zwei Fahrzeuge gleichzeitig mit 24kW und 32 kW\/h geladen werden k\u00f6nnen. Die Tankstelle steht unseren G\u00e4sten kostenlos zur Verf\u00fcgung.<\/p>\n","protected":false},"author":1,"featured_media":0,"parent":0,"menu_order":0,"comment_status":"closed","ping_status":"closed","template":"","meta":{"rs_blank_template":"","rs_page_bg_color":"","slide_template_v7":"","site-sidebar-layout":"no-sidebar","site-content-layout":"content-boxed-container","ast-site-content-layout":"default","site-content-style":"default","site-sidebar-style":"default","ast-global-header-display":"","ast-banner-title-visibility":"","ast-main-header-display":"disabled","ast-hfb-above-header-display":"","ast-hfb-below-header-display":"","ast-hfb-mobile-header-display":"","site-post-title":"disabled","ast-breadcrumbs-content":"disabled","ast-featured-img":"disabled","footer-sml-layout":"disabled","ast-disable-related-posts":"","theme-transparent-header-meta":"enabled","adv-header-id-meta":"","stick-header-meta":"","header-above-stick-meta":"","header-main-stick-meta":"","header-below-stick-meta":"","astra-migrate-meta-layouts":"default","ast-page-background-enabled":"default","ast-page-background-meta":{"desktop":{"background-color":"","background-image":"","background-repeat":"repeat","background-position":"center center","background-size":"auto","background-attachment":"scroll","background-type":"","background-media":"","overlay-type":"","overlay-color":"","overlay-opacity":"","overlay-gradient":""},"tablet":{"background-color":"","background-image":"","background-repeat":"repeat","background-position":"center center","background-size":"auto","background-attachment":"scroll","background-type":"","background-media":"","overlay-type":"","overlay-color":"","overlay-opacity":"","overlay-gradient":""},"mobile":{"background-color":"","background-image":"","background-repeat":"repeat","background-position":"center center","background-size":"auto","background-attachment":"scroll","background-type":"","background-media":"","overlay-type":"","overlay-color":"","overlay-opacity":"","overlay-gradient":""}},"ast-content-background-meta":{"desktop":{"background-color":"var(--ast-global-color-5)","background-image":"","background-repeat":"repeat","background-position":"center center","background-size":"auto","background-attachment":"scroll","background-type":"","background-media":"","overlay-type":"","overlay-color":"","overlay-opacity":"","overlay-gradient":""},"tablet":{"background-color":"var(--ast-global-color-5)","background-image":"","background-repeat":"repeat","background-position":"center center","background-size":"auto","background-attachment":"scroll","background-type":"","background-media":"","overlay-type":"","overlay-color":"","overlay-opacity":"","overlay-gradient":""},"mobile":{"background-color":"var(--ast-global-color-5)","background-image":"","background-repeat":"repeat","background-position":"center center","background-size":"auto","background-attachment":"scroll","background-type":"","background-media":"","overlay-type":"","overlay-color":"","overlay-opacity":"","overlay-gradient":""}},"footnotes":""},"class_list":["post-5032","page","type-page","status-publish","hentry"],"yoast_head":"<!-- This site is optimized with the Yoast SEO plugin v27.4 - https:\/\/yoast.com\/product\/yoast-seo-wordpress\/ -->\n<title>Elektrotankstelle - Hotel Plaza<\/title>\n<meta name=\"robots\" content=\"index, follow, max-snippet:-1, max-image-preview:large, max-video-preview:-1\" \/>\n<link rel=\"canonical\" href=\"https:\/\/www.hotelplaza.hr\/de\/elektrotankstelle\/\" \/>\n<meta property=\"og:locale\" content=\"de_DE\" \/>\n<meta property=\"og:type\" content=\"article\" \/>\n<meta property=\"og:title\" content=\"Elektrotankstelle - Hotel Plaza\" \/>\n<meta property=\"og:description\" content=\"EXKLUSIVE 4-STERNE-HOTELS Elektrotankstelle Gem\u00e4\u00df dem Bewusstsein \u00fcber \u00d6kologie und der Anpassung unserer Gesch\u00e4ftst\u00e4tigkeit zur Energieeinsparung und St\u00e4rkung der erhaltenden Entwicklung, verf\u00fcgt das Hotel Du\u0107e \u00fcber eine zertifizierte Ducati Energia Elektrotrankstelle, an der zwei Fahrzeuge gleichzeitig mit 24kW und 32 kW\/h geladen werden k\u00f6nnen. Die Tankstelle steht unseren G\u00e4sten kostenlos zur Verf\u00fcgung.\" \/>\n<meta property=\"og:url\" content=\"https:\/\/www.hotelplaza.hr\/de\/elektrotankstelle\/\" \/>\n<meta property=\"og:site_name\" content=\"Hotel Plaza\" \/>\n<meta property=\"article:modified_time\" content=\"2021-03-17T23:21:02+00:00\" \/>\n<meta name=\"twitter:card\" content=\"summary_large_image\" \/>\n<script type=\"application\/ld+json\" class=\"yoast-schema-graph\">{\"@context\":\"https:\\\/\\\/schema.org\",\"@graph\":[{\"@type\":\"WebPage\",\"@id\":\"https:\\\/\\\/www.hotelplaza.hr\\\/de\\\/elektrotankstelle\\\/\",\"url\":\"https:\\\/\\\/www.hotelplaza.hr\\\/de\\\/elektrotankstelle\\\/\",\"name\":\"Elektrotankstelle - Hotel Plaza\",\"isPartOf\":{\"@id\":\"https:\\\/\\\/www.hotelplaza.hr\\\/de\\\/#website\"},\"datePublished\":\"2021-03-17T23:20:05+00:00\",\"dateModified\":\"2021-03-17T23:21:02+00:00\",\"breadcrumb\":{\"@id\":\"https:\\\/\\\/www.hotelplaza.hr\\\/de\\\/elektrotankstelle\\\/#breadcrumb\"},\"inLanguage\":\"de\",\"potentialAction\":[{\"@type\":\"ReadAction\",\"target\":[\"https:\\\/\\\/www.hotelplaza.hr\\\/de\\\/elektrotankstelle\\\/\"]}]},{\"@type\":\"BreadcrumbList\",\"@id\":\"https:\\\/\\\/www.hotelplaza.hr\\\/de\\\/elektrotankstelle\\\/#breadcrumb\",\"itemListElement\":[{\"@type\":\"ListItem\",\"position\":1,\"name\":\"Po\u010detna stranica\",\"item\":\"https:\\\/\\\/www.hotelplaza.hr\\\/de\\\/\"},{\"@type\":\"ListItem\",\"position\":2,\"name\":\"Elektrotankstelle\"}]},{\"@type\":\"WebSite\",\"@id\":\"https:\\\/\\\/www.hotelplaza.hr\\\/de\\\/#website\",\"url\":\"https:\\\/\\\/www.hotelplaza.hr\\\/de\\\/\",\"name\":\"Hotel Plaza\",\"description\":\"Hotel\",\"potentialAction\":[{\"@type\":\"SearchAction\",\"target\":{\"@type\":\"EntryPoint\",\"urlTemplate\":\"https:\\\/\\\/www.hotelplaza.hr\\\/de\\\/?s={search_term_string}\"},\"query-input\":{\"@type\":\"PropertyValueSpecification\",\"valueRequired\":true,\"valueName\":\"search_term_string\"}}],\"inLanguage\":\"de\"}]}<\/script>\n<!-- \/ Yoast SEO plugin. -->","yoast_head_json":{"title":"Elektrotankstelle - Hotel Plaza","robots":{"index":"index","follow":"follow","max-snippet":"max-snippet:-1","max-image-preview":"max-image-preview:large","max-video-preview":"max-video-preview:-1"},"canonical":"https:\/\/www.hotelplaza.hr\/de\/elektrotankstelle\/","og_locale":"de_DE","og_type":"article","og_title":"Elektrotankstelle - Hotel Plaza","og_description":"EXKLUSIVE 4-STERNE-HOTELS Elektrotankstelle Gem\u00e4\u00df dem Bewusstsein \u00fcber \u00d6kologie und der Anpassung unserer Gesch\u00e4ftst\u00e4tigkeit zur Energieeinsparung und St\u00e4rkung der erhaltenden Entwicklung, verf\u00fcgt das Hotel Du\u0107e \u00fcber eine zertifizierte Ducati Energia Elektrotrankstelle, an der zwei Fahrzeuge gleichzeitig mit 24kW und 32 kW\/h geladen werden k\u00f6nnen. Die Tankstelle steht unseren G\u00e4sten kostenlos zur Verf\u00fcgung.","og_url":"https:\/\/www.hotelplaza.hr\/de\/elektrotankstelle\/","og_site_name":"Hotel Plaza","article_modified_time":"2021-03-17T23:21:02+00:00","twitter_card":"summary_large_image","schema":{"@context":"https:\/\/schema.org","@graph":[{"@type":"WebPage","@id":"https:\/\/www.hotelplaza.hr\/de\/elektrotankstelle\/","url":"https:\/\/www.hotelplaza.hr\/de\/elektrotankstelle\/","name":"Elektrotankstelle - Hotel Plaza","isPartOf":{"@id":"https:\/\/www.hotelplaza.hr\/de\/#website"},"datePublished":"2021-03-17T23:20:05+00:00","dateModified":"2021-03-17T23:21:02+00:00","breadcrumb":{"@id":"https:\/\/www.hotelplaza.hr\/de\/elektrotankstelle\/#breadcrumb"},"inLanguage":"de","potentialAction":[{"@type":"ReadAction","target":["https:\/\/www.hotelplaza.hr\/de\/elektrotankstelle\/"]}]},{"@type":"BreadcrumbList","@id":"https:\/\/www.hotelplaza.hr\/de\/elektrotankstelle\/#breadcrumb","itemListElement":[{"@type":"ListItem","position":1,"name":"Po\u010detna stranica","item":"https:\/\/www.hotelplaza.hr\/de\/"},{"@type":"ListItem","position":2,"name":"Elektrotankstelle"}]},{"@type":"WebSite","@id":"https:\/\/www.hotelplaza.hr\/de\/#website","url":"https:\/\/www.hotelplaza.hr\/de\/","name":"Hotel Plaza","description":"Hotel","potentialAction":[{"@type":"SearchAction","target":{"@type":"EntryPoint","urlTemplate":"https:\/\/www.hotelplaza.hr\/de\/?s={search_term_string}"},"query-input":{"@type":"PropertyValueSpecification","valueRequired":true,"valueName":"search_term_string"}}],"inLanguage":"de"}]}},"_links":{"self":[{"href":"https:\/\/www.hotelplaza.hr\/de\/wp-json\/wp\/v2\/pages\/5032","targetHints":{"allow":["GET"]}}],"collection":[{"href":"https:\/\/www.hotelplaza.hr\/de\/wp-json\/wp\/v2\/pages"}],"about":[{"href":"https:\/\/www.hotelplaza.hr\/de\/wp-json\/wp\/v2\/types\/page"}],"author":[{"embeddable":true,"href":"https:\/\/www.hotelplaza.hr\/de\/wp-json\/wp\/v2\/users\/1"}],"replies":[{"embeddable":true,"href":"https:\/\/www.hotelplaza.hr\/de\/wp-json\/wp\/v2\/comments?post=5032"}],"version-history":[{"count":4,"href":"https:\/\/www.hotelplaza.hr\/de\/wp-json\/wp\/v2\/pages\/5032\/revisions"}],"predecessor-version":[{"id":5036,"href":"https:\/\/www.hotelplaza.hr\/de\/wp-json\/wp\/v2\/pages\/5032\/revisions\/5036"}],"wp:attachment":[{"href":"https:\/\/www.hotelplaza.hr\/de\/wp-json\/wp\/v2\/media?parent=5032"}],"curies":[{"name":"wp","href":"https:\/\/api.w.org\/{rel}","templated":true}]}}