{"id":11653,"date":"2021-12-11T20:36:54","date_gmt":"2021-12-11T20:36:54","guid":{"rendered":"https:\/\/www.hotelplaza.hr\/?page_id=11653"},"modified":"2021-12-11T20:36:54","modified_gmt":"2021-12-11T20:36:54","slug":"offres-speciales-omis","status":"publish","type":"page","link":"https:\/\/www.hotelplaza.hr\/fr\/offres-speciales-omis\/","title":{"rendered":"Offres sp\u00e9ciales Omi\u0161"},"content":{"rendered":"\t\t<div data-elementor-type=\"wp-page\" data-elementor-id=\"11653\" class=\"elementor elementor-11653 elementor-3359\" data-elementor-post-type=\"page\">\n\t\t\t\t\t\t<section class=\"elementor-section elementor-top-section elementor-element elementor-element-a9344d1 elementor-section-full_width elementor-section-height-min-height elementor-section-stretched elementor-section-height-default elementor-section-items-middle\" data-id=\"a9344d1\" data-element_type=\"section\" data-e-type=\"section\" data-settings=\"{&quot;stretch_section&quot;:&quot;section-stretched&quot;,&quot;background_background&quot;:&quot;classic&quot;}\">\n\t\t\t\t\t\t<div class=\"elementor-container elementor-column-gap-default\">\n\t\t\t\t\t<div class=\"elementor-column elementor-col-100 elementor-top-column elementor-element elementor-element-a65794e\" data-id=\"a65794e\" data-element_type=\"column\" data-e-type=\"column\">\n\t\t\t<div class=\"elementor-widget-wrap\">\n\t\t\t\t\t\t\t<\/div>\n\t\t<\/div>\n\t\t\t\t\t<\/div>\n\t\t<\/section>\n\t\t\t\t<section class=\"elementor-section elementor-top-section elementor-element elementor-element-e7e8318 elementor-section-stretched elementor-section-boxed elementor-section-height-default elementor-section-height-default\" data-id=\"e7e8318\" data-element_type=\"section\" data-e-type=\"section\" data-settings=\"{&quot;background_background&quot;:&quot;classic&quot;,&quot;stretch_section&quot;:&quot;section-stretched&quot;}\">\n\t\t\t\t\t\t<div class=\"elementor-container elementor-column-gap-default\">\n\t\t\t\t\t<div class=\"elementor-column elementor-col-100 elementor-top-column elementor-element elementor-element-22fba06\" data-id=\"22fba06\" data-element_type=\"column\" data-e-type=\"column\">\n\t\t\t<div class=\"elementor-widget-wrap elementor-element-populated\">\n\t\t\t\t\t\t<div class=\"elementor-element elementor-element-0e486f9 subtilines elementor-widget elementor-widget-text-editor\" data-id=\"0e486f9\" data-element_type=\"widget\" data-e-type=\"widget\" data-widget_type=\"text-editor.default\">\n\t\t\t\t\t\t\t\t\t<p class=\"t1\">H\u00d4TEL EXCLUSIFS 4 \u00c9TOILES<\/p>\t\t\t\t\t\t\t\t<\/div>\n\t\t\t\t<div class=\"elementor-element elementor-element-0309905 elementor-widget elementor-widget-heading\" data-id=\"0309905\" data-element_type=\"widget\" data-e-type=\"widget\" data-widget_type=\"heading.default\">\n\t\t\t\t\t<h2 class=\"elementor-heading-title elementor-size-default\">Offres sp\u00e9ciales<\/h2>\t\t\t\t<\/div>\n\t\t\t\t\t<\/div>\n\t\t<\/div>\n\t\t\t\t\t<\/div>\n\t\t<\/section>\n\t\t\t\t<section class=\"elementor-section elementor-top-section elementor-element elementor-element-400ff64 elementor-section-boxed elementor-section-height-default elementor-section-height-default\" data-id=\"400ff64\" data-element_type=\"section\" data-e-type=\"section\">\n\t\t\t\t\t\t<div class=\"elementor-container elementor-column-gap-default\">\n\t\t\t\t\t<div class=\"elementor-column elementor-col-100 elementor-top-column elementor-element elementor-element-253cf65\" data-id=\"253cf65\" data-element_type=\"column\" data-e-type=\"column\">\n\t\t\t<div class=\"elementor-widget-wrap elementor-element-populated\">\n\t\t\t\t\t\t\t<\/div>\n\t\t<\/div>\n\t\t\t\t\t<\/div>\n\t\t<\/section>\n\t\t\t\t<section class=\"elementor-section elementor-top-section elementor-element elementor-element-5af9c47 elementor-section-stretched elementor-section-content-middle elementor-section-full_width elementor-section-height-default elementor-section-height-default\" data-id=\"5af9c47\" data-element_type=\"section\" data-e-type=\"section\" data-settings=\"{&quot;stretch_section&quot;:&quot;section-stretched&quot;}\">\n\t\t\t\t\t\t<div class=\"elementor-container elementor-column-gap-extended\">\n\t\t\t\t\t<div class=\"elementor-column elementor-col-25 elementor-top-column elementor-element elementor-element-2c0b025 proba\" data-id=\"2c0b025\" data-element_type=\"column\" data-e-type=\"column\" data-settings=\"{&quot;background_background&quot;:&quot;classic&quot;}\">\n\t\t\t<div class=\"elementor-widget-wrap elementor-element-populated\">\n\t\t\t\t\t\t<div class=\"elementor-element elementor-element-de71a95 elementor-widget__width-inherit elementor-widget elementor-widget-image\" data-id=\"de71a95\" data-element_type=\"widget\" data-e-type=\"widget\" data-widget_type=\"image.default\">\n\t\t\t\t\t\t\t\t\t\t\t\t\t\t\t<img fetchpriority=\"high\" decoding=\"async\" width=\"640\" height=\"440\" src=\"https:\/\/www.hotelplaza.hr\/wp-content\/uploads\/2021\/02\/omis_gastro_naslovna.jpg\" class=\"attachment-large size-large wp-image-11811\" alt=\"\" srcset=\"https:\/\/www.hotelplaza.hr\/wp-content\/uploads\/2021\/02\/omis_gastro_naslovna.jpg 640w, https:\/\/www.hotelplaza.hr\/wp-content\/uploads\/2021\/02\/omis_gastro_naslovna-300x206.jpg 300w\" sizes=\"(max-width: 640px) 100vw, 640px\" \/>\t\t\t\t\t\t\t\t\t\t\t\t\t\t\t<\/div>\n\t\t\t\t<div class=\"elementor-element elementor-element-c3711e6 subtilines elementor-widget elementor-widget-text-editor\" data-id=\"c3711e6\" data-element_type=\"widget\" data-e-type=\"widget\" data-widget_type=\"text-editor.default\">\n\t\t\t\t\t\t\t\t\t<p class=\"t1\" style=\"margin-bottom: 0px;\">PLAISIR GASTRO<\/p>\t\t\t\t\t\t\t\t<\/div>\n\t\t\t\t<div class=\"elementor-element elementor-element-78dca2c elementor-widget elementor-widget-heading\" data-id=\"78dca2c\" data-element_type=\"widget\" data-e-type=\"widget\" data-widget_type=\"heading.default\">\n\t\t\t\t\t<h2 class=\"elementor-heading-title elementor-size-default\">Restaurants<\/h2>\t\t\t\t<\/div>\n\t\t\t\t<div class=\"elementor-element elementor-element-9bab7a4 elementor-align-center elementor-widget elementor-widget-button\" data-id=\"9bab7a4\" data-element_type=\"widget\" data-e-type=\"widget\" data-widget_type=\"button.default\">\n\t\t\t\t\t\t\t\t\t\t<a class=\"elementor-button elementor-button-link elementor-size-sm\" href=\"https:\/\/www.hotelplaza.hr\/fr\/gastro-omis\/\">\n\t\t\t\t\t\t<span class=\"elementor-button-content-wrapper\">\n\t\t\t\t\t\t\t\t\t<span class=\"elementor-button-text\">Plus<\/span>\n\t\t\t\t\t<\/span>\n\t\t\t\t\t<\/a>\n\t\t\t\t\t\t\t\t<\/div>\n\t\t\t\t\t<\/div>\n\t\t<\/div>\n\t\t\t\t<div class=\"elementor-column elementor-col-25 elementor-top-column elementor-element elementor-element-29fe039 proba\" data-id=\"29fe039\" data-element_type=\"column\" data-e-type=\"column\" data-settings=\"{&quot;background_background&quot;:&quot;classic&quot;}\">\n\t\t\t<div class=\"elementor-widget-wrap elementor-element-populated\">\n\t\t\t\t\t\t<div class=\"elementor-element elementor-element-9eb16c5 elementor-widget elementor-widget-image\" data-id=\"9eb16c5\" data-element_type=\"widget\" data-e-type=\"widget\" data-widget_type=\"image.default\">\n\t\t\t\t\t\t\t\t\t\t\t\t\t\t\t<img decoding=\"async\" width=\"640\" height=\"440\" src=\"https:\/\/www.hotelplaza.hr\/wp-content\/uploads\/2021\/02\/Wellness21.jpg\" class=\"attachment-large size-large wp-image-11812\" alt=\"\" srcset=\"https:\/\/www.hotelplaza.hr\/wp-content\/uploads\/2021\/02\/Wellness21.jpg 640w, https:\/\/www.hotelplaza.hr\/wp-content\/uploads\/2021\/02\/Wellness21-300x206.jpg 300w\" sizes=\"(max-width: 640px) 100vw, 640px\" \/>\t\t\t\t\t\t\t\t\t\t\t\t\t\t\t<\/div>\n\t\t\t\t<div class=\"elementor-element elementor-element-dec3ecd subtilines elementor-widget elementor-widget-text-editor\" data-id=\"dec3ecd\" data-element_type=\"widget\" data-e-type=\"widget\" data-widget_type=\"text-editor.default\">\n\t\t\t\t\t\t\t\t\t<p class=\"t1\" style=\"margin-bottom: 0px;\">BEAUT\u00c9 R\u00c9ELLE<\/p>\t\t\t\t\t\t\t\t<\/div>\n\t\t\t\t<div class=\"elementor-element elementor-element-508f682 elementor-widget elementor-widget-heading\" data-id=\"508f682\" data-element_type=\"widget\" data-e-type=\"widget\" data-widget_type=\"heading.default\">\n\t\t\t\t\t<h2 class=\"elementor-heading-title elementor-size-default\">Bien-\u00eatre<\/h2>\t\t\t\t<\/div>\n\t\t\t\t<div class=\"elementor-element elementor-element-e51f0ed elementor-align-center elementor-widget elementor-widget-button\" data-id=\"e51f0ed\" data-element_type=\"widget\" data-e-type=\"widget\" data-widget_type=\"button.default\">\n\t\t\t\t\t\t\t\t\t\t<a class=\"elementor-button elementor-button-link elementor-size-sm\" href=\"https:\/\/www.hotelplaza.hr\/fr\/centre-de-bien-etre-omis\/\">\n\t\t\t\t\t\t<span class=\"elementor-button-content-wrapper\">\n\t\t\t\t\t\t\t\t\t<span class=\"elementor-button-text\">Plus<\/span>\n\t\t\t\t\t<\/span>\n\t\t\t\t\t<\/a>\n\t\t\t\t\t\t\t\t<\/div>\n\t\t\t\t\t<\/div>\n\t\t<\/div>\n\t\t\t\t<div class=\"elementor-column elementor-col-25 elementor-top-column elementor-element elementor-element-42a719e proba\" data-id=\"42a719e\" data-element_type=\"column\" data-e-type=\"column\" data-settings=\"{&quot;background_background&quot;:&quot;classic&quot;}\">\n\t\t\t<div class=\"elementor-widget-wrap elementor-element-populated\">\n\t\t\t\t\t\t<div class=\"elementor-element elementor-element-b404322 elementor-widget elementor-widget-image\" data-id=\"b404322\" data-element_type=\"widget\" data-e-type=\"widget\" data-widget_type=\"image.default\">\n\t\t\t\t\t\t\t\t\t\t\t\t\t\t\t<img decoding=\"async\" width=\"640\" height=\"440\" src=\"https:\/\/www.hotelplaza.hr\/wp-content\/uploads\/2021\/02\/omis_conference.jpg\" class=\"attachment-large size-large wp-image-11813\" alt=\"\" srcset=\"https:\/\/www.hotelplaza.hr\/wp-content\/uploads\/2021\/02\/omis_conference.jpg 640w, https:\/\/www.hotelplaza.hr\/wp-content\/uploads\/2021\/02\/omis_conference-300x206.jpg 300w\" sizes=\"(max-width: 640px) 100vw, 640px\" \/>\t\t\t\t\t\t\t\t\t\t\t\t\t\t\t<\/div>\n\t\t\t\t<div class=\"elementor-element elementor-element-a45da8a subtilines elementor-widget elementor-widget-text-editor\" data-id=\"a45da8a\" data-element_type=\"widget\" data-e-type=\"widget\" data-widget_type=\"text-editor.default\">\n\t\t\t\t\t\t\t\t\t<p class=\"t1\" style=\"margin-bottom: 0px;\">jour sp\u00e9cial<\/p>\t\t\t\t\t\t\t\t<\/div>\n\t\t\t\t<div class=\"elementor-element elementor-element-5371088 elementor-widget elementor-widget-heading\" data-id=\"5371088\" data-element_type=\"widget\" data-e-type=\"widget\" data-widget_type=\"heading.default\">\n\t\t\t\t\t<h2 class=\"elementor-heading-title elementor-size-default\">Conf\u00e9rences<\/h2>\t\t\t\t<\/div>\n\t\t\t\t<div class=\"elementor-element elementor-element-84c9b0e elementor-align-center elementor-widget elementor-widget-button\" data-id=\"84c9b0e\" data-element_type=\"widget\" data-e-type=\"widget\" data-widget_type=\"button.default\">\n\t\t\t\t\t\t\t\t\t\t<a class=\"elementor-button elementor-button-link elementor-size-sm\" href=\"https:\/\/www.hotelplaza.hr\/fr\/conferences-celebrations\/\">\n\t\t\t\t\t\t<span class=\"elementor-button-content-wrapper\">\n\t\t\t\t\t\t\t\t\t<span class=\"elementor-button-text\">Plus<\/span>\n\t\t\t\t\t<\/span>\n\t\t\t\t\t<\/a>\n\t\t\t\t\t\t\t\t<\/div>\n\t\t\t\t\t<\/div>\n\t\t<\/div>\n\t\t\t\t<div class=\"elementor-column elementor-col-25 elementor-top-column elementor-element elementor-element-2c42b3f proba\" data-id=\"2c42b3f\" data-element_type=\"column\" data-e-type=\"column\" data-settings=\"{&quot;background_background&quot;:&quot;classic&quot;}\">\n\t\t\t<div class=\"elementor-widget-wrap elementor-element-populated\">\n\t\t\t\t\t\t<div class=\"elementor-element elementor-element-7ee59da elementor-widget elementor-widget-image\" data-id=\"7ee59da\" data-element_type=\"widget\" data-e-type=\"widget\" data-widget_type=\"image.default\">\n\t\t\t\t\t\t\t\t\t\t\t\t\t\t\t<img loading=\"lazy\" decoding=\"async\" width=\"640\" height=\"440\" src=\"https:\/\/www.hotelplaza.hr\/wp-content\/uploads\/2021\/02\/Omis_dozivljaj_naslovna.jpg\" class=\"attachment-large size-large wp-image-11814\" alt=\"\" srcset=\"https:\/\/www.hotelplaza.hr\/wp-content\/uploads\/2021\/02\/Omis_dozivljaj_naslovna.jpg 640w, https:\/\/www.hotelplaza.hr\/wp-content\/uploads\/2021\/02\/Omis_dozivljaj_naslovna-300x206.jpg 300w\" sizes=\"(max-width: 640px) 100vw, 640px\" \/>\t\t\t\t\t\t\t\t\t\t\t\t\t\t\t<\/div>\n\t\t\t\t<div class=\"elementor-element elementor-element-ad221bf subtilines elementor-widget elementor-widget-text-editor\" data-id=\"ad221bf\" data-element_type=\"widget\" data-e-type=\"widget\" data-widget_type=\"text-editor.default\">\n\t\t\t\t\t\t\t\t\t<p class=\"t1\" style=\"margin-bottom: 0px;\">sentir le moment<\/p>\t\t\t\t\t\t\t\t<\/div>\n\t\t\t\t<div class=\"elementor-element elementor-element-c1bf5c2 elementor-widget elementor-widget-heading\" data-id=\"c1bf5c2\" data-element_type=\"widget\" data-e-type=\"widget\" data-widget_type=\"heading.default\">\n\t\t\t\t\t<h2 class=\"elementor-heading-title elementor-size-default\">Exp\u00e9riences<\/h2>\t\t\t\t<\/div>\n\t\t\t\t<div class=\"elementor-element elementor-element-720f1c3 elementor-align-center elementor-widget elementor-widget-button\" data-id=\"720f1c3\" data-element_type=\"widget\" data-e-type=\"widget\" data-widget_type=\"button.default\">\n\t\t\t\t\t\t\t\t\t\t<a class=\"elementor-button elementor-button-link elementor-size-sm\" href=\"https:\/\/www.hotelplaza.hr\/fr\/experiences-omis\/\">\n\t\t\t\t\t\t<span class=\"elementor-button-content-wrapper\">\n\t\t\t\t\t\t\t\t\t<span class=\"elementor-button-text\">Plus<\/span>\n\t\t\t\t\t<\/span>\n\t\t\t\t\t<\/a>\n\t\t\t\t\t\t\t\t<\/div>\n\t\t\t\t\t<\/div>\n\t\t<\/div>\n\t\t\t\t\t<\/div>\n\t\t<\/section>\n\t\t\t\t<\/div>\n\t\t","protected":false},"excerpt":{"rendered":"<p>H\u00d4TEL EXCLUSIFS 4 \u00c9TOILES Offres sp\u00e9ciales PLAISIR GASTRO Restaurants Plus BEAUT\u00c9 R\u00c9ELLE Bien-\u00eatre Plus jour sp\u00e9cial Conf\u00e9rences Plus sentir le moment Exp\u00e9riences Plus<\/p>\n","protected":false},"author":1,"featured_media":0,"parent":0,"menu_order":0,"comment_status":"closed","ping_status":"closed","template":"","meta":{"rs_blank_template":"","rs_page_bg_color":"","slide_template_v7":"","site-sidebar-layout":"no-sidebar","site-content-layout":"content-boxed-container","ast-site-content-layout":"default","site-content-style":"default","site-sidebar-style":"default","ast-global-header-display":"","ast-banner-title-visibility":"","ast-main-header-display":"disabled","ast-hfb-above-header-display":"","ast-hfb-below-header-display":"","ast-hfb-mobile-header-display":"","site-post-title":"disabled","ast-breadcrumbs-content":"disabled","ast-featured-img":"disabled","footer-sml-layout":"disabled","ast-disable-related-posts":"","theme-transparent-header-meta":"enabled","adv-header-id-meta":"","stick-header-meta":"","header-above-stick-meta":"","header-main-stick-meta":"","header-below-stick-meta":"","astra-migrate-meta-layouts":"default","ast-page-background-enabled":"default","ast-page-background-meta":{"desktop":{"background-color":"","background-image":"","background-repeat":"repeat","background-position":"center center","background-size":"auto","background-attachment":"scroll","background-type":"","background-media":"","overlay-type":"","overlay-color":"","overlay-opacity":"","overlay-gradient":""},"tablet":{"background-color":"","background-image":"","background-repeat":"repeat","background-position":"center center","background-size":"auto","background-attachment":"scroll","background-type":"","background-media":"","overlay-type":"","overlay-color":"","overlay-opacity":"","overlay-gradient":""},"mobile":{"background-color":"","background-image":"","background-repeat":"repeat","background-position":"center center","background-size":"auto","background-attachment":"scroll","background-type":"","background-media":"","overlay-type":"","overlay-color":"","overlay-opacity":"","overlay-gradient":""}},"ast-content-background-meta":{"desktop":{"background-color":"var(--ast-global-color-5)","background-image":"","background-repeat":"repeat","background-position":"center center","background-size":"auto","background-attachment":"scroll","background-type":"","background-media":"","overlay-type":"","overlay-color":"","overlay-opacity":"","overlay-gradient":""},"tablet":{"background-color":"var(--ast-global-color-5)","background-image":"","background-repeat":"repeat","background-position":"center center","background-size":"auto","background-attachment":"scroll","background-type":"","background-media":"","overlay-type":"","overlay-color":"","overlay-opacity":"","overlay-gradient":""},"mobile":{"background-color":"var(--ast-global-color-5)","background-image":"","background-repeat":"repeat","background-position":"center center","background-size":"auto","background-attachment":"scroll","background-type":"","background-media":"","overlay-type":"","overlay-color":"","overlay-opacity":"","overlay-gradient":""}},"footnotes":""},"class_list":["post-11653","page","type-page","status-publish","hentry"],"yoast_head":"<!-- This site is optimized with the Yoast SEO plugin v27.4 - https:\/\/yoast.com\/product\/yoast-seo-wordpress\/ -->\n<title>Offres sp\u00e9ciales Omi\u0161 - Hotel Plaza<\/title>\n<meta name=\"robots\" content=\"index, follow, max-snippet:-1, max-image-preview:large, max-video-preview:-1\" \/>\n<link rel=\"canonical\" href=\"https:\/\/www.hotelplaza.hr\/fr\/offres-speciales-omis\/\" \/>\n<meta property=\"og:locale\" content=\"fr_FR\" \/>\n<meta property=\"og:type\" content=\"article\" \/>\n<meta property=\"og:title\" content=\"Offres sp\u00e9ciales Omi\u0161 - Hotel Plaza\" \/>\n<meta property=\"og:description\" content=\"H\u00d4TEL EXCLUSIFS 4 \u00c9TOILES Offres sp\u00e9ciales PLAISIR GASTRO Restaurants Plus BEAUT\u00c9 R\u00c9ELLE Bien-\u00eatre Plus jour sp\u00e9cial Conf\u00e9rences Plus sentir le moment Exp\u00e9riences Plus\" \/>\n<meta property=\"og:url\" content=\"https:\/\/www.hotelplaza.hr\/fr\/offres-speciales-omis\/\" \/>\n<meta property=\"og:site_name\" content=\"Hotel Plaza\" \/>\n<meta property=\"og:image\" content=\"https:\/\/www.hotelplaza.hr\/wp-content\/uploads\/2021\/02\/omis_gastro_naslovna.jpg\" \/>\n<meta name=\"twitter:card\" content=\"summary_large_image\" \/>\n<meta name=\"twitter:label1\" content=\"Dur\u00e9e de lecture estim\u00e9e\" \/>\n\t<meta name=\"twitter:data1\" content=\"1 minute\" \/>\n<script type=\"application\/ld+json\" class=\"yoast-schema-graph\">{\"@context\":\"https:\\\/\\\/schema.org\",\"@graph\":[{\"@type\":\"WebPage\",\"@id\":\"https:\\\/\\\/www.hotelplaza.hr\\\/fr\\\/offres-speciales-omis\\\/\",\"url\":\"https:\\\/\\\/www.hotelplaza.hr\\\/fr\\\/offres-speciales-omis\\\/\",\"name\":\"Offres sp\u00e9ciales Omi\u0161 - Hotel Plaza\",\"isPartOf\":{\"@id\":\"https:\\\/\\\/www.hotelplaza.hr\\\/fr\\\/#website\"},\"primaryImageOfPage\":{\"@id\":\"https:\\\/\\\/www.hotelplaza.hr\\\/fr\\\/offres-speciales-omis\\\/#primaryimage\"},\"image\":{\"@id\":\"https:\\\/\\\/www.hotelplaza.hr\\\/fr\\\/offres-speciales-omis\\\/#primaryimage\"},\"thumbnailUrl\":\"https:\\\/\\\/www.hotelplaza.hr\\\/wp-content\\\/uploads\\\/2021\\\/02\\\/omis_gastro_naslovna.jpg\",\"datePublished\":\"2021-12-11T20:36:54+00:00\",\"breadcrumb\":{\"@id\":\"https:\\\/\\\/www.hotelplaza.hr\\\/fr\\\/offres-speciales-omis\\\/#breadcrumb\"},\"inLanguage\":\"fr-FR\",\"potentialAction\":[{\"@type\":\"ReadAction\",\"target\":[\"https:\\\/\\\/www.hotelplaza.hr\\\/fr\\\/offres-speciales-omis\\\/\"]}]},{\"@type\":\"ImageObject\",\"inLanguage\":\"fr-FR\",\"@id\":\"https:\\\/\\\/www.hotelplaza.hr\\\/fr\\\/offres-speciales-omis\\\/#primaryimage\",\"url\":\"https:\\\/\\\/www.hotelplaza.hr\\\/wp-content\\\/uploads\\\/2021\\\/02\\\/omis_gastro_naslovna.jpg\",\"contentUrl\":\"https:\\\/\\\/www.hotelplaza.hr\\\/wp-content\\\/uploads\\\/2021\\\/02\\\/omis_gastro_naslovna.jpg\"},{\"@type\":\"BreadcrumbList\",\"@id\":\"https:\\\/\\\/www.hotelplaza.hr\\\/fr\\\/offres-speciales-omis\\\/#breadcrumb\",\"itemListElement\":[{\"@type\":\"ListItem\",\"position\":1,\"name\":\"Po\u010detna stranica\",\"item\":\"https:\\\/\\\/www.hotelplaza.hr\\\/fr\\\/\"},{\"@type\":\"ListItem\",\"position\":2,\"name\":\"Offres sp\u00e9ciales Omi\u0161\"}]},{\"@type\":\"WebSite\",\"@id\":\"https:\\\/\\\/www.hotelplaza.hr\\\/fr\\\/#website\",\"url\":\"https:\\\/\\\/www.hotelplaza.hr\\\/fr\\\/\",\"name\":\"Hotel Plaza\",\"description\":\"Hotel\",\"potentialAction\":[{\"@type\":\"SearchAction\",\"target\":{\"@type\":\"EntryPoint\",\"urlTemplate\":\"https:\\\/\\\/www.hotelplaza.hr\\\/fr\\\/?s={search_term_string}\"},\"query-input\":{\"@type\":\"PropertyValueSpecification\",\"valueRequired\":true,\"valueName\":\"search_term_string\"}}],\"inLanguage\":\"fr-FR\"}]}<\/script>\n<!-- \/ Yoast SEO plugin. -->","yoast_head_json":{"title":"Offres sp\u00e9ciales Omi\u0161 - Hotel Plaza","robots":{"index":"index","follow":"follow","max-snippet":"max-snippet:-1","max-image-preview":"max-image-preview:large","max-video-preview":"max-video-preview:-1"},"canonical":"https:\/\/www.hotelplaza.hr\/fr\/offres-speciales-omis\/","og_locale":"fr_FR","og_type":"article","og_title":"Offres sp\u00e9ciales Omi\u0161 - Hotel Plaza","og_description":"H\u00d4TEL EXCLUSIFS 4 \u00c9TOILES Offres sp\u00e9ciales PLAISIR GASTRO Restaurants Plus BEAUT\u00c9 R\u00c9ELLE Bien-\u00eatre Plus jour sp\u00e9cial Conf\u00e9rences Plus sentir le moment Exp\u00e9riences Plus","og_url":"https:\/\/www.hotelplaza.hr\/fr\/offres-speciales-omis\/","og_site_name":"Hotel Plaza","og_image":[{"url":"https:\/\/www.hotelplaza.hr\/wp-content\/uploads\/2021\/02\/omis_gastro_naslovna.jpg","type":"","width":"","height":""}],"twitter_card":"summary_large_image","twitter_misc":{"Dur\u00e9e de lecture estim\u00e9e":"1 minute"},"schema":{"@context":"https:\/\/schema.org","@graph":[{"@type":"WebPage","@id":"https:\/\/www.hotelplaza.hr\/fr\/offres-speciales-omis\/","url":"https:\/\/www.hotelplaza.hr\/fr\/offres-speciales-omis\/","name":"Offres sp\u00e9ciales Omi\u0161 - Hotel Plaza","isPartOf":{"@id":"https:\/\/www.hotelplaza.hr\/fr\/#website"},"primaryImageOfPage":{"@id":"https:\/\/www.hotelplaza.hr\/fr\/offres-speciales-omis\/#primaryimage"},"image":{"@id":"https:\/\/www.hotelplaza.hr\/fr\/offres-speciales-omis\/#primaryimage"},"thumbnailUrl":"https:\/\/www.hotelplaza.hr\/wp-content\/uploads\/2021\/02\/omis_gastro_naslovna.jpg","datePublished":"2021-12-11T20:36:54+00:00","breadcrumb":{"@id":"https:\/\/www.hotelplaza.hr\/fr\/offres-speciales-omis\/#breadcrumb"},"inLanguage":"fr-FR","potentialAction":[{"@type":"ReadAction","target":["https:\/\/www.hotelplaza.hr\/fr\/offres-speciales-omis\/"]}]},{"@type":"ImageObject","inLanguage":"fr-FR","@id":"https:\/\/www.hotelplaza.hr\/fr\/offres-speciales-omis\/#primaryimage","url":"https:\/\/www.hotelplaza.hr\/wp-content\/uploads\/2021\/02\/omis_gastro_naslovna.jpg","contentUrl":"https:\/\/www.hotelplaza.hr\/wp-content\/uploads\/2021\/02\/omis_gastro_naslovna.jpg"},{"@type":"BreadcrumbList","@id":"https:\/\/www.hotelplaza.hr\/fr\/offres-speciales-omis\/#breadcrumb","itemListElement":[{"@type":"ListItem","position":1,"name":"Po\u010detna stranica","item":"https:\/\/www.hotelplaza.hr\/fr\/"},{"@type":"ListItem","position":2,"name":"Offres sp\u00e9ciales Omi\u0161"}]},{"@type":"WebSite","@id":"https:\/\/www.hotelplaza.hr\/fr\/#website","url":"https:\/\/www.hotelplaza.hr\/fr\/","name":"Hotel Plaza","description":"Hotel","potentialAction":[{"@type":"SearchAction","target":{"@type":"EntryPoint","urlTemplate":"https:\/\/www.hotelplaza.hr\/fr\/?s={search_term_string}"},"query-input":{"@type":"PropertyValueSpecification","valueRequired":true,"valueName":"search_term_string"}}],"inLanguage":"fr-FR"}]}},"_links":{"self":[{"href":"https:\/\/www.hotelplaza.hr\/fr\/wp-json\/wp\/v2\/pages\/11653","targetHints":{"allow":["GET"]}}],"collection":[{"href":"https:\/\/www.hotelplaza.hr\/fr\/wp-json\/wp\/v2\/pages"}],"about":[{"href":"https:\/\/www.hotelplaza.hr\/fr\/wp-json\/wp\/v2\/types\/page"}],"author":[{"embeddable":true,"href":"https:\/\/www.hotelplaza.hr\/fr\/wp-json\/wp\/v2\/users\/1"}],"replies":[{"embeddable":true,"href":"https:\/\/www.hotelplaza.hr\/fr\/wp-json\/wp\/v2\/comments?post=11653"}],"version-history":[{"count":5,"href":"https:\/\/www.hotelplaza.hr\/fr\/wp-json\/wp\/v2\/pages\/11653\/revisions"}],"predecessor-version":[{"id":12161,"href":"https:\/\/www.hotelplaza.hr\/fr\/wp-json\/wp\/v2\/pages\/11653\/revisions\/12161"}],"wp:attachment":[{"href":"https:\/\/www.hotelplaza.hr\/fr\/wp-json\/wp\/v2\/media?parent=11653"}],"curies":[{"name":"wp","href":"https:\/\/api.w.org\/{rel}","templated":true}]}}