{"id":10470,"date":"2021-09-08T20:31:03","date_gmt":"2021-09-08T20:31:03","guid":{"rendered":"https:\/\/www.hotelplaza.hr\/?page_id=10470"},"modified":"2026-01-07T13:22:18","modified_gmt":"2026-01-07T13:22:18","slug":"spa-terapeut","status":"publish","type":"page","link":"https:\/\/www.hotelplaza.hr\/hr\/spa-terapeut\/","title":{"rendered":"SPA TERAPEUT (M\/\u017d)"},"content":{"rendered":"\t\t<div data-elementor-type=\"wp-page\" data-elementor-id=\"10470\" class=\"elementor elementor-10470\" data-elementor-post-type=\"page\">\n\t\t\t\t\t\t<section class=\"elementor-section elementor-top-section elementor-element elementor-element-15a5579f elementor-section-full_width elementor-section-height-min-height elementor-section-stretched elementor-hidden-phone elementor-section-height-default elementor-section-items-middle\" data-id=\"15a5579f\" data-element_type=\"section\" data-e-type=\"section\" data-settings=\"{&quot;stretch_section&quot;:&quot;section-stretched&quot;,&quot;background_background&quot;:&quot;classic&quot;}\">\n\t\t\t\t\t\t<div class=\"elementor-container elementor-column-gap-default\">\n\t\t\t\t\t<div class=\"elementor-column elementor-col-100 elementor-top-column elementor-element elementor-element-4859c79\" data-id=\"4859c79\" data-element_type=\"column\" data-e-type=\"column\">\n\t\t\t<div class=\"elementor-widget-wrap\">\n\t\t\t\t\t\t\t<\/div>\n\t\t<\/div>\n\t\t\t\t\t<\/div>\n\t\t<\/section>\n\t\t\t\t<section class=\"elementor-section elementor-top-section elementor-element elementor-element-2d65c5e0 elementor-section-full_width elementor-section-stretched elementor-hidden-desktop elementor-hidden-tablet elementor-section-height-default elementor-section-height-default\" data-id=\"2d65c5e0\" data-element_type=\"section\" data-e-type=\"section\" data-settings=\"{&quot;stretch_section&quot;:&quot;section-stretched&quot;}\">\n\t\t\t\t\t\t<div class=\"elementor-container elementor-column-gap-no\">\n\t\t\t\t\t<div class=\"elementor-column elementor-col-100 elementor-top-column elementor-element elementor-element-5e875670\" data-id=\"5e875670\" data-element_type=\"column\" data-e-type=\"column\">\n\t\t\t<div class=\"elementor-widget-wrap elementor-element-populated\">\n\t\t\t\t\t\t<div class=\"elementor-element elementor-element-162848f1 elementor-widget elementor-widget-image\" data-id=\"162848f1\" data-element_type=\"widget\" data-e-type=\"widget\" data-widget_type=\"image.default\">\n\t\t\t\t\t\t\t\t\t\t\t\t\t\t\t<img fetchpriority=\"high\" decoding=\"async\" width=\"1024\" height=\"684\" src=\"https:\/\/www.hotelplaza.hr\/wp-content\/uploads\/2021\/02\/hotel-plaza-karijera-1-1024x684.jpg\" class=\"attachment-large size-large wp-image-1506\" alt=\"\" srcset=\"https:\/\/www.hotelplaza.hr\/wp-content\/uploads\/2021\/02\/hotel-plaza-karijera-1-1024x684.jpg 1024w, https:\/\/www.hotelplaza.hr\/wp-content\/uploads\/2021\/02\/hotel-plaza-karijera-1-300x200.jpg 300w, https:\/\/www.hotelplaza.hr\/wp-content\/uploads\/2021\/02\/hotel-plaza-karijera-1-768x513.jpg 768w, https:\/\/www.hotelplaza.hr\/wp-content\/uploads\/2021\/02\/hotel-plaza-karijera-1-1536x1026.jpg 1536w, https:\/\/www.hotelplaza.hr\/wp-content\/uploads\/2021\/02\/hotel-plaza-karijera-1.jpg 1920w\" sizes=\"(max-width: 1024px) 100vw, 1024px\" \/>\t\t\t\t\t\t\t\t\t\t\t\t\t\t\t<\/div>\n\t\t\t\t\t<\/div>\n\t\t<\/div>\n\t\t\t\t\t<\/div>\n\t\t<\/section>\n\t\t\t\t<section class=\"elementor-section elementor-top-section elementor-element elementor-element-121149e6 elementor-section-stretched elementor-section-boxed elementor-section-height-default elementor-section-height-default\" data-id=\"121149e6\" data-element_type=\"section\" data-e-type=\"section\" data-settings=\"{&quot;background_background&quot;:&quot;classic&quot;,&quot;stretch_section&quot;:&quot;section-stretched&quot;}\">\n\t\t\t\t\t\t<div class=\"elementor-container elementor-column-gap-default\">\n\t\t\t\t\t<div class=\"elementor-column elementor-col-100 elementor-top-column elementor-element elementor-element-2b6a7dc\" data-id=\"2b6a7dc\" data-element_type=\"column\" data-e-type=\"column\">\n\t\t\t<div class=\"elementor-widget-wrap elementor-element-populated\">\n\t\t\t\t\t\t<div class=\"elementor-element elementor-element-629cdc7c subtilines elementor-widget elementor-widget-text-editor\" data-id=\"629cdc7c\" data-element_type=\"widget\" data-e-type=\"widget\" data-widget_type=\"text-editor.default\">\n\t\t\t\t\t\t\t\t\t<p class=\"t1\">EKSKLUZIVNI HOTELI SA 4 ZVJEZDICE\n<\/p>\t\t\t\t\t\t\t\t<\/div>\n\t\t\t\t<div class=\"elementor-element elementor-element-11fc4b2e elementor-widget elementor-widget-heading\" data-id=\"11fc4b2e\" data-element_type=\"widget\" data-e-type=\"widget\" data-widget_type=\"heading.default\">\n\t\t\t\t\t<h2 class=\"elementor-heading-title elementor-size-default\">SPA TERAPEUT U HOTELSKOM WELLNESS CENTRU (\u017d\/M)<\/h2>\t\t\t\t<\/div>\n\t\t\t\t<section class=\"elementor-section elementor-inner-section elementor-element elementor-element-4b71fae1 elementor-section-boxed elementor-section-height-default elementor-section-height-default\" data-id=\"4b71fae1\" data-element_type=\"section\" data-e-type=\"section\">\n\t\t\t\t\t\t<div class=\"elementor-container elementor-column-gap-default\">\n\t\t\t\t\t<div class=\"elementor-column elementor-col-50 elementor-inner-column elementor-element elementor-element-5a2eb21a\" data-id=\"5a2eb21a\" data-element_type=\"column\" data-e-type=\"column\">\n\t\t\t<div class=\"elementor-widget-wrap elementor-element-populated\">\n\t\t\t\t\t\t<div class=\"elementor-element elementor-element-73b9ee03 elementor-widget elementor-widget-text-editor\" data-id=\"73b9ee03\" data-element_type=\"widget\" data-e-type=\"widget\" data-widget_type=\"text-editor.default\">\n\t\t\t\t\t\t\t\t\t<p>Tra\u017eite ugodnu radnu atmosferu, \u00a0timski rad i redovna primanja?\u00a0 Prijavite se na na\u0161 natje\u010daj za <span style=\"font-size: 16px;\">Spa terapeut u hotelskom wellness centru (\u017e\/m) <\/span>i postanite dio na\u0161eg uspjeha! Prijavu izvr\u0161ite putem online obrasca ili po\u0161aljite \u017eivotopis i molbu putem e-maila <a href=\"mailto:zaposljavanje@hotelplaza.hr\">zaposljavanje@hotelplaza.hr<\/a><\/p><p><strong>Mjesto rada: <\/strong>OMI\u0160, SPLITSKO-DALMATINSKA \u017dUPANIJA<\/p><p><strong>Broj tra\u017eenih radnika: 2<\/strong><\/p><p><strong>Vrsta zaposlenja: <\/strong>Na odre\u0111eno; sezonski<\/p><p><strong>Radno vrijeme: <\/strong>Puno radno vrijeme<\/p><p><strong>Na\u010din rada:<\/strong><\/p><p><strong>Rad vikendom i praznikom<\/strong><\/p><p><strong>Smjena &#8211;<\/strong> poslijepodne<\/p><p><strong>Smjena &#8211; <\/strong>prijepodne<\/p><p><strong>Naknada za prijevoz: <\/strong>U cijelosti<\/p><p><strong>Radno iskustvo: <\/strong>1 godinu<\/p><p><strong>Mjesto rada: Du\u0107e, Omi\u0161 &#8211; Hotel Pla\u017ea<\/strong><\/p><p><strong>Vrsta zaposlenja: <\/strong>na odre\u0111eno, sezonski s mogu\u0107nosti stalnog zaposlenja i ugovora na neodre\u0111eno<\/p><p><strong>Planirani po\u010detak rada: <\/strong>15.03.2026. ili po dogovoru &#8211;\u00a0 mogu\u0107nost stalnog zaposlenja<\/p><p><strong>Prvi ugovor do: <\/strong>31.10.2026. sigurno produ\u017eenje ugovora najmanje do 05.01.2027<\/p>\t\t\t\t\t\t\t\t<\/div>\n\t\t\t\t\t<\/div>\n\t\t<\/div>\n\t\t\t\t<div class=\"elementor-column elementor-col-50 elementor-inner-column elementor-element elementor-element-303ff395\" data-id=\"303ff395\" data-element_type=\"column\" data-e-type=\"column\">\n\t\t\t<div class=\"elementor-widget-wrap elementor-element-populated\">\n\t\t\t\t\t\t<div class=\"elementor-element elementor-element-4ce64a9b elementor-widget elementor-widget-image\" data-id=\"4ce64a9b\" data-element_type=\"widget\" data-e-type=\"widget\" data-widget_type=\"image.default\">\n\t\t\t\t\t\t\t\t\t\t\t\t\t\t\t<img decoding=\"async\" src=\"https:\/\/www.hotelplaza.hr\/wp-content\/uploads\/elementor\/thumbs\/terapeut-q0ovbqu7u9n6m0m4iga88suivob8j7iiwf1cyffyjk.png\" title=\"terapeut\" alt=\"terapeut\" loading=\"lazy\" \/>\t\t\t\t\t\t\t\t\t\t\t\t\t\t\t<\/div>\n\t\t\t\t\t<\/div>\n\t\t<\/div>\n\t\t\t\t\t<\/div>\n\t\t<\/section>\n\t\t\t\t<section class=\"elementor-section elementor-inner-section elementor-element elementor-element-fd7eec2 elementor-section-boxed elementor-section-height-default elementor-section-height-default\" data-id=\"fd7eec2\" data-element_type=\"section\" data-e-type=\"section\">\n\t\t\t\t\t\t<div class=\"elementor-container elementor-column-gap-default\">\n\t\t\t\t\t<div class=\"elementor-column elementor-col-50 elementor-inner-column elementor-element elementor-element-b9e1adb\" data-id=\"b9e1adb\" data-element_type=\"column\" data-e-type=\"column\">\n\t\t\t<div class=\"elementor-widget-wrap elementor-element-populated\">\n\t\t\t\t\t\t<div class=\"elementor-element elementor-element-15748eae elementor-widget elementor-widget-text-editor\" data-id=\"15748eae\" data-element_type=\"widget\" data-e-type=\"widget\" data-widget_type=\"text-editor.default\">\n\t\t\t\t\t\t\t\t\t<p><strong>Pogodnosti koje pru\u017eamo:<\/strong><\/p><ul><li>osiguran topli obrok<\/li><li>pla\u0107en puni iznos putnog tro\u0161ka za zaposlenike koji imaju prebivali\u0161te\/boravi\u0161te izvan mjesta rada<\/li><li>mogu\u0107nost rada tijekom cijele godine<\/li><li>ulaganje u razvoj zaposlenika, mogu\u0107nost dobivanja nagrada i stimulativnih primanja<\/li><li>organizacija besplatnih edukacija za sve segmente poslovanja<\/li><li>nabavljamo radnu uniformu\/odje\u0107u za vas<\/li><li>mogu\u0107nost dogovora o slobodnim danima, dodatnim poslovima uz dodatnu naknadu i sl.<\/li><\/ul><p>Mogu\u0107nost rada u smjenama, jutarnja i popodnevna smjena<\/p><p>Ispla\u0107ujemo dar djetetu u godi\u0161njem iznosu do 140,00 EUR po djetetu<\/p><p>Bo\u017ei\u0107nica za 2026. godinu iznosi 500,00 EUR po osobi<\/p><p><strong>Radni zadaci:<\/strong><\/p><ul><li>pru\u017eanje izvrsne usluge i tretmana gostima (masa\u017ee, tretmani lica i tijela, depilacija, manikura\/pedikura) uz primjenu standardnih procedura rada<\/li><li>poticanje ponovnih rezervacijskih usluga<\/li><li>vo\u0111enje brige o higijeni i \u010disto\u0107i po najvi\u0161im standardima<\/li><li>srda\u010dno i ljubazno komuniciranje sa gostima<\/li><li>njegovanje timskog duha i me\u0111usobne podr\u0161ke<\/li><li>promoviranje te prodavanje usluga i proizvoda<\/li><li>provo\u0111enje aktivnosti u skladu sa zakonskim, internim propisima te standardnim procedurama rada i ciljevima<\/li><li>ostali poslovi prema uputama voditelja wellness centra<\/li><\/ul>\t\t\t\t\t\t\t\t<\/div>\n\t\t\t\t\t<\/div>\n\t\t<\/div>\n\t\t\t\t<div class=\"elementor-column elementor-col-50 elementor-inner-column elementor-element elementor-element-ec7fedf\" data-id=\"ec7fedf\" data-element_type=\"column\" data-e-type=\"column\">\n\t\t\t<div class=\"elementor-widget-wrap elementor-element-populated\">\n\t\t\t\t\t\t<div class=\"elementor-element elementor-element-ff68783 elementor-widget elementor-widget-text-editor\" data-id=\"ff68783\" data-element_type=\"widget\" data-e-type=\"widget\" data-widget_type=\"text-editor.default\">\n\t\t\t\t\t\t\t\t\t<p><strong>Potrebne kvalifikacije i kompetencije:<\/strong><\/p><ul><li>poznavanje rada na ra\u010dunalu<\/li><li>konstantno ulaganje i razvijanje u podru\u010dju rada<\/li><li>po\u017eeljno znanje barem 1 strana jezika po\u017eeljno engleski jezik<\/li><li>dodatna prednost njema\u010dki jezik<\/li><li>radno iskustvo na istim ili sli\u010dnim poslovima<\/li><li>pedantnost, sistemati\u010dnost i sklonost timskom radu<\/li><li>visoka razina odgovornosti u obavljanju radnih zadatak<\/li><\/ul><p><strong>\u00a0<\/strong><\/p><p><strong>Po\u017eeljne kvalifikacije i kompetencije:<\/strong><\/p><ul><li>iskustvo u radu na istim ili sli\u010dnim poslovima<\/li><li>o\u010dekivana primanja: o\u010dekivane mjese\u010dne isplate od 1150 (zimsko razdoblje)<\/li><\/ul><p>-1500 eur, sva primanja i isplate idu na va\u0161 teku\u0107i ra\u010dun. svaki zaposlenik je gospodar svojih primanja. primanja se mogu korigirati i dogovoriti ovisno o va\u0161em znanju, trudu i zalaganju kao i napredovanju.<\/p><ul><li>ispla\u0107ujemo i primljene napojnice preko karti\u010dne naplate ili preko naplate ra\u010duna na sobu gostiju.<\/li><\/ul><p><strong>Uvjeti rada:<\/strong><\/p><ul><li>rad na puno radno vrijeme, do 8 sati dnevno<\/li><li>slobodni dani i u sezoni<\/li><li>rad u dnevnim jutarnjim i popodnevnima smjenama sukladno tjednom rasporedu rada i dogovoru s voditeljicom odjela. potreban je rad vikendima i praznicima.<\/li><li>mogu\u0107nost nagrade za rad, dar za djecu (do 140,00 eur godi\u0161nje po djetetu) i bo\u017ei\u010dnice (za 2026. 500,00 eur po osobi)<\/li><\/ul><p><em>**Prekovremeni rad se dodatno pla\u0107a ili se, sukladno organizaciji rada, kompenzira slobodnim danima na kraju sezone. Osiguran je pla\u0107eni godi\u0161nji odmor. <\/em><em>Objavljene pla\u0107e odnose se na zakonsko radno vrijeme uz dva slobodna dana tjedno<\/em>.<\/p>\t\t\t\t\t\t\t\t<\/div>\n\t\t\t\t\t<\/div>\n\t\t<\/div>\n\t\t\t\t\t<\/div>\n\t\t<\/section>\n\t\t\t\t<div class=\"elementor-element elementor-element-6031fe2e elementor-align-left elementor-widget elementor-widget-button\" data-id=\"6031fe2e\" data-element_type=\"widget\" data-e-type=\"widget\" data-widget_type=\"button.default\">\n\t\t\t\t\t\t\t\t\t\t<a class=\"elementor-button elementor-button-link elementor-size-sm elementor-animation-hang\" href=\"https:\/\/www.hotelplaza.hr\/on-line-prijava\/\">\n\t\t\t\t\t\t<span class=\"elementor-button-content-wrapper\">\n\t\t\t\t\t\t\t\t\t<span class=\"elementor-button-text\">PRIJAVI SE<\/span>\n\t\t\t\t\t<\/span>\n\t\t\t\t\t<\/a>\n\t\t\t\t\t\t\t\t<\/div>\n\t\t\t\t\t<\/div>\n\t\t<\/div>\n\t\t\t\t\t<\/div>\n\t\t<\/section>\n\t\t\t\t<\/div>\n\t\t","protected":false},"excerpt":{"rendered":"<p>EKSKLUZIVNI HOTELI SA 4 ZVJEZDICE SPA TERAPEUT U HOTELSKOM WELLNESS CENTRU (\u017d\/M) Tra\u017eite ugodnu radnu atmosferu, \u00a0timski rad i redovna primanja?\u00a0 Prijavite se na na\u0161 natje\u010daj za Spa terapeut u hotelskom wellness centru (\u017e\/m) i postanite dio na\u0161eg uspjeha! Prijavu izvr\u0161ite putem online obrasca ili po\u0161aljite \u017eivotopis i molbu putem e-maila zaposljavanje@hotelplaza.hr Mjesto rada: OMI\u0160, [&hellip;]<\/p>\n","protected":false},"author":1,"featured_media":0,"parent":0,"menu_order":0,"comment_status":"closed","ping_status":"closed","template":"","meta":{"rs_blank_template":"","rs_page_bg_color":"","slide_template_v7":"","site-sidebar-layout":"no-sidebar","site-content-layout":"content-boxed-container","ast-site-content-layout":"default","site-content-style":"default","site-sidebar-style":"default","ast-global-header-display":"","ast-banner-title-visibility":"","ast-main-header-display":"disabled","ast-hfb-above-header-display":"","ast-hfb-below-header-display":"","ast-hfb-mobile-header-display":"","site-post-title":"disabled","ast-breadcrumbs-content":"disabled","ast-featured-img":"disabled","footer-sml-layout":"disabled","ast-disable-related-posts":"","theme-transparent-header-meta":"enabled","adv-header-id-meta":"","stick-header-meta":"","header-above-stick-meta":"","header-main-stick-meta":"","header-below-stick-meta":"","astra-migrate-meta-layouts":"default","ast-page-background-enabled":"default","ast-page-background-meta":{"desktop":{"background-color":"","background-image":"","background-repeat":"repeat","background-position":"center center","background-size":"auto","background-attachment":"scroll","background-type":"","background-media":"","overlay-type":"","overlay-color":"","overlay-opacity":"","overlay-gradient":""},"tablet":{"background-color":"","background-image":"","background-repeat":"repeat","background-position":"center center","background-size":"auto","background-attachment":"scroll","background-type":"","background-media":"","overlay-type":"","overlay-color":"","overlay-opacity":"","overlay-gradient":""},"mobile":{"background-color":"","background-image":"","background-repeat":"repeat","background-position":"center center","background-size":"auto","background-attachment":"scroll","background-type":"","background-media":"","overlay-type":"","overlay-color":"","overlay-opacity":"","overlay-gradient":""}},"ast-content-background-meta":{"desktop":{"background-color":"var(--ast-global-color-5)","background-image":"","background-repeat":"repeat","background-position":"center center","background-size":"auto","background-attachment":"scroll","background-type":"","background-media":"","overlay-type":"","overlay-color":"","overlay-opacity":"","overlay-gradient":""},"tablet":{"background-color":"var(--ast-global-color-5)","background-image":"","background-repeat":"repeat","background-position":"center center","background-size":"auto","background-attachment":"scroll","background-type":"","background-media":"","overlay-type":"","overlay-color":"","overlay-opacity":"","overlay-gradient":""},"mobile":{"background-color":"var(--ast-global-color-5)","background-image":"","background-repeat":"repeat","background-position":"center center","background-size":"auto","background-attachment":"scroll","background-type":"","background-media":"","overlay-type":"","overlay-color":"","overlay-opacity":"","overlay-gradient":""}},"footnotes":""},"class_list":["post-10470","page","type-page","status-publish","hentry"],"yoast_head":"<!-- This site is optimized with the Yoast SEO plugin v27.4 - https:\/\/yoast.com\/product\/yoast-seo-wordpress\/ -->\n<title>SPA TERAPEUT (M\/\u017d) - Hotel Plaza<\/title>\n<meta name=\"robots\" content=\"index, follow, max-snippet:-1, max-image-preview:large, max-video-preview:-1\" \/>\n<link rel=\"canonical\" href=\"https:\/\/www.hotelplaza.hr\/hr\/spa-terapeut\/\" \/>\n<meta property=\"og:locale\" content=\"hr_HR\" \/>\n<meta property=\"og:type\" content=\"article\" \/>\n<meta property=\"og:title\" content=\"SPA TERAPEUT (M\/\u017d) - Hotel Plaza\" \/>\n<meta property=\"og:description\" content=\"EKSKLUZIVNI HOTELI SA 4 ZVJEZDICE SPA TERAPEUT U HOTELSKOM WELLNESS CENTRU (\u017d\/M) Tra\u017eite ugodnu radnu atmosferu, \u00a0timski rad i redovna primanja?\u00a0 Prijavite se na na\u0161 natje\u010daj za Spa terapeut u hotelskom wellness centru (\u017e\/m) i postanite dio na\u0161eg uspjeha! Prijavu izvr\u0161ite putem online obrasca ili po\u0161aljite \u017eivotopis i molbu putem e-maila zaposljavanje@hotelplaza.hr Mjesto rada: OMI\u0160, [&hellip;]\" \/>\n<meta property=\"og:url\" content=\"https:\/\/www.hotelplaza.hr\/hr\/spa-terapeut\/\" \/>\n<meta property=\"og:site_name\" content=\"Hotel Plaza\" \/>\n<meta property=\"article:modified_time\" content=\"2026-01-07T13:22:18+00:00\" \/>\n<meta property=\"og:image\" content=\"https:\/\/www.hotelplaza.hr\/wp-content\/uploads\/2021\/02\/hotel-plaza-karijera-1.jpg\" \/>\n\t<meta property=\"og:image:width\" content=\"1920\" \/>\n\t<meta property=\"og:image:height\" content=\"1282\" \/>\n\t<meta property=\"og:image:type\" content=\"image\/jpeg\" \/>\n<meta name=\"twitter:card\" content=\"summary_large_image\" \/>\n<meta name=\"twitter:label1\" content=\"Procijenjeno vrijeme \u010ditanja\" \/>\n\t<meta name=\"twitter:data1\" content=\"3 minute\" \/>\n<script type=\"application\/ld+json\" class=\"yoast-schema-graph\">{\"@context\":\"https:\\\/\\\/schema.org\",\"@graph\":[{\"@type\":\"WebPage\",\"@id\":\"https:\\\/\\\/www.hotelplaza.hr\\\/hr\\\/spa-terapeut\\\/\",\"url\":\"https:\\\/\\\/www.hotelplaza.hr\\\/hr\\\/spa-terapeut\\\/\",\"name\":\"SPA TERAPEUT (M\\\/\u017d) - Hotel Plaza\",\"isPartOf\":{\"@id\":\"https:\\\/\\\/www.hotelplaza.hr\\\/hr\\\/#website\"},\"primaryImageOfPage\":{\"@id\":\"https:\\\/\\\/www.hotelplaza.hr\\\/hr\\\/spa-terapeut\\\/#primaryimage\"},\"image\":{\"@id\":\"https:\\\/\\\/www.hotelplaza.hr\\\/hr\\\/spa-terapeut\\\/#primaryimage\"},\"thumbnailUrl\":\"https:\\\/\\\/www.hotelplaza.hr\\\/wp-content\\\/uploads\\\/2021\\\/02\\\/hotel-plaza-karijera-1-1024x684.jpg\",\"datePublished\":\"2021-09-08T20:31:03+00:00\",\"dateModified\":\"2026-01-07T13:22:18+00:00\",\"breadcrumb\":{\"@id\":\"https:\\\/\\\/www.hotelplaza.hr\\\/hr\\\/spa-terapeut\\\/#breadcrumb\"},\"inLanguage\":\"hr\",\"potentialAction\":[{\"@type\":\"ReadAction\",\"target\":[\"https:\\\/\\\/www.hotelplaza.hr\\\/hr\\\/spa-terapeut\\\/\"]}]},{\"@type\":\"ImageObject\",\"inLanguage\":\"hr\",\"@id\":\"https:\\\/\\\/www.hotelplaza.hr\\\/hr\\\/spa-terapeut\\\/#primaryimage\",\"url\":\"https:\\\/\\\/www.hotelplaza.hr\\\/wp-content\\\/uploads\\\/2021\\\/02\\\/hotel-plaza-karijera-1-1024x684.jpg\",\"contentUrl\":\"https:\\\/\\\/www.hotelplaza.hr\\\/wp-content\\\/uploads\\\/2021\\\/02\\\/hotel-plaza-karijera-1-1024x684.jpg\"},{\"@type\":\"BreadcrumbList\",\"@id\":\"https:\\\/\\\/www.hotelplaza.hr\\\/hr\\\/spa-terapeut\\\/#breadcrumb\",\"itemListElement\":[{\"@type\":\"ListItem\",\"position\":1,\"name\":\"Po\u010detna stranica\",\"item\":\"https:\\\/\\\/www.hotelplaza.hr\\\/hr\\\/\"},{\"@type\":\"ListItem\",\"position\":2,\"name\":\"SPA TERAPEUT (M\\\/\u017d)\"}]},{\"@type\":\"WebSite\",\"@id\":\"https:\\\/\\\/www.hotelplaza.hr\\\/hr\\\/#website\",\"url\":\"https:\\\/\\\/www.hotelplaza.hr\\\/hr\\\/\",\"name\":\"Hotel Plaza\",\"description\":\"Hotel\",\"potentialAction\":[{\"@type\":\"SearchAction\",\"target\":{\"@type\":\"EntryPoint\",\"urlTemplate\":\"https:\\\/\\\/www.hotelplaza.hr\\\/hr\\\/?s={search_term_string}\"},\"query-input\":{\"@type\":\"PropertyValueSpecification\",\"valueRequired\":true,\"valueName\":\"search_term_string\"}}],\"inLanguage\":\"hr\"}]}<\/script>\n<!-- \/ Yoast SEO plugin. -->","yoast_head_json":{"title":"SPA TERAPEUT (M\/\u017d) - Hotel Plaza","robots":{"index":"index","follow":"follow","max-snippet":"max-snippet:-1","max-image-preview":"max-image-preview:large","max-video-preview":"max-video-preview:-1"},"canonical":"https:\/\/www.hotelplaza.hr\/hr\/spa-terapeut\/","og_locale":"hr_HR","og_type":"article","og_title":"SPA TERAPEUT (M\/\u017d) - Hotel Plaza","og_description":"EKSKLUZIVNI HOTELI SA 4 ZVJEZDICE SPA TERAPEUT U HOTELSKOM WELLNESS CENTRU (\u017d\/M) Tra\u017eite ugodnu radnu atmosferu, \u00a0timski rad i redovna primanja?\u00a0 Prijavite se na na\u0161 natje\u010daj za Spa terapeut u hotelskom wellness centru (\u017e\/m) i postanite dio na\u0161eg uspjeha! Prijavu izvr\u0161ite putem online obrasca ili po\u0161aljite \u017eivotopis i molbu putem e-maila zaposljavanje@hotelplaza.hr Mjesto rada: OMI\u0160, [&hellip;]","og_url":"https:\/\/www.hotelplaza.hr\/hr\/spa-terapeut\/","og_site_name":"Hotel Plaza","article_modified_time":"2026-01-07T13:22:18+00:00","og_image":[{"width":1920,"height":1282,"url":"https:\/\/www.hotelplaza.hr\/wp-content\/uploads\/2021\/02\/hotel-plaza-karijera-1.jpg","type":"image\/jpeg"}],"twitter_card":"summary_large_image","twitter_misc":{"Procijenjeno vrijeme \u010ditanja":"3 minute"},"schema":{"@context":"https:\/\/schema.org","@graph":[{"@type":"WebPage","@id":"https:\/\/www.hotelplaza.hr\/hr\/spa-terapeut\/","url":"https:\/\/www.hotelplaza.hr\/hr\/spa-terapeut\/","name":"SPA TERAPEUT (M\/\u017d) - Hotel Plaza","isPartOf":{"@id":"https:\/\/www.hotelplaza.hr\/hr\/#website"},"primaryImageOfPage":{"@id":"https:\/\/www.hotelplaza.hr\/hr\/spa-terapeut\/#primaryimage"},"image":{"@id":"https:\/\/www.hotelplaza.hr\/hr\/spa-terapeut\/#primaryimage"},"thumbnailUrl":"https:\/\/www.hotelplaza.hr\/wp-content\/uploads\/2021\/02\/hotel-plaza-karijera-1-1024x684.jpg","datePublished":"2021-09-08T20:31:03+00:00","dateModified":"2026-01-07T13:22:18+00:00","breadcrumb":{"@id":"https:\/\/www.hotelplaza.hr\/hr\/spa-terapeut\/#breadcrumb"},"inLanguage":"hr","potentialAction":[{"@type":"ReadAction","target":["https:\/\/www.hotelplaza.hr\/hr\/spa-terapeut\/"]}]},{"@type":"ImageObject","inLanguage":"hr","@id":"https:\/\/www.hotelplaza.hr\/hr\/spa-terapeut\/#primaryimage","url":"https:\/\/www.hotelplaza.hr\/wp-content\/uploads\/2021\/02\/hotel-plaza-karijera-1-1024x684.jpg","contentUrl":"https:\/\/www.hotelplaza.hr\/wp-content\/uploads\/2021\/02\/hotel-plaza-karijera-1-1024x684.jpg"},{"@type":"BreadcrumbList","@id":"https:\/\/www.hotelplaza.hr\/hr\/spa-terapeut\/#breadcrumb","itemListElement":[{"@type":"ListItem","position":1,"name":"Po\u010detna stranica","item":"https:\/\/www.hotelplaza.hr\/hr\/"},{"@type":"ListItem","position":2,"name":"SPA TERAPEUT (M\/\u017d)"}]},{"@type":"WebSite","@id":"https:\/\/www.hotelplaza.hr\/hr\/#website","url":"https:\/\/www.hotelplaza.hr\/hr\/","name":"Hotel Plaza","description":"Hotel","potentialAction":[{"@type":"SearchAction","target":{"@type":"EntryPoint","urlTemplate":"https:\/\/www.hotelplaza.hr\/hr\/?s={search_term_string}"},"query-input":{"@type":"PropertyValueSpecification","valueRequired":true,"valueName":"search_term_string"}}],"inLanguage":"hr"}]}},"_links":{"self":[{"href":"https:\/\/www.hotelplaza.hr\/hr\/wp-json\/wp\/v2\/pages\/10470","targetHints":{"allow":["GET"]}}],"collection":[{"href":"https:\/\/www.hotelplaza.hr\/hr\/wp-json\/wp\/v2\/pages"}],"about":[{"href":"https:\/\/www.hotelplaza.hr\/hr\/wp-json\/wp\/v2\/types\/page"}],"author":[{"embeddable":true,"href":"https:\/\/www.hotelplaza.hr\/hr\/wp-json\/wp\/v2\/users\/1"}],"replies":[{"embeddable":true,"href":"https:\/\/www.hotelplaza.hr\/hr\/wp-json\/wp\/v2\/comments?post=10470"}],"version-history":[{"count":5,"href":"https:\/\/www.hotelplaza.hr\/hr\/wp-json\/wp\/v2\/pages\/10470\/revisions"}],"predecessor-version":[{"id":26780,"href":"https:\/\/www.hotelplaza.hr\/hr\/wp-json\/wp\/v2\/pages\/10470\/revisions\/26780"}],"wp:attachment":[{"href":"https:\/\/www.hotelplaza.hr\/hr\/wp-json\/wp\/v2\/media?parent=10470"}],"curies":[{"name":"wp","href":"https:\/\/api.w.org\/{rel}","templated":true}]}}