{"id":1141,"date":"2021-02-10T19:18:18","date_gmt":"2021-02-10T19:18:18","guid":{"rendered":"https:\/\/www.hotelplaza.hr\/?page_id=1141"},"modified":"2021-11-09T15:10:48","modified_gmt":"2021-11-09T15:10:48","slug":"suites-omis","status":"publish","type":"page","link":"https:\/\/www.hotelplaza.hr\/hr\/suites-omis\/","title":{"rendered":"Suites Omi\u0161"},"content":{"rendered":"\t\t<div data-elementor-type=\"wp-page\" data-elementor-id=\"1141\" class=\"elementor elementor-1141\" data-elementor-post-type=\"page\">\n\t\t\t\t\t\t<section class=\"elementor-section elementor-top-section elementor-element elementor-element-0b7e9bf elementor-section-full_width elementor-section-height-min-height elementor-section-stretched elementor-section-height-default elementor-section-items-middle\" data-id=\"0b7e9bf\" data-element_type=\"section\" data-e-type=\"section\" data-settings=\"{&quot;stretch_section&quot;:&quot;section-stretched&quot;,&quot;background_background&quot;:&quot;classic&quot;}\">\n\t\t\t\t\t\t<div class=\"elementor-container elementor-column-gap-default\">\n\t\t\t\t\t<div class=\"elementor-column elementor-col-100 elementor-top-column elementor-element elementor-element-5024e61\" data-id=\"5024e61\" data-element_type=\"column\" data-e-type=\"column\">\n\t\t\t<div class=\"elementor-widget-wrap elementor-element-populated\">\n\t\t\t\t\t\t<div class=\"elementor-element elementor-element-e1dc137 elementor-widget elementor-widget-heading\" data-id=\"e1dc137\" data-element_type=\"widget\" data-e-type=\"widget\" data-widget_type=\"heading.default\">\n\t\t\t\t\t<h1 class=\"elementor-heading-title elementor-size-default\">Prostrani odmor s elegantnim dizajnom <\/h1>\t\t\t\t<\/div>\n\t\t\t\t\t<\/div>\n\t\t<\/div>\n\t\t\t\t\t<\/div>\n\t\t<\/section>\n\t\t\t\t<section class=\"elementor-section elementor-top-section elementor-element elementor-element-7758cfb elementor-section-stretched elementor-section-boxed elementor-section-height-default elementor-section-height-default\" data-id=\"7758cfb\" data-element_type=\"section\" data-e-type=\"section\" data-settings=\"{&quot;background_background&quot;:&quot;classic&quot;,&quot;stretch_section&quot;:&quot;section-stretched&quot;}\">\n\t\t\t\t\t\t<div class=\"elementor-container elementor-column-gap-default\">\n\t\t\t\t\t<div class=\"elementor-column elementor-col-50 elementor-top-column elementor-element elementor-element-f38cf97\" data-id=\"f38cf97\" data-element_type=\"column\" data-e-type=\"column\">\n\t\t\t<div class=\"elementor-widget-wrap elementor-element-populated\">\n\t\t\t\t\t\t<div class=\"elementor-element elementor-element-bb3cd47 subtilines elementor-widget elementor-widget-text-editor\" data-id=\"bb3cd47\" data-element_type=\"widget\" data-e-type=\"widget\" data-widget_type=\"text-editor.default\">\n\t\t\t\t\t\t\t\t\t<p class=\"t1\">HOTEL PLA\u017dA OMI\u0160<\/p>\t\t\t\t\t\t\t\t<\/div>\n\t\t\t\t<div class=\"elementor-element elementor-element-d6df4d3 elementor-widget elementor-widget-heading\" data-id=\"d6df4d3\" data-element_type=\"widget\" data-e-type=\"widget\" data-widget_type=\"heading.default\">\n\t\t\t\t\t<p class=\"elementor-heading-title elementor-size-default\">Suite B\n<\/p>\t\t\t\t<\/div>\n\t\t\t\t<div class=\"elementor-element elementor-element-c594c35 elementor-widget elementor-widget-text-editor\" data-id=\"c594c35\" data-element_type=\"widget\" data-e-type=\"widget\" data-widget_type=\"text-editor.default\">\n\t\t\t\t\t\t\t\t\t<p><em>na strani ulice s balkonom<\/em><\/p><p>\u00a0<\/p><p>Apartman veli\u010dine 40m2 sastoji se od spava\u0107e sobe s bra\u010dnim krevetom povezane s kupaonicom i dnevnog boravka sa sjede\u0107im garniturama koje se koriste kao pomo\u0107ni le\u017eaj.<\/p>\t\t\t\t\t\t\t\t<\/div>\n\t\t\t\t<section class=\"elementor-section elementor-inner-section elementor-element elementor-element-8733892 elementor-section-boxed elementor-section-height-default elementor-section-height-default\" data-id=\"8733892\" data-element_type=\"section\" data-e-type=\"section\">\n\t\t\t\t\t\t<div class=\"elementor-container elementor-column-gap-default\">\n\t\t\t\t\t<div class=\"elementor-column elementor-col-50 elementor-inner-column elementor-element elementor-element-1a1c3ab\" data-id=\"1a1c3ab\" data-element_type=\"column\" data-e-type=\"column\">\n\t\t\t<div class=\"elementor-widget-wrap elementor-element-populated\">\n\t\t\t\t\t\t<div class=\"elementor-element elementor-element-181a670 elementor-align-center elementor-widget elementor-widget-button\" data-id=\"181a670\" data-element_type=\"widget\" data-e-type=\"widget\" data-widget_type=\"button.default\">\n\t\t\t\t\t\t\t\t\t\t<a class=\"elementor-button elementor-button-link elementor-size-sm elementor-animation-hang\" href=\"https:\/\/www.hotelplaza.hr\/hr\/suite-b\/\">\n\t\t\t\t\t\t<span class=\"elementor-button-content-wrapper\">\n\t\t\t\t\t\t\t\t\t<span class=\"elementor-button-text\">Vi\u0161e<\/span>\n\t\t\t\t\t<\/span>\n\t\t\t\t\t<\/a>\n\t\t\t\t\t\t\t\t<\/div>\n\t\t\t\t\t<\/div>\n\t\t<\/div>\n\t\t\t\t<div class=\"elementor-column elementor-col-50 elementor-inner-column elementor-element elementor-element-37d2f46\" data-id=\"37d2f46\" data-element_type=\"column\" data-e-type=\"column\">\n\t\t\t<div class=\"elementor-widget-wrap elementor-element-populated\">\n\t\t\t\t\t\t<div class=\"elementor-element elementor-element-485fcac elementor-align-center elementor-widget elementor-widget-button\" data-id=\"485fcac\" data-element_type=\"widget\" data-e-type=\"widget\" data-widget_type=\"button.default\">\n\t\t\t\t\t\t\t\t\t\t<a class=\"elementor-button elementor-button-link elementor-size-sm elementor-animation-hang\" href=\"https:\/\/www.hotelplaza.hr\/hr\/booking\/?action=c_1&#038;hotel_id=4032&#038;guide_id=821\">\n\t\t\t\t\t\t<span class=\"elementor-button-content-wrapper\">\n\t\t\t\t\t\t\t\t\t<span class=\"elementor-button-text\">Rezerviraj<\/span>\n\t\t\t\t\t<\/span>\n\t\t\t\t\t<\/a>\n\t\t\t\t\t\t\t\t<\/div>\n\t\t\t\t\t<\/div>\n\t\t<\/div>\n\t\t\t\t\t<\/div>\n\t\t<\/section>\n\t\t\t\t\t<\/div>\n\t\t<\/div>\n\t\t\t\t<div class=\"elementor-column elementor-col-50 elementor-top-column elementor-element elementor-element-200442b\" data-id=\"200442b\" data-element_type=\"column\" data-e-type=\"column\">\n\t\t\t<div class=\"elementor-widget-wrap elementor-element-populated\">\n\t\t\t\t\t\t<div class=\"elementor-element elementor-element-11132cf elementor-pagination-position-outside elementor-widget elementor-widget-image-carousel\" data-id=\"11132cf\" data-element_type=\"widget\" data-e-type=\"widget\" data-settings=\"{&quot;slides_to_show&quot;:&quot;1&quot;,&quot;navigation&quot;:&quot;dots&quot;,&quot;autoplay&quot;:&quot;yes&quot;,&quot;pause_on_hover&quot;:&quot;yes&quot;,&quot;pause_on_interaction&quot;:&quot;yes&quot;,&quot;autoplay_speed&quot;:5000,&quot;infinite&quot;:&quot;yes&quot;,&quot;effect&quot;:&quot;slide&quot;,&quot;speed&quot;:500}\" data-widget_type=\"image-carousel.default\">\n\t\t\t\t\t\t\t<div class=\"elementor-image-carousel-wrapper swiper\" role=\"region\" aria-roledescription=\"carousel\" aria-label=\"Vrtuljak slika\" dir=\"ltr\">\n\t\t\t<div class=\"elementor-image-carousel swiper-wrapper\" aria-live=\"off\">\n\t\t\t\t\t\t\t\t<div class=\"swiper-slide\" role=\"group\" aria-roledescription=\"slide\" aria-label=\"1 od 3\"><figure class=\"swiper-slide-inner\"><img decoding=\"async\" class=\"swiper-slide-image\" src=\"https:\/\/www.hotelplaza.hr\/wp-content\/uploads\/elementor\/thumbs\/SuiteB_LivingRoom9-p4xp7jokgt13vpwqoomc0ytqe6ryxj635bepvtl04c.jpg\" alt=\"SuiteB_LivingRoom9\" \/><\/figure><\/div><div class=\"swiper-slide\" role=\"group\" aria-roledescription=\"slide\" aria-label=\"2 od 3\"><figure class=\"swiper-slide-inner\"><img decoding=\"async\" class=\"swiper-slide-image\" src=\"https:\/\/www.hotelplaza.hr\/wp-content\/uploads\/elementor\/thumbs\/SuiteB_Room19-p4xp8ep8qc7kiunonk10t8zxzwj2zjl89kxqpyb0f0.jpg\" alt=\"SuiteB_Room19\" \/><\/figure><\/div><div class=\"swiper-slide\" role=\"group\" aria-roledescription=\"slide\" aria-label=\"3 od 3\"><figure class=\"swiper-slide-inner\"><img decoding=\"async\" class=\"swiper-slide-image\" src=\"https:\/\/www.hotelplaza.hr\/wp-content\/uploads\/elementor\/thumbs\/SuiteB_Bathroom9-p4xp6plqe3vxk74fkbm9t6ezduw837uod6j6iytlng.jpg\" alt=\"SuiteB_Bathroom9\" \/><\/figure><\/div>\t\t\t<\/div>\n\t\t\t\t\t\t\t\n\t\t\t\t\t\t\t\t\t<div class=\"swiper-pagination\"><\/div>\n\t\t\t\t\t\t\t\t\t<\/div>\n\t\t\t\t\t\t<\/div>\n\t\t\t\t\t<\/div>\n\t\t<\/div>\n\t\t\t\t\t<\/div>\n\t\t<\/section>\n\t\t\t\t<section class=\"elementor-section elementor-top-section elementor-element elementor-element-b279c2d elementor-section-stretched elementor-reverse-mobile elementor-section-boxed elementor-section-height-default elementor-section-height-default\" data-id=\"b279c2d\" data-element_type=\"section\" data-e-type=\"section\" data-settings=\"{&quot;background_background&quot;:&quot;classic&quot;,&quot;stretch_section&quot;:&quot;section-stretched&quot;}\">\n\t\t\t\t\t\t<div class=\"elementor-container elementor-column-gap-default\">\n\t\t\t\t\t<div class=\"elementor-column elementor-col-50 elementor-top-column elementor-element elementor-element-4033659\" data-id=\"4033659\" data-element_type=\"column\" data-e-type=\"column\">\n\t\t\t<div class=\"elementor-widget-wrap elementor-element-populated\">\n\t\t\t\t\t\t<div class=\"elementor-element elementor-element-cedd707 elementor-pagination-position-outside elementor-widget elementor-widget-image-carousel\" data-id=\"cedd707\" data-element_type=\"widget\" data-e-type=\"widget\" data-settings=\"{&quot;slides_to_show&quot;:&quot;1&quot;,&quot;navigation&quot;:&quot;dots&quot;,&quot;autoplay&quot;:&quot;yes&quot;,&quot;pause_on_hover&quot;:&quot;yes&quot;,&quot;pause_on_interaction&quot;:&quot;yes&quot;,&quot;autoplay_speed&quot;:5000,&quot;infinite&quot;:&quot;yes&quot;,&quot;effect&quot;:&quot;slide&quot;,&quot;speed&quot;:500}\" data-widget_type=\"image-carousel.default\">\n\t\t\t\t\t\t\t<div class=\"elementor-image-carousel-wrapper swiper\" role=\"region\" aria-roledescription=\"carousel\" aria-label=\"Vrtuljak slika\" dir=\"ltr\">\n\t\t\t<div class=\"elementor-image-carousel swiper-wrapper\" aria-live=\"off\">\n\t\t\t\t\t\t\t\t<div class=\"swiper-slide\" role=\"group\" aria-roledescription=\"slide\" aria-label=\"1 od 3\"><figure class=\"swiper-slide-inner\"><img decoding=\"async\" class=\"swiper-slide-image\" src=\"https:\/\/www.hotelplaza.hr\/wp-content\/uploads\/elementor\/thumbs\/DSC_0727-HDR61s-p4xp7c5uy4qtau7nwldbh0q1n3t17yc8ga6u1lw5i4.jpg\" alt=\"DSC_0727-HDR61s\" \/><\/figure><\/div><div class=\"swiper-slide\" role=\"group\" aria-roledescription=\"slide\" aria-label=\"2 od 3\"><figure class=\"swiper-slide-inner\"><img decoding=\"async\" class=\"swiper-slide-image\" src=\"https:\/\/www.hotelplaza.hr\/wp-content\/uploads\/elementor\/thumbs\/DSC_0750-HDR7-5s-p4xp71tmuycnr4mokywf7lbz3v7zva76qv0hrkbhek.jpg\" alt=\"DSC_0750-HDR7-5s\" \/><\/figure><\/div><div class=\"swiper-slide\" role=\"group\" aria-roledescription=\"slide\" aria-label=\"3 od 3\"><figure class=\"swiper-slide-inner\"><img decoding=\"async\" class=\"swiper-slide-image\" src=\"https:\/\/www.hotelplaza.hr\/wp-content\/uploads\/elementor\/thumbs\/DSC_0838-HDR5-1s-p4xp9lxtgpurcwwvn2puzy35bmlytmcvriy2soiwgs.jpg\" alt=\"DSC_0838-HDR5-1s\" \/><\/figure><\/div>\t\t\t<\/div>\n\t\t\t\t\t\t\t\n\t\t\t\t\t\t\t\t\t<div class=\"swiper-pagination\"><\/div>\n\t\t\t\t\t\t\t\t\t<\/div>\n\t\t\t\t\t\t<\/div>\n\t\t\t\t\t<\/div>\n\t\t<\/div>\n\t\t\t\t<div class=\"elementor-column elementor-col-50 elementor-top-column elementor-element elementor-element-5e8cdfa\" data-id=\"5e8cdfa\" data-element_type=\"column\" data-e-type=\"column\">\n\t\t\t<div class=\"elementor-widget-wrap elementor-element-populated\">\n\t\t\t\t\t\t<div class=\"elementor-element elementor-element-ccbf26b subtilines elementor-widget elementor-widget-text-editor\" data-id=\"ccbf26b\" data-element_type=\"widget\" data-e-type=\"widget\" data-widget_type=\"text-editor.default\">\n\t\t\t\t\t\t\t\t\t<p class=\"t1\">HOTEL PLA\u017dA OMI\u0160<\/p>\t\t\t\t\t\t\t\t<\/div>\n\t\t\t\t<div class=\"elementor-element elementor-element-b725d44 elementor-widget elementor-widget-heading\" data-id=\"b725d44\" data-element_type=\"widget\" data-e-type=\"widget\" data-widget_type=\"heading.default\">\n\t\t\t\t\t<p class=\"elementor-heading-title elementor-size-default\">Suite A<\/p>\t\t\t\t<\/div>\n\t\t\t\t<div class=\"elementor-element elementor-element-4e33546 elementor-widget elementor-widget-text-editor\" data-id=\"4e33546\" data-element_type=\"widget\" data-e-type=\"widget\" data-widget_type=\"text-editor.default\">\n\t\t\t\t\t\t\t\t\t<p><em>na strani mora s balkonom<\/em><\/p><p>\u00a0<\/p><p>Idealan odabir za goste koji \u017eele ve\u0107i komfor ili za smje\u0161taj obitelji s djecom.<\/p>\t\t\t\t\t\t\t\t<\/div>\n\t\t\t\t<section class=\"elementor-section elementor-inner-section elementor-element elementor-element-522c075 elementor-section-boxed elementor-section-height-default elementor-section-height-default\" data-id=\"522c075\" data-element_type=\"section\" data-e-type=\"section\">\n\t\t\t\t\t\t<div class=\"elementor-container elementor-column-gap-default\">\n\t\t\t\t\t<div class=\"elementor-column elementor-col-50 elementor-inner-column elementor-element elementor-element-71e9f4d\" data-id=\"71e9f4d\" data-element_type=\"column\" data-e-type=\"column\">\n\t\t\t<div class=\"elementor-widget-wrap elementor-element-populated\">\n\t\t\t\t\t\t<div class=\"elementor-element elementor-element-3c85923 elementor-align-center elementor-widget elementor-widget-button\" data-id=\"3c85923\" data-element_type=\"widget\" data-e-type=\"widget\" data-widget_type=\"button.default\">\n\t\t\t\t\t\t\t\t\t\t<a class=\"elementor-button elementor-button-link elementor-size-sm elementor-animation-hang\" href=\"https:\/\/www.hotelplaza.hr\/hr\/suite-a\/\">\n\t\t\t\t\t\t<span class=\"elementor-button-content-wrapper\">\n\t\t\t\t\t\t\t\t\t<span class=\"elementor-button-text\">Vi\u0161e<\/span>\n\t\t\t\t\t<\/span>\n\t\t\t\t\t<\/a>\n\t\t\t\t\t\t\t\t<\/div>\n\t\t\t\t\t<\/div>\n\t\t<\/div>\n\t\t\t\t<div class=\"elementor-column elementor-col-50 elementor-inner-column elementor-element elementor-element-1513bcb\" data-id=\"1513bcb\" data-element_type=\"column\" data-e-type=\"column\">\n\t\t\t<div class=\"elementor-widget-wrap elementor-element-populated\">\n\t\t\t\t\t\t<div class=\"elementor-element elementor-element-96d0517 elementor-align-center elementor-widget elementor-widget-button\" data-id=\"96d0517\" data-element_type=\"widget\" data-e-type=\"widget\" data-widget_type=\"button.default\">\n\t\t\t\t\t\t\t\t\t\t<a class=\"elementor-button elementor-button-link elementor-size-sm elementor-animation-hang\" href=\"https:\/\/www.hotelplaza.hr\/hr\/booking\/?action=c_1&#038;hotel_id=4032&#038;guide_id=821\">\n\t\t\t\t\t\t<span class=\"elementor-button-content-wrapper\">\n\t\t\t\t\t\t\t\t\t<span class=\"elementor-button-text\">Rezerviraj<\/span>\n\t\t\t\t\t<\/span>\n\t\t\t\t\t<\/a>\n\t\t\t\t\t\t\t\t<\/div>\n\t\t\t\t\t<\/div>\n\t\t<\/div>\n\t\t\t\t\t<\/div>\n\t\t<\/section>\n\t\t\t\t\t<\/div>\n\t\t<\/div>\n\t\t\t\t\t<\/div>\n\t\t<\/section>\n\t\t\t\t<\/div>\n\t\t","protected":false},"excerpt":{"rendered":"<p>Prostrani odmor s elegantnim dizajnom HOTEL PLA\u017dA OMI\u0160 Suite B na strani ulice s balkonom \u00a0 Apartman veli\u010dine 40m2 sastoji se od spava\u0107e sobe s bra\u010dnim krevetom povezane s kupaonicom i dnevnog boravka sa sjede\u0107im garniturama koje se koriste kao pomo\u0107ni le\u017eaj. Vi\u0161e Rezerviraj HOTEL PLA\u017dA OMI\u0160 Suite A na strani mora s balkonom \u00a0 [&hellip;]<\/p>\n","protected":false},"author":1,"featured_media":0,"parent":0,"menu_order":0,"comment_status":"closed","ping_status":"closed","template":"","meta":{"rs_blank_template":"","rs_page_bg_color":"","slide_template_v7":"","site-sidebar-layout":"no-sidebar","site-content-layout":"content-boxed-container","ast-site-content-layout":"default","site-content-style":"default","site-sidebar-style":"default","ast-global-header-display":"","ast-banner-title-visibility":"","ast-main-header-display":"disabled","ast-hfb-above-header-display":"","ast-hfb-below-header-display":"","ast-hfb-mobile-header-display":"","site-post-title":"disabled","ast-breadcrumbs-content":"disabled","ast-featured-img":"disabled","footer-sml-layout":"disabled","ast-disable-related-posts":"","theme-transparent-header-meta":"enabled","adv-header-id-meta":"","stick-header-meta":"","header-above-stick-meta":"","header-main-stick-meta":"","header-below-stick-meta":"","astra-migrate-meta-layouts":"default","ast-page-background-enabled":"default","ast-page-background-meta":{"desktop":{"background-color":"","background-image":"","background-repeat":"repeat","background-position":"center center","background-size":"auto","background-attachment":"scroll","background-type":"","background-media":"","overlay-type":"","overlay-color":"","overlay-opacity":"","overlay-gradient":""},"tablet":{"background-color":"","background-image":"","background-repeat":"repeat","background-position":"center center","background-size":"auto","background-attachment":"scroll","background-type":"","background-media":"","overlay-type":"","overlay-color":"","overlay-opacity":"","overlay-gradient":""},"mobile":{"background-color":"","background-image":"","background-repeat":"repeat","background-position":"center center","background-size":"auto","background-attachment":"scroll","background-type":"","background-media":"","overlay-type":"","overlay-color":"","overlay-opacity":"","overlay-gradient":""}},"ast-content-background-meta":{"desktop":{"background-color":"var(--ast-global-color-5)","background-image":"","background-repeat":"repeat","background-position":"center center","background-size":"auto","background-attachment":"scroll","background-type":"","background-media":"","overlay-type":"","overlay-color":"","overlay-opacity":"","overlay-gradient":""},"tablet":{"background-color":"var(--ast-global-color-5)","background-image":"","background-repeat":"repeat","background-position":"center center","background-size":"auto","background-attachment":"scroll","background-type":"","background-media":"","overlay-type":"","overlay-color":"","overlay-opacity":"","overlay-gradient":""},"mobile":{"background-color":"var(--ast-global-color-5)","background-image":"","background-repeat":"repeat","background-position":"center center","background-size":"auto","background-attachment":"scroll","background-type":"","background-media":"","overlay-type":"","overlay-color":"","overlay-opacity":"","overlay-gradient":""}},"footnotes":""},"class_list":["post-1141","page","type-page","status-publish","hentry"],"yoast_head":"<!-- This site is optimized with the Yoast SEO plugin v27.4 - https:\/\/yoast.com\/product\/yoast-seo-wordpress\/ -->\n<title>Suites Omi\u0161 - Hotel Plaza<\/title>\n<meta name=\"robots\" content=\"index, follow, max-snippet:-1, max-image-preview:large, max-video-preview:-1\" \/>\n<link rel=\"canonical\" href=\"https:\/\/www.hotelplaza.hr\/hr\/suites-omis\/\" \/>\n<meta property=\"og:locale\" content=\"hr_HR\" \/>\n<meta property=\"og:type\" content=\"article\" \/>\n<meta property=\"og:title\" content=\"Suites Omi\u0161 - Hotel Plaza\" \/>\n<meta property=\"og:description\" content=\"Prostrani odmor s elegantnim dizajnom HOTEL PLA\u017dA OMI\u0160 Suite B na strani ulice s balkonom \u00a0 Apartman veli\u010dine 40m2 sastoji se od spava\u0107e sobe s bra\u010dnim krevetom povezane s kupaonicom i dnevnog boravka sa sjede\u0107im garniturama koje se koriste kao pomo\u0107ni le\u017eaj. Vi\u0161e Rezerviraj HOTEL PLA\u017dA OMI\u0160 Suite A na strani mora s balkonom \u00a0 [&hellip;]\" \/>\n<meta property=\"og:url\" content=\"https:\/\/www.hotelplaza.hr\/hr\/suites-omis\/\" \/>\n<meta property=\"og:site_name\" content=\"Hotel Plaza\" \/>\n<meta property=\"article:modified_time\" content=\"2021-11-09T15:10:48+00:00\" \/>\n<meta property=\"og:image\" content=\"https:\/\/www.hotelplaza.hr\/wp-content\/uploads\/elementor\/thumbs\/SuiteB_LivingRoom9-p4xp7jokgt13vpwqoomc0ytqe6ryxj635bepila41s.jpg\" \/>\n<meta name=\"twitter:card\" content=\"summary_large_image\" \/>\n<meta name=\"twitter:label1\" content=\"Procijenjeno vrijeme \u010ditanja\" \/>\n\t<meta name=\"twitter:data1\" content=\"3 minute\" \/>\n<script type=\"application\/ld+json\" class=\"yoast-schema-graph\">{\"@context\":\"https:\\\/\\\/schema.org\",\"@graph\":[{\"@type\":\"WebPage\",\"@id\":\"https:\\\/\\\/www.hotelplaza.hr\\\/hr\\\/suites-omis\\\/\",\"url\":\"https:\\\/\\\/www.hotelplaza.hr\\\/hr\\\/suites-omis\\\/\",\"name\":\"Suites Omi\u0161 - Hotel Plaza\",\"isPartOf\":{\"@id\":\"https:\\\/\\\/www.hotelplaza.hr\\\/hr\\\/#website\"},\"primaryImageOfPage\":{\"@id\":\"https:\\\/\\\/www.hotelplaza.hr\\\/hr\\\/suites-omis\\\/#primaryimage\"},\"image\":{\"@id\":\"https:\\\/\\\/www.hotelplaza.hr\\\/hr\\\/suites-omis\\\/#primaryimage\"},\"thumbnailUrl\":\"https:\\\/\\\/www.hotelplaza.hr\\\/wp-content\\\/uploads\\\/elementor\\\/thumbs\\\/SuiteB_LivingRoom9-p4xp7jokgt13vpwqoomc0ytqe6ryxj635bepila41s.jpg\",\"datePublished\":\"2021-02-10T19:18:18+00:00\",\"dateModified\":\"2021-11-09T15:10:48+00:00\",\"breadcrumb\":{\"@id\":\"https:\\\/\\\/www.hotelplaza.hr\\\/hr\\\/suites-omis\\\/#breadcrumb\"},\"inLanguage\":\"hr\",\"potentialAction\":[{\"@type\":\"ReadAction\",\"target\":[\"https:\\\/\\\/www.hotelplaza.hr\\\/hr\\\/suites-omis\\\/\"]}]},{\"@type\":\"ImageObject\",\"inLanguage\":\"hr\",\"@id\":\"https:\\\/\\\/www.hotelplaza.hr\\\/hr\\\/suites-omis\\\/#primaryimage\",\"url\":\"https:\\\/\\\/www.hotelplaza.hr\\\/wp-content\\\/uploads\\\/elementor\\\/thumbs\\\/SuiteB_LivingRoom9-p4xp7jokgt13vpwqoomc0ytqe6ryxj635bepila41s.jpg\",\"contentUrl\":\"https:\\\/\\\/www.hotelplaza.hr\\\/wp-content\\\/uploads\\\/elementor\\\/thumbs\\\/SuiteB_LivingRoom9-p4xp7jokgt13vpwqoomc0ytqe6ryxj635bepila41s.jpg\"},{\"@type\":\"BreadcrumbList\",\"@id\":\"https:\\\/\\\/www.hotelplaza.hr\\\/hr\\\/suites-omis\\\/#breadcrumb\",\"itemListElement\":[{\"@type\":\"ListItem\",\"position\":1,\"name\":\"Po\u010detna stranica\",\"item\":\"https:\\\/\\\/www.hotelplaza.hr\\\/hr\\\/\"},{\"@type\":\"ListItem\",\"position\":2,\"name\":\"Suites Omi\u0161\"}]},{\"@type\":\"WebSite\",\"@id\":\"https:\\\/\\\/www.hotelplaza.hr\\\/hr\\\/#website\",\"url\":\"https:\\\/\\\/www.hotelplaza.hr\\\/hr\\\/\",\"name\":\"Hotel Plaza\",\"description\":\"Hotel\",\"potentialAction\":[{\"@type\":\"SearchAction\",\"target\":{\"@type\":\"EntryPoint\",\"urlTemplate\":\"https:\\\/\\\/www.hotelplaza.hr\\\/hr\\\/?s={search_term_string}\"},\"query-input\":{\"@type\":\"PropertyValueSpecification\",\"valueRequired\":true,\"valueName\":\"search_term_string\"}}],\"inLanguage\":\"hr\"}]}<\/script>\n<!-- \/ Yoast SEO plugin. -->","yoast_head_json":{"title":"Suites Omi\u0161 - Hotel Plaza","robots":{"index":"index","follow":"follow","max-snippet":"max-snippet:-1","max-image-preview":"max-image-preview:large","max-video-preview":"max-video-preview:-1"},"canonical":"https:\/\/www.hotelplaza.hr\/hr\/suites-omis\/","og_locale":"hr_HR","og_type":"article","og_title":"Suites Omi\u0161 - Hotel Plaza","og_description":"Prostrani odmor s elegantnim dizajnom HOTEL PLA\u017dA OMI\u0160 Suite B na strani ulice s balkonom \u00a0 Apartman veli\u010dine 40m2 sastoji se od spava\u0107e sobe s bra\u010dnim krevetom povezane s kupaonicom i dnevnog boravka sa sjede\u0107im garniturama koje se koriste kao pomo\u0107ni le\u017eaj. Vi\u0161e Rezerviraj HOTEL PLA\u017dA OMI\u0160 Suite A na strani mora s balkonom \u00a0 [&hellip;]","og_url":"https:\/\/www.hotelplaza.hr\/hr\/suites-omis\/","og_site_name":"Hotel Plaza","article_modified_time":"2021-11-09T15:10:48+00:00","og_image":[{"url":"https:\/\/www.hotelplaza.hr\/wp-content\/uploads\/elementor\/thumbs\/SuiteB_LivingRoom9-p4xp7jokgt13vpwqoomc0ytqe6ryxj635bepila41s.jpg","type":"","width":"","height":""}],"twitter_card":"summary_large_image","twitter_misc":{"Procijenjeno vrijeme \u010ditanja":"3 minute"},"schema":{"@context":"https:\/\/schema.org","@graph":[{"@type":"WebPage","@id":"https:\/\/www.hotelplaza.hr\/hr\/suites-omis\/","url":"https:\/\/www.hotelplaza.hr\/hr\/suites-omis\/","name":"Suites Omi\u0161 - Hotel Plaza","isPartOf":{"@id":"https:\/\/www.hotelplaza.hr\/hr\/#website"},"primaryImageOfPage":{"@id":"https:\/\/www.hotelplaza.hr\/hr\/suites-omis\/#primaryimage"},"image":{"@id":"https:\/\/www.hotelplaza.hr\/hr\/suites-omis\/#primaryimage"},"thumbnailUrl":"https:\/\/www.hotelplaza.hr\/wp-content\/uploads\/elementor\/thumbs\/SuiteB_LivingRoom9-p4xp7jokgt13vpwqoomc0ytqe6ryxj635bepila41s.jpg","datePublished":"2021-02-10T19:18:18+00:00","dateModified":"2021-11-09T15:10:48+00:00","breadcrumb":{"@id":"https:\/\/www.hotelplaza.hr\/hr\/suites-omis\/#breadcrumb"},"inLanguage":"hr","potentialAction":[{"@type":"ReadAction","target":["https:\/\/www.hotelplaza.hr\/hr\/suites-omis\/"]}]},{"@type":"ImageObject","inLanguage":"hr","@id":"https:\/\/www.hotelplaza.hr\/hr\/suites-omis\/#primaryimage","url":"https:\/\/www.hotelplaza.hr\/wp-content\/uploads\/elementor\/thumbs\/SuiteB_LivingRoom9-p4xp7jokgt13vpwqoomc0ytqe6ryxj635bepila41s.jpg","contentUrl":"https:\/\/www.hotelplaza.hr\/wp-content\/uploads\/elementor\/thumbs\/SuiteB_LivingRoom9-p4xp7jokgt13vpwqoomc0ytqe6ryxj635bepila41s.jpg"},{"@type":"BreadcrumbList","@id":"https:\/\/www.hotelplaza.hr\/hr\/suites-omis\/#breadcrumb","itemListElement":[{"@type":"ListItem","position":1,"name":"Po\u010detna stranica","item":"https:\/\/www.hotelplaza.hr\/hr\/"},{"@type":"ListItem","position":2,"name":"Suites Omi\u0161"}]},{"@type":"WebSite","@id":"https:\/\/www.hotelplaza.hr\/hr\/#website","url":"https:\/\/www.hotelplaza.hr\/hr\/","name":"Hotel Plaza","description":"Hotel","potentialAction":[{"@type":"SearchAction","target":{"@type":"EntryPoint","urlTemplate":"https:\/\/www.hotelplaza.hr\/hr\/?s={search_term_string}"},"query-input":{"@type":"PropertyValueSpecification","valueRequired":true,"valueName":"search_term_string"}}],"inLanguage":"hr"}]}},"_links":{"self":[{"href":"https:\/\/www.hotelplaza.hr\/hr\/wp-json\/wp\/v2\/pages\/1141","targetHints":{"allow":["GET"]}}],"collection":[{"href":"https:\/\/www.hotelplaza.hr\/hr\/wp-json\/wp\/v2\/pages"}],"about":[{"href":"https:\/\/www.hotelplaza.hr\/hr\/wp-json\/wp\/v2\/types\/page"}],"author":[{"embeddable":true,"href":"https:\/\/www.hotelplaza.hr\/hr\/wp-json\/wp\/v2\/users\/1"}],"replies":[{"embeddable":true,"href":"https:\/\/www.hotelplaza.hr\/hr\/wp-json\/wp\/v2\/comments?post=1141"}],"version-history":[{"count":5,"href":"https:\/\/www.hotelplaza.hr\/hr\/wp-json\/wp\/v2\/pages\/1141\/revisions"}],"predecessor-version":[{"id":11083,"href":"https:\/\/www.hotelplaza.hr\/hr\/wp-json\/wp\/v2\/pages\/1141\/revisions\/11083"}],"wp:attachment":[{"href":"https:\/\/www.hotelplaza.hr\/hr\/wp-json\/wp\/v2\/media?parent=1141"}],"curies":[{"name":"wp","href":"https:\/\/api.w.org\/{rel}","templated":true}]}}