{"id":12721,"date":"2022-01-06T10:30:17","date_gmt":"2022-01-06T10:30:17","guid":{"rendered":"https:\/\/www.hotelplaza.hr\/?page_id=12721"},"modified":"2023-12-13T17:42:24","modified_gmt":"2023-12-13T17:42:24","slug":"recepcioner","status":"publish","type":"page","link":"https:\/\/www.hotelplaza.hr\/hr\/recepcioner\/","title":{"rendered":"RECEPCIONER"},"content":{"rendered":"\t\t<div data-elementor-type=\"wp-page\" data-elementor-id=\"12721\" class=\"elementor elementor-12721\" data-elementor-post-type=\"page\">\n\t\t\t\t\t\t<section class=\"elementor-section elementor-top-section elementor-element elementor-element-46dddc4b elementor-section-full_width elementor-section-height-min-height elementor-section-stretched elementor-hidden-phone elementor-section-height-default elementor-section-items-middle\" data-id=\"46dddc4b\" data-element_type=\"section\" data-e-type=\"section\" data-settings=\"{&quot;stretch_section&quot;:&quot;section-stretched&quot;,&quot;background_background&quot;:&quot;classic&quot;}\">\n\t\t\t\t\t\t<div class=\"elementor-container elementor-column-gap-default\">\n\t\t\t\t\t<div class=\"elementor-column elementor-col-100 elementor-top-column elementor-element elementor-element-43676aed\" data-id=\"43676aed\" data-element_type=\"column\" data-e-type=\"column\">\n\t\t\t<div class=\"elementor-widget-wrap\">\n\t\t\t\t\t\t\t<\/div>\n\t\t<\/div>\n\t\t\t\t\t<\/div>\n\t\t<\/section>\n\t\t\t\t<section class=\"elementor-section elementor-top-section elementor-element elementor-element-7f2c0b6c elementor-section-full_width elementor-section-stretched elementor-hidden-desktop elementor-hidden-tablet elementor-section-height-default elementor-section-height-default\" data-id=\"7f2c0b6c\" data-element_type=\"section\" data-e-type=\"section\" data-settings=\"{&quot;stretch_section&quot;:&quot;section-stretched&quot;}\">\n\t\t\t\t\t\t<div class=\"elementor-container elementor-column-gap-no\">\n\t\t\t\t\t<div class=\"elementor-column elementor-col-100 elementor-top-column elementor-element elementor-element-775a18c\" data-id=\"775a18c\" data-element_type=\"column\" data-e-type=\"column\">\n\t\t\t<div class=\"elementor-widget-wrap elementor-element-populated\">\n\t\t\t\t\t\t<div class=\"elementor-element elementor-element-3eb6c82 elementor-widget elementor-widget-image\" data-id=\"3eb6c82\" data-element_type=\"widget\" data-e-type=\"widget\" data-widget_type=\"image.default\">\n\t\t\t\t\t\t\t\t\t\t\t\t\t\t\t<img fetchpriority=\"high\" decoding=\"async\" width=\"1024\" height=\"684\" src=\"https:\/\/www.hotelplaza.hr\/wp-content\/uploads\/2021\/02\/hotel-plaza-karijera-1-1024x684.jpg\" class=\"attachment-large size-large wp-image-1506\" alt=\"\" srcset=\"https:\/\/www.hotelplaza.hr\/wp-content\/uploads\/2021\/02\/hotel-plaza-karijera-1-1024x684.jpg 1024w, https:\/\/www.hotelplaza.hr\/wp-content\/uploads\/2021\/02\/hotel-plaza-karijera-1-300x200.jpg 300w, https:\/\/www.hotelplaza.hr\/wp-content\/uploads\/2021\/02\/hotel-plaza-karijera-1-768x513.jpg 768w, https:\/\/www.hotelplaza.hr\/wp-content\/uploads\/2021\/02\/hotel-plaza-karijera-1-1536x1026.jpg 1536w, https:\/\/www.hotelplaza.hr\/wp-content\/uploads\/2021\/02\/hotel-plaza-karijera-1.jpg 1920w\" sizes=\"(max-width: 1024px) 100vw, 1024px\" \/>\t\t\t\t\t\t\t\t\t\t\t\t\t\t\t<\/div>\n\t\t\t\t\t<\/div>\n\t\t<\/div>\n\t\t\t\t\t<\/div>\n\t\t<\/section>\n\t\t\t\t<section class=\"elementor-section elementor-top-section elementor-element elementor-element-535b53b5 elementor-section-stretched elementor-section-boxed elementor-section-height-default elementor-section-height-default\" data-id=\"535b53b5\" data-element_type=\"section\" data-e-type=\"section\" data-settings=\"{&quot;background_background&quot;:&quot;classic&quot;,&quot;stretch_section&quot;:&quot;section-stretched&quot;}\">\n\t\t\t\t\t\t<div class=\"elementor-container elementor-column-gap-default\">\n\t\t\t\t\t<div class=\"elementor-column elementor-col-100 elementor-top-column elementor-element elementor-element-4e9143a7\" data-id=\"4e9143a7\" data-element_type=\"column\" data-e-type=\"column\">\n\t\t\t<div class=\"elementor-widget-wrap elementor-element-populated\">\n\t\t\t\t\t\t<div class=\"elementor-element elementor-element-7d62ee subtilines elementor-widget elementor-widget-text-editor\" data-id=\"7d62ee\" data-element_type=\"widget\" data-e-type=\"widget\" data-widget_type=\"text-editor.default\">\n\t\t\t\t\t\t\t\t\t<p class=\"t1\">EKSKLUZIVNI HOTELI SA 4 ZVJEZDICE\n<\/p>\t\t\t\t\t\t\t\t<\/div>\n\t\t\t\t<div class=\"elementor-element elementor-element-54216585 elementor-widget elementor-widget-heading\" data-id=\"54216585\" data-element_type=\"widget\" data-e-type=\"widget\" data-widget_type=\"heading.default\">\n\t\t\t\t\t<h2 class=\"elementor-heading-title elementor-size-default\">RECEPCIONER (M\/\u017d)     <\/h2>\t\t\t\t<\/div>\n\t\t\t\t<section class=\"elementor-section elementor-inner-section elementor-element elementor-element-7a9c09b elementor-section-boxed elementor-section-height-default elementor-section-height-default\" data-id=\"7a9c09b\" data-element_type=\"section\" data-e-type=\"section\">\n\t\t\t\t\t\t<div class=\"elementor-container elementor-column-gap-default\">\n\t\t\t\t\t<div class=\"elementor-column elementor-col-50 elementor-inner-column elementor-element elementor-element-4b64db1e\" data-id=\"4b64db1e\" data-element_type=\"column\" data-e-type=\"column\">\n\t\t\t<div class=\"elementor-widget-wrap elementor-element-populated\">\n\t\t\t\t\t\t<div class=\"elementor-element elementor-element-26226b71 elementor-widget elementor-widget-text-editor\" data-id=\"26226b71\" data-element_type=\"widget\" data-e-type=\"widget\" data-widget_type=\"text-editor.default\">\n\t\t\t\t\t\t\t\t\t<p>Komunikativni ste, ambiciozni i volite rad s ljudima? Nudimo vam ugodnu i dinami\u010dnu atmosferu, redovna primanja , timski rad i bogato radno iskustvo. Prijavite se na na\u0161 natje\u010daj za Recepcioner (m\/\u017e) i postanite dio na\u0161eg tima! Prijavu izvr\u0161ite putem online obrasca ili po\u0161aljite \u017eivotopis i molbu putem e-maila <a href=\"mailto:zaposljavanje@hotelplaza.hr\">zaposljavanje@hotelplaza.hr<\/a>.<\/p><p><strong>\u00a0\u00a0\u00a0\u00a0\u00a0\u00a0\u00a0\u00a0\u00a0\u00a0\u00a0\u00a0\u00a0\u00a0\u00a0\u00a0\u00a0\u00a0\u00a0\u00a0\u00a0\u00a0\u00a0\u00a0\u00a0\u00a0\u00a0\u00a0\u00a0\u00a0\u00a0\u00a0\u00a0\u00a0\u00a0\u00a0\u00a0\u00a0\u00a0\u00a0\u00a0\u00a0\u00a0\u00a0\u00a0\u00a0\u00a0\u00a0\u00a0\u00a0\u00a0\u00a0\u00a0\u00a0\u00a0\u00a0\u00a0\u00a0\u00a0\u00a0\u00a0\u00a0\u00a0\u00a0\u00a0\u00a0\u00a0\u00a0\u00a0\u00a0\u00a0\u00a0\u00a0\u00a0\u00a0\u00a0\u00a0\u00a0\u00a0\u00a0\u00a0\u00a0\u00a0\u00a0\u00a0\u00a0\u00a0\u00a0 <\/strong><\/p><p><strong>Broj tra\u017eenih radnika<\/strong>: 1\u00a0 \u00a0 \u00a0 \u00a0 \u00a0<\/p><p>\u00a0<\/p><p><strong>Mjesto rada<\/strong>: Du\u0107e ili Omi\u0161<\/p><p>\u00a0<\/p><p><strong>Vrsta zaposlenja<\/strong>: na odre\u0111eno, sezonski s mogu\u0107nosti stalnog<\/p><p>\u00a0zaposlenja i ugovora na neodre\u0111eno<\/p>\t\t\t\t\t\t\t\t<\/div>\n\t\t\t\t<div class=\"elementor-element elementor-element-2f1c70ba elementor-align-left elementor-widget elementor-widget-button\" data-id=\"2f1c70ba\" data-element_type=\"widget\" data-e-type=\"widget\" data-widget_type=\"button.default\">\n\t\t\t\t\t\t\t\t\t\t<a class=\"elementor-button elementor-button-link elementor-size-sm elementor-animation-hang\" href=\"https:\/\/www.hotelplaza.hr\/on-line-prijava\/\">\n\t\t\t\t\t\t<span class=\"elementor-button-content-wrapper\">\n\t\t\t\t\t\t\t\t\t<span class=\"elementor-button-text\">PRIJAVI SE<\/span>\n\t\t\t\t\t<\/span>\n\t\t\t\t\t<\/a>\n\t\t\t\t\t\t\t\t<\/div>\n\t\t\t\t\t<\/div>\n\t\t<\/div>\n\t\t\t\t<div class=\"elementor-column elementor-col-50 elementor-inner-column elementor-element elementor-element-48f46507\" data-id=\"48f46507\" data-element_type=\"column\" data-e-type=\"column\">\n\t\t\t<div class=\"elementor-widget-wrap elementor-element-populated\">\n\t\t\t\t\t\t<div class=\"elementor-element elementor-element-461de65c elementor-widget elementor-widget-image\" data-id=\"461de65c\" data-element_type=\"widget\" data-e-type=\"widget\" data-widget_type=\"image.default\">\n\t\t\t\t\t\t\t\t\t\t\t\t\t\t\t<img decoding=\"async\" src=\"https:\/\/www.hotelplaza.hr\/wp-content\/uploads\/elementor\/thumbs\/recepcioner-pj9gbopnsmjivppgo2cvhbw5hrm2i980ljriveffh0.png\" title=\"recepcioner\" alt=\"recepcioner\" loading=\"lazy\" \/>\t\t\t\t\t\t\t\t\t\t\t\t\t\t\t<\/div>\n\t\t\t\t\t<\/div>\n\t\t<\/div>\n\t\t\t\t\t<\/div>\n\t\t<\/section>\n\t\t\t\t<section class=\"elementor-section elementor-inner-section elementor-element elementor-element-410a5e9 elementor-section-boxed elementor-section-height-default elementor-section-height-default\" data-id=\"410a5e9\" data-element_type=\"section\" data-e-type=\"section\">\n\t\t\t\t\t\t<div class=\"elementor-container elementor-column-gap-default\">\n\t\t\t\t\t<div class=\"elementor-column elementor-col-50 elementor-inner-column elementor-element elementor-element-d42513b\" data-id=\"d42513b\" data-element_type=\"column\" data-e-type=\"column\">\n\t\t\t<div class=\"elementor-widget-wrap elementor-element-populated\">\n\t\t\t\t\t\t<div class=\"elementor-element elementor-element-72ffa3c5 elementor-widget elementor-widget-text-editor\" data-id=\"72ffa3c5\" data-element_type=\"widget\" data-e-type=\"widget\" data-widget_type=\"text-editor.default\">\n\t\t\t\t\t\t\t\t\t<div class=\"kc-elm kc-css-536234 kc_text_block kc-pc-loaded\"><p><strong>Pogodnosti koje pru\u017eamo:<\/strong><\/p><ul><li>osiguran topli obrok<\/li><li>pla\u0107en putni tro\u0161ak za zaposlenike koji imaju prebivali\u0161te\/boravi\u0161te izvan mjesta rada<\/li><li>mogu\u0107nost rada tijekom cijele godine<\/li><li>ulaganje u razvoj zaposlenika, mogu\u0107nost dobivanja nagrada, stimulativnih primanja i napredovanja<\/li><li>dar djeci za Uskrs i Bo\u017ei\u0107 po djetetu<\/li><li>bo\u017ei\u0107nica za odra\u0111enu sezonu u najmanjem iznosu od 400,00\u20ac<\/li><\/ul><p><strong>Potrebne kvalifikacije i kompetencije:<\/strong><\/p><ul><li>aktivno poznavanje rada na ra\u010dunalu<\/li><li>konstantno ulaganje i razvijanje u podru\u010dju rada<\/li><li>znanje barem 1 strana jezika po\u017eeljno engleski jezik<ul><li>dodatna prednost njema\u010dki jezik<\/li><\/ul><\/li><li>radno iskustvo na istim ili sli\u010dnim poslovima<\/li><li>pedantnost, sistemati\u010dnost i sklonost timskom radu<\/li><li>visoka razina odgovornosti u obavljanju radnih zadatak<\/li><\/ul><\/div>\t\t\t\t\t\t\t\t<\/div>\n\t\t\t\t\t<\/div>\n\t\t<\/div>\n\t\t\t\t<div class=\"elementor-column elementor-col-50 elementor-inner-column elementor-element elementor-element-998160c\" data-id=\"998160c\" data-element_type=\"column\" data-e-type=\"column\">\n\t\t\t<div class=\"elementor-widget-wrap elementor-element-populated\">\n\t\t\t\t\t\t<div class=\"elementor-element elementor-element-2968b77 elementor-widget elementor-widget-text-editor\" data-id=\"2968b77\" data-element_type=\"widget\" data-e-type=\"widget\" data-widget_type=\"text-editor.default\">\n\t\t\t\t\t\t\t\t\t<p><strong>Va\u0161a zadu\u017eenja i odgovornosti:<\/strong><\/p><ul><li>prijava i odjava gostiju<\/li><li>izrada rezervacija i prodaja smje\u0161tajnih kapaciteta \u201ewalk in\u201c gostima<\/li><li>naplata usluga smje\u0161taja te prodaja izleta i dodatnih usluga<\/li><li>pru\u017eanje informacija gostima i odgovaranje na upite<\/li><li>rje\u0161avanje jednostavnih prigovora gostiju<\/li><li>zaprimanje i unos rezervacija te poslovi prijema, prijave i odjave gostiju<\/li><li>unos i a\u017eurno vo\u0111enje podataka o gostima u hotelskom sustavu<\/li><li>prodaja, unos, naplata usluga te izdavanje ra\u010duna<\/li><li>poslovi mjenja\u010dnice<\/li><li>pru\u017eanje informacija o uslugama i sadr\u017eaju hotela i destinacije<\/li><li>suradnja s ostalim odjelima hotela u cilju zadovoljstva i ispunjavanja zahtjeva gostiju<\/li><li>rad u skladu s propisanim radnim uputama<\/li><li>po\u017eeljna spremnost za rad u no\u0107nim smjenama (2 \u2013 4 dana mjese\u010dno)<\/li><li>ostali poslovi prema uputama voditelja recepcije<\/li><\/ul><p><strong>Po\u017eeljne kvalifikacije i kompetencije:<\/strong><\/p><ul><li>iskustvo u radu na recepciji ili sli\u010dnim poslovima<\/li><\/ul><p><strong>O\u010dekivana primanja<\/strong>: o\u010dekivane isplate na ra\u010dun od <strong>1.150,00EUR -1.350,00EUR i punom prijavom<\/strong><\/p><p>\u00a0<\/p><p><strong>Uvjeti rada:<\/strong><\/p><ul><li>Rad na puno radno vrijeme, do 8 sati dnevno<\/li><li>Slobodni dani i u sezoni<\/li><li>Rad u smjenama sukladno tjednom rasporedu rada. Potreban je rad vikendima i praznicima.<\/li><\/ul>\t\t\t\t\t\t\t\t<\/div>\n\t\t\t\t\t<\/div>\n\t\t<\/div>\n\t\t\t\t\t<\/div>\n\t\t<\/section>\n\t\t\t\t<div class=\"elementor-element elementor-element-d95c151 elementor-align-left elementor-widget elementor-widget-button\" data-id=\"d95c151\" data-element_type=\"widget\" data-e-type=\"widget\" data-widget_type=\"button.default\">\n\t\t\t\t\t\t\t\t\t\t<a class=\"elementor-button elementor-button-link elementor-size-sm elementor-animation-hang\" href=\"https:\/\/www.hotelplaza.hr\/on-line-prijava\/\">\n\t\t\t\t\t\t<span class=\"elementor-button-content-wrapper\">\n\t\t\t\t\t\t\t\t\t<span class=\"elementor-button-text\">PRIJAVI SE<\/span>\n\t\t\t\t\t<\/span>\n\t\t\t\t\t<\/a>\n\t\t\t\t\t\t\t\t<\/div>\n\t\t\t\t\t<\/div>\n\t\t<\/div>\n\t\t\t\t\t<\/div>\n\t\t<\/section>\n\t\t\t\t<\/div>\n\t\t","protected":false},"excerpt":{"rendered":"<p>EKSKLUZIVNI HOTELI SA 4 ZVJEZDICE RECEPCIONER (M\/\u017d) Komunikativni ste, ambiciozni i volite rad s ljudima? Nudimo vam ugodnu i dinami\u010dnu atmosferu, redovna primanja , timski rad i bogato radno iskustvo. Prijavite se na na\u0161 natje\u010daj za Recepcioner (m\/\u017e) i postanite dio na\u0161eg tima! Prijavu izvr\u0161ite putem online obrasca ili po\u0161aljite \u017eivotopis i molbu putem e-maila [&hellip;]<\/p>\n","protected":false},"author":1,"featured_media":0,"parent":0,"menu_order":0,"comment_status":"closed","ping_status":"closed","template":"","meta":{"rs_blank_template":"","rs_page_bg_color":"","slide_template_v7":"","site-sidebar-layout":"no-sidebar","site-content-layout":"boxed-container","ast-site-content-layout":"default","site-content-style":"default","site-sidebar-style":"default","ast-global-header-display":"","ast-banner-title-visibility":"","ast-main-header-display":"disabled","ast-hfb-above-header-display":"","ast-hfb-below-header-display":"","ast-hfb-mobile-header-display":"","site-post-title":"disabled","ast-breadcrumbs-content":"disabled","ast-featured-img":"disabled","footer-sml-layout":"disabled","ast-disable-related-posts":"","theme-transparent-header-meta":"enabled","adv-header-id-meta":"","stick-header-meta":"","header-above-stick-meta":"","header-main-stick-meta":"","header-below-stick-meta":"","astra-migrate-meta-layouts":"default","ast-page-background-enabled":"default","ast-page-background-meta":{"desktop":{"background-color":"","background-image":"","background-repeat":"repeat","background-position":"center center","background-size":"auto","background-attachment":"scroll","background-type":"","background-media":"","overlay-type":"","overlay-color":"","overlay-opacity":"","overlay-gradient":""},"tablet":{"background-color":"","background-image":"","background-repeat":"repeat","background-position":"center center","background-size":"auto","background-attachment":"scroll","background-type":"","background-media":"","overlay-type":"","overlay-color":"","overlay-opacity":"","overlay-gradient":""},"mobile":{"background-color":"","background-image":"","background-repeat":"repeat","background-position":"center center","background-size":"auto","background-attachment":"scroll","background-type":"","background-media":"","overlay-type":"","overlay-color":"","overlay-opacity":"","overlay-gradient":""}},"ast-content-background-meta":{"desktop":{"background-color":"var(--ast-global-color-5)","background-image":"","background-repeat":"repeat","background-position":"center center","background-size":"auto","background-attachment":"scroll","background-type":"","background-media":"","overlay-type":"","overlay-color":"","overlay-opacity":"","overlay-gradient":""},"tablet":{"background-color":"var(--ast-global-color-5)","background-image":"","background-repeat":"repeat","background-position":"center center","background-size":"auto","background-attachment":"scroll","background-type":"","background-media":"","overlay-type":"","overlay-color":"","overlay-opacity":"","overlay-gradient":""},"mobile":{"background-color":"var(--ast-global-color-5)","background-image":"","background-repeat":"repeat","background-position":"center center","background-size":"auto","background-attachment":"scroll","background-type":"","background-media":"","overlay-type":"","overlay-color":"","overlay-opacity":"","overlay-gradient":""}},"footnotes":""},"class_list":["post-12721","page","type-page","status-publish","hentry"],"yoast_head":"<!-- This site is optimized with the Yoast SEO plugin v27.4 - https:\/\/yoast.com\/product\/yoast-seo-wordpress\/ -->\n<title>RECEPCIONER - Hotel Plaza<\/title>\n<meta name=\"robots\" content=\"index, follow, max-snippet:-1, max-image-preview:large, max-video-preview:-1\" \/>\n<link rel=\"canonical\" href=\"https:\/\/www.hotelplaza.hr\/hr\/recepcioner\/\" \/>\n<meta property=\"og:locale\" content=\"hr_HR\" \/>\n<meta property=\"og:type\" content=\"article\" \/>\n<meta property=\"og:title\" content=\"RECEPCIONER - Hotel Plaza\" \/>\n<meta property=\"og:description\" content=\"EKSKLUZIVNI HOTELI SA 4 ZVJEZDICE RECEPCIONER (M\/\u017d) Komunikativni ste, ambiciozni i volite rad s ljudima? Nudimo vam ugodnu i dinami\u010dnu atmosferu, redovna primanja , timski rad i bogato radno iskustvo. Prijavite se na na\u0161 natje\u010daj za Recepcioner (m\/\u017e) i postanite dio na\u0161eg tima! Prijavu izvr\u0161ite putem online obrasca ili po\u0161aljite \u017eivotopis i molbu putem e-maila [&hellip;]\" \/>\n<meta property=\"og:url\" content=\"https:\/\/www.hotelplaza.hr\/hr\/recepcioner\/\" \/>\n<meta property=\"og:site_name\" content=\"Hotel Plaza\" \/>\n<meta property=\"article:modified_time\" content=\"2023-12-13T17:42:24+00:00\" \/>\n<meta property=\"og:image\" content=\"https:\/\/www.hotelplaza.hr\/wp-content\/uploads\/2021\/02\/hotel-plaza-karijera-1-1024x684.jpg\" \/>\n<meta name=\"twitter:card\" content=\"summary_large_image\" \/>\n<meta name=\"twitter:label1\" content=\"Procijenjeno vrijeme \u010ditanja\" \/>\n\t<meta name=\"twitter:data1\" content=\"3 minute\" \/>\n<script type=\"application\/ld+json\" class=\"yoast-schema-graph\">{\"@context\":\"https:\\\/\\\/schema.org\",\"@graph\":[{\"@type\":\"WebPage\",\"@id\":\"https:\\\/\\\/www.hotelplaza.hr\\\/hr\\\/recepcioner\\\/\",\"url\":\"https:\\\/\\\/www.hotelplaza.hr\\\/hr\\\/recepcioner\\\/\",\"name\":\"RECEPCIONER - Hotel Plaza\",\"isPartOf\":{\"@id\":\"https:\\\/\\\/www.hotelplaza.hr\\\/hr\\\/#website\"},\"primaryImageOfPage\":{\"@id\":\"https:\\\/\\\/www.hotelplaza.hr\\\/hr\\\/recepcioner\\\/#primaryimage\"},\"image\":{\"@id\":\"https:\\\/\\\/www.hotelplaza.hr\\\/hr\\\/recepcioner\\\/#primaryimage\"},\"thumbnailUrl\":\"https:\\\/\\\/www.hotelplaza.hr\\\/wp-content\\\/uploads\\\/2021\\\/02\\\/hotel-plaza-karijera-1-1024x684.jpg\",\"datePublished\":\"2022-01-06T10:30:17+00:00\",\"dateModified\":\"2023-12-13T17:42:24+00:00\",\"breadcrumb\":{\"@id\":\"https:\\\/\\\/www.hotelplaza.hr\\\/hr\\\/recepcioner\\\/#breadcrumb\"},\"inLanguage\":\"hr\",\"potentialAction\":[{\"@type\":\"ReadAction\",\"target\":[\"https:\\\/\\\/www.hotelplaza.hr\\\/hr\\\/recepcioner\\\/\"]}]},{\"@type\":\"ImageObject\",\"inLanguage\":\"hr\",\"@id\":\"https:\\\/\\\/www.hotelplaza.hr\\\/hr\\\/recepcioner\\\/#primaryimage\",\"url\":\"https:\\\/\\\/www.hotelplaza.hr\\\/wp-content\\\/uploads\\\/2021\\\/02\\\/hotel-plaza-karijera-1-1024x684.jpg\",\"contentUrl\":\"https:\\\/\\\/www.hotelplaza.hr\\\/wp-content\\\/uploads\\\/2021\\\/02\\\/hotel-plaza-karijera-1-1024x684.jpg\"},{\"@type\":\"BreadcrumbList\",\"@id\":\"https:\\\/\\\/www.hotelplaza.hr\\\/hr\\\/recepcioner\\\/#breadcrumb\",\"itemListElement\":[{\"@type\":\"ListItem\",\"position\":1,\"name\":\"Po\u010detna stranica\",\"item\":\"https:\\\/\\\/www.hotelplaza.hr\\\/hr\\\/\"},{\"@type\":\"ListItem\",\"position\":2,\"name\":\"RECEPCIONER\"}]},{\"@type\":\"WebSite\",\"@id\":\"https:\\\/\\\/www.hotelplaza.hr\\\/hr\\\/#website\",\"url\":\"https:\\\/\\\/www.hotelplaza.hr\\\/hr\\\/\",\"name\":\"Hotel Plaza\",\"description\":\"Hotel\",\"potentialAction\":[{\"@type\":\"SearchAction\",\"target\":{\"@type\":\"EntryPoint\",\"urlTemplate\":\"https:\\\/\\\/www.hotelplaza.hr\\\/hr\\\/?s={search_term_string}\"},\"query-input\":{\"@type\":\"PropertyValueSpecification\",\"valueRequired\":true,\"valueName\":\"search_term_string\"}}],\"inLanguage\":\"hr\"}]}<\/script>\n<!-- \/ Yoast SEO plugin. -->","yoast_head_json":{"title":"RECEPCIONER - Hotel Plaza","robots":{"index":"index","follow":"follow","max-snippet":"max-snippet:-1","max-image-preview":"max-image-preview:large","max-video-preview":"max-video-preview:-1"},"canonical":"https:\/\/www.hotelplaza.hr\/hr\/recepcioner\/","og_locale":"hr_HR","og_type":"article","og_title":"RECEPCIONER - Hotel Plaza","og_description":"EKSKLUZIVNI HOTELI SA 4 ZVJEZDICE RECEPCIONER (M\/\u017d) Komunikativni ste, ambiciozni i volite rad s ljudima? Nudimo vam ugodnu i dinami\u010dnu atmosferu, redovna primanja , timski rad i bogato radno iskustvo. Prijavite se na na\u0161 natje\u010daj za Recepcioner (m\/\u017e) i postanite dio na\u0161eg tima! Prijavu izvr\u0161ite putem online obrasca ili po\u0161aljite \u017eivotopis i molbu putem e-maila [&hellip;]","og_url":"https:\/\/www.hotelplaza.hr\/hr\/recepcioner\/","og_site_name":"Hotel Plaza","article_modified_time":"2023-12-13T17:42:24+00:00","og_image":[{"url":"https:\/\/www.hotelplaza.hr\/wp-content\/uploads\/2021\/02\/hotel-plaza-karijera-1-1024x684.jpg","type":"","width":"","height":""}],"twitter_card":"summary_large_image","twitter_misc":{"Procijenjeno vrijeme \u010ditanja":"3 minute"},"schema":{"@context":"https:\/\/schema.org","@graph":[{"@type":"WebPage","@id":"https:\/\/www.hotelplaza.hr\/hr\/recepcioner\/","url":"https:\/\/www.hotelplaza.hr\/hr\/recepcioner\/","name":"RECEPCIONER - Hotel Plaza","isPartOf":{"@id":"https:\/\/www.hotelplaza.hr\/hr\/#website"},"primaryImageOfPage":{"@id":"https:\/\/www.hotelplaza.hr\/hr\/recepcioner\/#primaryimage"},"image":{"@id":"https:\/\/www.hotelplaza.hr\/hr\/recepcioner\/#primaryimage"},"thumbnailUrl":"https:\/\/www.hotelplaza.hr\/wp-content\/uploads\/2021\/02\/hotel-plaza-karijera-1-1024x684.jpg","datePublished":"2022-01-06T10:30:17+00:00","dateModified":"2023-12-13T17:42:24+00:00","breadcrumb":{"@id":"https:\/\/www.hotelplaza.hr\/hr\/recepcioner\/#breadcrumb"},"inLanguage":"hr","potentialAction":[{"@type":"ReadAction","target":["https:\/\/www.hotelplaza.hr\/hr\/recepcioner\/"]}]},{"@type":"ImageObject","inLanguage":"hr","@id":"https:\/\/www.hotelplaza.hr\/hr\/recepcioner\/#primaryimage","url":"https:\/\/www.hotelplaza.hr\/wp-content\/uploads\/2021\/02\/hotel-plaza-karijera-1-1024x684.jpg","contentUrl":"https:\/\/www.hotelplaza.hr\/wp-content\/uploads\/2021\/02\/hotel-plaza-karijera-1-1024x684.jpg"},{"@type":"BreadcrumbList","@id":"https:\/\/www.hotelplaza.hr\/hr\/recepcioner\/#breadcrumb","itemListElement":[{"@type":"ListItem","position":1,"name":"Po\u010detna stranica","item":"https:\/\/www.hotelplaza.hr\/hr\/"},{"@type":"ListItem","position":2,"name":"RECEPCIONER"}]},{"@type":"WebSite","@id":"https:\/\/www.hotelplaza.hr\/hr\/#website","url":"https:\/\/www.hotelplaza.hr\/hr\/","name":"Hotel Plaza","description":"Hotel","potentialAction":[{"@type":"SearchAction","target":{"@type":"EntryPoint","urlTemplate":"https:\/\/www.hotelplaza.hr\/hr\/?s={search_term_string}"},"query-input":{"@type":"PropertyValueSpecification","valueRequired":true,"valueName":"search_term_string"}}],"inLanguage":"hr"}]}},"_links":{"self":[{"href":"https:\/\/www.hotelplaza.hr\/hr\/wp-json\/wp\/v2\/pages\/12721","targetHints":{"allow":["GET"]}}],"collection":[{"href":"https:\/\/www.hotelplaza.hr\/hr\/wp-json\/wp\/v2\/pages"}],"about":[{"href":"https:\/\/www.hotelplaza.hr\/hr\/wp-json\/wp\/v2\/types\/page"}],"author":[{"embeddable":true,"href":"https:\/\/www.hotelplaza.hr\/hr\/wp-json\/wp\/v2\/users\/1"}],"replies":[{"embeddable":true,"href":"https:\/\/www.hotelplaza.hr\/hr\/wp-json\/wp\/v2\/comments?post=12721"}],"version-history":[{"count":5,"href":"https:\/\/www.hotelplaza.hr\/hr\/wp-json\/wp\/v2\/pages\/12721\/revisions"}],"predecessor-version":[{"id":21644,"href":"https:\/\/www.hotelplaza.hr\/hr\/wp-json\/wp\/v2\/pages\/12721\/revisions\/21644"}],"wp:attachment":[{"href":"https:\/\/www.hotelplaza.hr\/hr\/wp-json\/wp\/v2\/media?parent=12721"}],"curies":[{"name":"wp","href":"https:\/\/api.w.org\/{rel}","templated":true}]}}