{"id":12832,"date":"2022-01-10T18:07:18","date_gmt":"2022-01-10T18:07:18","guid":{"rendered":"https:\/\/www.hotelplaza.hr\/?page_id=12832"},"modified":"2022-01-10T18:09:28","modified_gmt":"2022-01-10T18:09:28","slug":"odrzavanje-hotela-elektricar","status":"publish","type":"page","link":"https:\/\/www.hotelplaza.hr\/hr\/odrzavanje-hotela-elektricar\/","title":{"rendered":"Odr\u017eavanje hotela \/ elektri\u010dar"},"content":{"rendered":"\t\t<div data-elementor-type=\"wp-page\" data-elementor-id=\"12832\" class=\"elementor elementor-12832\" data-elementor-post-type=\"page\">\n\t\t\t\t\t\t<section class=\"elementor-section elementor-top-section elementor-element elementor-element-3292aef elementor-section-full_width elementor-section-height-min-height elementor-section-stretched elementor-hidden-phone elementor-section-height-default elementor-section-items-middle\" data-id=\"3292aef\" data-element_type=\"section\" data-e-type=\"section\" data-settings=\"{&quot;stretch_section&quot;:&quot;section-stretched&quot;,&quot;background_background&quot;:&quot;classic&quot;}\">\n\t\t\t\t\t\t<div class=\"elementor-container elementor-column-gap-default\">\n\t\t\t\t\t<div class=\"elementor-column elementor-col-100 elementor-top-column elementor-element elementor-element-bb02065\" data-id=\"bb02065\" data-element_type=\"column\" data-e-type=\"column\">\n\t\t\t<div class=\"elementor-widget-wrap\">\n\t\t\t\t\t\t\t<\/div>\n\t\t<\/div>\n\t\t\t\t\t<\/div>\n\t\t<\/section>\n\t\t\t\t<section class=\"elementor-section elementor-top-section elementor-element elementor-element-580c0cc5 elementor-section-full_width elementor-section-stretched elementor-hidden-desktop elementor-hidden-tablet elementor-section-height-default elementor-section-height-default\" data-id=\"580c0cc5\" data-element_type=\"section\" data-e-type=\"section\" data-settings=\"{&quot;stretch_section&quot;:&quot;section-stretched&quot;}\">\n\t\t\t\t\t\t<div class=\"elementor-container elementor-column-gap-no\">\n\t\t\t\t\t<div class=\"elementor-column elementor-col-100 elementor-top-column elementor-element elementor-element-2853b9f1\" data-id=\"2853b9f1\" data-element_type=\"column\" data-e-type=\"column\">\n\t\t\t<div class=\"elementor-widget-wrap elementor-element-populated\">\n\t\t\t\t\t\t<div class=\"elementor-element elementor-element-190aee7 elementor-widget elementor-widget-image\" data-id=\"190aee7\" data-element_type=\"widget\" data-e-type=\"widget\" data-widget_type=\"image.default\">\n\t\t\t\t\t\t\t\t\t\t\t\t\t\t\t<img fetchpriority=\"high\" decoding=\"async\" width=\"1024\" height=\"684\" src=\"https:\/\/www.hotelplaza.hr\/wp-content\/uploads\/2021\/02\/hotel-plaza-karijera-1-1024x684.jpg\" class=\"attachment-large size-large wp-image-1506\" alt=\"\" srcset=\"https:\/\/www.hotelplaza.hr\/wp-content\/uploads\/2021\/02\/hotel-plaza-karijera-1-1024x684.jpg 1024w, https:\/\/www.hotelplaza.hr\/wp-content\/uploads\/2021\/02\/hotel-plaza-karijera-1-300x200.jpg 300w, https:\/\/www.hotelplaza.hr\/wp-content\/uploads\/2021\/02\/hotel-plaza-karijera-1-768x513.jpg 768w, https:\/\/www.hotelplaza.hr\/wp-content\/uploads\/2021\/02\/hotel-plaza-karijera-1-1536x1026.jpg 1536w, https:\/\/www.hotelplaza.hr\/wp-content\/uploads\/2021\/02\/hotel-plaza-karijera-1.jpg 1920w\" sizes=\"(max-width: 1024px) 100vw, 1024px\" \/>\t\t\t\t\t\t\t\t\t\t\t\t\t\t\t<\/div>\n\t\t\t\t\t<\/div>\n\t\t<\/div>\n\t\t\t\t\t<\/div>\n\t\t<\/section>\n\t\t\t\t<section class=\"elementor-section elementor-top-section elementor-element elementor-element-5829d9de elementor-section-stretched elementor-section-boxed elementor-section-height-default elementor-section-height-default\" data-id=\"5829d9de\" data-element_type=\"section\" data-e-type=\"section\" data-settings=\"{&quot;background_background&quot;:&quot;classic&quot;,&quot;stretch_section&quot;:&quot;section-stretched&quot;}\">\n\t\t\t\t\t\t<div class=\"elementor-container elementor-column-gap-default\">\n\t\t\t\t\t<div class=\"elementor-column elementor-col-100 elementor-top-column elementor-element elementor-element-ba90f39\" data-id=\"ba90f39\" data-element_type=\"column\" data-e-type=\"column\">\n\t\t\t<div class=\"elementor-widget-wrap elementor-element-populated\">\n\t\t\t\t\t\t<div class=\"elementor-element elementor-element-1d9538f8 subtilines elementor-widget elementor-widget-text-editor\" data-id=\"1d9538f8\" data-element_type=\"widget\" data-e-type=\"widget\" data-widget_type=\"text-editor.default\">\n\t\t\t\t\t\t\t\t\t<p class=\"t1\">EKSKLUZIVNI HOTELI SA 4 ZVJEZDICE\n<\/p>\t\t\t\t\t\t\t\t<\/div>\n\t\t\t\t<div class=\"elementor-element elementor-element-331eb532 elementor-widget elementor-widget-heading\" data-id=\"331eb532\" data-element_type=\"widget\" data-e-type=\"widget\" data-widget_type=\"heading.default\">\n\t\t\t\t\t<h2 class=\"elementor-heading-title elementor-size-default\">ODR\u017dAVANJE HOTELA \/ ELEKTRI\u010cAR<\/h2>\t\t\t\t<\/div>\n\t\t\t\t<div class=\"elementor-element elementor-element-f7e659b elementor-widget elementor-widget-text-editor\" data-id=\"f7e659b\" data-element_type=\"widget\" data-e-type=\"widget\" data-widget_type=\"text-editor.default\">\n\t\t\t\t\t\t\t\t\t<div class=\"kc-elm kc-css-536234 kc_text_block kc-pc-loaded\"><p><strong>Broj tra\u017eenih radnika: 1<\/strong><\/p><p>\u00a0<\/p><p><strong>Mjesto rada:<\/strong> Du\u0107e<\/p><p>\u00a0<\/p><p><strong>Vrsta zaposlenja: <\/strong>na neodre\u0111eno, upra\u017enjeni poslovi<\/p><p>\u00a0<\/p><p><strong>Opis posla:<\/strong><\/p><p>provjera knjige kvarova<\/p><p>provjera stanja klora i ph u bazenskim postrojenjima<\/p><p>otklanjanje kvarova na instalacijama (voda, grijanje-hla\u0111enje)<\/p><p>popravci i intervencije u smje\u0161tajnom dijelu hotela- potrebne intervencije na ure\u0111ajima u kuhinji i restoranu, provjera i popravak elektri\u010dnih instalacija, samostalno pozivanje servisnih slu\u017eba za popravke, suradnja s ostalim hotelskim odjelima<\/p><p>Zimski poslovi: bojanje o\u0161te\u0107enih zidova<\/p><p>\u00a0<\/p><p><strong>Stimulativan dio pla\u0107e, pla\u0107a izme\u0111u<\/strong> 5000-7000kn<\/p><p>\u00a0<\/p><p><strong>Potrebno znanje i iskustvo:<\/strong><\/p><p>\u00a0<\/p><p><strong>Razina obrazovanja:<\/strong> SSS<\/p><p>Polo\u017een voza\u010dki ispit za B kategoriju<\/p><p><strong>\u00a0<\/strong><\/p><p><strong>Uvjeti rada:<\/strong><\/p><p>Rad na puno radno vrijeme<\/p><p>Rad u dnevnim smjenama<\/p><p>Rad vikendom i praznicima<\/p><p>Naknada za prijevoz u cijelosti<\/p><\/div>\t\t\t\t\t\t\t\t<\/div>\n\t\t\t\t<div class=\"elementor-element elementor-element-133f3c79 elementor-align-left elementor-widget elementor-widget-button\" data-id=\"133f3c79\" data-element_type=\"widget\" data-e-type=\"widget\" data-widget_type=\"button.default\">\n\t\t\t\t\t\t\t\t\t\t<a class=\"elementor-button elementor-button-link elementor-size-sm elementor-animation-hang\" href=\"https:\/\/www.hotelplaza.hr\/on-line-prijava\/\">\n\t\t\t\t\t\t<span class=\"elementor-button-content-wrapper\">\n\t\t\t\t\t\t\t\t\t<span class=\"elementor-button-text\">PRIJAVI SE<\/span>\n\t\t\t\t\t<\/span>\n\t\t\t\t\t<\/a>\n\t\t\t\t\t\t\t\t<\/div>\n\t\t\t\t\t<\/div>\n\t\t<\/div>\n\t\t\t\t\t<\/div>\n\t\t<\/section>\n\t\t\t\t<\/div>\n\t\t","protected":false},"excerpt":{"rendered":"<p>EKSKLUZIVNI HOTELI SA 4 ZVJEZDICE ODR\u017dAVANJE HOTELA \/ ELEKTRI\u010cAR Broj tra\u017eenih radnika: 1 \u00a0 Mjesto rada: Du\u0107e \u00a0 Vrsta zaposlenja: na neodre\u0111eno, upra\u017enjeni poslovi \u00a0 Opis posla: provjera knjige kvarova provjera stanja klora i ph u bazenskim postrojenjima otklanjanje kvarova na instalacijama (voda, grijanje-hla\u0111enje) popravci i intervencije u smje\u0161tajnom dijelu hotela- potrebne intervencije na ure\u0111ajima [&hellip;]<\/p>\n","protected":false},"author":1,"featured_media":0,"parent":0,"menu_order":0,"comment_status":"closed","ping_status":"closed","template":"","meta":{"rs_blank_template":"","rs_page_bg_color":"","slide_template_v7":"","site-sidebar-layout":"no-sidebar","site-content-layout":"content-boxed-container","ast-site-content-layout":"default","site-content-style":"default","site-sidebar-style":"default","ast-global-header-display":"","ast-banner-title-visibility":"","ast-main-header-display":"disabled","ast-hfb-above-header-display":"","ast-hfb-below-header-display":"","ast-hfb-mobile-header-display":"","site-post-title":"disabled","ast-breadcrumbs-content":"disabled","ast-featured-img":"disabled","footer-sml-layout":"disabled","ast-disable-related-posts":"","theme-transparent-header-meta":"enabled","adv-header-id-meta":"","stick-header-meta":"","header-above-stick-meta":"","header-main-stick-meta":"","header-below-stick-meta":"","astra-migrate-meta-layouts":"default","ast-page-background-enabled":"default","ast-page-background-meta":{"desktop":{"background-color":"","background-image":"","background-repeat":"repeat","background-position":"center center","background-size":"auto","background-attachment":"scroll","background-type":"","background-media":"","overlay-type":"","overlay-color":"","overlay-opacity":"","overlay-gradient":""},"tablet":{"background-color":"","background-image":"","background-repeat":"repeat","background-position":"center center","background-size":"auto","background-attachment":"scroll","background-type":"","background-media":"","overlay-type":"","overlay-color":"","overlay-opacity":"","overlay-gradient":""},"mobile":{"background-color":"","background-image":"","background-repeat":"repeat","background-position":"center center","background-size":"auto","background-attachment":"scroll","background-type":"","background-media":"","overlay-type":"","overlay-color":"","overlay-opacity":"","overlay-gradient":""}},"ast-content-background-meta":{"desktop":{"background-color":"var(--ast-global-color-5)","background-image":"","background-repeat":"repeat","background-position":"center center","background-size":"auto","background-attachment":"scroll","background-type":"","background-media":"","overlay-type":"","overlay-color":"","overlay-opacity":"","overlay-gradient":""},"tablet":{"background-color":"var(--ast-global-color-5)","background-image":"","background-repeat":"repeat","background-position":"center center","background-size":"auto","background-attachment":"scroll","background-type":"","background-media":"","overlay-type":"","overlay-color":"","overlay-opacity":"","overlay-gradient":""},"mobile":{"background-color":"var(--ast-global-color-5)","background-image":"","background-repeat":"repeat","background-position":"center center","background-size":"auto","background-attachment":"scroll","background-type":"","background-media":"","overlay-type":"","overlay-color":"","overlay-opacity":"","overlay-gradient":""}},"footnotes":""},"class_list":["post-12832","page","type-page","status-publish","hentry"],"yoast_head":"<!-- This site is optimized with the Yoast SEO plugin v27.4 - https:\/\/yoast.com\/product\/yoast-seo-wordpress\/ -->\n<title>Odr\u017eavanje hotela \/ elektri\u010dar - Hotel Plaza<\/title>\n<meta name=\"robots\" content=\"index, follow, max-snippet:-1, max-image-preview:large, max-video-preview:-1\" \/>\n<link rel=\"canonical\" href=\"https:\/\/www.hotelplaza.hr\/hr\/odrzavanje-hotela-elektricar\/\" \/>\n<meta property=\"og:locale\" content=\"hr_HR\" \/>\n<meta property=\"og:type\" content=\"article\" \/>\n<meta property=\"og:title\" content=\"Odr\u017eavanje hotela \/ elektri\u010dar - Hotel Plaza\" \/>\n<meta property=\"og:description\" content=\"EKSKLUZIVNI HOTELI SA 4 ZVJEZDICE ODR\u017dAVANJE HOTELA \/ ELEKTRI\u010cAR Broj tra\u017eenih radnika: 1 \u00a0 Mjesto rada: Du\u0107e \u00a0 Vrsta zaposlenja: na neodre\u0111eno, upra\u017enjeni poslovi \u00a0 Opis posla: provjera knjige kvarova provjera stanja klora i ph u bazenskim postrojenjima otklanjanje kvarova na instalacijama (voda, grijanje-hla\u0111enje) popravci i intervencije u smje\u0161tajnom dijelu hotela- potrebne intervencije na ure\u0111ajima [&hellip;]\" \/>\n<meta property=\"og:url\" content=\"https:\/\/www.hotelplaza.hr\/hr\/odrzavanje-hotela-elektricar\/\" \/>\n<meta property=\"og:site_name\" content=\"Hotel Plaza\" \/>\n<meta property=\"article:modified_time\" content=\"2022-01-10T18:09:28+00:00\" \/>\n<meta property=\"og:image\" content=\"https:\/\/www.hotelplaza.hr\/wp-content\/uploads\/2021\/02\/hotel-plaza-karijera-1-1024x684.jpg\" \/>\n<meta name=\"twitter:card\" content=\"summary_large_image\" \/>\n<meta name=\"twitter:label1\" content=\"Procijenjeno vrijeme \u010ditanja\" \/>\n\t<meta name=\"twitter:data1\" content=\"1 minuta\" \/>\n<script type=\"application\/ld+json\" class=\"yoast-schema-graph\">{\"@context\":\"https:\\\/\\\/schema.org\",\"@graph\":[{\"@type\":\"WebPage\",\"@id\":\"https:\\\/\\\/www.hotelplaza.hr\\\/hr\\\/odrzavanje-hotela-elektricar\\\/\",\"url\":\"https:\\\/\\\/www.hotelplaza.hr\\\/hr\\\/odrzavanje-hotela-elektricar\\\/\",\"name\":\"Odr\u017eavanje hotela \\\/ elektri\u010dar - Hotel Plaza\",\"isPartOf\":{\"@id\":\"https:\\\/\\\/www.hotelplaza.hr\\\/hr\\\/#website\"},\"primaryImageOfPage\":{\"@id\":\"https:\\\/\\\/www.hotelplaza.hr\\\/hr\\\/odrzavanje-hotela-elektricar\\\/#primaryimage\"},\"image\":{\"@id\":\"https:\\\/\\\/www.hotelplaza.hr\\\/hr\\\/odrzavanje-hotela-elektricar\\\/#primaryimage\"},\"thumbnailUrl\":\"https:\\\/\\\/www.hotelplaza.hr\\\/wp-content\\\/uploads\\\/2021\\\/02\\\/hotel-plaza-karijera-1-1024x684.jpg\",\"datePublished\":\"2022-01-10T18:07:18+00:00\",\"dateModified\":\"2022-01-10T18:09:28+00:00\",\"breadcrumb\":{\"@id\":\"https:\\\/\\\/www.hotelplaza.hr\\\/hr\\\/odrzavanje-hotela-elektricar\\\/#breadcrumb\"},\"inLanguage\":\"hr\",\"potentialAction\":[{\"@type\":\"ReadAction\",\"target\":[\"https:\\\/\\\/www.hotelplaza.hr\\\/hr\\\/odrzavanje-hotela-elektricar\\\/\"]}]},{\"@type\":\"ImageObject\",\"inLanguage\":\"hr\",\"@id\":\"https:\\\/\\\/www.hotelplaza.hr\\\/hr\\\/odrzavanje-hotela-elektricar\\\/#primaryimage\",\"url\":\"https:\\\/\\\/www.hotelplaza.hr\\\/wp-content\\\/uploads\\\/2021\\\/02\\\/hotel-plaza-karijera-1-1024x684.jpg\",\"contentUrl\":\"https:\\\/\\\/www.hotelplaza.hr\\\/wp-content\\\/uploads\\\/2021\\\/02\\\/hotel-plaza-karijera-1-1024x684.jpg\"},{\"@type\":\"BreadcrumbList\",\"@id\":\"https:\\\/\\\/www.hotelplaza.hr\\\/hr\\\/odrzavanje-hotela-elektricar\\\/#breadcrumb\",\"itemListElement\":[{\"@type\":\"ListItem\",\"position\":1,\"name\":\"Po\u010detna stranica\",\"item\":\"https:\\\/\\\/www.hotelplaza.hr\\\/hr\\\/\"},{\"@type\":\"ListItem\",\"position\":2,\"name\":\"Odr\u017eavanje hotela \\\/ elektri\u010dar\"}]},{\"@type\":\"WebSite\",\"@id\":\"https:\\\/\\\/www.hotelplaza.hr\\\/hr\\\/#website\",\"url\":\"https:\\\/\\\/www.hotelplaza.hr\\\/hr\\\/\",\"name\":\"Hotel Plaza\",\"description\":\"Hotel\",\"potentialAction\":[{\"@type\":\"SearchAction\",\"target\":{\"@type\":\"EntryPoint\",\"urlTemplate\":\"https:\\\/\\\/www.hotelplaza.hr\\\/hr\\\/?s={search_term_string}\"},\"query-input\":{\"@type\":\"PropertyValueSpecification\",\"valueRequired\":true,\"valueName\":\"search_term_string\"}}],\"inLanguage\":\"hr\"}]}<\/script>\n<!-- \/ Yoast SEO plugin. -->","yoast_head_json":{"title":"Odr\u017eavanje hotela \/ elektri\u010dar - Hotel Plaza","robots":{"index":"index","follow":"follow","max-snippet":"max-snippet:-1","max-image-preview":"max-image-preview:large","max-video-preview":"max-video-preview:-1"},"canonical":"https:\/\/www.hotelplaza.hr\/hr\/odrzavanje-hotela-elektricar\/","og_locale":"hr_HR","og_type":"article","og_title":"Odr\u017eavanje hotela \/ elektri\u010dar - Hotel Plaza","og_description":"EKSKLUZIVNI HOTELI SA 4 ZVJEZDICE ODR\u017dAVANJE HOTELA \/ ELEKTRI\u010cAR Broj tra\u017eenih radnika: 1 \u00a0 Mjesto rada: Du\u0107e \u00a0 Vrsta zaposlenja: na neodre\u0111eno, upra\u017enjeni poslovi \u00a0 Opis posla: provjera knjige kvarova provjera stanja klora i ph u bazenskim postrojenjima otklanjanje kvarova na instalacijama (voda, grijanje-hla\u0111enje) popravci i intervencije u smje\u0161tajnom dijelu hotela- potrebne intervencije na ure\u0111ajima [&hellip;]","og_url":"https:\/\/www.hotelplaza.hr\/hr\/odrzavanje-hotela-elektricar\/","og_site_name":"Hotel Plaza","article_modified_time":"2022-01-10T18:09:28+00:00","og_image":[{"url":"https:\/\/www.hotelplaza.hr\/wp-content\/uploads\/2021\/02\/hotel-plaza-karijera-1-1024x684.jpg","type":"","width":"","height":""}],"twitter_card":"summary_large_image","twitter_misc":{"Procijenjeno vrijeme \u010ditanja":"1 minuta"},"schema":{"@context":"https:\/\/schema.org","@graph":[{"@type":"WebPage","@id":"https:\/\/www.hotelplaza.hr\/hr\/odrzavanje-hotela-elektricar\/","url":"https:\/\/www.hotelplaza.hr\/hr\/odrzavanje-hotela-elektricar\/","name":"Odr\u017eavanje hotela \/ elektri\u010dar - Hotel Plaza","isPartOf":{"@id":"https:\/\/www.hotelplaza.hr\/hr\/#website"},"primaryImageOfPage":{"@id":"https:\/\/www.hotelplaza.hr\/hr\/odrzavanje-hotela-elektricar\/#primaryimage"},"image":{"@id":"https:\/\/www.hotelplaza.hr\/hr\/odrzavanje-hotela-elektricar\/#primaryimage"},"thumbnailUrl":"https:\/\/www.hotelplaza.hr\/wp-content\/uploads\/2021\/02\/hotel-plaza-karijera-1-1024x684.jpg","datePublished":"2022-01-10T18:07:18+00:00","dateModified":"2022-01-10T18:09:28+00:00","breadcrumb":{"@id":"https:\/\/www.hotelplaza.hr\/hr\/odrzavanje-hotela-elektricar\/#breadcrumb"},"inLanguage":"hr","potentialAction":[{"@type":"ReadAction","target":["https:\/\/www.hotelplaza.hr\/hr\/odrzavanje-hotela-elektricar\/"]}]},{"@type":"ImageObject","inLanguage":"hr","@id":"https:\/\/www.hotelplaza.hr\/hr\/odrzavanje-hotela-elektricar\/#primaryimage","url":"https:\/\/www.hotelplaza.hr\/wp-content\/uploads\/2021\/02\/hotel-plaza-karijera-1-1024x684.jpg","contentUrl":"https:\/\/www.hotelplaza.hr\/wp-content\/uploads\/2021\/02\/hotel-plaza-karijera-1-1024x684.jpg"},{"@type":"BreadcrumbList","@id":"https:\/\/www.hotelplaza.hr\/hr\/odrzavanje-hotela-elektricar\/#breadcrumb","itemListElement":[{"@type":"ListItem","position":1,"name":"Po\u010detna stranica","item":"https:\/\/www.hotelplaza.hr\/hr\/"},{"@type":"ListItem","position":2,"name":"Odr\u017eavanje hotela \/ elektri\u010dar"}]},{"@type":"WebSite","@id":"https:\/\/www.hotelplaza.hr\/hr\/#website","url":"https:\/\/www.hotelplaza.hr\/hr\/","name":"Hotel Plaza","description":"Hotel","potentialAction":[{"@type":"SearchAction","target":{"@type":"EntryPoint","urlTemplate":"https:\/\/www.hotelplaza.hr\/hr\/?s={search_term_string}"},"query-input":{"@type":"PropertyValueSpecification","valueRequired":true,"valueName":"search_term_string"}}],"inLanguage":"hr"}]}},"_links":{"self":[{"href":"https:\/\/www.hotelplaza.hr\/hr\/wp-json\/wp\/v2\/pages\/12832","targetHints":{"allow":["GET"]}}],"collection":[{"href":"https:\/\/www.hotelplaza.hr\/hr\/wp-json\/wp\/v2\/pages"}],"about":[{"href":"https:\/\/www.hotelplaza.hr\/hr\/wp-json\/wp\/v2\/types\/page"}],"author":[{"embeddable":true,"href":"https:\/\/www.hotelplaza.hr\/hr\/wp-json\/wp\/v2\/users\/1"}],"replies":[{"embeddable":true,"href":"https:\/\/www.hotelplaza.hr\/hr\/wp-json\/wp\/v2\/comments?post=12832"}],"version-history":[{"count":4,"href":"https:\/\/www.hotelplaza.hr\/hr\/wp-json\/wp\/v2\/pages\/12832\/revisions"}],"predecessor-version":[{"id":12837,"href":"https:\/\/www.hotelplaza.hr\/hr\/wp-json\/wp\/v2\/pages\/12832\/revisions\/12837"}],"wp:attachment":[{"href":"https:\/\/www.hotelplaza.hr\/hr\/wp-json\/wp\/v2\/media?parent=12832"}],"curies":[{"name":"wp","href":"https:\/\/api.w.org\/{rel}","templated":true}]}}