{"id":1456,"date":"2021-02-13T15:50:31","date_gmt":"2021-02-13T15:50:31","guid":{"rendered":"https:\/\/www.hotelplaza.hr\/?page_id=1456"},"modified":"2021-03-14T13:16:03","modified_gmt":"2021-03-14T13:16:03","slug":"kako-do-nas","status":"publish","type":"page","link":"https:\/\/www.hotelplaza.hr\/hr\/kako-do-nas\/","title":{"rendered":"Kako do nas?"},"content":{"rendered":"\t\t<div data-elementor-type=\"wp-page\" data-elementor-id=\"1456\" class=\"elementor elementor-1456\" data-elementor-post-type=\"page\">\n\t\t\t\t\t\t<section class=\"elementor-section elementor-top-section elementor-element elementor-element-733928e elementor-section-full_width elementor-section-height-min-height elementor-section-stretched elementor-section-height-default elementor-section-items-middle\" data-id=\"733928e\" data-element_type=\"section\" data-e-type=\"section\" data-settings=\"{&quot;stretch_section&quot;:&quot;section-stretched&quot;,&quot;background_background&quot;:&quot;classic&quot;}\">\n\t\t\t\t\t\t<div class=\"elementor-container elementor-column-gap-default\">\n\t\t\t\t\t<div class=\"elementor-column elementor-col-100 elementor-top-column elementor-element elementor-element-dc81996\" data-id=\"dc81996\" data-element_type=\"column\" data-e-type=\"column\">\n\t\t\t<div class=\"elementor-widget-wrap\">\n\t\t\t\t\t\t\t<\/div>\n\t\t<\/div>\n\t\t\t\t\t<\/div>\n\t\t<\/section>\n\t\t\t\t<section class=\"elementor-section elementor-top-section elementor-element elementor-element-271d97e elementor-section-stretched elementor-section-boxed elementor-section-height-default elementor-section-height-default\" data-id=\"271d97e\" data-element_type=\"section\" data-e-type=\"section\" data-settings=\"{&quot;background_background&quot;:&quot;classic&quot;,&quot;stretch_section&quot;:&quot;section-stretched&quot;}\">\n\t\t\t\t\t\t<div class=\"elementor-container elementor-column-gap-default\">\n\t\t\t\t\t<div class=\"elementor-column elementor-col-100 elementor-top-column elementor-element elementor-element-8fa0d94\" data-id=\"8fa0d94\" data-element_type=\"column\" data-e-type=\"column\">\n\t\t\t<div class=\"elementor-widget-wrap elementor-element-populated\">\n\t\t\t\t\t\t<div class=\"elementor-element elementor-element-c6e08ad subtilines elementor-widget elementor-widget-text-editor\" data-id=\"c6e08ad\" data-element_type=\"widget\" data-e-type=\"widget\" data-widget_type=\"text-editor.default\">\n\t\t\t\t\t\t\t\t\t<p class=\"t1\">EKSKLUZIVNI HOTELI SA 4 ZVJEZDICE\n<\/p>\t\t\t\t\t\t\t\t<\/div>\n\t\t\t\t<div class=\"elementor-element elementor-element-de38332 elementor-widget elementor-widget-heading\" data-id=\"de38332\" data-element_type=\"widget\" data-e-type=\"widget\" data-widget_type=\"heading.default\">\n\t\t\t\t\t<h2 class=\"elementor-heading-title elementor-size-default\">Kako do nas?\n<\/h2>\t\t\t\t<\/div>\n\t\t\t\t<div class=\"elementor-element elementor-element-dc6e0d8 elementor-widget elementor-widget-text-editor\" data-id=\"dc6e0d8\" data-element_type=\"widget\" data-e-type=\"widget\" data-widget_type=\"text-editor.default\">\n\t\t\t\t\t\t\t\t\t<p>AUTOMOBILOM:<\/p><p>Iz smjera Rijeke i Zagreba \u2013\u202fautocestom A1\u202fdo izlaza\u202fDugopolje, u smjeru Split, dr\u017eavnom cestom D-8 ili na izlaz Blato na Cetini u smjeru Split \u2013\u202fOmi\u0161, dr\u017eavnom cestom D-70 (nije preporu\u010deno za kampere i druga ve\u0107a vozila)\u00a0 prema dr\u017eavnoj cesti D-8.<\/p><p>Iz smjera Dubrovnika \u2013\u202f\u202fautocestom A1 na izlaz \u0160estanovac, u smjeru Split \u2013\u202fOmi\u0161 dr\u017eavnom cestom D-39 prema dr\u017eavnoj cesti D-8.<\/p><p>Informacije za voza\u010de: \u202f<a href=\"https:\/\/www.hak.hr\/\" target=\"_blank\" rel=\"noopener noreferrer\">Hrvatski autoklub<\/a><\/p><p>BRODOM:<\/p><p>Na internetskoj stranici\u202f<a href=\"http:\/\/www.jadrolinija.hr\" target=\"_blank\" rel=\"noopener\">www.jadrolinija.hr<\/a>\u202fpotra\u017eite informacije o trajektnim linijama prema najbli\u017eoj trajektnoj luci Split.<\/p><p>ZRAKOPLOVOM:<\/p><p>Do najbli\u017ee\u202fzra\u010dne luke Split, a zatim transferom ili autobusom do Omi\u0161a ili Du\u0107a.<\/p><p>Vi\u0161e informacija o transferu prona\u0111ite\u00a0<a href=\"https:\/\/www.hotelplaza.hr\/transferi\/\">ovdje<\/a>.<\/p><p>AUTOBUSOM:<\/p><p>Redovnim autobusnim linijama iz Rijeke, Zagreba i Dubrovnika.<\/p>\t\t\t\t\t\t\t\t<\/div>\n\t\t\t\t\t<\/div>\n\t\t<\/div>\n\t\t\t\t\t<\/div>\n\t\t<\/section>\n\t\t\t\t<section class=\"elementor-section elementor-top-section elementor-element elementor-element-a8c68d0 elementor-section-boxed elementor-section-height-default elementor-section-height-default\" data-id=\"a8c68d0\" data-element_type=\"section\" data-e-type=\"section\">\n\t\t\t\t\t\t<div class=\"elementor-container elementor-column-gap-default\">\n\t\t\t\t\t<div class=\"elementor-column elementor-col-100 elementor-top-column elementor-element elementor-element-f94f14e\" data-id=\"f94f14e\" data-element_type=\"column\" data-e-type=\"column\">\n\t\t\t<div class=\"elementor-widget-wrap elementor-element-populated\">\n\t\t\t\t\t\t<div class=\"elementor-element elementor-element-ca28d84 elementor-widget elementor-widget-image\" data-id=\"ca28d84\" data-element_type=\"widget\" data-e-type=\"widget\" data-widget_type=\"image.default\">\n\t\t\t\t\t\t\t\t\t\t\t\t\t\t\t<img fetchpriority=\"high\" decoding=\"async\" width=\"1024\" height=\"486\" src=\"https:\/\/www.hotelplaza.hr\/wp-content\/uploads\/2021\/02\/Karta1-1024x486.png\" class=\"attachment-large size-large wp-image-2742\" alt=\"\" srcset=\"https:\/\/www.hotelplaza.hr\/wp-content\/uploads\/2021\/02\/Karta1-1024x486.png 1024w, https:\/\/www.hotelplaza.hr\/wp-content\/uploads\/2021\/02\/Karta1-300x142.png 300w, https:\/\/www.hotelplaza.hr\/wp-content\/uploads\/2021\/02\/Karta1-768x364.png 768w, https:\/\/www.hotelplaza.hr\/wp-content\/uploads\/2021\/02\/Karta1.png 1385w\" sizes=\"(max-width: 1024px) 100vw, 1024px\" \/>\t\t\t\t\t\t\t\t\t\t\t\t\t\t\t<\/div>\n\t\t\t\t\t<\/div>\n\t\t<\/div>\n\t\t\t\t\t<\/div>\n\t\t<\/section>\n\t\t\t\t<section class=\"elementor-section elementor-top-section elementor-element elementor-element-80a3ecd elementor-section-boxed elementor-section-height-default elementor-section-height-default\" data-id=\"80a3ecd\" data-element_type=\"section\" data-e-type=\"section\">\n\t\t\t\t\t\t<div class=\"elementor-container elementor-column-gap-default\">\n\t\t\t\t\t<div class=\"elementor-column elementor-col-100 elementor-top-column elementor-element elementor-element-982ea09\" data-id=\"982ea09\" data-element_type=\"column\" data-e-type=\"column\">\n\t\t\t<div class=\"elementor-widget-wrap elementor-element-populated\">\n\t\t\t\t\t\t<div class=\"elementor-element elementor-element-72adc84 elementor-widget elementor-widget-image\" data-id=\"72adc84\" data-element_type=\"widget\" data-e-type=\"widget\" data-widget_type=\"image.default\">\n\t\t\t\t\t\t\t\t\t\t\t\t\t\t\t<img decoding=\"async\" width=\"1024\" height=\"502\" src=\"https:\/\/www.hotelplaza.hr\/wp-content\/uploads\/2021\/02\/Karta3-1024x502.png\" class=\"attachment-large size-large wp-image-2746\" alt=\"\" srcset=\"https:\/\/www.hotelplaza.hr\/wp-content\/uploads\/2021\/02\/Karta3-1024x502.png 1024w, https:\/\/www.hotelplaza.hr\/wp-content\/uploads\/2021\/02\/Karta3-300x147.png 300w, https:\/\/www.hotelplaza.hr\/wp-content\/uploads\/2021\/02\/Karta3-768x377.png 768w, https:\/\/www.hotelplaza.hr\/wp-content\/uploads\/2021\/02\/Karta3.png 1385w\" sizes=\"(max-width: 1024px) 100vw, 1024px\" \/>\t\t\t\t\t\t\t\t\t\t\t\t\t\t\t<\/div>\n\t\t\t\t\t<\/div>\n\t\t<\/div>\n\t\t\t\t\t<\/div>\n\t\t<\/section>\n\t\t\t\t<\/div>\n\t\t","protected":false},"excerpt":{"rendered":"<p>EKSKLUZIVNI HOTELI SA 4 ZVJEZDICE Kako do nas? AUTOMOBILOM: Iz smjera Rijeke i Zagreba \u2013\u202fautocestom A1\u202fdo izlaza\u202fDugopolje, u smjeru Split, dr\u017eavnom cestom D-8 ili na izlaz Blato na Cetini u smjeru Split \u2013\u202fOmi\u0161, dr\u017eavnom cestom D-70 (nije preporu\u010deno za kampere i druga ve\u0107a vozila)\u00a0 prema dr\u017eavnoj cesti D-8. Iz smjera Dubrovnika \u2013\u202f\u202fautocestom A1 na izlaz [&hellip;]<\/p>\n","protected":false},"author":1,"featured_media":0,"parent":0,"menu_order":0,"comment_status":"closed","ping_status":"closed","template":"","meta":{"rs_blank_template":"","rs_page_bg_color":"","slide_template_v7":"","site-sidebar-layout":"no-sidebar","site-content-layout":"content-boxed-container","ast-site-content-layout":"default","site-content-style":"default","site-sidebar-style":"default","ast-global-header-display":"","ast-banner-title-visibility":"","ast-main-header-display":"disabled","ast-hfb-above-header-display":"","ast-hfb-below-header-display":"","ast-hfb-mobile-header-display":"","site-post-title":"disabled","ast-breadcrumbs-content":"disabled","ast-featured-img":"disabled","footer-sml-layout":"disabled","ast-disable-related-posts":"","theme-transparent-header-meta":"enabled","adv-header-id-meta":"","stick-header-meta":"","header-above-stick-meta":"","header-main-stick-meta":"","header-below-stick-meta":"","astra-migrate-meta-layouts":"default","ast-page-background-enabled":"default","ast-page-background-meta":{"desktop":{"background-color":"","background-image":"","background-repeat":"repeat","background-position":"center center","background-size":"auto","background-attachment":"scroll","background-type":"","background-media":"","overlay-type":"","overlay-color":"","overlay-opacity":"","overlay-gradient":""},"tablet":{"background-color":"","background-image":"","background-repeat":"repeat","background-position":"center center","background-size":"auto","background-attachment":"scroll","background-type":"","background-media":"","overlay-type":"","overlay-color":"","overlay-opacity":"","overlay-gradient":""},"mobile":{"background-color":"","background-image":"","background-repeat":"repeat","background-position":"center center","background-size":"auto","background-attachment":"scroll","background-type":"","background-media":"","overlay-type":"","overlay-color":"","overlay-opacity":"","overlay-gradient":""}},"ast-content-background-meta":{"desktop":{"background-color":"var(--ast-global-color-5)","background-image":"","background-repeat":"repeat","background-position":"center center","background-size":"auto","background-attachment":"scroll","background-type":"","background-media":"","overlay-type":"","overlay-color":"","overlay-opacity":"","overlay-gradient":""},"tablet":{"background-color":"var(--ast-global-color-5)","background-image":"","background-repeat":"repeat","background-position":"center center","background-size":"auto","background-attachment":"scroll","background-type":"","background-media":"","overlay-type":"","overlay-color":"","overlay-opacity":"","overlay-gradient":""},"mobile":{"background-color":"var(--ast-global-color-5)","background-image":"","background-repeat":"repeat","background-position":"center center","background-size":"auto","background-attachment":"scroll","background-type":"","background-media":"","overlay-type":"","overlay-color":"","overlay-opacity":"","overlay-gradient":""}},"footnotes":""},"class_list":["post-1456","page","type-page","status-publish","hentry"],"yoast_head":"<!-- This site is optimized with the Yoast SEO plugin v27.4 - https:\/\/yoast.com\/product\/yoast-seo-wordpress\/ -->\n<title>Kako do nas? - Hotel Plaza<\/title>\n<meta name=\"robots\" content=\"index, follow, max-snippet:-1, max-image-preview:large, max-video-preview:-1\" \/>\n<link rel=\"canonical\" href=\"https:\/\/www.hotelplaza.hr\/hr\/kako-do-nas\/\" \/>\n<meta property=\"og:locale\" content=\"hr_HR\" \/>\n<meta property=\"og:type\" content=\"article\" \/>\n<meta property=\"og:title\" content=\"Kako do nas? - Hotel Plaza\" \/>\n<meta property=\"og:description\" content=\"EKSKLUZIVNI HOTELI SA 4 ZVJEZDICE Kako do nas? AUTOMOBILOM: Iz smjera Rijeke i Zagreba \u2013\u202fautocestom A1\u202fdo izlaza\u202fDugopolje, u smjeru Split, dr\u017eavnom cestom D-8 ili na izlaz Blato na Cetini u smjeru Split \u2013\u202fOmi\u0161, dr\u017eavnom cestom D-70 (nije preporu\u010deno za kampere i druga ve\u0107a vozila)\u00a0 prema dr\u017eavnoj cesti D-8. Iz smjera Dubrovnika \u2013\u202f\u202fautocestom A1 na izlaz [&hellip;]\" \/>\n<meta property=\"og:url\" content=\"https:\/\/www.hotelplaza.hr\/hr\/kako-do-nas\/\" \/>\n<meta property=\"og:site_name\" content=\"Hotel Plaza\" \/>\n<meta property=\"article:modified_time\" content=\"2021-03-14T13:16:03+00:00\" \/>\n<meta property=\"og:image\" content=\"https:\/\/www.hotelplaza.hr\/wp-content\/uploads\/2021\/02\/Karta1-1024x486.png\" \/>\n<meta name=\"twitter:card\" content=\"summary_large_image\" \/>\n<meta name=\"twitter:label1\" content=\"Procijenjeno vrijeme \u010ditanja\" \/>\n\t<meta name=\"twitter:data1\" content=\"1 minuta\" \/>\n<script type=\"application\/ld+json\" class=\"yoast-schema-graph\">{\"@context\":\"https:\\\/\\\/schema.org\",\"@graph\":[{\"@type\":\"WebPage\",\"@id\":\"https:\\\/\\\/www.hotelplaza.hr\\\/hr\\\/kako-do-nas\\\/\",\"url\":\"https:\\\/\\\/www.hotelplaza.hr\\\/hr\\\/kako-do-nas\\\/\",\"name\":\"Kako do nas? - Hotel Plaza\",\"isPartOf\":{\"@id\":\"https:\\\/\\\/www.hotelplaza.hr\\\/hr\\\/#website\"},\"primaryImageOfPage\":{\"@id\":\"https:\\\/\\\/www.hotelplaza.hr\\\/hr\\\/kako-do-nas\\\/#primaryimage\"},\"image\":{\"@id\":\"https:\\\/\\\/www.hotelplaza.hr\\\/hr\\\/kako-do-nas\\\/#primaryimage\"},\"thumbnailUrl\":\"https:\\\/\\\/www.hotelplaza.hr\\\/wp-content\\\/uploads\\\/2021\\\/02\\\/Karta1-1024x486.png\",\"datePublished\":\"2021-02-13T15:50:31+00:00\",\"dateModified\":\"2021-03-14T13:16:03+00:00\",\"breadcrumb\":{\"@id\":\"https:\\\/\\\/www.hotelplaza.hr\\\/hr\\\/kako-do-nas\\\/#breadcrumb\"},\"inLanguage\":\"hr\",\"potentialAction\":[{\"@type\":\"ReadAction\",\"target\":[\"https:\\\/\\\/www.hotelplaza.hr\\\/hr\\\/kako-do-nas\\\/\"]}]},{\"@type\":\"ImageObject\",\"inLanguage\":\"hr\",\"@id\":\"https:\\\/\\\/www.hotelplaza.hr\\\/hr\\\/kako-do-nas\\\/#primaryimage\",\"url\":\"https:\\\/\\\/www.hotelplaza.hr\\\/wp-content\\\/uploads\\\/2021\\\/02\\\/Karta1-1024x486.png\",\"contentUrl\":\"https:\\\/\\\/www.hotelplaza.hr\\\/wp-content\\\/uploads\\\/2021\\\/02\\\/Karta1-1024x486.png\"},{\"@type\":\"BreadcrumbList\",\"@id\":\"https:\\\/\\\/www.hotelplaza.hr\\\/hr\\\/kako-do-nas\\\/#breadcrumb\",\"itemListElement\":[{\"@type\":\"ListItem\",\"position\":1,\"name\":\"Po\u010detna stranica\",\"item\":\"https:\\\/\\\/www.hotelplaza.hr\\\/hr\\\/\"},{\"@type\":\"ListItem\",\"position\":2,\"name\":\"Kako do nas?\"}]},{\"@type\":\"WebSite\",\"@id\":\"https:\\\/\\\/www.hotelplaza.hr\\\/hr\\\/#website\",\"url\":\"https:\\\/\\\/www.hotelplaza.hr\\\/hr\\\/\",\"name\":\"Hotel Plaza\",\"description\":\"Hotel\",\"potentialAction\":[{\"@type\":\"SearchAction\",\"target\":{\"@type\":\"EntryPoint\",\"urlTemplate\":\"https:\\\/\\\/www.hotelplaza.hr\\\/hr\\\/?s={search_term_string}\"},\"query-input\":{\"@type\":\"PropertyValueSpecification\",\"valueRequired\":true,\"valueName\":\"search_term_string\"}}],\"inLanguage\":\"hr\"}]}<\/script>\n<!-- \/ Yoast SEO plugin. -->","yoast_head_json":{"title":"Kako do nas? - Hotel Plaza","robots":{"index":"index","follow":"follow","max-snippet":"max-snippet:-1","max-image-preview":"max-image-preview:large","max-video-preview":"max-video-preview:-1"},"canonical":"https:\/\/www.hotelplaza.hr\/hr\/kako-do-nas\/","og_locale":"hr_HR","og_type":"article","og_title":"Kako do nas? - Hotel Plaza","og_description":"EKSKLUZIVNI HOTELI SA 4 ZVJEZDICE Kako do nas? AUTOMOBILOM: Iz smjera Rijeke i Zagreba \u2013\u202fautocestom A1\u202fdo izlaza\u202fDugopolje, u smjeru Split, dr\u017eavnom cestom D-8 ili na izlaz Blato na Cetini u smjeru Split \u2013\u202fOmi\u0161, dr\u017eavnom cestom D-70 (nije preporu\u010deno za kampere i druga ve\u0107a vozila)\u00a0 prema dr\u017eavnoj cesti D-8. Iz smjera Dubrovnika \u2013\u202f\u202fautocestom A1 na izlaz [&hellip;]","og_url":"https:\/\/www.hotelplaza.hr\/hr\/kako-do-nas\/","og_site_name":"Hotel Plaza","article_modified_time":"2021-03-14T13:16:03+00:00","og_image":[{"url":"https:\/\/www.hotelplaza.hr\/wp-content\/uploads\/2021\/02\/Karta1-1024x486.png","type":"","width":"","height":""}],"twitter_card":"summary_large_image","twitter_misc":{"Procijenjeno vrijeme \u010ditanja":"1 minuta"},"schema":{"@context":"https:\/\/schema.org","@graph":[{"@type":"WebPage","@id":"https:\/\/www.hotelplaza.hr\/hr\/kako-do-nas\/","url":"https:\/\/www.hotelplaza.hr\/hr\/kako-do-nas\/","name":"Kako do nas? - Hotel Plaza","isPartOf":{"@id":"https:\/\/www.hotelplaza.hr\/hr\/#website"},"primaryImageOfPage":{"@id":"https:\/\/www.hotelplaza.hr\/hr\/kako-do-nas\/#primaryimage"},"image":{"@id":"https:\/\/www.hotelplaza.hr\/hr\/kako-do-nas\/#primaryimage"},"thumbnailUrl":"https:\/\/www.hotelplaza.hr\/wp-content\/uploads\/2021\/02\/Karta1-1024x486.png","datePublished":"2021-02-13T15:50:31+00:00","dateModified":"2021-03-14T13:16:03+00:00","breadcrumb":{"@id":"https:\/\/www.hotelplaza.hr\/hr\/kako-do-nas\/#breadcrumb"},"inLanguage":"hr","potentialAction":[{"@type":"ReadAction","target":["https:\/\/www.hotelplaza.hr\/hr\/kako-do-nas\/"]}]},{"@type":"ImageObject","inLanguage":"hr","@id":"https:\/\/www.hotelplaza.hr\/hr\/kako-do-nas\/#primaryimage","url":"https:\/\/www.hotelplaza.hr\/wp-content\/uploads\/2021\/02\/Karta1-1024x486.png","contentUrl":"https:\/\/www.hotelplaza.hr\/wp-content\/uploads\/2021\/02\/Karta1-1024x486.png"},{"@type":"BreadcrumbList","@id":"https:\/\/www.hotelplaza.hr\/hr\/kako-do-nas\/#breadcrumb","itemListElement":[{"@type":"ListItem","position":1,"name":"Po\u010detna stranica","item":"https:\/\/www.hotelplaza.hr\/hr\/"},{"@type":"ListItem","position":2,"name":"Kako do nas?"}]},{"@type":"WebSite","@id":"https:\/\/www.hotelplaza.hr\/hr\/#website","url":"https:\/\/www.hotelplaza.hr\/hr\/","name":"Hotel Plaza","description":"Hotel","potentialAction":[{"@type":"SearchAction","target":{"@type":"EntryPoint","urlTemplate":"https:\/\/www.hotelplaza.hr\/hr\/?s={search_term_string}"},"query-input":{"@type":"PropertyValueSpecification","valueRequired":true,"valueName":"search_term_string"}}],"inLanguage":"hr"}]}},"_links":{"self":[{"href":"https:\/\/www.hotelplaza.hr\/hr\/wp-json\/wp\/v2\/pages\/1456","targetHints":{"allow":["GET"]}}],"collection":[{"href":"https:\/\/www.hotelplaza.hr\/hr\/wp-json\/wp\/v2\/pages"}],"about":[{"href":"https:\/\/www.hotelplaza.hr\/hr\/wp-json\/wp\/v2\/types\/page"}],"author":[{"embeddable":true,"href":"https:\/\/www.hotelplaza.hr\/hr\/wp-json\/wp\/v2\/users\/1"}],"replies":[{"embeddable":true,"href":"https:\/\/www.hotelplaza.hr\/hr\/wp-json\/wp\/v2\/comments?post=1456"}],"version-history":[{"count":5,"href":"https:\/\/www.hotelplaza.hr\/hr\/wp-json\/wp\/v2\/pages\/1456\/revisions"}],"predecessor-version":[{"id":4045,"href":"https:\/\/www.hotelplaza.hr\/hr\/wp-json\/wp\/v2\/pages\/1456\/revisions\/4045"}],"wp:attachment":[{"href":"https:\/\/www.hotelplaza.hr\/hr\/wp-json\/wp\/v2\/media?parent=1456"}],"curies":[{"name":"wp","href":"https:\/\/api.w.org\/{rel}","templated":true}]}}