{"id":18675,"date":"2022-09-04T18:28:27","date_gmt":"2022-09-04T18:28:27","guid":{"rendered":"https:\/\/www.hotelplaza.hr\/?page_id=18675"},"modified":"2025-04-16T15:23:04","modified_gmt":"2025-04-16T15:23:04","slug":"kucni-majstor","status":"publish","type":"page","link":"https:\/\/www.hotelplaza.hr\/hr\/kucni-majstor\/","title":{"rendered":"Ku\u0107ni majstor"},"content":{"rendered":"\t\t<div data-elementor-type=\"wp-page\" data-elementor-id=\"18675\" class=\"elementor elementor-18675\" data-elementor-post-type=\"page\">\n\t\t\t\t\t\t<section class=\"elementor-section elementor-top-section elementor-element elementor-element-7ecd3fce elementor-section-full_width elementor-section-height-min-height elementor-section-stretched elementor-hidden-phone elementor-section-height-default elementor-section-items-middle\" data-id=\"7ecd3fce\" data-element_type=\"section\" data-e-type=\"section\" data-settings=\"{&quot;stretch_section&quot;:&quot;section-stretched&quot;,&quot;background_background&quot;:&quot;classic&quot;}\">\n\t\t\t\t\t\t<div class=\"elementor-container elementor-column-gap-default\">\n\t\t\t\t\t<div class=\"elementor-column elementor-col-100 elementor-top-column elementor-element elementor-element-1eb3dd5c\" data-id=\"1eb3dd5c\" data-element_type=\"column\" data-e-type=\"column\">\n\t\t\t<div class=\"elementor-widget-wrap\">\n\t\t\t\t\t\t\t<\/div>\n\t\t<\/div>\n\t\t\t\t\t<\/div>\n\t\t<\/section>\n\t\t\t\t<section class=\"elementor-section elementor-top-section elementor-element elementor-element-5f658eef elementor-section-full_width elementor-section-stretched elementor-hidden-desktop elementor-hidden-tablet elementor-section-height-default elementor-section-height-default\" data-id=\"5f658eef\" data-element_type=\"section\" data-e-type=\"section\" data-settings=\"{&quot;stretch_section&quot;:&quot;section-stretched&quot;}\">\n\t\t\t\t\t\t<div class=\"elementor-container elementor-column-gap-no\">\n\t\t\t\t\t<div class=\"elementor-column elementor-col-100 elementor-top-column elementor-element elementor-element-6dc31050\" data-id=\"6dc31050\" data-element_type=\"column\" data-e-type=\"column\">\n\t\t\t<div class=\"elementor-widget-wrap elementor-element-populated\">\n\t\t\t\t\t\t<div class=\"elementor-element elementor-element-5e96475 elementor-widget elementor-widget-image\" data-id=\"5e96475\" data-element_type=\"widget\" data-e-type=\"widget\" data-widget_type=\"image.default\">\n\t\t\t\t\t\t\t\t\t\t\t\t\t\t\t<img fetchpriority=\"high\" decoding=\"async\" width=\"1024\" height=\"684\" src=\"https:\/\/www.hotelplaza.hr\/wp-content\/uploads\/2021\/02\/hotel-plaza-karijera-1-1024x684.jpg\" class=\"attachment-large size-large wp-image-1506\" alt=\"\" srcset=\"https:\/\/www.hotelplaza.hr\/wp-content\/uploads\/2021\/02\/hotel-plaza-karijera-1-1024x684.jpg 1024w, https:\/\/www.hotelplaza.hr\/wp-content\/uploads\/2021\/02\/hotel-plaza-karijera-1-300x200.jpg 300w, https:\/\/www.hotelplaza.hr\/wp-content\/uploads\/2021\/02\/hotel-plaza-karijera-1-768x513.jpg 768w, https:\/\/www.hotelplaza.hr\/wp-content\/uploads\/2021\/02\/hotel-plaza-karijera-1-1536x1026.jpg 1536w, https:\/\/www.hotelplaza.hr\/wp-content\/uploads\/2021\/02\/hotel-plaza-karijera-1.jpg 1920w\" sizes=\"(max-width: 1024px) 100vw, 1024px\" \/>\t\t\t\t\t\t\t\t\t\t\t\t\t\t\t<\/div>\n\t\t\t\t\t<\/div>\n\t\t<\/div>\n\t\t\t\t\t<\/div>\n\t\t<\/section>\n\t\t\t\t<section class=\"elementor-section elementor-top-section elementor-element elementor-element-3160e3c elementor-section-stretched elementor-section-boxed elementor-section-height-default elementor-section-height-default\" data-id=\"3160e3c\" data-element_type=\"section\" data-e-type=\"section\" data-settings=\"{&quot;background_background&quot;:&quot;classic&quot;,&quot;stretch_section&quot;:&quot;section-stretched&quot;}\">\n\t\t\t\t\t\t<div class=\"elementor-container elementor-column-gap-default\">\n\t\t\t\t\t<div class=\"elementor-column elementor-col-100 elementor-top-column elementor-element elementor-element-0088e88\" data-id=\"0088e88\" data-element_type=\"column\" data-e-type=\"column\">\n\t\t\t<div class=\"elementor-widget-wrap elementor-element-populated\">\n\t\t\t\t\t\t<div class=\"elementor-element elementor-element-2add3e3 subtilines elementor-widget elementor-widget-text-editor\" data-id=\"2add3e3\" data-element_type=\"widget\" data-e-type=\"widget\" data-widget_type=\"text-editor.default\">\n\t\t\t\t\t\t\t\t\t<p class=\"t1\">EKSKLUZIVNI HOTELI SA 4 ZVJEZDICE\n<\/p>\t\t\t\t\t\t\t\t<\/div>\n\t\t\t\t<div class=\"elementor-element elementor-element-d06a75f elementor-widget elementor-widget-heading\" data-id=\"d06a75f\" data-element_type=\"widget\" data-e-type=\"widget\" data-widget_type=\"heading.default\">\n\t\t\t\t\t<h2 class=\"elementor-heading-title elementor-size-default\">ODR\u017dAVANJE HOTELA - KU\u0106NI MAJSTOR\/KU\u0106NA MAJSTORICA\n\n<\/h2>\t\t\t\t<\/div>\n\t\t\t\t<section class=\"elementor-section elementor-inner-section elementor-element elementor-element-b52ec89 elementor-section-boxed elementor-section-height-default elementor-section-height-default\" data-id=\"b52ec89\" data-element_type=\"section\" data-e-type=\"section\">\n\t\t\t\t\t\t<div class=\"elementor-container elementor-column-gap-default\">\n\t\t\t\t\t<div class=\"elementor-column elementor-col-50 elementor-inner-column elementor-element elementor-element-ba3827b\" data-id=\"ba3827b\" data-element_type=\"column\" data-e-type=\"column\">\n\t\t\t<div class=\"elementor-widget-wrap elementor-element-populated\">\n\t\t\t\t\t\t<div class=\"elementor-element elementor-element-84f29b1 elementor-widget elementor-widget-text-editor\" data-id=\"84f29b1\" data-element_type=\"widget\" data-e-type=\"widget\" data-widget_type=\"text-editor.default\">\n\t\t\t\t\t\t\t\t\t<p>Postanite dio na\u0161eg tima! Tra\u017eite sezonski posao, volite dinamiku i posao u timu? Prijavite se na na\u0161 natje\u010daj za Radnika za odr\u017eavanje vrtlova i pla\u017ee (m\/\u017e)! Prijavu izvr\u0161ite putem online obrasca ili po\u0161aljite \u017eivotopis i molbu putem e-maila <a href=\"mailto:zaposljavanje@hotelplaza.hr\">zaposljavanje@hotelplaza.hr<\/a>.<\/p><p><strong>Mjesto rada:<\/strong>\u00a0DU\u0106E, SPLITSKO-DALMATINSKA \u017dUPANIJA<\/p><p><strong>Vrsta zaposlenja:<\/strong><\/p><ul><li>Na odre\u0111eno; sezonski<\/li><li>mogu\u0107nost zapo\u0161ljavanja umirovljenika<\/li><\/ul><p><strong>Radno vrijeme:<\/strong>\u00a0Puno radno vrijeme<\/p><p><strong>Na\u010din rada:<\/strong><\/p><ul><li>2 smjene<\/li><li>Rad vikendom i praznikom<\/li><\/ul><p><strong>Smje\u0161taj:<\/strong>\u00a0Nema smje\u0161taja<\/p><p><strong>Naknada za prijevoz:\u00a0<\/strong>U cijelosti<\/p><p><strong>Radno iskustvo:<\/strong>\u00a01 godinu<\/p><p><strong>Ostale informacije:<\/strong><\/p><p><strong>Mjesto rada<\/strong>: Du\u0107e<\/p><p><strong>Vrsta zaposlenja<\/strong>: na odre\u0111eno, sezonski s mogu\u0107nosti stalnog zaposlenja i ugovora na neodre\u0111eno<\/p><p><strong>Planirani po\u010detak rada<\/strong>: odmah ili po dogovoru &#8211;\u00a0 mogu\u0107nost stalnog zaposlenja<\/p>\t\t\t\t\t\t\t\t<\/div>\n\t\t\t\t\t<\/div>\n\t\t<\/div>\n\t\t\t\t<div class=\"elementor-column elementor-col-50 elementor-inner-column elementor-element elementor-element-3624501\" data-id=\"3624501\" data-element_type=\"column\" data-e-type=\"column\">\n\t\t\t<div class=\"elementor-widget-wrap elementor-element-populated\">\n\t\t\t\t\t\t<div class=\"elementor-element elementor-element-aeb9c03 elementor-widget elementor-widget-image\" data-id=\"aeb9c03\" data-element_type=\"widget\" data-e-type=\"widget\" data-widget_type=\"image.default\">\n\t\t\t\t\t\t\t\t\t\t\t\t\t\t\t<img decoding=\"async\" src=\"https:\/\/www.hotelplaza.hr\/wp-content\/uploads\/elementor\/thumbs\/HOTEL-OGLASa-p4xp9kzv0e3gtmis2q62xa38x6o9w1gojl94s61udw.jpg\" title=\"hotel Pla\u017ea Du\u0107e\" alt=\"hotel Pla\u017ea Du\u0107e ponuda\" loading=\"lazy\" \/>\t\t\t\t\t\t\t\t\t\t\t\t\t\t\t<\/div>\n\t\t\t\t\t<\/div>\n\t\t<\/div>\n\t\t\t\t\t<\/div>\n\t\t<\/section>\n\t\t\t\t<section class=\"elementor-section elementor-inner-section elementor-element elementor-element-e71656f elementor-section-boxed elementor-section-height-default elementor-section-height-default\" data-id=\"e71656f\" data-element_type=\"section\" data-e-type=\"section\">\n\t\t\t\t\t\t<div class=\"elementor-container elementor-column-gap-default\">\n\t\t\t\t\t<div class=\"elementor-column elementor-col-50 elementor-inner-column elementor-element elementor-element-7dbdaa6\" data-id=\"7dbdaa6\" data-element_type=\"column\" data-e-type=\"column\">\n\t\t\t<div class=\"elementor-widget-wrap elementor-element-populated\">\n\t\t\t\t\t\t<div class=\"elementor-element elementor-element-1b2d210 elementor-widget elementor-widget-text-editor\" data-id=\"1b2d210\" data-element_type=\"widget\" data-e-type=\"widget\" data-widget_type=\"text-editor.default\">\n\t\t\t\t\t\t\t\t\t<p><strong>Pogodnosti koje pru\u017eamo:<\/strong><\/p><ul><li>osiguran topli obrok<\/li><li>pla\u0107en putni tro\u0161ak za zaposlenike koji imaju prebivali\u0161te\/boravi\u0161te izvan mjesta rada<\/li><li>rad tijekom cijele godine<\/li><li>pla\u0107eni godi\u0161nji odmor<\/li><li>ulaganje u razvoj zaposlenika, mogu\u0107nost dobivanja nagrada i stimulativnih primanja<\/li><li>Bo\u017ei\u0107nica u iznosu do 450,00 EUR i dar djece 70,00 EUR po djetetu za Uskrs i za Bo\u017ei\u0107<\/li><\/ul><p>\u00a0<\/p><p><strong>Va\u0161a zadu\u017eenja i odgovornosti:<\/strong><\/p><ul><li>Radovi preventivnog odr\u017eavanja na svim strojevima i opremi u skladu sa planom preventivnog odr\u017eavanja za svaki pojedini stroj ili dio opreme<\/li><li>Preventivni i interventni radovi na elektri\u010dnoj i komunikacijskoj mre\u017ei<\/li><li>Iskustvo u odr\u017eavanju objekta i opreme, odr\u017eavanju i provjeri elektroinstalacija, postavljanje kablova i opreme za slabu i jaku struju<\/li><li>Redovni pregled svih prostora u objektu i otklanjanje kvarova<\/li><li>Pode\u0161avanje elektrotehni\u010dkih ure\u0111aja<\/li><li>Ispitivanje instalacija jake i slabe struje<\/li><li>Ispitivanje funkcionalnosti opreme i sustava<\/li><li>Izvo\u0111enje zadataka redovitog i izvanrednog odr\u017eavanja<\/li><li>Svi potrebni radovi obavljaju se s pove\u0107anim oprezom s ciljem izbjegavanja one\u010di\u0161\u0107enja proizvodnog pogona, opreme i proizvoda<\/li><li>obavlja preventivno odr\u017eavanje u svim dijelovima hotela; odr\u017eava sve vrste vodovodnih i elektri\u010dnih instalacija, strojeva i opreme u hotelu i otklanja kvarove; isporu\u010duje toplinsku energiju i toplu vodu u hotelski sustav;<\/li><li>utvr\u0111uje uzroke kvarova na opremi, izvje\u0161\u0107uje o svakoj potencijalnoj opasnosti, te vodi dnevnik izvr\u0161enih radova i kori\u0161tenog materijala;<\/li><li>efikasno sura\u0111uje s drugim odjelima hotela.<\/li><\/ul>\t\t\t\t\t\t\t\t<\/div>\n\t\t\t\t\t<\/div>\n\t\t<\/div>\n\t\t\t\t<div class=\"elementor-column elementor-col-50 elementor-inner-column elementor-element elementor-element-9c0a5df\" data-id=\"9c0a5df\" data-element_type=\"column\" data-e-type=\"column\">\n\t\t\t<div class=\"elementor-widget-wrap elementor-element-populated\">\n\t\t\t\t\t\t<div class=\"elementor-element elementor-element-2a9c115 elementor-widget elementor-widget-text-editor\" data-id=\"2a9c115\" data-element_type=\"widget\" data-e-type=\"widget\" data-widget_type=\"text-editor.default\">\n\t\t\t\t\t\t\t\t\t<p><strong>Potrebne kvalifikacije i kompetencije:<\/strong><\/p><ul><li>ljubaznost i gostoljubivost<\/li><li>pedantnost<\/li><li>snala\u017eljivost<\/li><li>samostalnost<\/li><li>proaktivnost<\/li><li>sklonost timskom radu<\/li><li>konstantno ulaganje i razvijanje u podru\u010dju rada<\/li><\/ul><p><strong>Po\u017eeljne iskustvo:<\/strong><\/p><ul><li>minimalno 12 mjeseci iskustva u istim ili sli\u010dnim zanimanjima<\/li><li>izvrsne komunikacijske vje\u0161tine, organiziranost te orijentiranost na detalje<\/li><\/ul><p><strong>O\u010dekivana primanja<\/strong>: isplate na ra\u010dun od 1.200 EUR do 1.400 EUR\u00a0s punom prijavom za zakonsko radno vrijeme<\/p><p><strong>Uvjeti rada:<\/strong><\/p><ul><li>Rad na puno radno vrijeme, do 8 sati dnevno<\/li><li>Slobodni dani i u sezoni<\/li><li>Rad u dnevnim jutarnjim smjenama sukladno tjednom rasporedu rada. Potreban je rad vikendima i praznicima.<\/li><li>Mogu\u0107nost nagrade za rad, dar za djecu i bo\u017ei\u010dnice\u00a0<\/li><\/ul>\t\t\t\t\t\t\t\t<\/div>\n\t\t\t\t\t<\/div>\n\t\t<\/div>\n\t\t\t\t\t<\/div>\n\t\t<\/section>\n\t\t\t\t<div class=\"elementor-element elementor-element-4d9665f elementor-align-left elementor-widget elementor-widget-button\" data-id=\"4d9665f\" data-element_type=\"widget\" data-e-type=\"widget\" data-widget_type=\"button.default\">\n\t\t\t\t\t\t\t\t\t\t<a class=\"elementor-button elementor-button-link elementor-size-sm elementor-animation-hang\" href=\"https:\/\/www.hotelplaza.hr\/on-line-prijava\/\">\n\t\t\t\t\t\t<span class=\"elementor-button-content-wrapper\">\n\t\t\t\t\t\t\t\t\t<span class=\"elementor-button-text\">PRIJAVI SE<\/span>\n\t\t\t\t\t<\/span>\n\t\t\t\t\t<\/a>\n\t\t\t\t\t\t\t\t<\/div>\n\t\t\t\t\t<\/div>\n\t\t<\/div>\n\t\t\t\t\t<\/div>\n\t\t<\/section>\n\t\t\t\t<\/div>\n\t\t","protected":false},"excerpt":{"rendered":"<p>EKSKLUZIVNI HOTELI SA 4 ZVJEZDICE ODR\u017dAVANJE HOTELA &#8211; KU\u0106NI MAJSTOR\/KU\u0106NA MAJSTORICA Postanite dio na\u0161eg tima! Tra\u017eite sezonski posao, volite dinamiku i posao u timu? Prijavite se na na\u0161 natje\u010daj za Radnika za odr\u017eavanje vrtlova i pla\u017ee (m\/\u017e)! Prijavu izvr\u0161ite putem online obrasca ili po\u0161aljite \u017eivotopis i molbu putem e-maila zaposljavanje@hotelplaza.hr. Mjesto rada:\u00a0DU\u0106E, SPLITSKO-DALMATINSKA \u017dUPANIJA Vrsta [&hellip;]<\/p>\n","protected":false},"author":1,"featured_media":0,"parent":0,"menu_order":0,"comment_status":"closed","ping_status":"closed","template":"","meta":{"rs_blank_template":"","rs_page_bg_color":"","slide_template_v7":"","site-sidebar-layout":"no-sidebar","site-content-layout":"content-boxed-container","ast-site-content-layout":"default","site-content-style":"default","site-sidebar-style":"default","ast-global-header-display":"","ast-banner-title-visibility":"","ast-main-header-display":"disabled","ast-hfb-above-header-display":"","ast-hfb-below-header-display":"","ast-hfb-mobile-header-display":"","site-post-title":"disabled","ast-breadcrumbs-content":"disabled","ast-featured-img":"disabled","footer-sml-layout":"disabled","ast-disable-related-posts":"","theme-transparent-header-meta":"enabled","adv-header-id-meta":"","stick-header-meta":"","header-above-stick-meta":"","header-main-stick-meta":"","header-below-stick-meta":"","astra-migrate-meta-layouts":"default","ast-page-background-enabled":"default","ast-page-background-meta":{"desktop":{"background-color":"","background-image":"","background-repeat":"repeat","background-position":"center center","background-size":"auto","background-attachment":"scroll","background-type":"","background-media":"","overlay-type":"","overlay-color":"","overlay-opacity":"","overlay-gradient":""},"tablet":{"background-color":"","background-image":"","background-repeat":"repeat","background-position":"center center","background-size":"auto","background-attachment":"scroll","background-type":"","background-media":"","overlay-type":"","overlay-color":"","overlay-opacity":"","overlay-gradient":""},"mobile":{"background-color":"","background-image":"","background-repeat":"repeat","background-position":"center center","background-size":"auto","background-attachment":"scroll","background-type":"","background-media":"","overlay-type":"","overlay-color":"","overlay-opacity":"","overlay-gradient":""}},"ast-content-background-meta":{"desktop":{"background-color":"var(--ast-global-color-5)","background-image":"","background-repeat":"repeat","background-position":"center center","background-size":"auto","background-attachment":"scroll","background-type":"","background-media":"","overlay-type":"","overlay-color":"","overlay-opacity":"","overlay-gradient":""},"tablet":{"background-color":"var(--ast-global-color-5)","background-image":"","background-repeat":"repeat","background-position":"center center","background-size":"auto","background-attachment":"scroll","background-type":"","background-media":"","overlay-type":"","overlay-color":"","overlay-opacity":"","overlay-gradient":""},"mobile":{"background-color":"var(--ast-global-color-5)","background-image":"","background-repeat":"repeat","background-position":"center center","background-size":"auto","background-attachment":"scroll","background-type":"","background-media":"","overlay-type":"","overlay-color":"","overlay-opacity":"","overlay-gradient":""}},"footnotes":""},"class_list":["post-18675","page","type-page","status-publish","hentry"],"yoast_head":"<!-- This site is optimized with the Yoast SEO plugin v27.4 - https:\/\/yoast.com\/product\/yoast-seo-wordpress\/ -->\n<title>Ku\u0107ni majstor - Hotel Plaza<\/title>\n<meta name=\"robots\" content=\"index, follow, max-snippet:-1, max-image-preview:large, max-video-preview:-1\" \/>\n<link rel=\"canonical\" href=\"https:\/\/www.hotelplaza.hr\/hr\/kucni-majstor\/\" \/>\n<meta property=\"og:locale\" content=\"hr_HR\" \/>\n<meta property=\"og:type\" content=\"article\" \/>\n<meta property=\"og:title\" content=\"Ku\u0107ni majstor - Hotel Plaza\" \/>\n<meta property=\"og:description\" content=\"EKSKLUZIVNI HOTELI SA 4 ZVJEZDICE ODR\u017dAVANJE HOTELA &#8211; KU\u0106NI MAJSTOR\/KU\u0106NA MAJSTORICA Postanite dio na\u0161eg tima! Tra\u017eite sezonski posao, volite dinamiku i posao u timu? Prijavite se na na\u0161 natje\u010daj za Radnika za odr\u017eavanje vrtlova i pla\u017ee (m\/\u017e)! Prijavu izvr\u0161ite putem online obrasca ili po\u0161aljite \u017eivotopis i molbu putem e-maila zaposljavanje@hotelplaza.hr. Mjesto rada:\u00a0DU\u0106E, SPLITSKO-DALMATINSKA \u017dUPANIJA Vrsta [&hellip;]\" \/>\n<meta property=\"og:url\" content=\"https:\/\/www.hotelplaza.hr\/hr\/kucni-majstor\/\" \/>\n<meta property=\"og:site_name\" content=\"Hotel Plaza\" \/>\n<meta property=\"article:modified_time\" content=\"2025-04-16T15:23:04+00:00\" \/>\n<meta property=\"og:image\" content=\"https:\/\/www.hotelplaza.hr\/wp-content\/uploads\/2021\/02\/hotel-plaza-karijera-1.jpg\" \/>\n\t<meta property=\"og:image:width\" content=\"1920\" \/>\n\t<meta property=\"og:image:height\" content=\"1282\" \/>\n\t<meta property=\"og:image:type\" content=\"image\/jpeg\" \/>\n<meta name=\"twitter:card\" content=\"summary_large_image\" \/>\n<meta name=\"twitter:label1\" content=\"Procijenjeno vrijeme \u010ditanja\" \/>\n\t<meta name=\"twitter:data1\" content=\"3 minute\" \/>\n<script type=\"application\/ld+json\" class=\"yoast-schema-graph\">{\"@context\":\"https:\\\/\\\/schema.org\",\"@graph\":[{\"@type\":\"WebPage\",\"@id\":\"https:\\\/\\\/www.hotelplaza.hr\\\/hr\\\/kucni-majstor\\\/\",\"url\":\"https:\\\/\\\/www.hotelplaza.hr\\\/hr\\\/kucni-majstor\\\/\",\"name\":\"Ku\u0107ni majstor - Hotel Plaza\",\"isPartOf\":{\"@id\":\"https:\\\/\\\/www.hotelplaza.hr\\\/hr\\\/#website\"},\"primaryImageOfPage\":{\"@id\":\"https:\\\/\\\/www.hotelplaza.hr\\\/hr\\\/kucni-majstor\\\/#primaryimage\"},\"image\":{\"@id\":\"https:\\\/\\\/www.hotelplaza.hr\\\/hr\\\/kucni-majstor\\\/#primaryimage\"},\"thumbnailUrl\":\"https:\\\/\\\/www.hotelplaza.hr\\\/wp-content\\\/uploads\\\/2021\\\/02\\\/hotel-plaza-karijera-1-1024x684.jpg\",\"datePublished\":\"2022-09-04T18:28:27+00:00\",\"dateModified\":\"2025-04-16T15:23:04+00:00\",\"breadcrumb\":{\"@id\":\"https:\\\/\\\/www.hotelplaza.hr\\\/hr\\\/kucni-majstor\\\/#breadcrumb\"},\"inLanguage\":\"hr\",\"potentialAction\":[{\"@type\":\"ReadAction\",\"target\":[\"https:\\\/\\\/www.hotelplaza.hr\\\/hr\\\/kucni-majstor\\\/\"]}]},{\"@type\":\"ImageObject\",\"inLanguage\":\"hr\",\"@id\":\"https:\\\/\\\/www.hotelplaza.hr\\\/hr\\\/kucni-majstor\\\/#primaryimage\",\"url\":\"https:\\\/\\\/www.hotelplaza.hr\\\/wp-content\\\/uploads\\\/2021\\\/02\\\/hotel-plaza-karijera-1-1024x684.jpg\",\"contentUrl\":\"https:\\\/\\\/www.hotelplaza.hr\\\/wp-content\\\/uploads\\\/2021\\\/02\\\/hotel-plaza-karijera-1-1024x684.jpg\"},{\"@type\":\"BreadcrumbList\",\"@id\":\"https:\\\/\\\/www.hotelplaza.hr\\\/hr\\\/kucni-majstor\\\/#breadcrumb\",\"itemListElement\":[{\"@type\":\"ListItem\",\"position\":1,\"name\":\"Po\u010detna stranica\",\"item\":\"https:\\\/\\\/www.hotelplaza.hr\\\/hr\\\/\"},{\"@type\":\"ListItem\",\"position\":2,\"name\":\"Ku\u0107ni majstor\"}]},{\"@type\":\"WebSite\",\"@id\":\"https:\\\/\\\/www.hotelplaza.hr\\\/hr\\\/#website\",\"url\":\"https:\\\/\\\/www.hotelplaza.hr\\\/hr\\\/\",\"name\":\"Hotel Plaza\",\"description\":\"Hotel\",\"potentialAction\":[{\"@type\":\"SearchAction\",\"target\":{\"@type\":\"EntryPoint\",\"urlTemplate\":\"https:\\\/\\\/www.hotelplaza.hr\\\/hr\\\/?s={search_term_string}\"},\"query-input\":{\"@type\":\"PropertyValueSpecification\",\"valueRequired\":true,\"valueName\":\"search_term_string\"}}],\"inLanguage\":\"hr\"}]}<\/script>\n<!-- \/ Yoast SEO plugin. -->","yoast_head_json":{"title":"Ku\u0107ni majstor - Hotel Plaza","robots":{"index":"index","follow":"follow","max-snippet":"max-snippet:-1","max-image-preview":"max-image-preview:large","max-video-preview":"max-video-preview:-1"},"canonical":"https:\/\/www.hotelplaza.hr\/hr\/kucni-majstor\/","og_locale":"hr_HR","og_type":"article","og_title":"Ku\u0107ni majstor - Hotel Plaza","og_description":"EKSKLUZIVNI HOTELI SA 4 ZVJEZDICE ODR\u017dAVANJE HOTELA &#8211; KU\u0106NI MAJSTOR\/KU\u0106NA MAJSTORICA Postanite dio na\u0161eg tima! Tra\u017eite sezonski posao, volite dinamiku i posao u timu? Prijavite se na na\u0161 natje\u010daj za Radnika za odr\u017eavanje vrtlova i pla\u017ee (m\/\u017e)! Prijavu izvr\u0161ite putem online obrasca ili po\u0161aljite \u017eivotopis i molbu putem e-maila zaposljavanje@hotelplaza.hr. Mjesto rada:\u00a0DU\u0106E, SPLITSKO-DALMATINSKA \u017dUPANIJA Vrsta [&hellip;]","og_url":"https:\/\/www.hotelplaza.hr\/hr\/kucni-majstor\/","og_site_name":"Hotel Plaza","article_modified_time":"2025-04-16T15:23:04+00:00","og_image":[{"width":1920,"height":1282,"url":"https:\/\/www.hotelplaza.hr\/wp-content\/uploads\/2021\/02\/hotel-plaza-karijera-1.jpg","type":"image\/jpeg"}],"twitter_card":"summary_large_image","twitter_misc":{"Procijenjeno vrijeme \u010ditanja":"3 minute"},"schema":{"@context":"https:\/\/schema.org","@graph":[{"@type":"WebPage","@id":"https:\/\/www.hotelplaza.hr\/hr\/kucni-majstor\/","url":"https:\/\/www.hotelplaza.hr\/hr\/kucni-majstor\/","name":"Ku\u0107ni majstor - Hotel Plaza","isPartOf":{"@id":"https:\/\/www.hotelplaza.hr\/hr\/#website"},"primaryImageOfPage":{"@id":"https:\/\/www.hotelplaza.hr\/hr\/kucni-majstor\/#primaryimage"},"image":{"@id":"https:\/\/www.hotelplaza.hr\/hr\/kucni-majstor\/#primaryimage"},"thumbnailUrl":"https:\/\/www.hotelplaza.hr\/wp-content\/uploads\/2021\/02\/hotel-plaza-karijera-1-1024x684.jpg","datePublished":"2022-09-04T18:28:27+00:00","dateModified":"2025-04-16T15:23:04+00:00","breadcrumb":{"@id":"https:\/\/www.hotelplaza.hr\/hr\/kucni-majstor\/#breadcrumb"},"inLanguage":"hr","potentialAction":[{"@type":"ReadAction","target":["https:\/\/www.hotelplaza.hr\/hr\/kucni-majstor\/"]}]},{"@type":"ImageObject","inLanguage":"hr","@id":"https:\/\/www.hotelplaza.hr\/hr\/kucni-majstor\/#primaryimage","url":"https:\/\/www.hotelplaza.hr\/wp-content\/uploads\/2021\/02\/hotel-plaza-karijera-1-1024x684.jpg","contentUrl":"https:\/\/www.hotelplaza.hr\/wp-content\/uploads\/2021\/02\/hotel-plaza-karijera-1-1024x684.jpg"},{"@type":"BreadcrumbList","@id":"https:\/\/www.hotelplaza.hr\/hr\/kucni-majstor\/#breadcrumb","itemListElement":[{"@type":"ListItem","position":1,"name":"Po\u010detna stranica","item":"https:\/\/www.hotelplaza.hr\/hr\/"},{"@type":"ListItem","position":2,"name":"Ku\u0107ni majstor"}]},{"@type":"WebSite","@id":"https:\/\/www.hotelplaza.hr\/hr\/#website","url":"https:\/\/www.hotelplaza.hr\/hr\/","name":"Hotel Plaza","description":"Hotel","potentialAction":[{"@type":"SearchAction","target":{"@type":"EntryPoint","urlTemplate":"https:\/\/www.hotelplaza.hr\/hr\/?s={search_term_string}"},"query-input":{"@type":"PropertyValueSpecification","valueRequired":true,"valueName":"search_term_string"}}],"inLanguage":"hr"}]}},"_links":{"self":[{"href":"https:\/\/www.hotelplaza.hr\/hr\/wp-json\/wp\/v2\/pages\/18675","targetHints":{"allow":["GET"]}}],"collection":[{"href":"https:\/\/www.hotelplaza.hr\/hr\/wp-json\/wp\/v2\/pages"}],"about":[{"href":"https:\/\/www.hotelplaza.hr\/hr\/wp-json\/wp\/v2\/types\/page"}],"author":[{"embeddable":true,"href":"https:\/\/www.hotelplaza.hr\/hr\/wp-json\/wp\/v2\/users\/1"}],"replies":[{"embeddable":true,"href":"https:\/\/www.hotelplaza.hr\/hr\/wp-json\/wp\/v2\/comments?post=18675"}],"version-history":[{"count":5,"href":"https:\/\/www.hotelplaza.hr\/hr\/wp-json\/wp\/v2\/pages\/18675\/revisions"}],"predecessor-version":[{"id":25146,"href":"https:\/\/www.hotelplaza.hr\/hr\/wp-json\/wp\/v2\/pages\/18675\/revisions\/25146"}],"wp:attachment":[{"href":"https:\/\/www.hotelplaza.hr\/hr\/wp-json\/wp\/v2\/media?parent=18675"}],"curies":[{"name":"wp","href":"https:\/\/api.w.org\/{rel}","templated":true}]}}