{"id":25150,"date":"2025-04-16T15:27:12","date_gmt":"2025-04-16T15:27:12","guid":{"rendered":"https:\/\/www.hotelplaza.hr\/?page_id=25150"},"modified":"2025-04-16T15:44:05","modified_gmt":"2025-04-16T15:44:05","slug":"kozmeticar","status":"publish","type":"page","link":"https:\/\/www.hotelplaza.hr\/hr\/kozmeticar\/","title":{"rendered":"KOZMETI\u010cAR"},"content":{"rendered":"\t\t<div data-elementor-type=\"wp-page\" data-elementor-id=\"25150\" class=\"elementor elementor-25150\" data-elementor-post-type=\"page\">\n\t\t\t\t\t\t<section class=\"elementor-section elementor-top-section elementor-element elementor-element-0a1feff elementor-section-full_width elementor-section-height-min-height elementor-section-stretched elementor-hidden-phone elementor-section-height-default elementor-section-items-middle\" data-id=\"0a1feff\" data-element_type=\"section\" data-e-type=\"section\" data-settings=\"{&quot;stretch_section&quot;:&quot;section-stretched&quot;,&quot;background_background&quot;:&quot;classic&quot;}\">\n\t\t\t\t\t\t<div class=\"elementor-container elementor-column-gap-default\">\n\t\t\t\t\t<div class=\"elementor-column elementor-col-100 elementor-top-column elementor-element elementor-element-8325100\" data-id=\"8325100\" data-element_type=\"column\" data-e-type=\"column\">\n\t\t\t<div class=\"elementor-widget-wrap\">\n\t\t\t\t\t\t\t<\/div>\n\t\t<\/div>\n\t\t\t\t\t<\/div>\n\t\t<\/section>\n\t\t\t\t<section class=\"elementor-section elementor-top-section elementor-element elementor-element-3beb7c6 elementor-section-full_width elementor-section-stretched elementor-hidden-desktop elementor-hidden-tablet elementor-section-height-default elementor-section-height-default\" data-id=\"3beb7c6\" data-element_type=\"section\" data-e-type=\"section\" data-settings=\"{&quot;stretch_section&quot;:&quot;section-stretched&quot;}\">\n\t\t\t\t\t\t<div class=\"elementor-container elementor-column-gap-no\">\n\t\t\t\t\t<div class=\"elementor-column elementor-col-100 elementor-top-column elementor-element elementor-element-b5c4cc0\" data-id=\"b5c4cc0\" data-element_type=\"column\" data-e-type=\"column\">\n\t\t\t<div class=\"elementor-widget-wrap elementor-element-populated\">\n\t\t\t\t\t\t<div class=\"elementor-element elementor-element-2864bb4 elementor-widget elementor-widget-image\" data-id=\"2864bb4\" data-element_type=\"widget\" data-e-type=\"widget\" data-widget_type=\"image.default\">\n\t\t\t\t\t\t\t\t\t\t\t\t\t\t\t<img fetchpriority=\"high\" decoding=\"async\" width=\"1024\" height=\"684\" src=\"https:\/\/www.hotelplaza.hr\/wp-content\/uploads\/2021\/02\/hotel-plaza-karijera-1-1024x684.jpg\" class=\"attachment-large size-large wp-image-1506\" alt=\"\" srcset=\"https:\/\/www.hotelplaza.hr\/wp-content\/uploads\/2021\/02\/hotel-plaza-karijera-1-1024x684.jpg 1024w, https:\/\/www.hotelplaza.hr\/wp-content\/uploads\/2021\/02\/hotel-plaza-karijera-1-300x200.jpg 300w, https:\/\/www.hotelplaza.hr\/wp-content\/uploads\/2021\/02\/hotel-plaza-karijera-1-768x513.jpg 768w, https:\/\/www.hotelplaza.hr\/wp-content\/uploads\/2021\/02\/hotel-plaza-karijera-1-1536x1026.jpg 1536w, https:\/\/www.hotelplaza.hr\/wp-content\/uploads\/2021\/02\/hotel-plaza-karijera-1.jpg 1920w\" sizes=\"(max-width: 1024px) 100vw, 1024px\" \/>\t\t\t\t\t\t\t\t\t\t\t\t\t\t\t<\/div>\n\t\t\t\t\t<\/div>\n\t\t<\/div>\n\t\t\t\t\t<\/div>\n\t\t<\/section>\n\t\t\t\t<section class=\"elementor-section elementor-top-section elementor-element elementor-element-d6db1b0 elementor-section-stretched elementor-section-boxed elementor-section-height-default elementor-section-height-default\" data-id=\"d6db1b0\" data-element_type=\"section\" data-e-type=\"section\" data-settings=\"{&quot;background_background&quot;:&quot;classic&quot;,&quot;stretch_section&quot;:&quot;section-stretched&quot;}\">\n\t\t\t\t\t\t<div class=\"elementor-container elementor-column-gap-default\">\n\t\t\t\t\t<div class=\"elementor-column elementor-col-100 elementor-top-column elementor-element elementor-element-449599d\" data-id=\"449599d\" data-element_type=\"column\" data-e-type=\"column\">\n\t\t\t<div class=\"elementor-widget-wrap elementor-element-populated\">\n\t\t\t\t\t\t<div class=\"elementor-element elementor-element-f8a0ded subtilines elementor-widget elementor-widget-text-editor\" data-id=\"f8a0ded\" data-element_type=\"widget\" data-e-type=\"widget\" data-widget_type=\"text-editor.default\">\n\t\t\t\t\t\t\t\t\t<p class=\"t1\">EKSKLUZIVNI HOTELI SA 4 ZVJEZDICE\n<\/p>\t\t\t\t\t\t\t\t<\/div>\n\t\t\t\t<div class=\"elementor-element elementor-element-c758a8f elementor-widget elementor-widget-heading\" data-id=\"c758a8f\" data-element_type=\"widget\" data-e-type=\"widget\" data-widget_type=\"heading.default\">\n\t\t\t\t\t<h2 class=\"elementor-heading-title elementor-size-default\">KOZMETI\u010cAR U HOTELSKOM WELLNESS CENTRU (\u017d\/M) <\/h2>\t\t\t\t<\/div>\n\t\t\t\t<section class=\"elementor-section elementor-inner-section elementor-element elementor-element-edef23a elementor-section-boxed elementor-section-height-default elementor-section-height-default\" data-id=\"edef23a\" data-element_type=\"section\" data-e-type=\"section\">\n\t\t\t\t\t\t<div class=\"elementor-container elementor-column-gap-default\">\n\t\t\t\t\t<div class=\"elementor-column elementor-col-50 elementor-inner-column elementor-element elementor-element-8f110d4\" data-id=\"8f110d4\" data-element_type=\"column\" data-e-type=\"column\">\n\t\t\t<div class=\"elementor-widget-wrap elementor-element-populated\">\n\t\t\t\t\t\t<div class=\"elementor-element elementor-element-83784bc elementor-widget elementor-widget-text-editor\" data-id=\"83784bc\" data-element_type=\"widget\" data-e-type=\"widget\" data-widget_type=\"text-editor.default\">\n\t\t\t\t\t\t\t\t\t<p>Tra\u017eite ugodnu radnu atmosferu, \u00a0timski rad i redovna primanja?\u00a0 Prijavite se na na\u0161 natje\u010daj za Kozmeti\u010dar u hotelskom wellness centru (\u017e\/m) Omi\u0161-Du\u0107e i postanite dio na\u0161eg uspjeha! Prijavu izvr\u0161ite putem online obrasca ili po\u0161aljite \u017eivotopis i molbu putem e-maila <a href=\"mailto:zaposljavanje@hotelplaza.hr\">zaposljavanje@hotelplaza.hr<\/a>.<\/p><p><strong>Mjesto rada:\u00a0<\/strong>DU\u0106E, SPLITSKO-DALMATINSKA \u017dUPANIJA<\/p><p><strong>Vrsta zaposlenja:<\/strong>\u00a0Na odre\u0111eno; sezonski<\/p><p><strong>Radno vrijeme:<\/strong>\u00a0Puno radno vrijeme<\/p><p><strong>Na\u010din rada:<\/strong><\/p><ul><li>Rad vikendom i praznikom<\/li><li>Smjena &#8211; poslijepodne<\/li><li>Smjena &#8211; prijepodne<\/li><\/ul><p><strong>Smje\u0161taj:\u00a0<\/strong>Nema smje\u0161taj<\/p><p><strong>Naknada za prijevoz:<\/strong>\u00a0U cijelosti<\/p><p><strong>Radno iskustvo:\u00a0<\/strong>1 godinu<\/p><p><strong>Ostale informacije:<\/strong><\/p><p>Spa &amp; Wellness centar HOTEL PLA\u017dA OMI\u0160 &amp; DU\u0106E\u00a0\u00a0svojim gostima nudi poseban i nezaboravan do\u017eivljaj u\u017eivanja i opu\u0161tanja.<br \/>Osoba ste koja je orijentirana na zdrav \u017eivot, vedri ste i nasmijani, imate smisao za organizaciju i upravljanje vremenom, skloni timskom radu? Dobrodo\u0161li u na\u0161 team Wellness Centra Bai Bien \ud83d\ude42<\/p><p><strong>Mjesto rada<\/strong>: Du\u0107e, Omi\u0161 &#8211; Hotel Pla\u017ea<\/p><p><strong>Vrsta zaposlenja<\/strong>: na odre\u0111eno, sezonski s mogu\u0107nosti stalnog zaposlenja i ugovora na neodre\u0111eno<\/p><p><strong>Planirani po\u010detak rada<\/strong>: 01.04.2025. ili po dogovoru &#8211;\u00a0 mogu\u0107nost stalnog zaposlenja<\/p><p><strong>Prvi ugovor do:\u00a0<\/strong>31.10.2025, sigurno produ\u017eenje ugovora najmanje do 05.01.2026<\/p>\t\t\t\t\t\t\t\t<\/div>\n\t\t\t\t\t<\/div>\n\t\t<\/div>\n\t\t\t\t<div class=\"elementor-column elementor-col-50 elementor-inner-column elementor-element elementor-element-fd6869e\" data-id=\"fd6869e\" data-element_type=\"column\" data-e-type=\"column\">\n\t\t\t<div class=\"elementor-widget-wrap elementor-element-populated\">\n\t\t\t\t\t\t<div class=\"elementor-element elementor-element-271ce8b elementor-widget elementor-widget-image\" data-id=\"271ce8b\" data-element_type=\"widget\" data-e-type=\"widget\" data-widget_type=\"image.default\">\n\t\t\t\t\t\t\t\t\t\t\t\t\t\t\t<img decoding=\"async\" src=\"https:\/\/www.hotelplaza.hr\/wp-content\/uploads\/elementor\/thumbs\/nas-tim-pjavw30qsgf8uhrzkl16lvzqkgs9tcdfupj6tfybgk.png\" title=\"nas-tim\" alt=\"nas-tim\" loading=\"lazy\" \/>\t\t\t\t\t\t\t\t\t\t\t\t\t\t\t<\/div>\n\t\t\t\t\t<\/div>\n\t\t<\/div>\n\t\t\t\t\t<\/div>\n\t\t<\/section>\n\t\t\t\t<section class=\"elementor-section elementor-inner-section elementor-element elementor-element-78e9754 elementor-section-boxed elementor-section-height-default elementor-section-height-default\" data-id=\"78e9754\" data-element_type=\"section\" data-e-type=\"section\">\n\t\t\t\t\t\t<div class=\"elementor-container elementor-column-gap-default\">\n\t\t\t\t\t<div class=\"elementor-column elementor-col-50 elementor-inner-column elementor-element elementor-element-3b1e74c\" data-id=\"3b1e74c\" data-element_type=\"column\" data-e-type=\"column\">\n\t\t\t<div class=\"elementor-widget-wrap elementor-element-populated\">\n\t\t\t\t\t\t<div class=\"elementor-element elementor-element-fa97ef7 elementor-widget elementor-widget-text-editor\" data-id=\"fa97ef7\" data-element_type=\"widget\" data-e-type=\"widget\" data-widget_type=\"text-editor.default\">\n\t\t\t\t\t\t\t\t\t<p><strong>Pogodnosti koje pru\u017eamo:<\/strong><\/p><ul><li>osiguran topli obrok<\/li><li>pla\u0107en puni iznos putnog\u00a0tro\u0161ka za zaposlenike koji imaju prebivali\u0161te\/boravi\u0161te izvan mjesta rada<\/li><li>mogu\u0107nost rada tijekom cijele godine<\/li><li>ulaganje u razvoj zaposlenika, mogu\u0107nost dobivanja nagrada i stimulativnih primanja<\/li><li>Nabavljamo radnu uniformu\/odje\u0107u za vas<\/li><li>Mogu\u0107nost dogovora o slobodnim danima, dodatnim poslovima uz dodatnu naknadu i sl.\u00a0<\/li><li>Mogu\u0107nost rada u smjenama, jutarnja i popodnevna smjena<\/li><li>Ispla\u0107ujemo dar djetetu u godi\u0161njem iznosu od 140,00 EUR po djetetu<\/li><li>Bo\u017ei\u0107nica za 2025. godinu iznosi 450,00 EUR po osobi<\/li><\/ul><p><strong>Va\u0161a zadu\u017eenja i odgovornosti:<\/strong><\/p><ul><li>pru\u017eanje izvrsne usluge i tretmana gostima (masa\u017ee, tretmani lica i tijela, depilacija, manikura\/pedikura) uz primjenu standardnih procedura rada<\/li><li>pru\u017eanje usluga tretmana uljep\u0161avanja \/ njega lica i tijela, masa\u017ea, \u00a0depilacija, manikura i pedikura\u00a0<\/li><li>davanje preporuke proizvoda ku\u0107ne njege nakon tretmana<\/li><li>pripremanje i poslu\u017eivanje pi\u0107a dobrodo\u0161lice, laganih zalogaja uz pi\u0107e i \u010daj<\/li><li>poticanje ponovnih rezervacijskih usluga<\/li><li>vo\u0111enje brige o higijeni i \u010disto\u0107i po najvi\u0161im standardima<\/li><li>srda\u010dno i ljubazno komuniciranje sa gostima<\/li><li>njegovanje timskog duha i me\u0111usobne podr\u0161ke<\/li><li>promoviranje te prodavanje usluga i proizvoda<\/li><li>provo\u0111enje aktivnosti u skladu sa zakonskim, internim propisima te standardnim procedurama rada i ciljevima<\/li><li>Ostali poslovi prema uputama voditelja Wellness centra<\/li><\/ul>\t\t\t\t\t\t\t\t<\/div>\n\t\t\t\t\t<\/div>\n\t\t<\/div>\n\t\t\t\t<div class=\"elementor-column elementor-col-50 elementor-inner-column elementor-element elementor-element-577d9f2\" data-id=\"577d9f2\" data-element_type=\"column\" data-e-type=\"column\">\n\t\t\t<div class=\"elementor-widget-wrap elementor-element-populated\">\n\t\t\t\t\t\t<div class=\"elementor-element elementor-element-4f85d1c elementor-widget elementor-widget-text-editor\" data-id=\"4f85d1c\" data-element_type=\"widget\" data-e-type=\"widget\" data-widget_type=\"text-editor.default\">\n\t\t\t\t\t\t\t\t\t<p><strong>Potrebne kvalifikacije i kompetencije:<\/strong><\/p><ul><li>\u00a0poznavanje rada na ra\u010dunalu<\/li><li>konstantno ulaganje i razvijanje u podru\u010dju rada<\/li><li>po\u017eeljno znanje barem 1 strana jezika po\u017eeljno engleski jezik<ul><li>dodatna prednost njema\u010dki jezik<\/li><\/ul><\/li><li>radno iskustvo na istim ili sli\u010dnim poslovima<\/li><li>pedantnost, sistemati\u010dnost i sklonost timskom radu<\/li><li>visoka razina odgovornosti u obavljanju radnih zadatak<\/li><\/ul><p><strong>Po\u017eeljne kvalifikacije i kompetencije:<\/strong><\/p><ul><li>iskustvo u radu na istim ili\u00a0sli\u010dnim poslovima<\/li><\/ul><p><strong>O\u010dekivana primanja<\/strong>: o\u010dekivane mjese\u010dne\u00a0isplate\u00a0od 1100 (zimsko razdoblje)-1450\u00a0EUR, sva primanja i isplate idu na va\u0161 teku\u0107i ra\u010dun. Svaki zaposlenik je gospodar svojih primanja. Primanja se mogu korigirati i dogovoriti ovisno o va\u0161em znanju, trudu i zalaganju kao i napredovanju.\u00a0<\/p><p>Ispla\u0107ujemo i primljene napojnice preko karti\u010dne naplate ili preko naplate ra\u010duna na sobu gostiju.<\/p><p>\u00a0<\/p><p><strong>Uvjeti rada:<\/strong><\/p><ul><li>Rad na puno radno vrijeme, do 8 sati dnevno<\/li><li>Slobodni dani i u sezoni<\/li><li>Rad u dnevnim jutarnjim i popodnevnima smjenama sukladno tjednom rasporedu rada i dogovoru s voditeljicom odjela. Potreban je rad vikendima i praznicima.<\/li><li>Mogu\u0107nost nagrade za rad, dar za djecu (do 140,00 EUR godi\u0161nje po djetetu)\u00a0i bo\u017ei\u010dnice (za 2025. 450,00 EUR po osobi)<\/li><\/ul>\t\t\t\t\t\t\t\t<\/div>\n\t\t\t\t\t<\/div>\n\t\t<\/div>\n\t\t\t\t\t<\/div>\n\t\t<\/section>\n\t\t\t\t<div class=\"elementor-element elementor-element-12e20a1 elementor-align-left elementor-widget elementor-widget-button\" data-id=\"12e20a1\" data-element_type=\"widget\" data-e-type=\"widget\" data-widget_type=\"button.default\">\n\t\t\t\t\t\t\t\t\t\t<a class=\"elementor-button elementor-button-link elementor-size-sm elementor-animation-hang\" href=\"https:\/\/www.hotelplaza.hr\/on-line-prijava\/\">\n\t\t\t\t\t\t<span class=\"elementor-button-content-wrapper\">\n\t\t\t\t\t\t\t\t\t<span class=\"elementor-button-text\">PRIJAVI SE<\/span>\n\t\t\t\t\t<\/span>\n\t\t\t\t\t<\/a>\n\t\t\t\t\t\t\t\t<\/div>\n\t\t\t\t\t<\/div>\n\t\t<\/div>\n\t\t\t\t\t<\/div>\n\t\t<\/section>\n\t\t\t\t<\/div>\n\t\t","protected":false},"excerpt":{"rendered":"<p>EKSKLUZIVNI HOTELI SA 4 ZVJEZDICE KOZMETI\u010cAR U HOTELSKOM WELLNESS CENTRU (\u017d\/M) Tra\u017eite ugodnu radnu atmosferu, \u00a0timski rad i redovna primanja?\u00a0 Prijavite se na na\u0161 natje\u010daj za Kozmeti\u010dar u hotelskom wellness centru (\u017e\/m) Omi\u0161-Du\u0107e i postanite dio na\u0161eg uspjeha! Prijavu izvr\u0161ite putem online obrasca ili po\u0161aljite \u017eivotopis i molbu putem e-maila zaposljavanje@hotelplaza.hr. Mjesto rada:\u00a0DU\u0106E, SPLITSKO-DALMATINSKA \u017dUPANIJA [&hellip;]<\/p>\n","protected":false},"author":1,"featured_media":0,"parent":0,"menu_order":0,"comment_status":"closed","ping_status":"closed","template":"","meta":{"rs_blank_template":"","rs_page_bg_color":"","slide_template_v7":"","site-sidebar-layout":"no-sidebar","site-content-layout":"page-builder","ast-site-content-layout":"full-width-container","site-content-style":"default","site-sidebar-style":"default","ast-global-header-display":"","ast-banner-title-visibility":"","ast-main-header-display":"","ast-hfb-above-header-display":"","ast-hfb-below-header-display":"","ast-hfb-mobile-header-display":"","site-post-title":"disabled","ast-breadcrumbs-content":"","ast-featured-img":"disabled","footer-sml-layout":"","ast-disable-related-posts":"","theme-transparent-header-meta":"","adv-header-id-meta":"","stick-header-meta":"","header-above-stick-meta":"","header-main-stick-meta":"","header-below-stick-meta":"","astra-migrate-meta-layouts":"set","ast-page-background-enabled":"default","ast-page-background-meta":{"desktop":{"background-color":"","background-image":"","background-repeat":"repeat","background-position":"center center","background-size":"auto","background-attachment":"scroll","background-type":"","background-media":"","overlay-type":"","overlay-color":"","overlay-opacity":"","overlay-gradient":""},"tablet":{"background-color":"","background-image":"","background-repeat":"repeat","background-position":"center center","background-size":"auto","background-attachment":"scroll","background-type":"","background-media":"","overlay-type":"","overlay-color":"","overlay-opacity":"","overlay-gradient":""},"mobile":{"background-color":"","background-image":"","background-repeat":"repeat","background-position":"center center","background-size":"auto","background-attachment":"scroll","background-type":"","background-media":"","overlay-type":"","overlay-color":"","overlay-opacity":"","overlay-gradient":""}},"ast-content-background-meta":{"desktop":{"background-color":"var(--ast-global-color-5)","background-image":"","background-repeat":"repeat","background-position":"center center","background-size":"auto","background-attachment":"scroll","background-type":"","background-media":"","overlay-type":"","overlay-color":"","overlay-opacity":"","overlay-gradient":""},"tablet":{"background-color":"var(--ast-global-color-5)","background-image":"","background-repeat":"repeat","background-position":"center center","background-size":"auto","background-attachment":"scroll","background-type":"","background-media":"","overlay-type":"","overlay-color":"","overlay-opacity":"","overlay-gradient":""},"mobile":{"background-color":"var(--ast-global-color-5)","background-image":"","background-repeat":"repeat","background-position":"center center","background-size":"auto","background-attachment":"scroll","background-type":"","background-media":"","overlay-type":"","overlay-color":"","overlay-opacity":"","overlay-gradient":""}},"footnotes":""},"class_list":["post-25150","page","type-page","status-publish","hentry"],"yoast_head":"<!-- This site is optimized with the Yoast SEO plugin v27.4 - https:\/\/yoast.com\/product\/yoast-seo-wordpress\/ -->\n<title>KOZMETI\u010cAR - Hotel Plaza<\/title>\n<meta name=\"robots\" content=\"index, follow, max-snippet:-1, max-image-preview:large, max-video-preview:-1\" \/>\n<link rel=\"canonical\" href=\"https:\/\/www.hotelplaza.hr\/hr\/kozmeticar\/\" \/>\n<meta property=\"og:locale\" content=\"hr_HR\" \/>\n<meta property=\"og:type\" content=\"article\" \/>\n<meta property=\"og:title\" content=\"KOZMETI\u010cAR - Hotel Plaza\" \/>\n<meta property=\"og:description\" content=\"EKSKLUZIVNI HOTELI SA 4 ZVJEZDICE KOZMETI\u010cAR U HOTELSKOM WELLNESS CENTRU (\u017d\/M) Tra\u017eite ugodnu radnu atmosferu, \u00a0timski rad i redovna primanja?\u00a0 Prijavite se na na\u0161 natje\u010daj za Kozmeti\u010dar u hotelskom wellness centru (\u017e\/m) Omi\u0161-Du\u0107e i postanite dio na\u0161eg uspjeha! Prijavu izvr\u0161ite putem online obrasca ili po\u0161aljite \u017eivotopis i molbu putem e-maila zaposljavanje@hotelplaza.hr. Mjesto rada:\u00a0DU\u0106E, SPLITSKO-DALMATINSKA \u017dUPANIJA [&hellip;]\" \/>\n<meta property=\"og:url\" content=\"https:\/\/www.hotelplaza.hr\/hr\/kozmeticar\/\" \/>\n<meta property=\"og:site_name\" content=\"Hotel Plaza\" \/>\n<meta property=\"article:modified_time\" content=\"2025-04-16T15:44:05+00:00\" \/>\n<meta property=\"og:image\" content=\"https:\/\/www.hotelplaza.hr\/wp-content\/uploads\/2021\/02\/hotel-plaza-karijera-1.jpg\" \/>\n\t<meta property=\"og:image:width\" content=\"1920\" \/>\n\t<meta property=\"og:image:height\" content=\"1282\" \/>\n\t<meta property=\"og:image:type\" content=\"image\/jpeg\" \/>\n<meta name=\"twitter:card\" content=\"summary_large_image\" \/>\n<meta name=\"twitter:label1\" content=\"Procijenjeno vrijeme \u010ditanja\" \/>\n\t<meta name=\"twitter:data1\" content=\"4 minute\" \/>\n<script type=\"application\/ld+json\" class=\"yoast-schema-graph\">{\"@context\":\"https:\\\/\\\/schema.org\",\"@graph\":[{\"@type\":\"WebPage\",\"@id\":\"https:\\\/\\\/www.hotelplaza.hr\\\/hr\\\/kozmeticar\\\/\",\"url\":\"https:\\\/\\\/www.hotelplaza.hr\\\/hr\\\/kozmeticar\\\/\",\"name\":\"KOZMETI\u010cAR - Hotel Plaza\",\"isPartOf\":{\"@id\":\"https:\\\/\\\/www.hotelplaza.hr\\\/hr\\\/#website\"},\"primaryImageOfPage\":{\"@id\":\"https:\\\/\\\/www.hotelplaza.hr\\\/hr\\\/kozmeticar\\\/#primaryimage\"},\"image\":{\"@id\":\"https:\\\/\\\/www.hotelplaza.hr\\\/hr\\\/kozmeticar\\\/#primaryimage\"},\"thumbnailUrl\":\"https:\\\/\\\/www.hotelplaza.hr\\\/wp-content\\\/uploads\\\/2021\\\/02\\\/hotel-plaza-karijera-1-1024x684.jpg\",\"datePublished\":\"2025-04-16T15:27:12+00:00\",\"dateModified\":\"2025-04-16T15:44:05+00:00\",\"breadcrumb\":{\"@id\":\"https:\\\/\\\/www.hotelplaza.hr\\\/hr\\\/kozmeticar\\\/#breadcrumb\"},\"inLanguage\":\"hr\",\"potentialAction\":[{\"@type\":\"ReadAction\",\"target\":[\"https:\\\/\\\/www.hotelplaza.hr\\\/hr\\\/kozmeticar\\\/\"]}]},{\"@type\":\"ImageObject\",\"inLanguage\":\"hr\",\"@id\":\"https:\\\/\\\/www.hotelplaza.hr\\\/hr\\\/kozmeticar\\\/#primaryimage\",\"url\":\"https:\\\/\\\/www.hotelplaza.hr\\\/wp-content\\\/uploads\\\/2021\\\/02\\\/hotel-plaza-karijera-1-1024x684.jpg\",\"contentUrl\":\"https:\\\/\\\/www.hotelplaza.hr\\\/wp-content\\\/uploads\\\/2021\\\/02\\\/hotel-plaza-karijera-1-1024x684.jpg\"},{\"@type\":\"BreadcrumbList\",\"@id\":\"https:\\\/\\\/www.hotelplaza.hr\\\/hr\\\/kozmeticar\\\/#breadcrumb\",\"itemListElement\":[{\"@type\":\"ListItem\",\"position\":1,\"name\":\"Po\u010detna stranica\",\"item\":\"https:\\\/\\\/www.hotelplaza.hr\\\/hr\\\/\"},{\"@type\":\"ListItem\",\"position\":2,\"name\":\"KOZMETI\u010cAR\"}]},{\"@type\":\"WebSite\",\"@id\":\"https:\\\/\\\/www.hotelplaza.hr\\\/hr\\\/#website\",\"url\":\"https:\\\/\\\/www.hotelplaza.hr\\\/hr\\\/\",\"name\":\"Hotel Plaza\",\"description\":\"Hotel\",\"potentialAction\":[{\"@type\":\"SearchAction\",\"target\":{\"@type\":\"EntryPoint\",\"urlTemplate\":\"https:\\\/\\\/www.hotelplaza.hr\\\/hr\\\/?s={search_term_string}\"},\"query-input\":{\"@type\":\"PropertyValueSpecification\",\"valueRequired\":true,\"valueName\":\"search_term_string\"}}],\"inLanguage\":\"hr\"}]}<\/script>\n<!-- \/ Yoast SEO plugin. -->","yoast_head_json":{"title":"KOZMETI\u010cAR - Hotel Plaza","robots":{"index":"index","follow":"follow","max-snippet":"max-snippet:-1","max-image-preview":"max-image-preview:large","max-video-preview":"max-video-preview:-1"},"canonical":"https:\/\/www.hotelplaza.hr\/hr\/kozmeticar\/","og_locale":"hr_HR","og_type":"article","og_title":"KOZMETI\u010cAR - Hotel Plaza","og_description":"EKSKLUZIVNI HOTELI SA 4 ZVJEZDICE KOZMETI\u010cAR U HOTELSKOM WELLNESS CENTRU (\u017d\/M) Tra\u017eite ugodnu radnu atmosferu, \u00a0timski rad i redovna primanja?\u00a0 Prijavite se na na\u0161 natje\u010daj za Kozmeti\u010dar u hotelskom wellness centru (\u017e\/m) Omi\u0161-Du\u0107e i postanite dio na\u0161eg uspjeha! Prijavu izvr\u0161ite putem online obrasca ili po\u0161aljite \u017eivotopis i molbu putem e-maila zaposljavanje@hotelplaza.hr. Mjesto rada:\u00a0DU\u0106E, SPLITSKO-DALMATINSKA \u017dUPANIJA [&hellip;]","og_url":"https:\/\/www.hotelplaza.hr\/hr\/kozmeticar\/","og_site_name":"Hotel Plaza","article_modified_time":"2025-04-16T15:44:05+00:00","og_image":[{"width":1920,"height":1282,"url":"https:\/\/www.hotelplaza.hr\/wp-content\/uploads\/2021\/02\/hotel-plaza-karijera-1.jpg","type":"image\/jpeg"}],"twitter_card":"summary_large_image","twitter_misc":{"Procijenjeno vrijeme \u010ditanja":"4 minute"},"schema":{"@context":"https:\/\/schema.org","@graph":[{"@type":"WebPage","@id":"https:\/\/www.hotelplaza.hr\/hr\/kozmeticar\/","url":"https:\/\/www.hotelplaza.hr\/hr\/kozmeticar\/","name":"KOZMETI\u010cAR - Hotel Plaza","isPartOf":{"@id":"https:\/\/www.hotelplaza.hr\/hr\/#website"},"primaryImageOfPage":{"@id":"https:\/\/www.hotelplaza.hr\/hr\/kozmeticar\/#primaryimage"},"image":{"@id":"https:\/\/www.hotelplaza.hr\/hr\/kozmeticar\/#primaryimage"},"thumbnailUrl":"https:\/\/www.hotelplaza.hr\/wp-content\/uploads\/2021\/02\/hotel-plaza-karijera-1-1024x684.jpg","datePublished":"2025-04-16T15:27:12+00:00","dateModified":"2025-04-16T15:44:05+00:00","breadcrumb":{"@id":"https:\/\/www.hotelplaza.hr\/hr\/kozmeticar\/#breadcrumb"},"inLanguage":"hr","potentialAction":[{"@type":"ReadAction","target":["https:\/\/www.hotelplaza.hr\/hr\/kozmeticar\/"]}]},{"@type":"ImageObject","inLanguage":"hr","@id":"https:\/\/www.hotelplaza.hr\/hr\/kozmeticar\/#primaryimage","url":"https:\/\/www.hotelplaza.hr\/wp-content\/uploads\/2021\/02\/hotel-plaza-karijera-1-1024x684.jpg","contentUrl":"https:\/\/www.hotelplaza.hr\/wp-content\/uploads\/2021\/02\/hotel-plaza-karijera-1-1024x684.jpg"},{"@type":"BreadcrumbList","@id":"https:\/\/www.hotelplaza.hr\/hr\/kozmeticar\/#breadcrumb","itemListElement":[{"@type":"ListItem","position":1,"name":"Po\u010detna stranica","item":"https:\/\/www.hotelplaza.hr\/hr\/"},{"@type":"ListItem","position":2,"name":"KOZMETI\u010cAR"}]},{"@type":"WebSite","@id":"https:\/\/www.hotelplaza.hr\/hr\/#website","url":"https:\/\/www.hotelplaza.hr\/hr\/","name":"Hotel Plaza","description":"Hotel","potentialAction":[{"@type":"SearchAction","target":{"@type":"EntryPoint","urlTemplate":"https:\/\/www.hotelplaza.hr\/hr\/?s={search_term_string}"},"query-input":{"@type":"PropertyValueSpecification","valueRequired":true,"valueName":"search_term_string"}}],"inLanguage":"hr"}]}},"_links":{"self":[{"href":"https:\/\/www.hotelplaza.hr\/hr\/wp-json\/wp\/v2\/pages\/25150","targetHints":{"allow":["GET"]}}],"collection":[{"href":"https:\/\/www.hotelplaza.hr\/hr\/wp-json\/wp\/v2\/pages"}],"about":[{"href":"https:\/\/www.hotelplaza.hr\/hr\/wp-json\/wp\/v2\/types\/page"}],"author":[{"embeddable":true,"href":"https:\/\/www.hotelplaza.hr\/hr\/wp-json\/wp\/v2\/users\/1"}],"replies":[{"embeddable":true,"href":"https:\/\/www.hotelplaza.hr\/hr\/wp-json\/wp\/v2\/comments?post=25150"}],"version-history":[{"count":5,"href":"https:\/\/www.hotelplaza.hr\/hr\/wp-json\/wp\/v2\/pages\/25150\/revisions"}],"predecessor-version":[{"id":25181,"href":"https:\/\/www.hotelplaza.hr\/hr\/wp-json\/wp\/v2\/pages\/25150\/revisions\/25181"}],"wp:attachment":[{"href":"https:\/\/www.hotelplaza.hr\/hr\/wp-json\/wp\/v2\/media?parent=25150"}],"curies":[{"name":"wp","href":"https:\/\/api.w.org\/{rel}","templated":true}]}}