{"id":12921,"date":"2022-01-24T18:11:42","date_gmt":"2022-01-24T18:11:42","guid":{"rendered":"https:\/\/www.hotelplaza.hr\/?page_id=12921"},"modified":"2022-01-24T18:11:42","modified_gmt":"2022-01-24T18:11:42","slug":"elektromos-jarmuvek-toltoallomasa","status":"publish","type":"page","link":"https:\/\/www.hotelplaza.hr\/hu\/elektromos-jarmuvek-toltoallomasa\/","title":{"rendered":"Elektromos j\u00e1rm\u0171vek t\u00f6lt\u0151\u00e1llom\u00e1sa"},"content":{"rendered":"\t\t<div data-elementor-type=\"wp-page\" data-elementor-id=\"12921\" class=\"elementor elementor-12921 elementor-1492\" data-elementor-post-type=\"page\">\n\t\t\t\t\t\t<section class=\"elementor-section elementor-top-section elementor-element elementor-element-31e50d0 elementor-section-full_width elementor-section-height-min-height elementor-section-stretched elementor-section-height-default elementor-section-items-middle\" data-id=\"31e50d0\" data-element_type=\"section\" data-e-type=\"section\" data-settings=\"{&quot;stretch_section&quot;:&quot;section-stretched&quot;,&quot;background_background&quot;:&quot;classic&quot;}\">\n\t\t\t\t\t\t<div class=\"elementor-container elementor-column-gap-default\">\n\t\t\t\t\t<div class=\"elementor-column elementor-col-100 elementor-top-column elementor-element elementor-element-7f5ccb9\" data-id=\"7f5ccb9\" data-element_type=\"column\" data-e-type=\"column\">\n\t\t\t<div class=\"elementor-widget-wrap\">\n\t\t\t\t\t\t\t<\/div>\n\t\t<\/div>\n\t\t\t\t\t<\/div>\n\t\t<\/section>\n\t\t\t\t<section class=\"elementor-section elementor-top-section elementor-element elementor-element-9398b38 elementor-section-stretched elementor-section-boxed elementor-section-height-default elementor-section-height-default\" data-id=\"9398b38\" data-element_type=\"section\" data-e-type=\"section\" data-settings=\"{&quot;background_background&quot;:&quot;classic&quot;,&quot;stretch_section&quot;:&quot;section-stretched&quot;}\">\n\t\t\t\t\t\t<div class=\"elementor-container elementor-column-gap-default\">\n\t\t\t\t\t<div class=\"elementor-column elementor-col-100 elementor-top-column elementor-element elementor-element-e0ce22b\" data-id=\"e0ce22b\" data-element_type=\"column\" data-e-type=\"column\">\n\t\t\t<div class=\"elementor-widget-wrap elementor-element-populated\">\n\t\t\t\t\t\t<div class=\"elementor-element elementor-element-336a588 subtilines elementor-widget elementor-widget-text-editor\" data-id=\"336a588\" data-element_type=\"widget\" data-e-type=\"widget\" data-widget_type=\"text-editor.default\">\n\t\t\t\t\t\t\t\t\t<p class=\"t1\">EXKLUZ\u00cdV 4 CSILLAGOS SZ\u00c1LLOD\u00c1K<\/p>\t\t\t\t\t\t\t\t<\/div>\n\t\t\t\t<div class=\"elementor-element elementor-element-b43de2c elementor-widget elementor-widget-heading\" data-id=\"b43de2c\" data-element_type=\"widget\" data-e-type=\"widget\" data-widget_type=\"heading.default\">\n\t\t\t\t\t<h2 class=\"elementor-heading-title elementor-size-default\">Elektromos j\u00e1rm\u0171vek t\u00f6lt\u0151\u00e1llom\u00e1sa<\/h2>\t\t\t\t<\/div>\n\t\t\t\t<div class=\"elementor-element elementor-element-fa34f6f elementor-widget elementor-widget-text-editor\" data-id=\"fa34f6f\" data-element_type=\"widget\" data-e-type=\"widget\" data-widget_type=\"text-editor.default\">\n\t\t\t\t\t\t\t\t\t<p>Az \u00f6kol\u00f3giatudatoss\u00e1g fejl\u0151d\u00e9s\u00e9nek, valamint az \u00fczleti tev\u00e9kenys\u00e9g\u00fcnk az energia-megtakar\u00edt\u00e1s \u00e9s a fenntarthat\u00f3 fejl\u0151d\u00e9s meger\u0151s\u00edt\u00e9s\u00e9re ir\u00e1nyul\u00f3 \u00f6sszehangol\u00e1s\u00e1nak megfelel\u0151en, Pla\u017ea Du\u0107e sz\u00e1lloda rendelkez\u00e9s\u00e9re \u00e1ll egy elektromos aut\u00f3k t\u00f6lt\u0151\u00e1llom\u00e1sa.<\/p><p>A tan\u00fas\u00edtott Ducati Energia t\u00f6lt\u0151\u00e1llom\u00e1s k\u00e9t j\u00e1rm\u0171vet k\u00e9pes egyszerre t\u00f6lteni 24 kW \u00e9s 32 kW \/ h teljes\u00edtm\u00e9nnyel. A t\u00f6lt\u0151\u00e1llom\u00e1s vend\u00e9geink sz\u00e1m\u00e1ra teljesen ingyenes.<\/p>\t\t\t\t\t\t\t\t<\/div>\n\t\t\t\t\t<\/div>\n\t\t<\/div>\n\t\t\t\t\t<\/div>\n\t\t<\/section>\n\t\t\t\t<\/div>\n\t\t","protected":false},"excerpt":{"rendered":"<p>EXKLUZ\u00cdV 4 CSILLAGOS SZ\u00c1LLOD\u00c1K Elektromos j\u00e1rm\u0171vek t\u00f6lt\u0151\u00e1llom\u00e1sa Az \u00f6kol\u00f3giatudatoss\u00e1g fejl\u0151d\u00e9s\u00e9nek, valamint az \u00fczleti tev\u00e9kenys\u00e9g\u00fcnk az energia-megtakar\u00edt\u00e1s \u00e9s a fenntarthat\u00f3 fejl\u0151d\u00e9s meger\u0151s\u00edt\u00e9s\u00e9re ir\u00e1nyul\u00f3 \u00f6sszehangol\u00e1s\u00e1nak megfelel\u0151en, Pla\u017ea Du\u0107e sz\u00e1lloda rendelkez\u00e9s\u00e9re \u00e1ll egy elektromos aut\u00f3k t\u00f6lt\u0151\u00e1llom\u00e1sa. A tan\u00fas\u00edtott Ducati Energia t\u00f6lt\u0151\u00e1llom\u00e1s k\u00e9t j\u00e1rm\u0171vet k\u00e9pes egyszerre t\u00f6lteni 24 kW \u00e9s 32 kW \/ h teljes\u00edtm\u00e9nnyel. A t\u00f6lt\u0151\u00e1llom\u00e1s vend\u00e9geink sz\u00e1m\u00e1ra [&hellip;]<\/p>\n","protected":false},"author":1,"featured_media":0,"parent":0,"menu_order":0,"comment_status":"closed","ping_status":"closed","template":"","meta":{"rs_blank_template":"","rs_page_bg_color":"","slide_template_v7":"","site-sidebar-layout":"no-sidebar","site-content-layout":"content-boxed-container","ast-site-content-layout":"default","site-content-style":"default","site-sidebar-style":"default","ast-global-header-display":"","ast-banner-title-visibility":"","ast-main-header-display":"disabled","ast-hfb-above-header-display":"","ast-hfb-below-header-display":"","ast-hfb-mobile-header-display":"","site-post-title":"disabled","ast-breadcrumbs-content":"disabled","ast-featured-img":"disabled","footer-sml-layout":"disabled","ast-disable-related-posts":"","theme-transparent-header-meta":"enabled","adv-header-id-meta":"","stick-header-meta":"","header-above-stick-meta":"","header-main-stick-meta":"","header-below-stick-meta":"","astra-migrate-meta-layouts":"default","ast-page-background-enabled":"default","ast-page-background-meta":{"desktop":{"background-color":"","background-image":"","background-repeat":"repeat","background-position":"center center","background-size":"auto","background-attachment":"scroll","background-type":"","background-media":"","overlay-type":"","overlay-color":"","overlay-opacity":"","overlay-gradient":""},"tablet":{"background-color":"","background-image":"","background-repeat":"repeat","background-position":"center center","background-size":"auto","background-attachment":"scroll","background-type":"","background-media":"","overlay-type":"","overlay-color":"","overlay-opacity":"","overlay-gradient":""},"mobile":{"background-color":"","background-image":"","background-repeat":"repeat","background-position":"center center","background-size":"auto","background-attachment":"scroll","background-type":"","background-media":"","overlay-type":"","overlay-color":"","overlay-opacity":"","overlay-gradient":""}},"ast-content-background-meta":{"desktop":{"background-color":"var(--ast-global-color-5)","background-image":"","background-repeat":"repeat","background-position":"center center","background-size":"auto","background-attachment":"scroll","background-type":"","background-media":"","overlay-type":"","overlay-color":"","overlay-opacity":"","overlay-gradient":""},"tablet":{"background-color":"var(--ast-global-color-5)","background-image":"","background-repeat":"repeat","background-position":"center center","background-size":"auto","background-attachment":"scroll","background-type":"","background-media":"","overlay-type":"","overlay-color":"","overlay-opacity":"","overlay-gradient":""},"mobile":{"background-color":"var(--ast-global-color-5)","background-image":"","background-repeat":"repeat","background-position":"center center","background-size":"auto","background-attachment":"scroll","background-type":"","background-media":"","overlay-type":"","overlay-color":"","overlay-opacity":"","overlay-gradient":""}},"footnotes":""},"class_list":["post-12921","page","type-page","status-publish","hentry"],"yoast_head":"<!-- This site is optimized with the Yoast SEO plugin v27.4 - https:\/\/yoast.com\/product\/yoast-seo-wordpress\/ -->\n<title>Elektromos j\u00e1rm\u0171vek t\u00f6lt\u0151\u00e1llom\u00e1sa - Hotel Plaza<\/title>\n<meta name=\"robots\" content=\"index, follow, max-snippet:-1, max-image-preview:large, max-video-preview:-1\" \/>\n<link rel=\"canonical\" href=\"https:\/\/www.hotelplaza.hr\/hu\/elektromos-jarmuvek-toltoallomasa\/\" \/>\n<meta property=\"og:locale\" content=\"hu_HU\" \/>\n<meta property=\"og:type\" content=\"article\" \/>\n<meta property=\"og:title\" content=\"Elektromos j\u00e1rm\u0171vek t\u00f6lt\u0151\u00e1llom\u00e1sa - Hotel Plaza\" \/>\n<meta property=\"og:description\" content=\"EXKLUZ\u00cdV 4 CSILLAGOS SZ\u00c1LLOD\u00c1K Elektromos j\u00e1rm\u0171vek t\u00f6lt\u0151\u00e1llom\u00e1sa Az \u00f6kol\u00f3giatudatoss\u00e1g fejl\u0151d\u00e9s\u00e9nek, valamint az \u00fczleti tev\u00e9kenys\u00e9g\u00fcnk az energia-megtakar\u00edt\u00e1s \u00e9s a fenntarthat\u00f3 fejl\u0151d\u00e9s meger\u0151s\u00edt\u00e9s\u00e9re ir\u00e1nyul\u00f3 \u00f6sszehangol\u00e1s\u00e1nak megfelel\u0151en, Pla\u017ea Du\u0107e sz\u00e1lloda rendelkez\u00e9s\u00e9re \u00e1ll egy elektromos aut\u00f3k t\u00f6lt\u0151\u00e1llom\u00e1sa. A tan\u00fas\u00edtott Ducati Energia t\u00f6lt\u0151\u00e1llom\u00e1s k\u00e9t j\u00e1rm\u0171vet k\u00e9pes egyszerre t\u00f6lteni 24 kW \u00e9s 32 kW \/ h teljes\u00edtm\u00e9nnyel. A t\u00f6lt\u0151\u00e1llom\u00e1s vend\u00e9geink sz\u00e1m\u00e1ra [&hellip;]\" \/>\n<meta property=\"og:url\" content=\"https:\/\/www.hotelplaza.hr\/hu\/elektromos-jarmuvek-toltoallomasa\/\" \/>\n<meta property=\"og:site_name\" content=\"Hotel Plaza\" \/>\n<meta name=\"twitter:card\" content=\"summary_large_image\" \/>\n<meta name=\"twitter:label1\" content=\"Becs\u00fclt olvas\u00e1si id\u0151\" \/>\n\t<meta name=\"twitter:data1\" content=\"1 perc\" \/>\n<script type=\"application\/ld+json\" class=\"yoast-schema-graph\">{\"@context\":\"https:\\\/\\\/schema.org\",\"@graph\":[{\"@type\":\"WebPage\",\"@id\":\"https:\\\/\\\/www.hotelplaza.hr\\\/hu\\\/elektromos-jarmuvek-toltoallomasa\\\/\",\"url\":\"https:\\\/\\\/www.hotelplaza.hr\\\/hu\\\/elektromos-jarmuvek-toltoallomasa\\\/\",\"name\":\"Elektromos j\u00e1rm\u0171vek t\u00f6lt\u0151\u00e1llom\u00e1sa - Hotel Plaza\",\"isPartOf\":{\"@id\":\"https:\\\/\\\/www.hotelplaza.hr\\\/hu\\\/#website\"},\"datePublished\":\"2022-01-24T18:11:42+00:00\",\"breadcrumb\":{\"@id\":\"https:\\\/\\\/www.hotelplaza.hr\\\/hu\\\/elektromos-jarmuvek-toltoallomasa\\\/#breadcrumb\"},\"inLanguage\":\"hu\",\"potentialAction\":[{\"@type\":\"ReadAction\",\"target\":[\"https:\\\/\\\/www.hotelplaza.hr\\\/hu\\\/elektromos-jarmuvek-toltoallomasa\\\/\"]}]},{\"@type\":\"BreadcrumbList\",\"@id\":\"https:\\\/\\\/www.hotelplaza.hr\\\/hu\\\/elektromos-jarmuvek-toltoallomasa\\\/#breadcrumb\",\"itemListElement\":[{\"@type\":\"ListItem\",\"position\":1,\"name\":\"Po\u010detna stranica\",\"item\":\"https:\\\/\\\/www.hotelplaza.hr\\\/hu\\\/\"},{\"@type\":\"ListItem\",\"position\":2,\"name\":\"Elektromos j\u00e1rm\u0171vek t\u00f6lt\u0151\u00e1llom\u00e1sa\"}]},{\"@type\":\"WebSite\",\"@id\":\"https:\\\/\\\/www.hotelplaza.hr\\\/hu\\\/#website\",\"url\":\"https:\\\/\\\/www.hotelplaza.hr\\\/hu\\\/\",\"name\":\"Hotel Plaza\",\"description\":\"Hotel\",\"potentialAction\":[{\"@type\":\"SearchAction\",\"target\":{\"@type\":\"EntryPoint\",\"urlTemplate\":\"https:\\\/\\\/www.hotelplaza.hr\\\/hu\\\/?s={search_term_string}\"},\"query-input\":{\"@type\":\"PropertyValueSpecification\",\"valueRequired\":true,\"valueName\":\"search_term_string\"}}],\"inLanguage\":\"hu\"}]}<\/script>\n<!-- \/ Yoast SEO plugin. -->","yoast_head_json":{"title":"Elektromos j\u00e1rm\u0171vek t\u00f6lt\u0151\u00e1llom\u00e1sa - Hotel Plaza","robots":{"index":"index","follow":"follow","max-snippet":"max-snippet:-1","max-image-preview":"max-image-preview:large","max-video-preview":"max-video-preview:-1"},"canonical":"https:\/\/www.hotelplaza.hr\/hu\/elektromos-jarmuvek-toltoallomasa\/","og_locale":"hu_HU","og_type":"article","og_title":"Elektromos j\u00e1rm\u0171vek t\u00f6lt\u0151\u00e1llom\u00e1sa - Hotel Plaza","og_description":"EXKLUZ\u00cdV 4 CSILLAGOS SZ\u00c1LLOD\u00c1K Elektromos j\u00e1rm\u0171vek t\u00f6lt\u0151\u00e1llom\u00e1sa Az \u00f6kol\u00f3giatudatoss\u00e1g fejl\u0151d\u00e9s\u00e9nek, valamint az \u00fczleti tev\u00e9kenys\u00e9g\u00fcnk az energia-megtakar\u00edt\u00e1s \u00e9s a fenntarthat\u00f3 fejl\u0151d\u00e9s meger\u0151s\u00edt\u00e9s\u00e9re ir\u00e1nyul\u00f3 \u00f6sszehangol\u00e1s\u00e1nak megfelel\u0151en, Pla\u017ea Du\u0107e sz\u00e1lloda rendelkez\u00e9s\u00e9re \u00e1ll egy elektromos aut\u00f3k t\u00f6lt\u0151\u00e1llom\u00e1sa. A tan\u00fas\u00edtott Ducati Energia t\u00f6lt\u0151\u00e1llom\u00e1s k\u00e9t j\u00e1rm\u0171vet k\u00e9pes egyszerre t\u00f6lteni 24 kW \u00e9s 32 kW \/ h teljes\u00edtm\u00e9nnyel. A t\u00f6lt\u0151\u00e1llom\u00e1s vend\u00e9geink sz\u00e1m\u00e1ra [&hellip;]","og_url":"https:\/\/www.hotelplaza.hr\/hu\/elektromos-jarmuvek-toltoallomasa\/","og_site_name":"Hotel Plaza","twitter_card":"summary_large_image","twitter_misc":{"Becs\u00fclt olvas\u00e1si id\u0151":"1 perc"},"schema":{"@context":"https:\/\/schema.org","@graph":[{"@type":"WebPage","@id":"https:\/\/www.hotelplaza.hr\/hu\/elektromos-jarmuvek-toltoallomasa\/","url":"https:\/\/www.hotelplaza.hr\/hu\/elektromos-jarmuvek-toltoallomasa\/","name":"Elektromos j\u00e1rm\u0171vek t\u00f6lt\u0151\u00e1llom\u00e1sa - Hotel Plaza","isPartOf":{"@id":"https:\/\/www.hotelplaza.hr\/hu\/#website"},"datePublished":"2022-01-24T18:11:42+00:00","breadcrumb":{"@id":"https:\/\/www.hotelplaza.hr\/hu\/elektromos-jarmuvek-toltoallomasa\/#breadcrumb"},"inLanguage":"hu","potentialAction":[{"@type":"ReadAction","target":["https:\/\/www.hotelplaza.hr\/hu\/elektromos-jarmuvek-toltoallomasa\/"]}]},{"@type":"BreadcrumbList","@id":"https:\/\/www.hotelplaza.hr\/hu\/elektromos-jarmuvek-toltoallomasa\/#breadcrumb","itemListElement":[{"@type":"ListItem","position":1,"name":"Po\u010detna stranica","item":"https:\/\/www.hotelplaza.hr\/hu\/"},{"@type":"ListItem","position":2,"name":"Elektromos j\u00e1rm\u0171vek t\u00f6lt\u0151\u00e1llom\u00e1sa"}]},{"@type":"WebSite","@id":"https:\/\/www.hotelplaza.hr\/hu\/#website","url":"https:\/\/www.hotelplaza.hr\/hu\/","name":"Hotel Plaza","description":"Hotel","potentialAction":[{"@type":"SearchAction","target":{"@type":"EntryPoint","urlTemplate":"https:\/\/www.hotelplaza.hr\/hu\/?s={search_term_string}"},"query-input":{"@type":"PropertyValueSpecification","valueRequired":true,"valueName":"search_term_string"}}],"inLanguage":"hu"}]}},"_links":{"self":[{"href":"https:\/\/www.hotelplaza.hr\/hu\/wp-json\/wp\/v2\/pages\/12921","targetHints":{"allow":["GET"]}}],"collection":[{"href":"https:\/\/www.hotelplaza.hr\/hu\/wp-json\/wp\/v2\/pages"}],"about":[{"href":"https:\/\/www.hotelplaza.hr\/hu\/wp-json\/wp\/v2\/types\/page"}],"author":[{"embeddable":true,"href":"https:\/\/www.hotelplaza.hr\/hu\/wp-json\/wp\/v2\/users\/1"}],"replies":[{"embeddable":true,"href":"https:\/\/www.hotelplaza.hr\/hu\/wp-json\/wp\/v2\/comments?post=12921"}],"version-history":[{"count":5,"href":"https:\/\/www.hotelplaza.hr\/hu\/wp-json\/wp\/v2\/pages\/12921\/revisions"}],"predecessor-version":[{"id":14345,"href":"https:\/\/www.hotelplaza.hr\/hu\/wp-json\/wp\/v2\/pages\/12921\/revisions\/14345"}],"wp:attachment":[{"href":"https:\/\/www.hotelplaza.hr\/hu\/wp-json\/wp\/v2\/media?parent=12921"}],"curies":[{"name":"wp","href":"https:\/\/api.w.org\/{rel}","templated":true}]}}