{"id":13164,"date":"2022-01-24T18:11:40","date_gmt":"2022-01-24T18:11:40","guid":{"rendered":"https:\/\/www.hotelplaza.hr\/?page_id=13164"},"modified":"2022-01-24T18:11:40","modified_gmt":"2022-01-24T18:11:40","slug":"covid-19","status":"publish","type":"page","link":"https:\/\/www.hotelplaza.hr\/hu\/covid-19\/","title":{"rendered":"Covid-19"},"content":{"rendered":"<p>T\u00f6lts\u00f6n gondtalan vak\u00e1ci\u00f3t a Hotel Pla\u017ea Du\u0107e-ban<\/p>\n<p>Kedves vend\u00e9geink! Legf\u0151bb k\u00fcldet\u00e9s\u00fcnk ezekben az id\u0151kben az, hogy vigy\u00e1zzunk \u00d6nre, az eg\u00e9szs\u00e9g\u00e9re, \u00e9s felel\u0151ss\u00e9gteljes rendelkez\u00e9seket \u00e9s int\u00e9zked\u00e9seket tegy\u00fcnk a COVID-19 v\u00edrus terjed\u00e9s\u00e9nek megakad\u00e1lyoz\u00e1s\u00e1ra, annak \u00e9rdek\u00e9ben, hogy megfelel\u0151 v\u00e9delmet ny\u00fajtsunk \u00d6nnek \u00e9s alkalmazottainknak. Az is nagyon fontos sz\u00e1munkra, hogy minden vend\u00e9gnek min\u0151s\u00e9gi szolg\u00e1ltat\u00e1st \u00e9s kellemes \u00e9lm\u00e9nyt ny\u00fajtsunk tart\u00f3zkod\u00e1suk alatt. Ez\u00e9rt munkat\u00e1rsaink tov\u00e1bbra is ugyanolyan figyelmet ford\u00edtanak a r\u00e9szletekre, a min\u0151s\u00e9gre \u00e9s a szem\u00e9lyre szabott szolg\u00e1ltat\u00e1sokra, amelyekr\u0151l sz\u00e1llod\u00e1ink ismertek, mint eddig. Annak \u00e9rdek\u00e9ben, hogy vak\u00e1ci\u00f3j\u00e1t gondtalanul t\u00f6ltse, a Pla\u017ea Du\u0107e Hotelek folyamatosan friss\u00edtik az am\u00fagy is magas sz\u00ednvonal\u00fa h\u00e1ztart\u00e1si karbantart\u00e1st \u00e9s higi\u00e9ni\u00e1s el\u0151\u00edr\u00e1sokat.<\/p>\n<p>Az al\u00e1bbiakban felsoroljuk a sz\u00e1llod\u00e1nkban v\u00e9gzett legfontosabb tev\u00e9kenys\u00e9geket a megfelel\u0151 v\u00e9delem biztos\u00edt\u00e1sa \u00e9rdek\u00e9ben: ikonok<\/p>\n<ol>\n<li>Minden alkalmazottunk v\u00e9d\u0151 sz\u00e1j- \u00e9s orrmaszkot visel<\/li>\n<li>A sz\u00e1llod\u00e1hoz tartoz\u00f3 ter\u00fcleteket rendszeresen, tan\u00fas\u00edtott eszk\u00f6z\u00f6kkel fert\u0151tlen\u00edtik<\/li>\n<li>Munkat\u00e1rsaink epidemiol\u00f3giai szolg\u00e1latokkal v\u00e9gzett k\u00e9pz\u00e9s r\u00e9v\u00e9n b\u0151v\u00edtett\u00e9k ismereteiket a Covid-19 v\u00edrusr\u00f3l<\/li>\n<li>A reggelit, eb\u00e9det \u00e9s vacsor\u00e1t \u00e0 la carte szolg\u00e1lj\u00e1k fel<\/li>\n<li>A sz\u00e1llod\u00e1ban megtal\u00e1lhat\u00f3ak a megfelel\u0151 viselked\u00e9s szab\u00e1lyai<\/li>\n<li>Az \u00e9tteremben az \u00f6sszes asztal \u00fagy van elrendezve, hogy az az el\u0151\u00edrt int\u00e9zked\u00e9seknek megfeleljen<\/li>\n<li>A napoz\u00f3\u00e1gyakat, asztalokat \u00e9s sz\u00e9keket minden haszn\u00e1lat ut\u00e1n megfelel\u0151en fert\u0151tlen\u00edtj\u00fck<\/li>\n<li>Az \u00f6sszes szob\u00e1t minden kijelentkez\u00e9s ut\u00e1n egy speci\u00e1lis protokoll szerint alaposan megtiszt\u00edtjuk \u00e9s fert\u0151tlen\u00edtj\u00fck<\/li>\n<\/ol>\n<p>EG\u00c9SZS\u00c9G \u00c9S BIZTONS\u00c1G<\/p>\n<p>HORV\u00c1TORSZ\u00c1G &#8211; A VIL\u00c1G EGYIK LEGBIZTINS\u00c1GOSABB ORSZ\u00c1GA<\/p>\n<p>Sok utaz\u00f3 a nyaral\u00e1s kiv\u00e1laszt\u00e1sakor priorit\u00e1sk\u00e9nt veszi figyelembe az \u00fati c\u00e9l biztons\u00e1g\u00e1t, ez\u00e9rt \u00f6r\u00f6mmel jelentj\u00fck be, hogy 2021-ben Horv\u00e1torsz\u00e1g az ECTAA (Utaz\u00e1si Irod\u00e1k \u00e9s Utaz\u00e1sszervez\u0151k Eur\u00f3pai Sz\u00f6vets\u00e9ge) v\u00e1lasztott turisztikai c\u00e9lpontja. A \u201ePreferred Destination\u201c azaz \u201eEl\u0151nyben r\u00e9szes\u00edtett \u00fati c\u00e9l\u201d st\u00e1tusza azt jelenti, hogy Horv\u00e1torsz\u00e1g biztons\u00e1gos \u00e9s vonz\u00f3 \u00fati c\u00e9lk\u00e9nt Eur\u00f3pa 70 000 utaz\u00e1si irod\u00e1ja \u00e9s utaz\u00e1sszervez\u0151je el\u0151tt jelenik meg. A biztons\u00e1gos eg\u00e9szs\u00e9g\u00fcgyi helyzet mellett Horv\u00e1torsz\u00e1g a vil\u00e1g 30 legbiztons\u00e1gosabb orsz\u00e1ga k\u00f6z\u00f6tt van a glob\u00e1lis b\u00e9keindex szerint. A glob\u00e1lis b\u00e9keindex 23 krit\u00e9rium alapj\u00e1n rangsorolja az orsz\u00e1gokat, amelyek h\u00e1rom kateg\u00f3ri\u00e1ba sorolhat\u00f3k: \u00e1ltal\u00e1nos biztons\u00e1g, militariz\u00e1ci\u00f3 \u00e9s nemzetk\u00f6zi vit\u00e1k.<\/p>\n<p>Fedezze fel Horv\u00e1torsz\u00e1got, mint biztons\u00e1gos \u00fati c\u00e9lt, gazdag t\u00f6rt\u00e9nelemmel, valamint min\u0151s\u00e9gi \u00e9s vonz\u00f3 aj\u00e1nlatokkal.<\/p>\n<p>AZ OMI\u0160I TERM\u00c9SZETTEL V\u00c9DJ\u00dcK EG\u00c9SZS\u00c9G\u00dcNKET<\/p>\n<p>Omi\u0161 egy v\u00e1ros a Cetina foly\u00f3 \u00e9s az Adriai-tenger egyed\u00fcl\u00e1ll\u00f3 tal\u00e1lkoz\u00e1si pontj\u00e1n\u00e1l, impoz\u00e1ns hegyekkel k\u00f6r\u00fclv\u00e9ve. Ahogy azt sz\u00e1mos tanulm\u00e1ny kimutatta, a term\u00e9szetben t\u00f6lt\u00f6tt id\u0151 j\u00f3t tesz az eg\u00e9szs\u00e9g\u00fcnknek. Elhelyezked\u00e9s\u00e9vel, term\u00e9szeti gazdags\u00e1g\u00e1val \u00e9s m\u00e9rs\u00e9kelt \u00e9ghajlat\u00e1val Omi\u0161, mint \u00fati c\u00e9l, minden l\u00e1togat\u00f3 sz\u00e1m\u00e1ra a friss \u00e9s tiszta leveg\u0151 \u00e9lvezet\u00e9nek el\u0151nyeit k\u00edn\u00e1lja, sz\u00e1mos egy\u00e9b tev\u00e9kenys\u00e9g mellett, amelyek seg\u00edtenek fenntartani a test \u00e9s az elme eg\u00e9szs\u00e9g\u00e9t.<\/p>\n<p>EG\u00c9SZS\u00c9G \u00c9S HIGI\u00c9NIA A PLA\u017dA HOTELEKBEN<\/p>\n<p>Vend\u00e9geink \u00e9s alkalmazottaink j\u00f3l\u00e9te, biztons\u00e1ga \u00e9s eg\u00e9szs\u00e9ge a sz\u00e1llod\u00e1ink f\u0151 priorit\u00e1sa, ez\u00e9rt a glob\u00e1lis \u00e9s helyi k\u00f6zeg\u00e9szs\u00e9g\u00fcgyi hat\u00f3s\u00e1gok ir\u00e1nyelveinek megfelel\u0151en kialak\u00edtott legmagasabb szint\u0171 eg\u00e9szs\u00e9g\u00fcgyi \u00e9s higi\u00e9niai norm\u00e1kat biztos\u00edtottuk. Minden alkalmazottunk \u00e1lland\u00f3 utas\u00edt\u00e1sokat kap, \u00e9s minden el\u0151\u00edrt v\u00e9d\u0151felszerel\u00e9st haszn\u00e1l. Az \u00e9tel- \u00e9s italszolg\u00e1ltat\u00e1s az \u00e1ltal\u00e1nos el\u0151\u00edr\u00e1sokhoz \u00e9s a HACCP szabv\u00e1nyhoz igazodik, m\u00edg a sz\u00e1lloda eg\u00e9sz ter\u00fclet\u00e9n, mindenki sz\u00e1m\u00e1ra k\u00f6nnyen el\u00e9rhet\u0151, antibakteri\u00e1lis \u00e9s v\u00edrusellenes k\u00e9zfert\u0151tlen\u00edt\u0151 szerek tal\u00e1lhat\u00f3k, valamint ir\u00e1nyelvek melyek a megfelel\u0151 viselked\u00e9sre \u00e9s a v\u00e9delmi int\u00e9zked\u00e9sekre vonatkoznak.<\/p>\n<p>A tiszt\u00edt\u00e1s \u00e9s a higi\u00e9nia fenntart\u00e1s\u00e1nak folyamat\u00e1r\u00f3l tov\u00e1bbi r\u00e9szletek itt: ___<\/p>\n<p>A glob\u00e1lis j\u00e1rv\u00e1ny jelenlegi helyzete maxim\u00e1lis rugalmass\u00e1got ig\u00e9nyel. Tiszt\u00e1ban vagyunk minden kih\u00edv\u00e1ssal az utaz\u00e1s megszervez\u00e9se sor\u00e1n, de c\u00e9lunk az, hogy gondtalan nyaral\u00e1stervez\u00e9st biztos\u00edtsunk \u00d6nnek.<\/p>\n<p>Ennek megfelel\u0151en m\u00f3dos\u00edtottuk lemond\u00e1si szab\u00e1lyzatunkat:<\/p>\n<ul>\n<li>Abban az esetben, ha az \u00d6n vagy a horv\u00e1t \u00e1llam korl\u00e1toz\u00e1sai \u00e9rv\u00e9nyesek a tervezett \u00e9rkez\u00e9s id\u0151pontj\u00e1ban, ingyenes lemond\u00e1st biztos\u00edtunk ak\u00e1r 24 \u00f3r\u00e1val az \u00e9rkez\u00e9s el\u0151tt<\/li>\n<li>Abban az esetben, ha az \u00e1llam elhat\u00e1rozza a karant\u00e9nk\u00f6telezetts\u00e9get a haz\u00e1j\u00e1ba val\u00f3 visszat\u00e9r\u00e9skor, a tart\u00f3zkod\u00e1s ideje alatt, a sz\u00e1lloda ingyenes korai felmond\u00e1st biztos\u00edt \u00d6nnek.<\/li>\n<li>Azoknak a vend\u00e9geknek, akik online utaz\u00e1si irod\u00e1kon vagy m\u00e1s k\u00f6zvet\u00edt\u0151k\u00f6n kereszt\u00fcl foglaltak vagy fognak foglalni sz\u00e1ll\u00e1st, azt javasoljuk, hogy \u00e9rdekl\u0151djenek szolg\u00e1ltat\u00f3jukn\u00e1l a lemond\u00e1si felt\u00e9telekr\u0151l. A sz\u00e1lloda nem felel\u0151s partnereinek lemond\u00e1si szab\u00e1lyai\u00e9rt.<\/li>\n<li>Azokn\u00e1l a vend\u00e9gekn\u00e9l, akiknek \u00e9rkez\u00e9skor megv\u00e1ltoztat\u00e1si vagy lemond\u00e1si joguk van, a sz\u00e1lloda nem hagyja j\u00f3v\u00e1 a visszat\u00e9r\u00edt\u00e9st, hanem a befizetett \u00f6sszeggel teljes \u00e9rt\u00e9k\u0171 utalv\u00e1nyt ad, amely 2023 v\u00e9g\u00e9ig haszn\u00e1lhat\u00f3 fel. Az esetleges teljes visszat\u00e9r\u00edt\u00e9s\u00e9rt k\u00e9rj\u00fck, forduljon utaz\u00e1si biztos\u00edt\u00f3j\u00e1hoz.<\/li>\n<\/ul>\n<p>\u00c1LTAL\u00c1NOS INFORM\u00c1CI\u00d3<\/p>\n<p>BEJELENTKEZ\u00c9SI FOLYAMAT<\/p>\n<p>A bejelentkez\u00e9s a recepci\u00f3n t\u00f6rt\u00e9nik, ahol \u00e1tl\u00e1tsz\u00f3 plexi\u00fcveg v\u00e9di a vend\u00e9geket \u00e9s a recepci\u00f3 szem\u00e9lyzet\u00e9t. A szobak\u00e1rty\u00e1kat minden \u00e9rintkez\u00e9s ut\u00e1n fert\u0151tlen\u00edtik. Miel\u0151tt bel\u00e9pne a sz\u00e1llod\u00e1ba, k\u00e9sz\u00edtse el\u0151 dokumentumait vagy annak m\u00e1solat\u00e1t, amelyet a recepci\u00f3snak be kell mutatni, hogy ler\u00f6vid\u00edtse a recepci\u00f3n t\u00f6lt\u00f6tt id\u0151t. A regisztr\u00e1ci\u00f3 sor\u00e1n csapatunk azonnal t\u00e1j\u00e9koztatja \u00d6nt az \u00f6sszes szab\u00e1lyoz\u00e1sr\u00f3l, \u00e9s amikor regisztr\u00e1l, \u00e1ltal\u00e1nos ir\u00e1nyelveket kap a sz\u00e1llod\u00e1n bel\u00fcli viselked\u00e9sre vonatkoz\u00f3an, amelyek \u00fagy vannak kialak\u00edtva, hogy a helyzett\u0151l f\u00fcggetlen\u00fcl felejthetetlen nyaral\u00e1st t\u00f6ltsenek a sz\u00e1llod\u00e1nkban. Tov\u00e1bbi k\u00e9rd\u00e9sek eset\u00e9n csapatunk az \u00d6n rendelkez\u00e9s\u00e9re \u00e1ll, forduljon hozz\u00e1nk b\u00e1tran.<\/p>\n<p>KIJELENTKEZ\u00c9SI FOLYAMAT<\/p>\n<p>A Covid-19 v\u00edrus ideje alatt azt javasoljuk minden vend\u00e9gnek, hogy el\u0151re rendezz\u00e9k sz\u00e1ml\u00e1jukat (1 nappal \/ p\u00e1r \u00f3r\u00e1val hamarabb), hogy elker\u00fclje a hosszabb recepci\u00f3n val\u00f3 tart\u00f3zkod\u00e1st. Ha \u00e9rintkez\u00e9s n\u00e9lk\u00fcli kijelentkez\u00e9sre v\u00e1gyik, bevezett\u00fck a gyors kijelentkez\u00e9si elj\u00e1r\u00e1st, ami annyit tesz, hogy a vend\u00e9geknek el\u0151z\u0151 este a szob\u00e1ba eljuttatjuk a sz\u00e1ml\u00e1t egy sz\u00f3r\u00f3lappal a hitelk\u00e1rtya-inform\u00e1ci\u00f3k kit\u00f6lt\u00e9s\u00e9re, miut\u00e1n a vend\u00e9g kit\u00f6lti az adatokat, a felsz\u00e1m\u00edtott \u00f6sszeg levon\u00e1sra ker\u00fcl.<\/p>\n<p>A KORONA V\u00cdRUSSAL KAPCSOLATOS HELYZETRE VAL\u00d3 TEKINTETTEL, HOZNOM KELL-E VALAMI M\u00c1ST MAGAMMAL A MEGSZOKOTT UTAZ\u00c1SI CSOMAGON K\u00cdV\u00dcL?<\/p>\n<p>Javasoljuk, hogy hozzon mag\u00e1val saj\u00e1t maszkot. Sz\u00fcks\u00e9g eset\u00e9n eldobhat\u00f3 v\u00e9d\u0151maszkot ig\u00e9nyelhet a recepci\u00f3n is. T\u00f6bbek k\u00f6z\u00f6tt azt javasoljuk, hogy hozzon mag\u00e1val gy\u00f3gyszercsomagot utaz\u00e1shoz. K\u00e9rj\u00fck, ne haszn\u00e1ljon saj\u00e1t fel\u00fcletfert\u0151tlen\u00edt\u0151 szereket, hogy v\u00e9letlen\u00fcl ne cs\u00f6kkenjen a mi hivat\u00e1sos fert\u0151tlen\u00edt\u0151szereink hat\u00e1sa.<\/p>\n<p>RENDELKEZIK-E A SZ\u00c1LLODA A SZ\u00c1JAT \u00c9S ORROT TAKAR\u00d3 MASZKOKKAL?<\/p>\n<p>A sz\u00e1lloda egyszerhaszn\u00e1latos v\u00e9d\u0151maszkokkal rendelkezik, amelyeket a recepci\u00f3n lehet ig\u00e9nyelni.<\/p>\n<p>HOL KERESHETEK ORVOSI SEG\u00cdTS\u00c9GET, HA T\u00dcNETEIM VANNAK?<\/p>\n<p>A sz\u00e1lloda egy\u00fcttm\u0171k\u00f6dik az illet\u00e9kes eg\u00e9szs\u00e9g\u00fcgyi hat\u00f3s\u00e1gokkal. Mag\u00e1ban a sz\u00e1llod\u00e1ban az illet\u00e9kes szem\u00e9lyzet ismeri a felt\u00e9telezett t\u00fcnetek kezel\u00e9s\u00e9re vonatkoz\u00f3 elj\u00e1r\u00e1sokat, \u00e9s biztos\u00edtja, hogy minden potenci\u00e1lisan fert\u0151z\u00f6tt vend\u00e9g azonnal orvosi ell\u00e1t\u00e1st kapjon, valamint biztos\u00edtjuk elk\u00fcl\u00f6n\u00edt\u00e9s\u00e9t a t\u00f6bbi vend\u00e9gt\u0151l \u00e9s a sz\u00e1lloda alkalmazottait\u00f3l. El\u0151k\u00e9sz\u00edtett\u00fck a k\u00f6zeli gy\u00f3gyszert\u00e1rak, epidemiol\u00f3gusok \u00e9s ment\u0151k legfontosabb el\u00e9rhet\u0151s\u00e9geit, amelyek sz\u00fcks\u00e9g eset\u00e9n a lehet\u0151 leghamarabb a rendelkez\u00e9s\u00e9re \u00e1llnak.<\/p>\n<p>FIZETHETNEK K\u00c9SZP\u00c9NZZEL A HOTELBEN?<\/p>\n<p>A k\u00e9szp\u00e9nzes fizet\u00e9s lehets\u00e9ges, de a k\u00e1rty\u00e1s fizet\u00e9st r\u00e9szes\u00edtj\u00fck el\u0151nyben.<\/p>\n<p>MIRE KELL K\u00dcL\u00d6N FIGYELMET FORD\u00cdTANOM, HA T\u00d6BB SZEM\u00c9LY UTAZIK EGY\u00dcTT?<\/p>\n<p>A k\u00f6z\u00f6ss\u00e9gi t\u00e1vols\u00e1gtart\u00e1s m\u00e9rt\u00e9k\u00e9t a sz\u00e1llod\u00e1ban is alkalmazzuk, vagyis be kell tartani a 2 m\u00e9teres t\u00e1vols\u00e1got azokt\u00f3l a vend\u00e9gekt\u0151l, akik nem tartoznak a csal\u00e1dj\u00e1hoz \/ partner\u00e9hez vagy bar\u00e1ti k\u00f6r\u00e9hez akikkel utazik, vagy a sz\u00e1llod\u00e1ban tart\u00f3zkodik.<\/p>\n<p>HOGYAN KAPHATOK T\u00c1J\u00c9KOZTAT\u00c1ST A SZ\u00c1LLODA MUNKAT\u00c1RSAIT\u00d3L AN\u00c9LK\u00dcL, HOGY A RECEPCI\u00d3RA KELLENE MENNEM?<\/p>\n<p>Csapatunk a recepci\u00f3n telefonon, Whatsapp-on vagy e-mailen is el\u00e9rhet\u0151, inform\u00e1ci\u00f3kkal \u00e9s tan\u00e1csokkal szolg\u00e1l a guestrelation@hotelplaza.hr e-mailen. A jelenlegi helyzet ellen\u00e9re c\u00e9lunk a lehet\u0151 legjobb szolg\u00e1ltat\u00e1s ny\u00fajt\u00e1sa, csapatunk mindig az \u00d6n rendelkez\u00e9s\u00e9re \u00e1ll.<\/p>\n<p>PROGRAMOK \u00c9S SZ\u00d3RAKOZ\u00c1SI LEHET\u0150S\u00c9GEK A SZ\u00c1LLOD\u00c1BAN \u00c9S AZ \u00daTI C\u00c9LBAN?<\/p>\n<p>Tev\u00e9kenys\u00e9gek, kir\u00e1ndul\u00e1sok, stb. lebonyol\u00edt\u00e1sa sor\u00e1n r\u00e9szben k\u00fcl\u00f6nb\u00f6z\u0151 partnereinkt\u0151l is f\u00fcgg\u00fcnk. A sz\u00e1lloda \u00e1ltal szervezett tev\u00e9kenys\u00e9geket akkor tudjuk megtartani, amikor a biztons\u00e1gi int\u00e9zked\u00e9sek betarthat\u00f3k.<\/p>\n<p>INT\u00c9ZKED\u00c9SEK \u00c9S BIZTONS\u00c1GI EL\u0150\u00cdR\u00c1SOK A SZ\u00c1LLODAI \u00c9TTERMEKBEN?<\/p>\n<p>Az \u00e9ttermekre vonatkoz\u00f3 megfelel\u0151s\u00e9gi terv\u00fcnk a hat\u00f3s\u00e1gok jelenlegi \u00fatmutat\u00e1sait \u00e9s aj\u00e1nl\u00e1sait tartalmazza. Minden utas\u00edt\u00e1st, bele\u00e9rtve a rendszeres szem\u00e9lyes higi\u00e9ni\u00e1t is, szigor\u00faan ellen\u0151rizz\u00fck. A vend\u00e9gek \u00e9s a szem\u00e9lyzet \u00e1ltal haszn\u00e1lt fel\u00fcleteket \u00e9s t\u00e1rgyakat minden haszn\u00e1lat ut\u00e1n megtiszt\u00edtjuk \u00e9s fert\u0151tlen\u00edtj\u00fck. Minden alkalmazott betartja a WHO \u00e9s a horv\u00e1t j\u00e1rv\u00e1ny\u00fcgyi hat\u00f3s\u00e1gok \u00f6sszes utas\u00edt\u00e1s\u00e1t. A minim\u00e1lis t\u00e1vols\u00e1gtart\u00e1s hat\u00e9kony szab\u00e1lyoz\u00e1s\u00e1nak \u00e9rdek\u00e9ben a szok\u00e1sos sv\u00e9dasztalos \u00e9tkez\u00e9si m\u00f3d helyett a reggelit, az eb\u00e9det \u00e9s a vacsor\u00e1t napi men\u00fc alapj\u00e1n a la carte szolg\u00e1ljuk fel. Az asztalok az illet\u00e9kes hat\u00f3s\u00e1gok utas\u00edt\u00e1sainak \u00e9s \u00fatmutat\u00e1sainak megfelel\u0151en vannak elrendezve. A tart\u00f3zkod\u00e1s ideje alatt az \u00d6n\u00f6k\u00e9rt felel\u0151s kiszolg\u00e1l\u00f3 szem\u00e9lyzet k\u00e9szs\u00e9ggel \u00e1ll rendelkez\u00e9s\u00fckre tov\u00e1bbi inform\u00e1ci\u00f3k\u00e9rt.<\/p>\n<p>MI T\u00d6RT\u00c9NIK, HA AZ UTAZ\u00c1SI KORL\u00c1TOZ\u00c1SOK MEGV\u00c1LTOZNAK AZ ITT-TART\u00d3ZKOD\u00c1SOM IDEJE ALATT?<\/p>\n<p>A sz\u00e1lloda nem tud v\u00e1llalni semmilyen felel\u0151ss\u00e9get vagy garanci\u00e1t ezzel kapcsolatban. K\u00e9rj\u00fck, ellen\u0151rizze utaz\u00e1si biztos\u00edt\u00e1s\u00e1nak felt\u00e9teleit, tekintettel a lemond\u00e1si felt\u00e9telekre, a foglal\u00e1s r\u00f6vid t\u00e1v\u00fa megv\u00e1ltoztat\u00e1s\u00e1nak lehet\u0151s\u00e9g\u00e9re \u00e9s az utaz\u00e1si eg\u00e9szs\u00e9gbiztos\u00edt\u00e1sra.<\/p>\n<p>HASZN\u00c1LHAT\u00d3-E A LIFT?<\/p>\n<p>A liftek haszn\u00e1lata megengedett az illet\u00e9kes \u00e1llami hat\u00f3s\u00e1gok ir\u00e1nyelveinek \u00e9s aj\u00e1nl\u00e1sainak megfelel\u0151en.<\/p>\n<p>MILYEN KONKR\u00c9T SZAB\u00c1LYOK VANNAK \u00c9RV\u00c9NYBEN A WELLNESS HASZN\u00c1LAT\u00c1RA VONATKOZ\u00d3AN?<\/p>\n<p>A Covid-19 v\u00edrusfert\u0151z\u00e9s terjed\u00e9s\u00e9nek megakad\u00e1lyoz\u00e1sa \u00e9rdek\u00e9ben az aj\u00e1nl\u00e1soknak megfelel\u0151en m\u00f3dos\u00edtottuk a wellness haszn\u00e1lat\u00e1t. Annak \u00e9rdek\u00e9ben, hogy tiszteletben tartsuk a 2 m\u00e9teres k\u00f6z\u00f6ss\u00e9gi t\u00e1vols\u00e1gtart\u00e1s m\u00e9rt\u00e9k\u00e9t, a wellnessben egyszerre csak meghat\u00e1rozott sz\u00e1m\u00fa ember tart\u00f3zkodhat, kiv\u00e9ve a sz\u00e1llod\u00e1ban egy\u00fctt tart\u00f3zkod\u00f3 csal\u00e1dokat \u00e9s csoportokat, amit a wellnessen bel\u00fcl kihelyezett inform\u00e1ci\u00f3s t\u00e1bl\u00e1k jeleznek. Minden szolg\u00e1ltat\u00e1s ig\u00e9nybe vehet\u0151, a t\u00f6r\u00f6k f\u00fcrd\u0151 kiv\u00e9tel\u00e9vel.<\/p>\n<p>FIGYELEMBE V\u00c9VE A JELENLEGI SZITU\u00c1CI\u00d3T, IG\u00c9NYBE VEHET\u0150EK-E A SZ\u00c1LLODAI NYUG\u00c1GYAK?<\/p>\n<p>A sz\u00e1lloda lehet\u0151s\u00e9get k\u00edn\u00e1l a nyug\u00e1gyak haszn\u00e1lat\u00e1ra. A koronav\u00edrussal val\u00f3 esetleges megfert\u0151z\u0151d\u00e9s megel\u0151z\u00e9se \u00e9rdek\u00e9ben az \u00f6sszes nyug\u00e1gy haszn\u00e1lat ut\u00e1n fert\u0151tlen\u00edt\u00e9sre ker\u00fcl, emellett meghat\u00e1rozott t\u00e1vols\u00e1gra vannak egym\u00e1st\u00f3l.<\/p>\n","protected":false},"excerpt":{"rendered":"<p>T\u00f6lts\u00f6n gondtalan vak\u00e1ci\u00f3t a Hotel Pla\u017ea Du\u0107e-ban Kedves vend\u00e9geink! Legf\u0151bb k\u00fcldet\u00e9s\u00fcnk ezekben az id\u0151kben az, hogy vigy\u00e1zzunk \u00d6nre, az eg\u00e9szs\u00e9g\u00e9re, \u00e9s felel\u0151ss\u00e9gteljes rendelkez\u00e9seket \u00e9s int\u00e9zked\u00e9seket tegy\u00fcnk a COVID-19 v\u00edrus terjed\u00e9s\u00e9nek megakad\u00e1lyoz\u00e1s\u00e1ra, annak \u00e9rdek\u00e9ben, hogy megfelel\u0151 v\u00e9delmet ny\u00fajtsunk \u00d6nnek \u00e9s alkalmazottainknak. Az is nagyon fontos sz\u00e1munkra, hogy minden vend\u00e9gnek min\u0151s\u00e9gi szolg\u00e1ltat\u00e1st \u00e9s kellemes \u00e9lm\u00e9nyt ny\u00fajtsunk tart\u00f3zkod\u00e1suk [&hellip;]<\/p>\n","protected":false},"author":1,"featured_media":0,"parent":0,"menu_order":0,"comment_status":"closed","ping_status":"closed","template":"","meta":{"rs_blank_template":"","rs_page_bg_color":"","slide_template_v7":"","site-sidebar-layout":"no-sidebar","site-content-layout":"content-boxed-container","ast-site-content-layout":"default","site-content-style":"default","site-sidebar-style":"default","ast-global-header-display":"","ast-banner-title-visibility":"","ast-main-header-display":"disabled","ast-hfb-above-header-display":"","ast-hfb-below-header-display":"","ast-hfb-mobile-header-display":"","site-post-title":"disabled","ast-breadcrumbs-content":"disabled","ast-featured-img":"disabled","footer-sml-layout":"disabled","ast-disable-related-posts":"","theme-transparent-header-meta":"enabled","adv-header-id-meta":"","stick-header-meta":"","header-above-stick-meta":"","header-main-stick-meta":"","header-below-stick-meta":"","astra-migrate-meta-layouts":"default","ast-page-background-enabled":"default","ast-page-background-meta":{"desktop":{"background-color":"","background-image":"","background-repeat":"repeat","background-position":"center center","background-size":"auto","background-attachment":"scroll","background-type":"","background-media":"","overlay-type":"","overlay-color":"","overlay-opacity":"","overlay-gradient":""},"tablet":{"background-color":"","background-image":"","background-repeat":"repeat","background-position":"center center","background-size":"auto","background-attachment":"scroll","background-type":"","background-media":"","overlay-type":"","overlay-color":"","overlay-opacity":"","overlay-gradient":""},"mobile":{"background-color":"","background-image":"","background-repeat":"repeat","background-position":"center center","background-size":"auto","background-attachment":"scroll","background-type":"","background-media":"","overlay-type":"","overlay-color":"","overlay-opacity":"","overlay-gradient":""}},"ast-content-background-meta":{"desktop":{"background-color":"var(--ast-global-color-5)","background-image":"","background-repeat":"repeat","background-position":"center center","background-size":"auto","background-attachment":"scroll","background-type":"","background-media":"","overlay-type":"","overlay-color":"","overlay-opacity":"","overlay-gradient":""},"tablet":{"background-color":"var(--ast-global-color-5)","background-image":"","background-repeat":"repeat","background-position":"center center","background-size":"auto","background-attachment":"scroll","background-type":"","background-media":"","overlay-type":"","overlay-color":"","overlay-opacity":"","overlay-gradient":""},"mobile":{"background-color":"var(--ast-global-color-5)","background-image":"","background-repeat":"repeat","background-position":"center center","background-size":"auto","background-attachment":"scroll","background-type":"","background-media":"","overlay-type":"","overlay-color":"","overlay-opacity":"","overlay-gradient":""}},"footnotes":""},"class_list":["post-13164","page","type-page","status-publish","hentry"],"yoast_head":"<!-- This site is optimized with the Yoast SEO plugin v27.4 - https:\/\/yoast.com\/product\/yoast-seo-wordpress\/ -->\n<title>Covid-19 - Hotel Plaza<\/title>\n<meta name=\"robots\" content=\"index, follow, max-snippet:-1, max-image-preview:large, max-video-preview:-1\" \/>\n<link rel=\"canonical\" href=\"https:\/\/www.hotelplaza.hr\/hu\/covid-19\/\" \/>\n<meta property=\"og:locale\" content=\"hu_HU\" \/>\n<meta property=\"og:type\" content=\"article\" \/>\n<meta property=\"og:title\" content=\"Covid-19 - Hotel Plaza\" \/>\n<meta property=\"og:description\" content=\"T\u00f6lts\u00f6n gondtalan vak\u00e1ci\u00f3t a Hotel Pla\u017ea Du\u0107e-ban Kedves vend\u00e9geink! Legf\u0151bb k\u00fcldet\u00e9s\u00fcnk ezekben az id\u0151kben az, hogy vigy\u00e1zzunk \u00d6nre, az eg\u00e9szs\u00e9g\u00e9re, \u00e9s felel\u0151ss\u00e9gteljes rendelkez\u00e9seket \u00e9s int\u00e9zked\u00e9seket tegy\u00fcnk a COVID-19 v\u00edrus terjed\u00e9s\u00e9nek megakad\u00e1lyoz\u00e1s\u00e1ra, annak \u00e9rdek\u00e9ben, hogy megfelel\u0151 v\u00e9delmet ny\u00fajtsunk \u00d6nnek \u00e9s alkalmazottainknak. Az is nagyon fontos sz\u00e1munkra, hogy minden vend\u00e9gnek min\u0151s\u00e9gi szolg\u00e1ltat\u00e1st \u00e9s kellemes \u00e9lm\u00e9nyt ny\u00fajtsunk tart\u00f3zkod\u00e1suk [&hellip;]\" \/>\n<meta property=\"og:url\" content=\"https:\/\/www.hotelplaza.hr\/hu\/covid-19\/\" \/>\n<meta property=\"og:site_name\" content=\"Hotel Plaza\" \/>\n<meta name=\"twitter:card\" content=\"summary_large_image\" \/>\n<meta name=\"twitter:label1\" content=\"Becs\u00fclt olvas\u00e1si id\u0151\" \/>\n\t<meta name=\"twitter:data1\" content=\"6 perc\" \/>\n<script type=\"application\/ld+json\" class=\"yoast-schema-graph\">{\"@context\":\"https:\\\/\\\/schema.org\",\"@graph\":[{\"@type\":\"WebPage\",\"@id\":\"https:\\\/\\\/www.hotelplaza.hr\\\/hu\\\/covid-19\\\/\",\"url\":\"https:\\\/\\\/www.hotelplaza.hr\\\/hu\\\/covid-19\\\/\",\"name\":\"Covid-19 - Hotel Plaza\",\"isPartOf\":{\"@id\":\"https:\\\/\\\/www.hotelplaza.hr\\\/hu\\\/#website\"},\"datePublished\":\"2022-01-24T18:11:40+00:00\",\"breadcrumb\":{\"@id\":\"https:\\\/\\\/www.hotelplaza.hr\\\/hu\\\/covid-19\\\/#breadcrumb\"},\"inLanguage\":\"hu\",\"potentialAction\":[{\"@type\":\"ReadAction\",\"target\":[\"https:\\\/\\\/www.hotelplaza.hr\\\/hu\\\/covid-19\\\/\"]}]},{\"@type\":\"BreadcrumbList\",\"@id\":\"https:\\\/\\\/www.hotelplaza.hr\\\/hu\\\/covid-19\\\/#breadcrumb\",\"itemListElement\":[{\"@type\":\"ListItem\",\"position\":1,\"name\":\"Po\u010detna stranica\",\"item\":\"https:\\\/\\\/www.hotelplaza.hr\\\/hu\\\/\"},{\"@type\":\"ListItem\",\"position\":2,\"name\":\"Covid-19\"}]},{\"@type\":\"WebSite\",\"@id\":\"https:\\\/\\\/www.hotelplaza.hr\\\/hu\\\/#website\",\"url\":\"https:\\\/\\\/www.hotelplaza.hr\\\/hu\\\/\",\"name\":\"Hotel Plaza\",\"description\":\"Hotel\",\"potentialAction\":[{\"@type\":\"SearchAction\",\"target\":{\"@type\":\"EntryPoint\",\"urlTemplate\":\"https:\\\/\\\/www.hotelplaza.hr\\\/hu\\\/?s={search_term_string}\"},\"query-input\":{\"@type\":\"PropertyValueSpecification\",\"valueRequired\":true,\"valueName\":\"search_term_string\"}}],\"inLanguage\":\"hu\"}]}<\/script>\n<!-- \/ Yoast SEO plugin. -->","yoast_head_json":{"title":"Covid-19 - Hotel Plaza","robots":{"index":"index","follow":"follow","max-snippet":"max-snippet:-1","max-image-preview":"max-image-preview:large","max-video-preview":"max-video-preview:-1"},"canonical":"https:\/\/www.hotelplaza.hr\/hu\/covid-19\/","og_locale":"hu_HU","og_type":"article","og_title":"Covid-19 - Hotel Plaza","og_description":"T\u00f6lts\u00f6n gondtalan vak\u00e1ci\u00f3t a Hotel Pla\u017ea Du\u0107e-ban Kedves vend\u00e9geink! Legf\u0151bb k\u00fcldet\u00e9s\u00fcnk ezekben az id\u0151kben az, hogy vigy\u00e1zzunk \u00d6nre, az eg\u00e9szs\u00e9g\u00e9re, \u00e9s felel\u0151ss\u00e9gteljes rendelkez\u00e9seket \u00e9s int\u00e9zked\u00e9seket tegy\u00fcnk a COVID-19 v\u00edrus terjed\u00e9s\u00e9nek megakad\u00e1lyoz\u00e1s\u00e1ra, annak \u00e9rdek\u00e9ben, hogy megfelel\u0151 v\u00e9delmet ny\u00fajtsunk \u00d6nnek \u00e9s alkalmazottainknak. Az is nagyon fontos sz\u00e1munkra, hogy minden vend\u00e9gnek min\u0151s\u00e9gi szolg\u00e1ltat\u00e1st \u00e9s kellemes \u00e9lm\u00e9nyt ny\u00fajtsunk tart\u00f3zkod\u00e1suk [&hellip;]","og_url":"https:\/\/www.hotelplaza.hr\/hu\/covid-19\/","og_site_name":"Hotel Plaza","twitter_card":"summary_large_image","twitter_misc":{"Becs\u00fclt olvas\u00e1si id\u0151":"6 perc"},"schema":{"@context":"https:\/\/schema.org","@graph":[{"@type":"WebPage","@id":"https:\/\/www.hotelplaza.hr\/hu\/covid-19\/","url":"https:\/\/www.hotelplaza.hr\/hu\/covid-19\/","name":"Covid-19 - Hotel Plaza","isPartOf":{"@id":"https:\/\/www.hotelplaza.hr\/hu\/#website"},"datePublished":"2022-01-24T18:11:40+00:00","breadcrumb":{"@id":"https:\/\/www.hotelplaza.hr\/hu\/covid-19\/#breadcrumb"},"inLanguage":"hu","potentialAction":[{"@type":"ReadAction","target":["https:\/\/www.hotelplaza.hr\/hu\/covid-19\/"]}]},{"@type":"BreadcrumbList","@id":"https:\/\/www.hotelplaza.hr\/hu\/covid-19\/#breadcrumb","itemListElement":[{"@type":"ListItem","position":1,"name":"Po\u010detna stranica","item":"https:\/\/www.hotelplaza.hr\/hu\/"},{"@type":"ListItem","position":2,"name":"Covid-19"}]},{"@type":"WebSite","@id":"https:\/\/www.hotelplaza.hr\/hu\/#website","url":"https:\/\/www.hotelplaza.hr\/hu\/","name":"Hotel Plaza","description":"Hotel","potentialAction":[{"@type":"SearchAction","target":{"@type":"EntryPoint","urlTemplate":"https:\/\/www.hotelplaza.hr\/hu\/?s={search_term_string}"},"query-input":{"@type":"PropertyValueSpecification","valueRequired":true,"valueName":"search_term_string"}}],"inLanguage":"hu"}]}},"_links":{"self":[{"href":"https:\/\/www.hotelplaza.hr\/hu\/wp-json\/wp\/v2\/pages\/13164","targetHints":{"allow":["GET"]}}],"collection":[{"href":"https:\/\/www.hotelplaza.hr\/hu\/wp-json\/wp\/v2\/pages"}],"about":[{"href":"https:\/\/www.hotelplaza.hr\/hu\/wp-json\/wp\/v2\/types\/page"}],"author":[{"embeddable":true,"href":"https:\/\/www.hotelplaza.hr\/hu\/wp-json\/wp\/v2\/users\/1"}],"replies":[{"embeddable":true,"href":"https:\/\/www.hotelplaza.hr\/hu\/wp-json\/wp\/v2\/comments?post=13164"}],"version-history":[{"count":2,"href":"https:\/\/www.hotelplaza.hr\/hu\/wp-json\/wp\/v2\/pages\/13164\/revisions"}],"predecessor-version":[{"id":13166,"href":"https:\/\/www.hotelplaza.hr\/hu\/wp-json\/wp\/v2\/pages\/13164\/revisions\/13166"}],"wp:attachment":[{"href":"https:\/\/www.hotelplaza.hr\/hu\/wp-json\/wp\/v2\/media?parent=13164"}],"curies":[{"name":"wp","href":"https:\/\/api.w.org\/{rel}","templated":true}]}}