{"id":13868,"date":"2022-01-24T18:11:42","date_gmt":"2022-01-24T18:11:42","guid":{"rendered":"https:\/\/www.hotelplaza.hr\/?page_id=13868"},"modified":"2024-01-11T09:45:15","modified_gmt":"2024-01-11T09:45:15","slug":"elhelyezkedes","status":"publish","type":"page","link":"https:\/\/www.hotelplaza.hr\/hu\/elhelyezkedes\/","title":{"rendered":"Elhelyezked\u00e9s"},"content":{"rendered":"\t\t<div data-elementor-type=\"wp-page\" data-elementor-id=\"13868\" class=\"elementor elementor-13868 elementor-1438\" data-elementor-post-type=\"page\">\n\t\t\t\t\t\t<section class=\"elementor-section elementor-top-section elementor-element elementor-element-33ca18c elementor-section-full_width elementor-section-height-min-height elementor-section-stretched elementor-section-height-default elementor-section-items-middle\" data-id=\"33ca18c\" data-element_type=\"section\" data-e-type=\"section\" data-settings=\"{&quot;stretch_section&quot;:&quot;section-stretched&quot;,&quot;background_background&quot;:&quot;classic&quot;}\">\n\t\t\t\t\t\t<div class=\"elementor-container elementor-column-gap-default\">\n\t\t\t\t\t<div class=\"elementor-column elementor-col-100 elementor-top-column elementor-element elementor-element-c37de70\" data-id=\"c37de70\" data-element_type=\"column\" data-e-type=\"column\">\n\t\t\t<div class=\"elementor-widget-wrap\">\n\t\t\t\t\t\t\t<\/div>\n\t\t<\/div>\n\t\t\t\t\t<\/div>\n\t\t<\/section>\n\t\t\t\t<section class=\"elementor-section elementor-top-section elementor-element elementor-element-770f25a elementor-section-stretched elementor-section-boxed elementor-section-height-default elementor-section-height-default\" data-id=\"770f25a\" data-element_type=\"section\" data-e-type=\"section\" data-settings=\"{&quot;stretch_section&quot;:&quot;section-stretched&quot;,&quot;background_background&quot;:&quot;classic&quot;}\">\n\t\t\t\t\t\t<div class=\"elementor-container elementor-column-gap-default\">\n\t\t\t\t\t<div class=\"elementor-column elementor-col-100 elementor-top-column elementor-element elementor-element-8344d88\" data-id=\"8344d88\" data-element_type=\"column\" data-e-type=\"column\">\n\t\t\t<div class=\"elementor-widget-wrap elementor-element-populated\">\n\t\t\t\t\t\t<div class=\"elementor-element elementor-element-af8b1c3 subtilines elementor-widget elementor-widget-text-editor\" data-id=\"af8b1c3\" data-element_type=\"widget\" data-e-type=\"widget\" data-widget_type=\"text-editor.default\">\n\t\t\t\t\t\t\t\t\t<p class=\"t1\">EKSKLUZIVNI HOTELI SA 4 ZVJEZDICE\r\n<\/p>\t\t\t\t\t\t\t\t<\/div>\n\t\t\t\t<div class=\"elementor-element elementor-element-fb282ae elementor-widget elementor-widget-heading\" data-id=\"fb282ae\" data-element_type=\"widget\" data-e-type=\"widget\" data-widget_type=\"heading.default\">\n\t\t\t\t\t<h2 class=\"elementor-heading-title elementor-size-default\">Lokacija<\/h2>\t\t\t\t<\/div>\n\t\t\t\t\t<\/div>\n\t\t<\/div>\n\t\t\t\t\t<\/div>\n\t\t<\/section>\n\t\t\t\t<section class=\"elementor-section elementor-top-section elementor-element elementor-element-92e2251 elementor-section-stretched elementor-section-boxed elementor-section-height-default elementor-section-height-default\" data-id=\"92e2251\" data-element_type=\"section\" data-e-type=\"section\" data-settings=\"{&quot;background_background&quot;:&quot;classic&quot;,&quot;stretch_section&quot;:&quot;section-stretched&quot;}\">\n\t\t\t\t\t\t<div class=\"elementor-container elementor-column-gap-default\">\n\t\t\t\t\t<div class=\"elementor-column elementor-col-100 elementor-top-column elementor-element elementor-element-21f3f0d\" data-id=\"21f3f0d\" data-element_type=\"column\" data-e-type=\"column\">\n\t\t\t<div class=\"elementor-widget-wrap elementor-element-populated\">\n\t\t\t\t\t\t<div class=\"elementor-element elementor-element-aa5f6a5 elementor-widget elementor-widget-heading\" data-id=\"aa5f6a5\" data-element_type=\"widget\" data-e-type=\"widget\" data-widget_type=\"heading.default\">\n\t\t\t\t\t<h2 class=\"elementor-heading-title elementor-size-default\">Hotel Pla\u017ea Omi\u0161<\/h2>\t\t\t\t<\/div>\n\t\t\t\t<section class=\"elementor-section elementor-inner-section elementor-element elementor-element-8c2a438 elementor-section-boxed elementor-section-height-default elementor-section-height-default\" data-id=\"8c2a438\" data-element_type=\"section\" data-e-type=\"section\">\n\t\t\t\t\t\t<div class=\"elementor-container elementor-column-gap-default\">\n\t\t\t\t\t<div class=\"elementor-column elementor-col-33 elementor-inner-column elementor-element elementor-element-09629e5\" data-id=\"09629e5\" data-element_type=\"column\" data-e-type=\"column\">\n\t\t\t<div class=\"elementor-widget-wrap elementor-element-populated\">\n\t\t\t\t\t\t<div class=\"elementor-element elementor-element-7241575 elementor-widget elementor-widget-text-editor\" data-id=\"7241575\" data-element_type=\"widget\" data-e-type=\"widget\" data-widget_type=\"text-editor.default\">\n\t\t\t\t\t\t\t\t\t<p>Trg kralja Tomislava 6<br \/>21310 Omi\u0161, Croatia<br \/>Reception: +385 21 755 260<br \/>Whatsapp: +385 91 1962 221<br \/>Skype: hotelplazaduce<\/p>\n\t\t\t\t\t\t\t\t<\/div>\n\t\t\t\t\t<\/div>\n\t\t<\/div>\n\t\t\t\t<div class=\"elementor-column elementor-col-33 elementor-inner-column elementor-element elementor-element-b7e48fa\" data-id=\"b7e48fa\" data-element_type=\"column\" data-e-type=\"column\">\n\t\t\t<div class=\"elementor-widget-wrap elementor-element-populated\">\n\t\t\t\t\t\t<div class=\"elementor-element elementor-element-46cb1bc elementor-widget elementor-widget-text-editor\" data-id=\"46cb1bc\" data-element_type=\"widget\" data-e-type=\"widget\" data-widget_type=\"text-editor.default\">\n\t\t\t\t\t\t\t\t\t<p>Reservation<\/p>\n<p>Katia Bara\u010d<\/p>\n<p>Tel: +385 21 755 260<\/p>\n<p>Fax: +385 21 755 261<\/p>\n<p>Email: <a href=\"mailto:sales@hotelplaza.hr\">sales@hotelplaza.hr<\/a><\/p>\n\t\t\t\t\t\t\t\t<\/div>\n\t\t\t\t\t<\/div>\n\t\t<\/div>\n\t\t\t\t<div class=\"elementor-column elementor-col-33 elementor-inner-column elementor-element elementor-element-698903d\" data-id=\"698903d\" data-element_type=\"column\" data-e-type=\"column\">\n\t\t\t<div class=\"elementor-widget-wrap elementor-element-populated\">\n\t\t\t\t\t\t<div class=\"elementor-element elementor-element-0043e7a elementor-widget elementor-widget-text-editor\" data-id=\"0043e7a\" data-element_type=\"widget\" data-e-type=\"widget\" data-widget_type=\"text-editor.default\">\n\t\t\t\t\t\t\t\t\t<p>Activities &amp; Events<\/p>\n<p>Email: <a href=\"mailto:sales@hotelplaza.hr\">sales@hotelplaza.hr<\/a><\/p>\n\t\t\t\t\t\t\t\t<\/div>\n\t\t\t\t\t<\/div>\n\t\t<\/div>\n\t\t\t\t\t<\/div>\n\t\t<\/section>\n\t\t\t\t<div class=\"elementor-element elementor-element-4b0f0e6 elementor-widget elementor-widget-html\" data-id=\"4b0f0e6\" data-element_type=\"widget\" data-e-type=\"widget\" data-widget_type=\"html.default\">\n\t\t\t\t\t<iframe src=\"https:\/\/www.google.com\/maps\/embed?pb=!1m18!1m12!1m3!1d2896.8492915344236!2d16.689710577022417!3d43.4428634660083!2m3!1f0!2f0!3f0!3m2!1i1024!2i768!4f13.1!3m3!1m2!1s0x134a9845adb3971f%3A0x5359d96a7b8eda19!2sHotel%20Pla%C5%BEa!5e0!3m2!1sen!2shr!4v1704966125786!5m2!1sen!2shr\" width=\"600\" height=\"450\" style=\"border:0;\" allowfullscreen=\"\" loading=\"lazy\" referrerpolicy=\"no-referrer-when-downgrade\"><\/iframe>\t\t\t\t<\/div>\n\t\t\t\t\t<\/div>\n\t\t<\/div>\n\t\t\t\t\t<\/div>\n\t\t<\/section>\n\t\t\t\t<section class=\"elementor-section elementor-top-section elementor-element elementor-element-e9c225b elementor-section-stretched elementor-section-boxed elementor-section-height-default elementor-section-height-default\" data-id=\"e9c225b\" data-element_type=\"section\" data-e-type=\"section\" data-settings=\"{&quot;background_background&quot;:&quot;classic&quot;,&quot;stretch_section&quot;:&quot;section-stretched&quot;}\">\n\t\t\t\t\t\t<div class=\"elementor-container elementor-column-gap-default\">\n\t\t\t\t\t<div class=\"elementor-column elementor-col-100 elementor-top-column elementor-element elementor-element-8101230\" data-id=\"8101230\" data-element_type=\"column\" data-e-type=\"column\">\n\t\t\t<div class=\"elementor-widget-wrap elementor-element-populated\">\n\t\t\t\t\t\t<div class=\"elementor-element elementor-element-d3f20b7 elementor-widget elementor-widget-heading\" data-id=\"d3f20b7\" data-element_type=\"widget\" data-e-type=\"widget\" data-widget_type=\"heading.default\">\n\t\t\t\t\t<h2 class=\"elementor-heading-title elementor-size-default\">Hotel Pla\u017ea Du\u0107e<\/h2>\t\t\t\t<\/div>\n\t\t\t\t<section class=\"elementor-section elementor-inner-section elementor-element elementor-element-c8df833 elementor-section-boxed elementor-section-height-default elementor-section-height-default\" data-id=\"c8df833\" data-element_type=\"section\" data-e-type=\"section\">\n\t\t\t\t\t\t<div class=\"elementor-container elementor-column-gap-default\">\n\t\t\t\t\t<div class=\"elementor-column elementor-col-33 elementor-inner-column elementor-element elementor-element-c085b7b\" data-id=\"c085b7b\" data-element_type=\"column\" data-e-type=\"column\">\n\t\t\t<div class=\"elementor-widget-wrap elementor-element-populated\">\n\t\t\t\t\t\t<div class=\"elementor-element elementor-element-d1a651b elementor-widget elementor-widget-text-editor\" data-id=\"d1a651b\" data-element_type=\"widget\" data-e-type=\"widget\" data-widget_type=\"text-editor.default\">\n\t\t\t\t\t\t\t\t\t<p>Luka III, Polji\u010dka cesta 79, Du\u0107e<br \/>21315 Dugi Rat, Croatia<br \/>Reception: +385 21 783 350<br \/>Whatsapp: +385 99 296 2200<br \/>Skype: hotelplazaduce<\/p>\n\t\t\t\t\t\t\t\t<\/div>\n\t\t\t\t\t<\/div>\n\t\t<\/div>\n\t\t\t\t<div class=\"elementor-column elementor-col-33 elementor-inner-column elementor-element elementor-element-c2605fa\" data-id=\"c2605fa\" data-element_type=\"column\" data-e-type=\"column\">\n\t\t\t<div class=\"elementor-widget-wrap elementor-element-populated\">\n\t\t\t\t\t\t<div class=\"elementor-element elementor-element-c36a2da elementor-widget elementor-widget-text-editor\" data-id=\"c36a2da\" data-element_type=\"widget\" data-e-type=\"widget\" data-widget_type=\"text-editor.default\">\n\t\t\t\t\t\t\t\t\t<p>Reservation<\/p>\n<p>Stipe Kova\u010di\u0107<\/p>\n<p>Tel: +385 21 783 350<\/p>\n<p>Fax: +385 021 783 352<\/p>\n<p>Email: <a href=\"mailto:salesduce@hotelplaza.hr\">salesduce@hotelplaza.hr<\/a><\/p>\n\t\t\t\t\t\t\t\t<\/div>\n\t\t\t\t\t<\/div>\n\t\t<\/div>\n\t\t\t\t<div class=\"elementor-column elementor-col-33 elementor-inner-column elementor-element elementor-element-759b80e\" data-id=\"759b80e\" data-element_type=\"column\" data-e-type=\"column\">\n\t\t\t<div class=\"elementor-widget-wrap elementor-element-populated\">\n\t\t\t\t\t\t<div class=\"elementor-element elementor-element-0c09957 elementor-widget elementor-widget-text-editor\" data-id=\"0c09957\" data-element_type=\"widget\" data-e-type=\"widget\" data-widget_type=\"text-editor.default\">\n\t\t\t\t\t\t\t\t\t<p>Activities &amp; Events<\/p>\n<p>Email: <a href=\"mailto:salesduce@hotelplaza.hr\">salesduce@hotelplaza.hr<\/a><\/p>\n\t\t\t\t\t\t\t\t<\/div>\n\t\t\t\t\t<\/div>\n\t\t<\/div>\n\t\t\t\t\t<\/div>\n\t\t<\/section>\n\t\t\t\t<div class=\"elementor-element elementor-element-dc969f4 elementor-widget elementor-widget-html\" data-id=\"dc969f4\" data-element_type=\"widget\" data-e-type=\"widget\" data-widget_type=\"html.default\">\n\t\t\t\t\t<iframe src=\"https:\/\/www.google.com\/maps\/embed?pb=!1m14!1m8!1m3!1d11587.660343145675!2d16.6572083!3d43.4414894!3m2!1i1024!2i768!4f13.1!3m3!1m2!1s0x134a9f31111f0983%3A0xb99036129744af6e!2zSG90ZWwgUGxhxb5hIER1xIdl!5e0!3m2!1sen!2shr!4v1704966089080!5m2!1sen!2shr\" width=\"600\" height=\"450\" style=\"border:0;\" allowfullscreen=\"\" loading=\"lazy\" referrerpolicy=\"no-referrer-when-downgrade\"><\/iframe>\t\t\t\t<\/div>\n\t\t\t\t\t<\/div>\n\t\t<\/div>\n\t\t\t\t\t<\/div>\n\t\t<\/section>\n\t\t\t\t<\/div>\n\t\t","protected":false},"excerpt":{"rendered":"<p>EKSKLUZIVNI HOTELI SA 4 ZVJEZDICE Lokacija Hotel Pla\u017ea Omi\u0161 Trg kralja Tomislava 621310 Omi\u0161, CroatiaReception: +385 21 755 260Whatsapp: +385 91 1962 221Skype: hotelplazaduce Reservation Katia Bara\u010d Tel: +385 21 755 260 Fax: +385 21 755 261 Email: sales@hotelplaza.hr Activities &amp; Events Email: sales@hotelplaza.hr Hotel Pla\u017ea Du\u0107e Luka III, Polji\u010dka cesta 79, Du\u0107e21315 Dugi Rat, [&hellip;]<\/p>\n","protected":false},"author":1,"featured_media":0,"parent":0,"menu_order":0,"comment_status":"closed","ping_status":"closed","template":"","meta":{"site-sidebar-layout":"no-sidebar","site-content-layout":"content-boxed-container","ast-site-content-layout":"default","site-content-style":"default","site-sidebar-style":"default","ast-global-header-display":"","ast-banner-title-visibility":"","ast-main-header-display":"disabled","ast-hfb-above-header-display":"","ast-hfb-below-header-display":"","ast-hfb-mobile-header-display":"","site-post-title":"disabled","ast-breadcrumbs-content":"disabled","ast-featured-img":"disabled","footer-sml-layout":"disabled","ast-disable-related-posts":"","theme-transparent-header-meta":"enabled","adv-header-id-meta":"","stick-header-meta":"","header-above-stick-meta":"","header-main-stick-meta":"","header-below-stick-meta":"","astra-migrate-meta-layouts":"default","ast-page-background-enabled":"default","ast-page-background-meta":{"desktop":{"background-color":"","background-image":"","background-repeat":"repeat","background-position":"center center","background-size":"auto","background-attachment":"scroll","background-type":"","background-media":"","overlay-type":"","overlay-color":"","overlay-opacity":"","overlay-gradient":""},"tablet":{"background-color":"","background-image":"","background-repeat":"repeat","background-position":"center center","background-size":"auto","background-attachment":"scroll","background-type":"","background-media":"","overlay-type":"","overlay-color":"","overlay-opacity":"","overlay-gradient":""},"mobile":{"background-color":"","background-image":"","background-repeat":"repeat","background-position":"center center","background-size":"auto","background-attachment":"scroll","background-type":"","background-media":"","overlay-type":"","overlay-color":"","overlay-opacity":"","overlay-gradient":""}},"ast-content-background-meta":{"desktop":{"background-color":"var(--ast-global-color-5)","background-image":"","background-repeat":"repeat","background-position":"center center","background-size":"auto","background-attachment":"scroll","background-type":"","background-media":"","overlay-type":"","overlay-color":"","overlay-opacity":"","overlay-gradient":""},"tablet":{"background-color":"var(--ast-global-color-5)","background-image":"","background-repeat":"repeat","background-position":"center center","background-size":"auto","background-attachment":"scroll","background-type":"","background-media":"","overlay-type":"","overlay-color":"","overlay-opacity":"","overlay-gradient":""},"mobile":{"background-color":"var(--ast-global-color-5)","background-image":"","background-repeat":"repeat","background-position":"center center","background-size":"auto","background-attachment":"scroll","background-type":"","background-media":"","overlay-type":"","overlay-color":"","overlay-opacity":"","overlay-gradient":""}},"footnotes":""},"class_list":["post-13868","page","type-page","status-publish","hentry"],"yoast_head":"<!-- This site is optimized with the Yoast SEO plugin v27.4 - https:\/\/yoast.com\/product\/yoast-seo-wordpress\/ -->\n<title>Elhelyezked\u00e9s - Hotel Plaza<\/title>\n<meta name=\"robots\" content=\"index, follow, max-snippet:-1, max-image-preview:large, max-video-preview:-1\" \/>\n<link rel=\"canonical\" href=\"https:\/\/www.hotelplaza.hr\/hu\/elhelyezkedes\/\" \/>\n<meta property=\"og:locale\" content=\"hu_HU\" \/>\n<meta property=\"og:type\" content=\"article\" \/>\n<meta property=\"og:title\" content=\"Elhelyezked\u00e9s - Hotel Plaza\" \/>\n<meta property=\"og:description\" content=\"EKSKLUZIVNI HOTELI SA 4 ZVJEZDICE Lokacija Hotel Pla\u017ea Omi\u0161 Trg kralja Tomislava 621310 Omi\u0161, CroatiaReception: +385 21 755 260Whatsapp: +385 91 1962 221Skype: hotelplazaduce Reservation Katia Bara\u010d Tel: +385 21 755 260 Fax: +385 21 755 261 Email: sales@hotelplaza.hr Activities &amp; Events Email: sales@hotelplaza.hr Hotel Pla\u017ea Du\u0107e Luka III, Polji\u010dka cesta 79, Du\u0107e21315 Dugi Rat, [&hellip;]\" \/>\n<meta property=\"og:url\" content=\"https:\/\/www.hotelplaza.hr\/hu\/elhelyezkedes\/\" \/>\n<meta property=\"og:site_name\" content=\"Hotel Plaza\" \/>\n<meta property=\"article:modified_time\" content=\"2024-01-11T09:45:15+00:00\" \/>\n<meta name=\"twitter:card\" content=\"summary_large_image\" \/>\n<meta name=\"twitter:label1\" content=\"Becs\u00fclt olvas\u00e1si id\u0151\" \/>\n\t<meta name=\"twitter:data1\" content=\"1 perc\" \/>\n<script type=\"application\/ld+json\" class=\"yoast-schema-graph\">{\"@context\":\"https:\\\/\\\/schema.org\",\"@graph\":[{\"@type\":\"WebPage\",\"@id\":\"https:\\\/\\\/www.hotelplaza.hr\\\/hu\\\/elhelyezkedes\\\/\",\"url\":\"https:\\\/\\\/www.hotelplaza.hr\\\/hu\\\/elhelyezkedes\\\/\",\"name\":\"Elhelyezked\u00e9s - Hotel Plaza\",\"isPartOf\":{\"@id\":\"https:\\\/\\\/www.hotelplaza.hr\\\/hu\\\/#website\"},\"datePublished\":\"2022-01-24T18:11:42+00:00\",\"dateModified\":\"2024-01-11T09:45:15+00:00\",\"breadcrumb\":{\"@id\":\"https:\\\/\\\/www.hotelplaza.hr\\\/hu\\\/elhelyezkedes\\\/#breadcrumb\"},\"inLanguage\":\"hu\",\"potentialAction\":[{\"@type\":\"ReadAction\",\"target\":[\"https:\\\/\\\/www.hotelplaza.hr\\\/hu\\\/elhelyezkedes\\\/\"]}]},{\"@type\":\"BreadcrumbList\",\"@id\":\"https:\\\/\\\/www.hotelplaza.hr\\\/hu\\\/elhelyezkedes\\\/#breadcrumb\",\"itemListElement\":[{\"@type\":\"ListItem\",\"position\":1,\"name\":\"Po\u010detna stranica\",\"item\":\"https:\\\/\\\/www.hotelplaza.hr\\\/hu\\\/\"},{\"@type\":\"ListItem\",\"position\":2,\"name\":\"Elhelyezked\u00e9s\"}]},{\"@type\":\"WebSite\",\"@id\":\"https:\\\/\\\/www.hotelplaza.hr\\\/hu\\\/#website\",\"url\":\"https:\\\/\\\/www.hotelplaza.hr\\\/hu\\\/\",\"name\":\"Hotel Plaza\",\"description\":\"Hotel\",\"potentialAction\":[{\"@type\":\"SearchAction\",\"target\":{\"@type\":\"EntryPoint\",\"urlTemplate\":\"https:\\\/\\\/www.hotelplaza.hr\\\/hu\\\/?s={search_term_string}\"},\"query-input\":{\"@type\":\"PropertyValueSpecification\",\"valueRequired\":true,\"valueName\":\"search_term_string\"}}],\"inLanguage\":\"hu\"}]}<\/script>\n<!-- \/ Yoast SEO plugin. -->","yoast_head_json":{"title":"Elhelyezked\u00e9s - Hotel Plaza","robots":{"index":"index","follow":"follow","max-snippet":"max-snippet:-1","max-image-preview":"max-image-preview:large","max-video-preview":"max-video-preview:-1"},"canonical":"https:\/\/www.hotelplaza.hr\/hu\/elhelyezkedes\/","og_locale":"hu_HU","og_type":"article","og_title":"Elhelyezked\u00e9s - Hotel Plaza","og_description":"EKSKLUZIVNI HOTELI SA 4 ZVJEZDICE Lokacija Hotel Pla\u017ea Omi\u0161 Trg kralja Tomislava 621310 Omi\u0161, CroatiaReception: +385 21 755 260Whatsapp: +385 91 1962 221Skype: hotelplazaduce Reservation Katia Bara\u010d Tel: +385 21 755 260 Fax: +385 21 755 261 Email: sales@hotelplaza.hr Activities &amp; Events Email: sales@hotelplaza.hr Hotel Pla\u017ea Du\u0107e Luka III, Polji\u010dka cesta 79, Du\u0107e21315 Dugi Rat, [&hellip;]","og_url":"https:\/\/www.hotelplaza.hr\/hu\/elhelyezkedes\/","og_site_name":"Hotel Plaza","article_modified_time":"2024-01-11T09:45:15+00:00","twitter_card":"summary_large_image","twitter_misc":{"Becs\u00fclt olvas\u00e1si id\u0151":"1 perc"},"schema":{"@context":"https:\/\/schema.org","@graph":[{"@type":"WebPage","@id":"https:\/\/www.hotelplaza.hr\/hu\/elhelyezkedes\/","url":"https:\/\/www.hotelplaza.hr\/hu\/elhelyezkedes\/","name":"Elhelyezked\u00e9s - Hotel Plaza","isPartOf":{"@id":"https:\/\/www.hotelplaza.hr\/hu\/#website"},"datePublished":"2022-01-24T18:11:42+00:00","dateModified":"2024-01-11T09:45:15+00:00","breadcrumb":{"@id":"https:\/\/www.hotelplaza.hr\/hu\/elhelyezkedes\/#breadcrumb"},"inLanguage":"hu","potentialAction":[{"@type":"ReadAction","target":["https:\/\/www.hotelplaza.hr\/hu\/elhelyezkedes\/"]}]},{"@type":"BreadcrumbList","@id":"https:\/\/www.hotelplaza.hr\/hu\/elhelyezkedes\/#breadcrumb","itemListElement":[{"@type":"ListItem","position":1,"name":"Po\u010detna stranica","item":"https:\/\/www.hotelplaza.hr\/hu\/"},{"@type":"ListItem","position":2,"name":"Elhelyezked\u00e9s"}]},{"@type":"WebSite","@id":"https:\/\/www.hotelplaza.hr\/hu\/#website","url":"https:\/\/www.hotelplaza.hr\/hu\/","name":"Hotel Plaza","description":"Hotel","potentialAction":[{"@type":"SearchAction","target":{"@type":"EntryPoint","urlTemplate":"https:\/\/www.hotelplaza.hr\/hu\/?s={search_term_string}"},"query-input":{"@type":"PropertyValueSpecification","valueRequired":true,"valueName":"search_term_string"}}],"inLanguage":"hu"}]}},"_links":{"self":[{"href":"https:\/\/www.hotelplaza.hr\/hu\/wp-json\/wp\/v2\/pages\/13868","targetHints":{"allow":["GET"]}}],"collection":[{"href":"https:\/\/www.hotelplaza.hr\/hu\/wp-json\/wp\/v2\/pages"}],"about":[{"href":"https:\/\/www.hotelplaza.hr\/hu\/wp-json\/wp\/v2\/types\/page"}],"author":[{"embeddable":true,"href":"https:\/\/www.hotelplaza.hr\/hu\/wp-json\/wp\/v2\/users\/1"}],"replies":[{"embeddable":true,"href":"https:\/\/www.hotelplaza.hr\/hu\/wp-json\/wp\/v2\/comments?post=13868"}],"version-history":[{"count":5,"href":"https:\/\/www.hotelplaza.hr\/hu\/wp-json\/wp\/v2\/pages\/13868\/revisions"}],"predecessor-version":[{"id":21957,"href":"https:\/\/www.hotelplaza.hr\/hu\/wp-json\/wp\/v2\/pages\/13868\/revisions\/21957"}],"wp:attachment":[{"href":"https:\/\/www.hotelplaza.hr\/hu\/wp-json\/wp\/v2\/media?parent=13868"}],"curies":[{"name":"wp","href":"https:\/\/api.w.org\/{rel}","templated":true}]}}