{"id":9130,"date":"2021-06-10T20:54:28","date_gmt":"2021-06-10T20:54:28","guid":{"rendered":"https:\/\/www.hotelplaza.hr\/?page_id=9130"},"modified":"2021-07-03T13:40:43","modified_gmt":"2021-07-03T13:40:43","slug":"covid-19","status":"publish","type":"page","link":"https:\/\/www.hotelplaza.hr\/pl\/covid-19\/","title":{"rendered":"COVID 19"},"content":{"rendered":"<p>EKSKLUZYWNE 4-GWIAZDKOWE HOTELE<\/p>\n<h2>Covid-19<\/h2>\n<p>Dobre samopoczucie, bezpiecze\u0144stwo i zdrowie naszych Go\u015bci i pracownik\u00f3w to g\u0142\u00f3wne priorytety naszych hoteli, dlatego zadbali\u015bmy o najwy\u017csze standardy jako\u015bci zdrowia i higieny opracowane zgodnie z wytycznymi \u015bwiatowych i lokalnych organ\u00f3w zdrowia publicznego. Wszyscy nasi pracownicy otrzymuj\u0105 sta\u0142e instrukcje i u\u017cywaj\u0105 przepisanego wyposa\u017cenia ochronnego. Us\u0142ugi gastronomiczne s\u0105 dostosowane do zalece\u0144 i standardu HACCP, a antybakteryjne i przeciwwirusowe \u015brodki do dezynfekcji r\u0105k znajduj\u0105 si\u0119 w ca\u0142ym hotelu, aby zapewni\u0107 naszym go\u015bciom \u0142atwo\u015b\u0107 w u\u017cyciu, a tak\u017ce wytyczne dotycz\u0105ce w\u0142a\u015bciwego zachowania i \u015brodk\u00f3w ochrony.<\/p>\n<p>Wi\u0119cej szczeg\u00f3\u0142\u00f3w na temat procesu czyszczenia i utrzymania higieny szukajcie na___<\/p>\n<p>Obecna sytuacja globalnej pandemii wymaga maksymalnej elastyczno\u015bci. Zdajemy sobie spraw\u0119 ze wszystkich wyzwa\u0144 zwi\u0105zanych z organizacj\u0105 wyjazdu, ale naszym celem jest zapewnienie Pa\u0144stwu beztroskiego planowania wakacji.<\/p>\n<p>W zwi\u0105zku z tym dostosowali\u015bmy nasze zasady anulowania:<\/p>\n<ul>\n<li>W przypadku gdy Wasze lub chorwackie ograniczenia pa\u0144stwowe b\u0119d\u0105 wa\u017cne w momencie planowanego przyjazdu, zapewnimy Wam bezp\u0142atne anulowanie do 24 godzin przed przyjazdem<\/li>\n<li>W przypadku decyzji pa\u0144stwowej o samoizolacji po powrocie do kraju rodzinnego, w trakcie Waszego pobytu, Hotel udzieli Pa\u0144stwu bezp\u0142atnego wcze\u015bniejszego zako\u0144czenia pobytu.<\/li>\n<li>Go\u015bcie, kt\u00f3rzy dokonali rezerwacji i b\u0119d\u0105 dokonywa\u0107 rezerwacji za po\u015brednictwem internetowych biur podr\u00f3\u017cy lub innych po\u015brednik\u00f3w, zalecamy zapoznanie si\u0119 z polityk\u0105 anulowania us\u0142ugodawcy. Hotel nie ponosi odpowiedzialno\u015b\u0107 za polityk\u0119 anulowania swoich partner\u00f3w.<\/li>\n<li>Dla go\u015bci, kt\u00f3rzy maj\u0105 rezerwacj\u0119 bez prawa do zmiany lub anulowania rezerwacji po przyje\u017adzie, hotel nie akceptuje zwrot\u00f3w, ale zatwierdza vouchery na pe\u0142n\u0105 warto\u015b\u0107 wp\u0142aconej kwoty, kt\u00f3re mo\u017cna wykorzysta\u0107 do ko\u0144ca 2023 roku. Dla mo\u017cliwie pe\u0142nej refundacji prosimy o skontaktowanie si\u0119 z ubezpieczeniem podr\u00f3\u017cnym.<\/li>\n<\/ul>\n<h2>INFORMACJE OG\u00d3LNE<\/h2>\n<p><a>PROCES APLIKACJI<\/a><\/p>\n<p>Zameldowanie odbywa si\u0119 na recepcji, kt\u00f3ra chroni go\u015bci i personel recepcji przezroczyst\u0105 \u015bciank\u0105 z pleksi. Karty pokojowe s\u0105 dezynfekowane po ka\u017cdym kontakcie. Przed wej\u015bciem do hotelu przygotujcie swoje dokumenty lub kopi\u0119 dokumentu, kt\u00f3ry oka\u017cecie recepcjoni\u015bcie, aby skr\u00f3ci\u0107 czas sp\u0119dzony na recepcji. Po rejestracji nasz zesp\u00f3\u0142 niezw\u0142ocznie poinformuje Was o wszystkich regulaminach, a po zameldowaniu otrzymacie og\u00f3lne wytyczne dotycz\u0105ce zachowania w hotelu, kt\u00f3re s\u0105 dostosowane w taki spos\u00f3b, aby\u015bcie niezale\u017cnie od sytuacji mogli sp\u0119dzi\u0107 w naszym hotelu niezapomniane wakacje. W przypadku dodatkowych pyta\u0144 nasz zesp\u00f3\u0142 b\u0119dzie do Pa\u0144stwa dyspozycji.<\/p>\n<p><a>PROCES WYMELDOWANIA<\/a><\/p>\n<p>Podczas pandemii Covid-19 zalecamy wszystkim go\u015bciom uregulowanie rachunku z wyprzedzeniem (1 dzie\u0144 \/ kilka godzin wcze\u015bniej), aby unikn\u0105\u0107 przebywania na recepcji. Je\u015bli chcecie wymeldowa\u0107 si\u0119 bezdotykowo, wprowadzili\u015bmy procedur\u0119 fast check out, dzi\u0119ki czemu go\u015b\u0107 otrzymuje faktur\u0119 dzie\u0144 wcze\u015bniej do pokoju wraz z ulotk\u0105 do wype\u0142nienia danych karty kredytowej, po wype\u0142nieniu przez go\u015bcia informacji, pobrana kwota jest potr\u0105cana z jego konta.<\/p>\n<p><a>ROZWA\u017bAJ\u0104C SYTUACJ\u0118 Z WIRUSEM KORONOWYM, CZY POWINIENEM PRZYWIE\u015a\u0106 JESZCZE CO\u015a INNEGO ZE SOB\u0104 NI\u017b NORMALNY BAGA\u017b PODR\u00d3\u017bNY?<\/a><\/p>\n<p>Zalecamy zabranie ze sob\u0105 w\u0142asnych masek ochronnych. W razie potrzeby na recepcji mo\u017cna poprosi\u0107 o jednorazow\u0105 mask\u0119 ochronn\u0105. Od innych rzeczy zalecamy zabranie ze sob\u0105 ma\u0142ych podstawowych \u015brodk\u00f3w medycznych. Prosimy, aby nie stosowa\u0107 w\u0142asnych \u015brodk\u00f3w do dezynfekcji powierzchni, aby nie os\u0142abi\u0107 dzia\u0142ania naszych profesjonalnych \u015brodk\u00f3w.<\/p>\n<p><a>CZY W HOTELU B\u0118D\u0104 DOST\u0118PNE MASKI OCHRONNE NA USTA I NOS?<\/a><\/p>\n<p>Hotel b\u0119dzie mia\u0142 jednorazowe maski ochronne, o kt\u00f3re mo\u017cna poprosi\u0107 na recepcji.<\/p>\n<p><a>GDZIE MOG\u0118 SZUKA\u0106 POMOCY MEDYCZNEJ, JE\u015aLI MAM OBJAWY?<\/a><\/p>\n<p>Hotel wsp\u00f3\u0142pracuje z w\u0142a\u015bciwymi organami s\u0142u\u017cby zdrowia. W samym hotelu odpowiedni personel jest zaznajomiony z procedurami post\u0119powania w przypadku podejrzenia objaw\u00f3w i zapewniaj\u0105, aby ka\u017cdy potencjalnie zara\u017cony go\u015b\u0107 natychmiast otrzyma\u0142 pomocy medycznej oraz aby by\u0142&nbsp; odizolowany od innych go\u015bci hotelowych i pracownik\u00f3w. Przygotowali\u015bmy dla Pa\u0144stwa najwa\u017cniejsze kontakty pobliskich aptek, epidemiolog\u00f3w i karetek pogotowia, kt\u00f3re w razie potrzeby b\u0119d\u0105 do Pa\u0144stwa dyspozycji jak najszybciej.<\/p>\n<p><a>CZY MOG\u0118 ZAP\u0141ACI\u0106 GOT\u00d3WK\u0104 W HOTELU?<\/a><\/p>\n<p>Mo\u017cliwa jest p\u0142atno\u015b\u0107 got\u00f3wk\u0105, ale zalecamy p\u0142acenie kart\u0105.<\/p>\n<p><a>NA CO MUSZ\u0118 ZWRACA\u0106 UWAG\u0118, JE\u015aLI PODR\u00d3\u017bUJ\u0118 Z WIELOMA OSOBAMI?<\/a><\/p>\n<p>W hotelu stosowany jest dystans spo\u0142eczny, tj. nale\u017cy przestrzega\u0107 miar odleg\u0142o\u015bci spo\u0142ecznej 2 metr\u00f3w od go\u015bci, kt\u00f3rzy nie nale\u017c\u0105 do Waszej rodziny\/partnera lub znajomego, z kt\u00f3rym podr\u00f3\u017cujecie lub przebywacie w hotelu.<\/p>\n<p><a>JAK MOG\u0118 UZYSKA\u0106 INFORMACJE OD PRACOWNIK\u00d3W BEZ SCHODZENIE DO RECEPCJI?<\/a><\/p>\n<p>Nasz zesp\u00f3\u0142 recepcyjny s\u0142u\u017cy r\u00f3wnie\u017c informacj\u0105 i porad\u0105 telefonicznie, przez Whatsapp-a lub e-mail <a href=\"mailto:guestrelation@hotelplaza.hr\">guestrelation@hotelplaza.hr<\/a> Mimo obecnej sytuacji naszym celem jest jak najlepsza obs\u0142uga, a nasz zesp\u00f3\u0142 zawsze b\u0119dzie do Pa\u0144stwa dyspozycji.<\/p>\n<p><a>PROGRAMY I ZAJ\u0118CIA W HOTELU I W MIEJSCU DOCELOWYM?<\/a><\/p>\n<p>Podczas zaj\u0119\u0107, wycieczek itp. cz\u0119\u015bciowo polegamy na partnerach wsp\u00f3\u0142pracuj\u0105cych. Zaj\u0119cia, kt\u00f3re hotel prowadzi osobi\u015bcie, odbywaj\u0105 si\u0119 wtedy, gdy istnieje mo\u017cliwo\u015b\u0107 zachowania \u015brodk\u00f3w bezpiecze\u0144stwa.<\/p>\n<p><a>\u015aRODKI I BEZPIECZE\u0143STWO W RESTAURACJACH HOTELOWZCH?<\/a><\/p>\n<p>Nasz plan zgodno\u015bci z zaleceniami dla restauracji obejmuje aktualne wytyczne i zalecenia w\u0142adz. Wszystkie instrukcje, w tym regularna higiena osobista, s\u0105 dok\u0142adnie sprawdzane. Powierzchnie i przedmioty u\u017cywane przez go\u015bci i personel s\u0105 czyszczone i dezynfekowane po ka\u017cdym u\u017cyciu. Ca\u0142y personel&nbsp; post\u0119puje zgodnie z instrukcjami WHO i chorwackich s\u0142u\u017cb epidemiologicznych. Aby skutecznie zagwarantowa\u0107 regulacj\u0119 minimalnej odleg\u0142o\u015bci, zamiast standardowego trybu serwowania w formie bufetu \u015bniadania, obiady i kolacje serwowane s\u0105 \u00e0 la carte na podstawie codziennego menu. Wszystkie sto\u0142y s\u0105 ustawione zgodnie z instrukcjami i wytycznymi w\u0142a\u015bciwych organ\u00f3w. Personel obs\u0142uguj\u0105cy Pa\u0144stwa podczas pobytu jest do Pa\u0144stwa dyspozycji w celu uzyskania dodatkowych informacji.<\/p>\n<p><a>CO SI\u0118 STANIE, JE\u015aLI PODCZAS POBYTU ZMIENIAJ\u0104 SI\u0118 OGRANICZENIA W PODR\u00d3\u017bACH?<\/a><\/p>\n<p>Hotel nie ponosi \u017cadnej odpowiedzialno\u015bci ani nie udziela gwarancji w tym zakresie. Prosimy o zapoznanie si\u0119 z warunkami waszego ubezpieczenia podr\u00f3\u017cnego pod k\u0105tem anulowania, mo\u017cliwo\u015bci zmiany rezerwacji kr\u00f3tkoterminowej oraz podr\u00f3\u017cnego ubezpieczenia zdrowotnego.<\/p>\n<p><a>CZY MO\u017bNA U\u017bYWA\u0106 WIND?<\/a><\/p>\n<p>Korzystanie z wind jest dozwolone zgodnie z wytycznymi i zaleceniami w\u0142a\u015bciwych organ\u00f3w pa\u0144stwowych.<\/p>\n<p><a>CZY ISTNIEJ\u0104 PEWNE ZASADY KORZYSTANIA Y WELLNESS?<\/a><\/p>\n<p>Aby zapobiec rozprzestrzenianiu si\u0119 infekcji wirusem Covid-19, dostosowali\u015bmy korzystanie z wellness zgodnie z zaleceniami. Aby uszanowa\u0107 miar\u0119 odleg\u0142o\u015bci spo\u0142ecznej wynosz\u0105cej 2 metry, w wellness mo\u017ce przebywa\u0107 okre\u015blona liczba os\u00f3b w tym samym czasie, z wyj\u0105tkiem rodzin i grup przebywaj\u0105cych razem w hotelu, na co wskazuj\u0105 oznaczenia w strefie wellness. Dost\u0119pne s\u0105 wszystkie rodzaje us\u0142ug, z wyj\u0105tkiem \u0142a\u017ani tureckiej.<\/p>\n<p><a>UWZGL\u0118DNIAJ\u0104C SYTUACJ\u0118, CZY HOTEL OFERUJE MO\u017bLIWO\u015a\u0106 KORZYSTANIA Z LE\u017bAK\u00d3W?<\/a><\/p>\n<p>Hotel oferuje mo\u017cliwo\u015b\u0107 korzystania z le\u017cak\u00f3w. Aby zapobiec mo\u017cliwej infekcji koronowej wirusem, wszystkie le\u017caki dezynfikuje si\u0119 po u\u017cyciu i rozszerzone s\u0105 w zalecanej odleg\u0142o\u015bci.<\/p>\n","protected":false},"excerpt":{"rendered":"<p>EKSKLUZYWNE 4-GWIAZDKOWE HOTELE Covid-19 Dobre samopoczucie, bezpiecze\u0144stwo i zdrowie naszych Go\u015bci i pracownik\u00f3w to g\u0142\u00f3wne priorytety naszych hoteli, dlatego zadbali\u015bmy o najwy\u017csze standardy jako\u015bci zdrowia i higieny opracowane zgodnie z wytycznymi \u015bwiatowych i lokalnych organ\u00f3w zdrowia publicznego. Wszyscy nasi pracownicy otrzymuj\u0105 sta\u0142e instrukcje i u\u017cywaj\u0105 przepisanego wyposa\u017cenia ochronnego. Us\u0142ugi gastronomiczne s\u0105 dostosowane do zalece\u0144 i [&hellip;]<\/p>\n","protected":false},"author":1,"featured_media":0,"parent":0,"menu_order":0,"comment_status":"closed","ping_status":"closed","template":"","meta":{"rs_blank_template":"","rs_page_bg_color":"","slide_template_v7":"","site-sidebar-layout":"no-sidebar","site-content-layout":"content-boxed-container","ast-site-content-layout":"default","site-content-style":"default","site-sidebar-style":"default","ast-global-header-display":"","ast-banner-title-visibility":"","ast-main-header-display":"disabled","ast-hfb-above-header-display":"","ast-hfb-below-header-display":"","ast-hfb-mobile-header-display":"","site-post-title":"disabled","ast-breadcrumbs-content":"disabled","ast-featured-img":"disabled","footer-sml-layout":"disabled","ast-disable-related-posts":"","theme-transparent-header-meta":"enabled","adv-header-id-meta":"","stick-header-meta":"","header-above-stick-meta":"","header-main-stick-meta":"","header-below-stick-meta":"","astra-migrate-meta-layouts":"default","ast-page-background-enabled":"default","ast-page-background-meta":{"desktop":{"background-color":"","background-image":"","background-repeat":"repeat","background-position":"center center","background-size":"auto","background-attachment":"scroll","background-type":"","background-media":"","overlay-type":"","overlay-color":"","overlay-opacity":"","overlay-gradient":""},"tablet":{"background-color":"","background-image":"","background-repeat":"repeat","background-position":"center center","background-size":"auto","background-attachment":"scroll","background-type":"","background-media":"","overlay-type":"","overlay-color":"","overlay-opacity":"","overlay-gradient":""},"mobile":{"background-color":"","background-image":"","background-repeat":"repeat","background-position":"center center","background-size":"auto","background-attachment":"scroll","background-type":"","background-media":"","overlay-type":"","overlay-color":"","overlay-opacity":"","overlay-gradient":""}},"ast-content-background-meta":{"desktop":{"background-color":"var(--ast-global-color-5)","background-image":"","background-repeat":"repeat","background-position":"center center","background-size":"auto","background-attachment":"scroll","background-type":"","background-media":"","overlay-type":"","overlay-color":"","overlay-opacity":"","overlay-gradient":""},"tablet":{"background-color":"var(--ast-global-color-5)","background-image":"","background-repeat":"repeat","background-position":"center center","background-size":"auto","background-attachment":"scroll","background-type":"","background-media":"","overlay-type":"","overlay-color":"","overlay-opacity":"","overlay-gradient":""},"mobile":{"background-color":"var(--ast-global-color-5)","background-image":"","background-repeat":"repeat","background-position":"center center","background-size":"auto","background-attachment":"scroll","background-type":"","background-media":"","overlay-type":"","overlay-color":"","overlay-opacity":"","overlay-gradient":""}},"footnotes":""},"class_list":["post-9130","page","type-page","status-publish","hentry"],"yoast_head":"<!-- This site is optimized with the Yoast SEO plugin v27.4 - https:\/\/yoast.com\/product\/yoast-seo-wordpress\/ -->\n<title>COVID 19 - Hotel Plaza<\/title>\n<meta name=\"robots\" content=\"index, follow, max-snippet:-1, max-image-preview:large, max-video-preview:-1\" \/>\n<link rel=\"canonical\" href=\"https:\/\/www.hotelplaza.hr\/pl\/covid-19\/\" \/>\n<meta property=\"og:locale\" content=\"pl_PL\" \/>\n<meta property=\"og:type\" content=\"article\" \/>\n<meta property=\"og:title\" content=\"COVID 19 - Hotel Plaza\" \/>\n<meta property=\"og:description\" content=\"EKSKLUZYWNE 4-GWIAZDKOWE HOTELE Covid-19 Dobre samopoczucie, bezpiecze\u0144stwo i zdrowie naszych Go\u015bci i pracownik\u00f3w to g\u0142\u00f3wne priorytety naszych hoteli, dlatego zadbali\u015bmy o najwy\u017csze standardy jako\u015bci zdrowia i higieny opracowane zgodnie z wytycznymi \u015bwiatowych i lokalnych organ\u00f3w zdrowia publicznego. Wszyscy nasi pracownicy otrzymuj\u0105 sta\u0142e instrukcje i u\u017cywaj\u0105 przepisanego wyposa\u017cenia ochronnego. Us\u0142ugi gastronomiczne s\u0105 dostosowane do zalece\u0144 i [&hellip;]\" \/>\n<meta property=\"og:url\" content=\"https:\/\/www.hotelplaza.hr\/pl\/covid-19\/\" \/>\n<meta property=\"og:site_name\" content=\"Hotel Plaza\" \/>\n<meta property=\"article:modified_time\" content=\"2021-07-03T13:40:43+00:00\" \/>\n<meta name=\"twitter:card\" content=\"summary_large_image\" \/>\n<meta name=\"twitter:label1\" content=\"Szacowany czas czytania\" \/>\n\t<meta name=\"twitter:data1\" content=\"5 minut\" \/>\n<script type=\"application\/ld+json\" class=\"yoast-schema-graph\">{\"@context\":\"https:\\\/\\\/schema.org\",\"@graph\":[{\"@type\":\"WebPage\",\"@id\":\"https:\\\/\\\/www.hotelplaza.hr\\\/pl\\\/covid-19\\\/\",\"url\":\"https:\\\/\\\/www.hotelplaza.hr\\\/pl\\\/covid-19\\\/\",\"name\":\"COVID 19 - Hotel Plaza\",\"isPartOf\":{\"@id\":\"https:\\\/\\\/www.hotelplaza.hr\\\/pl\\\/#website\"},\"datePublished\":\"2021-06-10T20:54:28+00:00\",\"dateModified\":\"2021-07-03T13:40:43+00:00\",\"breadcrumb\":{\"@id\":\"https:\\\/\\\/www.hotelplaza.hr\\\/pl\\\/covid-19\\\/#breadcrumb\"},\"inLanguage\":\"pl-PL\",\"potentialAction\":[{\"@type\":\"ReadAction\",\"target\":[\"https:\\\/\\\/www.hotelplaza.hr\\\/pl\\\/covid-19\\\/\"]}]},{\"@type\":\"BreadcrumbList\",\"@id\":\"https:\\\/\\\/www.hotelplaza.hr\\\/pl\\\/covid-19\\\/#breadcrumb\",\"itemListElement\":[{\"@type\":\"ListItem\",\"position\":1,\"name\":\"Po\u010detna stranica\",\"item\":\"https:\\\/\\\/www.hotelplaza.hr\\\/pl\\\/\"},{\"@type\":\"ListItem\",\"position\":2,\"name\":\"COVID 19\"}]},{\"@type\":\"WebSite\",\"@id\":\"https:\\\/\\\/www.hotelplaza.hr\\\/pl\\\/#website\",\"url\":\"https:\\\/\\\/www.hotelplaza.hr\\\/pl\\\/\",\"name\":\"Hotel Plaza\",\"description\":\"Hotel\",\"potentialAction\":[{\"@type\":\"SearchAction\",\"target\":{\"@type\":\"EntryPoint\",\"urlTemplate\":\"https:\\\/\\\/www.hotelplaza.hr\\\/pl\\\/?s={search_term_string}\"},\"query-input\":{\"@type\":\"PropertyValueSpecification\",\"valueRequired\":true,\"valueName\":\"search_term_string\"}}],\"inLanguage\":\"pl-PL\"}]}<\/script>\n<!-- \/ Yoast SEO plugin. -->","yoast_head_json":{"title":"COVID 19 - Hotel Plaza","robots":{"index":"index","follow":"follow","max-snippet":"max-snippet:-1","max-image-preview":"max-image-preview:large","max-video-preview":"max-video-preview:-1"},"canonical":"https:\/\/www.hotelplaza.hr\/pl\/covid-19\/","og_locale":"pl_PL","og_type":"article","og_title":"COVID 19 - Hotel Plaza","og_description":"EKSKLUZYWNE 4-GWIAZDKOWE HOTELE Covid-19 Dobre samopoczucie, bezpiecze\u0144stwo i zdrowie naszych Go\u015bci i pracownik\u00f3w to g\u0142\u00f3wne priorytety naszych hoteli, dlatego zadbali\u015bmy o najwy\u017csze standardy jako\u015bci zdrowia i higieny opracowane zgodnie z wytycznymi \u015bwiatowych i lokalnych organ\u00f3w zdrowia publicznego. Wszyscy nasi pracownicy otrzymuj\u0105 sta\u0142e instrukcje i u\u017cywaj\u0105 przepisanego wyposa\u017cenia ochronnego. Us\u0142ugi gastronomiczne s\u0105 dostosowane do zalece\u0144 i [&hellip;]","og_url":"https:\/\/www.hotelplaza.hr\/pl\/covid-19\/","og_site_name":"Hotel Plaza","article_modified_time":"2021-07-03T13:40:43+00:00","twitter_card":"summary_large_image","twitter_misc":{"Szacowany czas czytania":"5 minut"},"schema":{"@context":"https:\/\/schema.org","@graph":[{"@type":"WebPage","@id":"https:\/\/www.hotelplaza.hr\/pl\/covid-19\/","url":"https:\/\/www.hotelplaza.hr\/pl\/covid-19\/","name":"COVID 19 - Hotel Plaza","isPartOf":{"@id":"https:\/\/www.hotelplaza.hr\/pl\/#website"},"datePublished":"2021-06-10T20:54:28+00:00","dateModified":"2021-07-03T13:40:43+00:00","breadcrumb":{"@id":"https:\/\/www.hotelplaza.hr\/pl\/covid-19\/#breadcrumb"},"inLanguage":"pl-PL","potentialAction":[{"@type":"ReadAction","target":["https:\/\/www.hotelplaza.hr\/pl\/covid-19\/"]}]},{"@type":"BreadcrumbList","@id":"https:\/\/www.hotelplaza.hr\/pl\/covid-19\/#breadcrumb","itemListElement":[{"@type":"ListItem","position":1,"name":"Po\u010detna stranica","item":"https:\/\/www.hotelplaza.hr\/pl\/"},{"@type":"ListItem","position":2,"name":"COVID 19"}]},{"@type":"WebSite","@id":"https:\/\/www.hotelplaza.hr\/pl\/#website","url":"https:\/\/www.hotelplaza.hr\/pl\/","name":"Hotel Plaza","description":"Hotel","potentialAction":[{"@type":"SearchAction","target":{"@type":"EntryPoint","urlTemplate":"https:\/\/www.hotelplaza.hr\/pl\/?s={search_term_string}"},"query-input":{"@type":"PropertyValueSpecification","valueRequired":true,"valueName":"search_term_string"}}],"inLanguage":"pl-PL"}]}},"_links":{"self":[{"href":"https:\/\/www.hotelplaza.hr\/pl\/wp-json\/wp\/v2\/pages\/9130","targetHints":{"allow":["GET"]}}],"collection":[{"href":"https:\/\/www.hotelplaza.hr\/pl\/wp-json\/wp\/v2\/pages"}],"about":[{"href":"https:\/\/www.hotelplaza.hr\/pl\/wp-json\/wp\/v2\/types\/page"}],"author":[{"embeddable":true,"href":"https:\/\/www.hotelplaza.hr\/pl\/wp-json\/wp\/v2\/users\/1"}],"replies":[{"embeddable":true,"href":"https:\/\/www.hotelplaza.hr\/pl\/wp-json\/wp\/v2\/comments?post=9130"}],"version-history":[{"count":3,"href":"https:\/\/www.hotelplaza.hr\/pl\/wp-json\/wp\/v2\/pages\/9130\/revisions"}],"predecessor-version":[{"id":9998,"href":"https:\/\/www.hotelplaza.hr\/pl\/wp-json\/wp\/v2\/pages\/9130\/revisions\/9998"}],"wp:attachment":[{"href":"https:\/\/www.hotelplaza.hr\/pl\/wp-json\/wp\/v2\/media?parent=9130"}],"curies":[{"name":"wp","href":"https:\/\/api.w.org\/{rel}","templated":true}]}}