{"id":9416,"date":"2021-06-10T20:20:00","date_gmt":"2021-06-10T20:20:00","guid":{"rendered":"https:\/\/www.hotelplaza.hr\/?page_id=9416"},"modified":"2021-07-03T13:45:15","modified_gmt":"2021-07-03T13:45:15","slug":"specjalne-oferty-duce","status":"publish","type":"page","link":"https:\/\/www.hotelplaza.hr\/pl\/specjalne-oferty-duce\/","title":{"rendered":"Specjalne oferty &#8211; Du\u0107e"},"content":{"rendered":"\t\t<div data-elementor-type=\"wp-page\" data-elementor-id=\"9416\" class=\"elementor elementor-9416 elementor-3353\" data-elementor-post-type=\"page\">\n\t\t\t\t\t\t<section class=\"elementor-section elementor-top-section elementor-element elementor-element-18ef0df elementor-section-full_width elementor-section-height-min-height elementor-section-stretched elementor-section-height-default elementor-section-items-middle\" data-id=\"18ef0df\" data-element_type=\"section\" data-e-type=\"section\" data-settings=\"{&quot;stretch_section&quot;:&quot;section-stretched&quot;,&quot;background_background&quot;:&quot;classic&quot;}\">\n\t\t\t\t\t\t<div class=\"elementor-container elementor-column-gap-default\">\n\t\t\t\t\t<div class=\"elementor-column elementor-col-100 elementor-top-column elementor-element elementor-element-f1d8cdc\" data-id=\"f1d8cdc\" data-element_type=\"column\" data-e-type=\"column\">\n\t\t\t<div class=\"elementor-widget-wrap\">\n\t\t\t\t\t\t\t<\/div>\n\t\t<\/div>\n\t\t\t\t\t<\/div>\n\t\t<\/section>\n\t\t\t\t<section class=\"elementor-section elementor-top-section elementor-element elementor-element-4e99498 elementor-section-stretched elementor-section-boxed elementor-section-height-default elementor-section-height-default\" data-id=\"4e99498\" data-element_type=\"section\" data-e-type=\"section\" data-settings=\"{&quot;background_background&quot;:&quot;classic&quot;,&quot;stretch_section&quot;:&quot;section-stretched&quot;}\">\n\t\t\t\t\t\t<div class=\"elementor-container elementor-column-gap-default\">\n\t\t\t\t\t<div class=\"elementor-column elementor-col-100 elementor-top-column elementor-element elementor-element-3c58501\" data-id=\"3c58501\" data-element_type=\"column\" data-e-type=\"column\">\n\t\t\t<div class=\"elementor-widget-wrap elementor-element-populated\">\n\t\t\t\t\t\t<div class=\"elementor-element elementor-element-a4f8d5a subtilines elementor-widget elementor-widget-text-editor\" data-id=\"a4f8d5a\" data-element_type=\"widget\" data-e-type=\"widget\" data-widget_type=\"text-editor.default\">\n\t\t\t\t\t\t\t\t\t<p class=\"t1\">EKSKLUZYWNE 4-GWIAZDKOWE HOTELE<\/p>\t\t\t\t\t\t\t\t<\/div>\n\t\t\t\t<div class=\"elementor-element elementor-element-681f3de elementor-widget elementor-widget-heading\" data-id=\"681f3de\" data-element_type=\"widget\" data-e-type=\"widget\" data-widget_type=\"heading.default\">\n\t\t\t\t\t<h2 class=\"elementor-heading-title elementor-size-default\">Specjalne oferty<\/h2>\t\t\t\t<\/div>\n\t\t\t\t\t<\/div>\n\t\t<\/div>\n\t\t\t\t\t<\/div>\n\t\t<\/section>\n\t\t\t\t<section class=\"elementor-section elementor-top-section elementor-element elementor-element-8607e99 elementor-section-boxed elementor-section-height-default elementor-section-height-default\" data-id=\"8607e99\" data-element_type=\"section\" data-e-type=\"section\">\n\t\t\t\t\t\t<div class=\"elementor-container elementor-column-gap-default\">\n\t\t\t\t\t<div class=\"elementor-column elementor-col-100 elementor-top-column elementor-element elementor-element-895a385\" data-id=\"895a385\" data-element_type=\"column\" data-e-type=\"column\">\n\t\t\t<div class=\"elementor-widget-wrap elementor-element-populated\">\n\t\t\t\t\t\t\t<\/div>\n\t\t<\/div>\n\t\t\t\t\t<\/div>\n\t\t<\/section>\n\t\t\t\t<section class=\"elementor-section elementor-top-section elementor-element elementor-element-7dc22f8 elementor-section-stretched elementor-section-content-middle elementor-section-full_width elementor-section-height-default elementor-section-height-default\" data-id=\"7dc22f8\" data-element_type=\"section\" data-e-type=\"section\" data-settings=\"{&quot;stretch_section&quot;:&quot;section-stretched&quot;}\">\n\t\t\t\t\t\t<div class=\"elementor-container elementor-column-gap-extended\">\n\t\t\t\t\t<div class=\"elementor-column elementor-col-25 elementor-top-column elementor-element elementor-element-13b6f12 proba\" data-id=\"13b6f12\" data-element_type=\"column\" data-e-type=\"column\" data-settings=\"{&quot;background_background&quot;:&quot;classic&quot;}\">\n\t\t\t<div class=\"elementor-widget-wrap elementor-element-populated\">\n\t\t\t\t\t\t<div class=\"elementor-element elementor-element-7db6422 elementor-widget__width-inherit elementor-widget elementor-widget-image\" data-id=\"7db6422\" data-element_type=\"widget\" data-e-type=\"widget\" data-widget_type=\"image.default\">\n\t\t\t\t\t\t\t\t\t\t\t\t\t\t\t<img fetchpriority=\"high\" decoding=\"async\" width=\"800\" height=\"550\" src=\"https:\/\/www.hotelplaza.hr\/wp-content\/uploads\/2021\/02\/Gastro_home.jpg\" class=\"attachment-large size-large wp-image-8681\" alt=\"\" srcset=\"https:\/\/www.hotelplaza.hr\/wp-content\/uploads\/2021\/02\/Gastro_home.jpg 800w, https:\/\/www.hotelplaza.hr\/wp-content\/uploads\/2021\/02\/Gastro_home-300x206.jpg 300w, https:\/\/www.hotelplaza.hr\/wp-content\/uploads\/2021\/02\/Gastro_home-768x528.jpg 768w\" sizes=\"(max-width: 800px) 100vw, 800px\" \/>\t\t\t\t\t\t\t\t\t\t\t\t\t\t\t<\/div>\n\t\t\t\t<div class=\"elementor-element elementor-element-094242c subtilines elementor-widget elementor-widget-text-editor\" data-id=\"094242c\" data-element_type=\"widget\" data-e-type=\"widget\" data-widget_type=\"text-editor.default\">\n\t\t\t\t\t\t\t\t\t<p class=\"t1\" style=\"margin-bottom: 0px;\">przyjemno\u015b\u0107 gastronomiczna<\/p>\t\t\t\t\t\t\t\t<\/div>\n\t\t\t\t<div class=\"elementor-element elementor-element-8a5b3bf elementor-widget elementor-widget-heading\" data-id=\"8a5b3bf\" data-element_type=\"widget\" data-e-type=\"widget\" data-widget_type=\"heading.default\">\n\t\t\t\t\t<h2 class=\"elementor-heading-title elementor-size-default\">Restauracje<\/h2>\t\t\t\t<\/div>\n\t\t\t\t<div class=\"elementor-element elementor-element-12ebff2 elementor-align-center elementor-widget elementor-widget-button\" data-id=\"12ebff2\" data-element_type=\"widget\" data-e-type=\"widget\" data-widget_type=\"button.default\">\n\t\t\t\t\t\t\t\t\t\t<a class=\"elementor-button elementor-button-link elementor-size-sm\" href=\"https:\/\/www.hotelplaza.hr\/pl\/gastro-duce\/\">\n\t\t\t\t\t\t<span class=\"elementor-button-content-wrapper\">\n\t\t\t\t\t\t\t\t\t<span class=\"elementor-button-text\">Wi\u0119cej<\/span>\n\t\t\t\t\t<\/span>\n\t\t\t\t\t<\/a>\n\t\t\t\t\t\t\t\t<\/div>\n\t\t\t\t\t<\/div>\n\t\t<\/div>\n\t\t\t\t<div class=\"elementor-column elementor-col-25 elementor-top-column elementor-element elementor-element-0a19d12 proba\" data-id=\"0a19d12\" data-element_type=\"column\" data-e-type=\"column\" data-settings=\"{&quot;background_background&quot;:&quot;classic&quot;}\">\n\t\t\t<div class=\"elementor-widget-wrap elementor-element-populated\">\n\t\t\t\t\t\t<div class=\"elementor-element elementor-element-9ca8590 elementor-widget elementor-widget-image\" data-id=\"9ca8590\" data-element_type=\"widget\" data-e-type=\"widget\" data-widget_type=\"image.default\">\n\t\t\t\t\t\t\t\t\t\t\t\t\t\t\t<img decoding=\"async\" width=\"640\" height=\"440\" src=\"https:\/\/www.hotelplaza.hr\/wp-content\/uploads\/2021\/02\/wekkness.jpg\" class=\"attachment-large size-large wp-image-8674\" alt=\"\" srcset=\"https:\/\/www.hotelplaza.hr\/wp-content\/uploads\/2021\/02\/wekkness.jpg 640w, https:\/\/www.hotelplaza.hr\/wp-content\/uploads\/2021\/02\/wekkness-300x206.jpg 300w\" sizes=\"(max-width: 640px) 100vw, 640px\" \/>\t\t\t\t\t\t\t\t\t\t\t\t\t\t\t<\/div>\n\t\t\t\t<div class=\"elementor-element elementor-element-83d2be2 subtilines elementor-widget elementor-widget-text-editor\" data-id=\"83d2be2\" data-element_type=\"widget\" data-e-type=\"widget\" data-widget_type=\"text-editor.default\">\n\t\t\t\t\t\t\t\t\t<p class=\"t1\" style=\"margin-bottom: 0px;\">Prawdziwa pi\u0119kno\u015b\u0107<\/p>\t\t\t\t\t\t\t\t<\/div>\n\t\t\t\t<div class=\"elementor-element elementor-element-5acf968 elementor-widget elementor-widget-heading\" data-id=\"5acf968\" data-element_type=\"widget\" data-e-type=\"widget\" data-widget_type=\"heading.default\">\n\t\t\t\t\t<h2 class=\"elementor-heading-title elementor-size-default\">Wellness<\/h2>\t\t\t\t<\/div>\n\t\t\t\t<div class=\"elementor-element elementor-element-3cf37bc elementor-align-center elementor-widget elementor-widget-button\" data-id=\"3cf37bc\" data-element_type=\"widget\" data-e-type=\"widget\" data-widget_type=\"button.default\">\n\t\t\t\t\t\t\t\t\t\t<a class=\"elementor-button elementor-button-link elementor-size-sm\" href=\"https:\/\/www.hotelplaza.hr\/pl\/wellness-duce\/\">\n\t\t\t\t\t\t<span class=\"elementor-button-content-wrapper\">\n\t\t\t\t\t\t\t\t\t<span class=\"elementor-button-text\">Wi\u0119cej<\/span>\n\t\t\t\t\t<\/span>\n\t\t\t\t\t<\/a>\n\t\t\t\t\t\t\t\t<\/div>\n\t\t\t\t\t<\/div>\n\t\t<\/div>\n\t\t\t\t<div class=\"elementor-column elementor-col-25 elementor-top-column elementor-element elementor-element-2da1e49 proba\" data-id=\"2da1e49\" data-element_type=\"column\" data-e-type=\"column\" data-settings=\"{&quot;background_background&quot;:&quot;classic&quot;}\">\n\t\t\t<div class=\"elementor-widget-wrap elementor-element-populated\">\n\t\t\t\t\t\t<div class=\"elementor-element elementor-element-e5ad11e elementor-widget elementor-widget-image\" data-id=\"e5ad11e\" data-element_type=\"widget\" data-e-type=\"widget\" data-widget_type=\"image.default\">\n\t\t\t\t\t\t\t\t\t\t\t\t\t\t\t<img decoding=\"async\" width=\"800\" height=\"550\" src=\"https:\/\/www.hotelplaza.hr\/wp-content\/uploads\/2021\/02\/EVENT_plaza.jpg\" class=\"attachment-large size-large wp-image-8682\" alt=\"\" srcset=\"https:\/\/www.hotelplaza.hr\/wp-content\/uploads\/2021\/02\/EVENT_plaza.jpg 800w, https:\/\/www.hotelplaza.hr\/wp-content\/uploads\/2021\/02\/EVENT_plaza-300x206.jpg 300w, https:\/\/www.hotelplaza.hr\/wp-content\/uploads\/2021\/02\/EVENT_plaza-768x528.jpg 768w\" sizes=\"(max-width: 800px) 100vw, 800px\" \/>\t\t\t\t\t\t\t\t\t\t\t\t\t\t\t<\/div>\n\t\t\t\t<div class=\"elementor-element elementor-element-22415fd subtilines elementor-widget elementor-widget-text-editor\" data-id=\"22415fd\" data-element_type=\"widget\" data-e-type=\"widget\" data-widget_type=\"text-editor.default\">\n\t\t\t\t\t\t\t\t\t<p class=\"t1\" style=\"margin-bottom: 0px;\">Wyj\u0105tkowy dzie\u0144<\/p>\t\t\t\t\t\t\t\t<\/div>\n\t\t\t\t<div class=\"elementor-element elementor-element-e633be4 elementor-widget elementor-widget-heading\" data-id=\"e633be4\" data-element_type=\"widget\" data-e-type=\"widget\" data-widget_type=\"heading.default\">\n\t\t\t\t\t<h2 class=\"elementor-heading-title elementor-size-default\">Wydarzenia<\/h2>\t\t\t\t<\/div>\n\t\t\t\t<div class=\"elementor-element elementor-element-9c1e4cb elementor-align-center elementor-widget elementor-widget-button\" data-id=\"9c1e4cb\" data-element_type=\"widget\" data-e-type=\"widget\" data-widget_type=\"button.default\">\n\t\t\t\t\t\t\t\t\t\t<a class=\"elementor-button elementor-button-link elementor-size-sm\" href=\"https:\/\/www.hotelplaza.hr\/pl\/uroczystosci\/\">\n\t\t\t\t\t\t<span class=\"elementor-button-content-wrapper\">\n\t\t\t\t\t\t\t\t\t<span class=\"elementor-button-text\">Wi\u0119cej<\/span>\n\t\t\t\t\t<\/span>\n\t\t\t\t\t<\/a>\n\t\t\t\t\t\t\t\t<\/div>\n\t\t\t\t\t<\/div>\n\t\t<\/div>\n\t\t\t\t<div class=\"elementor-column elementor-col-25 elementor-top-column elementor-element elementor-element-530cea5 proba\" data-id=\"530cea5\" data-element_type=\"column\" data-e-type=\"column\" data-settings=\"{&quot;background_background&quot;:&quot;classic&quot;}\">\n\t\t\t<div class=\"elementor-widget-wrap elementor-element-populated\">\n\t\t\t\t\t\t<div class=\"elementor-element elementor-element-695aa94 elementor-widget elementor-widget-image\" data-id=\"695aa94\" data-element_type=\"widget\" data-e-type=\"widget\" data-widget_type=\"image.default\">\n\t\t\t\t\t\t\t\t\t\t\t\t\t\t\t<img loading=\"lazy\" decoding=\"async\" width=\"800\" height=\"550\" src=\"https:\/\/www.hotelplaza.hr\/wp-content\/uploads\/2021\/02\/plaza_zipline.jpg\" class=\"attachment-large size-large wp-image-8680\" alt=\"\" srcset=\"https:\/\/www.hotelplaza.hr\/wp-content\/uploads\/2021\/02\/plaza_zipline.jpg 800w, https:\/\/www.hotelplaza.hr\/wp-content\/uploads\/2021\/02\/plaza_zipline-300x206.jpg 300w, https:\/\/www.hotelplaza.hr\/wp-content\/uploads\/2021\/02\/plaza_zipline-768x528.jpg 768w\" sizes=\"(max-width: 800px) 100vw, 800px\" \/>\t\t\t\t\t\t\t\t\t\t\t\t\t\t\t<\/div>\n\t\t\t\t<div class=\"elementor-element elementor-element-9d980d4 subtilines elementor-widget elementor-widget-text-editor\" data-id=\"9d980d4\" data-element_type=\"widget\" data-e-type=\"widget\" data-widget_type=\"text-editor.default\">\n\t\t\t\t\t\t\t\t\t<p class=\"t1\" style=\"margin-bottom: 0px;\">Poczuj chwil\u0119<\/p>\t\t\t\t\t\t\t\t<\/div>\n\t\t\t\t<div class=\"elementor-element elementor-element-0bdcf5f elementor-widget elementor-widget-heading\" data-id=\"0bdcf5f\" data-element_type=\"widget\" data-e-type=\"widget\" data-widget_type=\"heading.default\">\n\t\t\t\t\t<h2 class=\"elementor-heading-title elementor-size-default\">Do\u017eivljaji<\/h2>\t\t\t\t<\/div>\n\t\t\t\t<div class=\"elementor-element elementor-element-4d67b1b elementor-align-center elementor-widget elementor-widget-button\" data-id=\"4d67b1b\" data-element_type=\"widget\" data-e-type=\"widget\" data-widget_type=\"button.default\">\n\t\t\t\t\t\t\t\t\t\t<a class=\"elementor-button elementor-button-link elementor-size-sm\" href=\"https:\/\/www.hotelplaza.hr\/pl\/zajecia---duce\/\">\n\t\t\t\t\t\t<span class=\"elementor-button-content-wrapper\">\n\t\t\t\t\t\t\t\t\t<span class=\"elementor-button-text\">Wi\u0119cej<\/span>\n\t\t\t\t\t<\/span>\n\t\t\t\t\t<\/a>\n\t\t\t\t\t\t\t\t<\/div>\n\t\t\t\t\t<\/div>\n\t\t<\/div>\n\t\t\t\t\t<\/div>\n\t\t<\/section>\n\t\t\t\t<\/div>\n\t\t","protected":false},"excerpt":{"rendered":"<p>EKSKLUZYWNE 4-GWIAZDKOWE HOTELE Specjalne oferty przyjemno\u015b\u0107 gastronomiczna Restauracje Wi\u0119cej Prawdziwa pi\u0119kno\u015b\u0107 Wellness Wi\u0119cej Wyj\u0105tkowy dzie\u0144 Wydarzenia Wi\u0119cej Poczuj chwil\u0119 Do\u017eivljaji Wi\u0119cej<\/p>\n","protected":false},"author":1,"featured_media":0,"parent":0,"menu_order":0,"comment_status":"closed","ping_status":"closed","template":"","meta":{"rs_blank_template":"","rs_page_bg_color":"","slide_template_v7":"","site-sidebar-layout":"no-sidebar","site-content-layout":"content-boxed-container","ast-site-content-layout":"default","site-content-style":"default","site-sidebar-style":"default","ast-global-header-display":"","ast-banner-title-visibility":"","ast-main-header-display":"disabled","ast-hfb-above-header-display":"","ast-hfb-below-header-display":"","ast-hfb-mobile-header-display":"","site-post-title":"disabled","ast-breadcrumbs-content":"disabled","ast-featured-img":"disabled","footer-sml-layout":"disabled","ast-disable-related-posts":"","theme-transparent-header-meta":"enabled","adv-header-id-meta":"","stick-header-meta":"","header-above-stick-meta":"","header-main-stick-meta":"","header-below-stick-meta":"","astra-migrate-meta-layouts":"default","ast-page-background-enabled":"default","ast-page-background-meta":{"desktop":{"background-color":"","background-image":"","background-repeat":"repeat","background-position":"center center","background-size":"auto","background-attachment":"scroll","background-type":"","background-media":"","overlay-type":"","overlay-color":"","overlay-opacity":"","overlay-gradient":""},"tablet":{"background-color":"","background-image":"","background-repeat":"repeat","background-position":"center center","background-size":"auto","background-attachment":"scroll","background-type":"","background-media":"","overlay-type":"","overlay-color":"","overlay-opacity":"","overlay-gradient":""},"mobile":{"background-color":"","background-image":"","background-repeat":"repeat","background-position":"center center","background-size":"auto","background-attachment":"scroll","background-type":"","background-media":"","overlay-type":"","overlay-color":"","overlay-opacity":"","overlay-gradient":""}},"ast-content-background-meta":{"desktop":{"background-color":"var(--ast-global-color-5)","background-image":"","background-repeat":"repeat","background-position":"center center","background-size":"auto","background-attachment":"scroll","background-type":"","background-media":"","overlay-type":"","overlay-color":"","overlay-opacity":"","overlay-gradient":""},"tablet":{"background-color":"var(--ast-global-color-5)","background-image":"","background-repeat":"repeat","background-position":"center center","background-size":"auto","background-attachment":"scroll","background-type":"","background-media":"","overlay-type":"","overlay-color":"","overlay-opacity":"","overlay-gradient":""},"mobile":{"background-color":"var(--ast-global-color-5)","background-image":"","background-repeat":"repeat","background-position":"center center","background-size":"auto","background-attachment":"scroll","background-type":"","background-media":"","overlay-type":"","overlay-color":"","overlay-opacity":"","overlay-gradient":""}},"footnotes":""},"class_list":["post-9416","page","type-page","status-publish","hentry"],"yoast_head":"<!-- This site is optimized with the Yoast SEO plugin v27.4 - https:\/\/yoast.com\/product\/yoast-seo-wordpress\/ -->\n<title>Specjalne oferty - Du\u0107e - Hotel Plaza<\/title>\n<meta name=\"robots\" content=\"index, follow, max-snippet:-1, max-image-preview:large, max-video-preview:-1\" \/>\n<link rel=\"canonical\" href=\"https:\/\/www.hotelplaza.hr\/pl\/specjalne-oferty-duce\/\" \/>\n<meta property=\"og:locale\" content=\"pl_PL\" \/>\n<meta property=\"og:type\" content=\"article\" \/>\n<meta property=\"og:title\" content=\"Specjalne oferty - Du\u0107e - Hotel Plaza\" \/>\n<meta property=\"og:description\" content=\"EKSKLUZYWNE 4-GWIAZDKOWE HOTELE Specjalne oferty przyjemno\u015b\u0107 gastronomiczna Restauracje Wi\u0119cej Prawdziwa pi\u0119kno\u015b\u0107 Wellness Wi\u0119cej Wyj\u0105tkowy dzie\u0144 Wydarzenia Wi\u0119cej Poczuj chwil\u0119 Do\u017eivljaji Wi\u0119cej\" \/>\n<meta property=\"og:url\" content=\"https:\/\/www.hotelplaza.hr\/pl\/specjalne-oferty-duce\/\" \/>\n<meta property=\"og:site_name\" content=\"Hotel Plaza\" \/>\n<meta property=\"article:modified_time\" content=\"2021-07-03T13:45:15+00:00\" \/>\n<meta property=\"og:image\" content=\"https:\/\/www.hotelplaza.hr\/wp-content\/uploads\/2021\/02\/Gastro_home.jpg\" \/>\n<meta name=\"twitter:card\" content=\"summary_large_image\" \/>\n<meta name=\"twitter:label1\" content=\"Szacowany czas czytania\" \/>\n\t<meta name=\"twitter:data1\" content=\"1 minuta\" \/>\n<script type=\"application\/ld+json\" class=\"yoast-schema-graph\">{\"@context\":\"https:\\\/\\\/schema.org\",\"@graph\":[{\"@type\":\"WebPage\",\"@id\":\"https:\\\/\\\/www.hotelplaza.hr\\\/pl\\\/specjalne-oferty-duce\\\/\",\"url\":\"https:\\\/\\\/www.hotelplaza.hr\\\/pl\\\/specjalne-oferty-duce\\\/\",\"name\":\"Specjalne oferty - Du\u0107e - Hotel Plaza\",\"isPartOf\":{\"@id\":\"https:\\\/\\\/www.hotelplaza.hr\\\/pl\\\/#website\"},\"primaryImageOfPage\":{\"@id\":\"https:\\\/\\\/www.hotelplaza.hr\\\/pl\\\/specjalne-oferty-duce\\\/#primaryimage\"},\"image\":{\"@id\":\"https:\\\/\\\/www.hotelplaza.hr\\\/pl\\\/specjalne-oferty-duce\\\/#primaryimage\"},\"thumbnailUrl\":\"https:\\\/\\\/www.hotelplaza.hr\\\/wp-content\\\/uploads\\\/2021\\\/02\\\/Gastro_home.jpg\",\"datePublished\":\"2021-06-10T20:20:00+00:00\",\"dateModified\":\"2021-07-03T13:45:15+00:00\",\"breadcrumb\":{\"@id\":\"https:\\\/\\\/www.hotelplaza.hr\\\/pl\\\/specjalne-oferty-duce\\\/#breadcrumb\"},\"inLanguage\":\"pl-PL\",\"potentialAction\":[{\"@type\":\"ReadAction\",\"target\":[\"https:\\\/\\\/www.hotelplaza.hr\\\/pl\\\/specjalne-oferty-duce\\\/\"]}]},{\"@type\":\"ImageObject\",\"inLanguage\":\"pl-PL\",\"@id\":\"https:\\\/\\\/www.hotelplaza.hr\\\/pl\\\/specjalne-oferty-duce\\\/#primaryimage\",\"url\":\"https:\\\/\\\/www.hotelplaza.hr\\\/wp-content\\\/uploads\\\/2021\\\/02\\\/Gastro_home.jpg\",\"contentUrl\":\"https:\\\/\\\/www.hotelplaza.hr\\\/wp-content\\\/uploads\\\/2021\\\/02\\\/Gastro_home.jpg\"},{\"@type\":\"BreadcrumbList\",\"@id\":\"https:\\\/\\\/www.hotelplaza.hr\\\/pl\\\/specjalne-oferty-duce\\\/#breadcrumb\",\"itemListElement\":[{\"@type\":\"ListItem\",\"position\":1,\"name\":\"Po\u010detna stranica\",\"item\":\"https:\\\/\\\/www.hotelplaza.hr\\\/pl\\\/\"},{\"@type\":\"ListItem\",\"position\":2,\"name\":\"Specjalne oferty &#8211; Du\u0107e\"}]},{\"@type\":\"WebSite\",\"@id\":\"https:\\\/\\\/www.hotelplaza.hr\\\/pl\\\/#website\",\"url\":\"https:\\\/\\\/www.hotelplaza.hr\\\/pl\\\/\",\"name\":\"Hotel Plaza\",\"description\":\"Hotel\",\"potentialAction\":[{\"@type\":\"SearchAction\",\"target\":{\"@type\":\"EntryPoint\",\"urlTemplate\":\"https:\\\/\\\/www.hotelplaza.hr\\\/pl\\\/?s={search_term_string}\"},\"query-input\":{\"@type\":\"PropertyValueSpecification\",\"valueRequired\":true,\"valueName\":\"search_term_string\"}}],\"inLanguage\":\"pl-PL\"}]}<\/script>\n<!-- \/ Yoast SEO plugin. -->","yoast_head_json":{"title":"Specjalne oferty - Du\u0107e - Hotel Plaza","robots":{"index":"index","follow":"follow","max-snippet":"max-snippet:-1","max-image-preview":"max-image-preview:large","max-video-preview":"max-video-preview:-1"},"canonical":"https:\/\/www.hotelplaza.hr\/pl\/specjalne-oferty-duce\/","og_locale":"pl_PL","og_type":"article","og_title":"Specjalne oferty - Du\u0107e - Hotel Plaza","og_description":"EKSKLUZYWNE 4-GWIAZDKOWE HOTELE Specjalne oferty przyjemno\u015b\u0107 gastronomiczna Restauracje Wi\u0119cej Prawdziwa pi\u0119kno\u015b\u0107 Wellness Wi\u0119cej Wyj\u0105tkowy dzie\u0144 Wydarzenia Wi\u0119cej Poczuj chwil\u0119 Do\u017eivljaji Wi\u0119cej","og_url":"https:\/\/www.hotelplaza.hr\/pl\/specjalne-oferty-duce\/","og_site_name":"Hotel Plaza","article_modified_time":"2021-07-03T13:45:15+00:00","og_image":[{"url":"https:\/\/www.hotelplaza.hr\/wp-content\/uploads\/2021\/02\/Gastro_home.jpg","type":"","width":"","height":""}],"twitter_card":"summary_large_image","twitter_misc":{"Szacowany czas czytania":"1 minuta"},"schema":{"@context":"https:\/\/schema.org","@graph":[{"@type":"WebPage","@id":"https:\/\/www.hotelplaza.hr\/pl\/specjalne-oferty-duce\/","url":"https:\/\/www.hotelplaza.hr\/pl\/specjalne-oferty-duce\/","name":"Specjalne oferty - Du\u0107e - Hotel Plaza","isPartOf":{"@id":"https:\/\/www.hotelplaza.hr\/pl\/#website"},"primaryImageOfPage":{"@id":"https:\/\/www.hotelplaza.hr\/pl\/specjalne-oferty-duce\/#primaryimage"},"image":{"@id":"https:\/\/www.hotelplaza.hr\/pl\/specjalne-oferty-duce\/#primaryimage"},"thumbnailUrl":"https:\/\/www.hotelplaza.hr\/wp-content\/uploads\/2021\/02\/Gastro_home.jpg","datePublished":"2021-06-10T20:20:00+00:00","dateModified":"2021-07-03T13:45:15+00:00","breadcrumb":{"@id":"https:\/\/www.hotelplaza.hr\/pl\/specjalne-oferty-duce\/#breadcrumb"},"inLanguage":"pl-PL","potentialAction":[{"@type":"ReadAction","target":["https:\/\/www.hotelplaza.hr\/pl\/specjalne-oferty-duce\/"]}]},{"@type":"ImageObject","inLanguage":"pl-PL","@id":"https:\/\/www.hotelplaza.hr\/pl\/specjalne-oferty-duce\/#primaryimage","url":"https:\/\/www.hotelplaza.hr\/wp-content\/uploads\/2021\/02\/Gastro_home.jpg","contentUrl":"https:\/\/www.hotelplaza.hr\/wp-content\/uploads\/2021\/02\/Gastro_home.jpg"},{"@type":"BreadcrumbList","@id":"https:\/\/www.hotelplaza.hr\/pl\/specjalne-oferty-duce\/#breadcrumb","itemListElement":[{"@type":"ListItem","position":1,"name":"Po\u010detna stranica","item":"https:\/\/www.hotelplaza.hr\/pl\/"},{"@type":"ListItem","position":2,"name":"Specjalne oferty &#8211; Du\u0107e"}]},{"@type":"WebSite","@id":"https:\/\/www.hotelplaza.hr\/pl\/#website","url":"https:\/\/www.hotelplaza.hr\/pl\/","name":"Hotel Plaza","description":"Hotel","potentialAction":[{"@type":"SearchAction","target":{"@type":"EntryPoint","urlTemplate":"https:\/\/www.hotelplaza.hr\/pl\/?s={search_term_string}"},"query-input":{"@type":"PropertyValueSpecification","valueRequired":true,"valueName":"search_term_string"}}],"inLanguage":"pl-PL"}]}},"_links":{"self":[{"href":"https:\/\/www.hotelplaza.hr\/pl\/wp-json\/wp\/v2\/pages\/9416","targetHints":{"allow":["GET"]}}],"collection":[{"href":"https:\/\/www.hotelplaza.hr\/pl\/wp-json\/wp\/v2\/pages"}],"about":[{"href":"https:\/\/www.hotelplaza.hr\/pl\/wp-json\/wp\/v2\/types\/page"}],"author":[{"embeddable":true,"href":"https:\/\/www.hotelplaza.hr\/pl\/wp-json\/wp\/v2\/users\/1"}],"replies":[{"embeddable":true,"href":"https:\/\/www.hotelplaza.hr\/pl\/wp-json\/wp\/v2\/comments?post=9416"}],"version-history":[{"count":5,"href":"https:\/\/www.hotelplaza.hr\/pl\/wp-json\/wp\/v2\/pages\/9416\/revisions"}],"predecessor-version":[{"id":9677,"href":"https:\/\/www.hotelplaza.hr\/pl\/wp-json\/wp\/v2\/pages\/9416\/revisions\/9677"}],"wp:attachment":[{"href":"https:\/\/www.hotelplaza.hr\/pl\/wp-json\/wp\/v2\/media?parent=9416"}],"curies":[{"name":"wp","href":"https:\/\/api.w.org\/{rel}","templated":true}]}}