{"id":9421,"date":"2021-06-10T20:43:36","date_gmt":"2021-06-10T20:43:36","guid":{"rendered":"https:\/\/www.hotelplaza.hr\/?page_id=9421"},"modified":"2021-07-03T13:45:27","modified_gmt":"2021-07-03T13:45:27","slug":"specjalne-oferty-omis","status":"publish","type":"page","link":"https:\/\/www.hotelplaza.hr\/pl\/specjalne-oferty-omis\/","title":{"rendered":"Specjalne oferty &#8211; Omi\u0161"},"content":{"rendered":"\t\t<div data-elementor-type=\"wp-page\" data-elementor-id=\"9421\" class=\"elementor elementor-9421 elementor-3359\" data-elementor-post-type=\"page\">\n\t\t\t\t\t\t<section class=\"elementor-section elementor-top-section elementor-element elementor-element-a9344d1 elementor-section-full_width elementor-section-height-min-height elementor-section-stretched elementor-section-height-default elementor-section-items-middle\" data-id=\"a9344d1\" data-element_type=\"section\" data-e-type=\"section\" data-settings=\"{&quot;stretch_section&quot;:&quot;section-stretched&quot;,&quot;background_background&quot;:&quot;classic&quot;}\">\n\t\t\t\t\t\t<div class=\"elementor-container elementor-column-gap-default\">\n\t\t\t\t\t<div class=\"elementor-column elementor-col-100 elementor-top-column elementor-element elementor-element-a65794e\" data-id=\"a65794e\" data-element_type=\"column\" data-e-type=\"column\">\n\t\t\t<div class=\"elementor-widget-wrap\">\n\t\t\t\t\t\t\t<\/div>\n\t\t<\/div>\n\t\t\t\t\t<\/div>\n\t\t<\/section>\n\t\t\t\t<section class=\"elementor-section elementor-top-section elementor-element elementor-element-d861e8e elementor-section-stretched elementor-section-boxed elementor-section-height-default elementor-section-height-default\" data-id=\"d861e8e\" data-element_type=\"section\" data-e-type=\"section\" data-settings=\"{&quot;background_background&quot;:&quot;classic&quot;,&quot;stretch_section&quot;:&quot;section-stretched&quot;}\">\n\t\t\t\t\t\t<div class=\"elementor-container elementor-column-gap-default\">\n\t\t\t\t\t<div class=\"elementor-column elementor-col-100 elementor-top-column elementor-element elementor-element-bcc1a6d\" data-id=\"bcc1a6d\" data-element_type=\"column\" data-e-type=\"column\">\n\t\t\t<div class=\"elementor-widget-wrap elementor-element-populated\">\n\t\t\t\t\t\t<div class=\"elementor-element elementor-element-e1b6970 subtilines elementor-widget elementor-widget-text-editor\" data-id=\"e1b6970\" data-element_type=\"widget\" data-e-type=\"widget\" data-widget_type=\"text-editor.default\">\n\t\t\t\t\t\t\t\t\t<p class=\"t1\">EKSKLUZYWNE 4-GWIAZDKOWE HOTELE<\/p>\t\t\t\t\t\t\t\t<\/div>\n\t\t\t\t<div class=\"elementor-element elementor-element-2afebae elementor-widget elementor-widget-heading\" data-id=\"2afebae\" data-element_type=\"widget\" data-e-type=\"widget\" data-widget_type=\"heading.default\">\n\t\t\t\t\t<h2 class=\"elementor-heading-title elementor-size-default\">Specjalne oferty<\/h2>\t\t\t\t<\/div>\n\t\t\t\t\t<\/div>\n\t\t<\/div>\n\t\t\t\t\t<\/div>\n\t\t<\/section>\n\t\t\t\t<section class=\"elementor-section elementor-top-section elementor-element elementor-element-400ff64 elementor-section-boxed elementor-section-height-default elementor-section-height-default\" data-id=\"400ff64\" data-element_type=\"section\" data-e-type=\"section\">\n\t\t\t\t\t\t<div class=\"elementor-container elementor-column-gap-default\">\n\t\t\t\t\t<div class=\"elementor-column elementor-col-100 elementor-top-column elementor-element elementor-element-253cf65\" data-id=\"253cf65\" data-element_type=\"column\" data-e-type=\"column\">\n\t\t\t<div class=\"elementor-widget-wrap elementor-element-populated\">\n\t\t\t\t\t\t\t<\/div>\n\t\t<\/div>\n\t\t\t\t\t<\/div>\n\t\t<\/section>\n\t\t\t\t<section class=\"elementor-section elementor-top-section elementor-element elementor-element-9c4b5fe elementor-section-stretched elementor-section-content-middle elementor-section-full_width elementor-section-height-default elementor-section-height-default\" data-id=\"9c4b5fe\" data-element_type=\"section\" data-e-type=\"section\" data-settings=\"{&quot;stretch_section&quot;:&quot;section-stretched&quot;}\">\n\t\t\t\t\t\t<div class=\"elementor-container elementor-column-gap-extended\">\n\t\t\t\t\t<div class=\"elementor-column elementor-col-25 elementor-top-column elementor-element elementor-element-13704c5 proba\" data-id=\"13704c5\" data-element_type=\"column\" data-e-type=\"column\" data-settings=\"{&quot;background_background&quot;:&quot;classic&quot;}\">\n\t\t\t<div class=\"elementor-widget-wrap elementor-element-populated\">\n\t\t\t\t\t\t<div class=\"elementor-element elementor-element-0d205b0 elementor-widget__width-inherit elementor-widget elementor-widget-image\" data-id=\"0d205b0\" data-element_type=\"widget\" data-e-type=\"widget\" data-widget_type=\"image.default\">\n\t\t\t\t\t\t\t\t\t\t\t\t\t\t\t<img fetchpriority=\"high\" decoding=\"async\" width=\"640\" height=\"440\" src=\"https:\/\/www.hotelplaza.hr\/wp-content\/uploads\/2021\/02\/omis_gastro_naslovna.jpg\" class=\"attachment-large size-large wp-image-8954\" alt=\"\" srcset=\"https:\/\/www.hotelplaza.hr\/wp-content\/uploads\/2021\/02\/omis_gastro_naslovna.jpg 640w, https:\/\/www.hotelplaza.hr\/wp-content\/uploads\/2021\/02\/omis_gastro_naslovna-300x206.jpg 300w\" sizes=\"(max-width: 640px) 100vw, 640px\" \/>\t\t\t\t\t\t\t\t\t\t\t\t\t\t\t<\/div>\n\t\t\t\t<div class=\"elementor-element elementor-element-e0c551f subtilines elementor-widget elementor-widget-text-editor\" data-id=\"e0c551f\" data-element_type=\"widget\" data-e-type=\"widget\" data-widget_type=\"text-editor.default\">\n\t\t\t\t\t\t\t\t\t<p class=\"t1\" style=\"margin-bottom: 0px;\">przyjemno\u015b\u0107 gastronomiczna<\/p>\t\t\t\t\t\t\t\t<\/div>\n\t\t\t\t<div class=\"elementor-element elementor-element-c9f35c4 elementor-widget elementor-widget-heading\" data-id=\"c9f35c4\" data-element_type=\"widget\" data-e-type=\"widget\" data-widget_type=\"heading.default\">\n\t\t\t\t\t<h2 class=\"elementor-heading-title elementor-size-default\">Restauracje<\/h2>\t\t\t\t<\/div>\n\t\t\t\t<div class=\"elementor-element elementor-element-12675c7 elementor-align-center elementor-widget elementor-widget-button\" data-id=\"12675c7\" data-element_type=\"widget\" data-e-type=\"widget\" data-widget_type=\"button.default\">\n\t\t\t\t\t\t\t\t\t\t<a class=\"elementor-button elementor-button-link elementor-size-sm\" href=\"https:\/\/www.hotelplaza.hr\/pl\/gastro-omis\/\">\n\t\t\t\t\t\t<span class=\"elementor-button-content-wrapper\">\n\t\t\t\t\t\t\t\t\t<span class=\"elementor-button-text\">Wi\u0119cej<\/span>\n\t\t\t\t\t<\/span>\n\t\t\t\t\t<\/a>\n\t\t\t\t\t\t\t\t<\/div>\n\t\t\t\t\t<\/div>\n\t\t<\/div>\n\t\t\t\t<div class=\"elementor-column elementor-col-25 elementor-top-column elementor-element elementor-element-6867df6 proba\" data-id=\"6867df6\" data-element_type=\"column\" data-e-type=\"column\" data-settings=\"{&quot;background_background&quot;:&quot;classic&quot;}\">\n\t\t\t<div class=\"elementor-widget-wrap elementor-element-populated\">\n\t\t\t\t\t\t<div class=\"elementor-element elementor-element-1715b0d elementor-widget elementor-widget-image\" data-id=\"1715b0d\" data-element_type=\"widget\" data-e-type=\"widget\" data-widget_type=\"image.default\">\n\t\t\t\t\t\t\t\t\t\t\t\t\t\t\t<img decoding=\"async\" width=\"640\" height=\"440\" src=\"https:\/\/www.hotelplaza.hr\/wp-content\/uploads\/2021\/02\/Wellness21.jpg\" class=\"attachment-large size-large wp-image-8955\" alt=\"\" srcset=\"https:\/\/www.hotelplaza.hr\/wp-content\/uploads\/2021\/02\/Wellness21.jpg 640w, https:\/\/www.hotelplaza.hr\/wp-content\/uploads\/2021\/02\/Wellness21-300x206.jpg 300w\" sizes=\"(max-width: 640px) 100vw, 640px\" \/>\t\t\t\t\t\t\t\t\t\t\t\t\t\t\t<\/div>\n\t\t\t\t<div class=\"elementor-element elementor-element-75359a1 subtilines elementor-widget elementor-widget-text-editor\" data-id=\"75359a1\" data-element_type=\"widget\" data-e-type=\"widget\" data-widget_type=\"text-editor.default\">\n\t\t\t\t\t\t\t\t\t<p class=\"t1\" style=\"margin-bottom: 0px;\">Prawdziwa pi\u0119kno\u015b\u0107<\/p>\t\t\t\t\t\t\t\t<\/div>\n\t\t\t\t<div class=\"elementor-element elementor-element-3c78dcb elementor-widget elementor-widget-heading\" data-id=\"3c78dcb\" data-element_type=\"widget\" data-e-type=\"widget\" data-widget_type=\"heading.default\">\n\t\t\t\t\t<h2 class=\"elementor-heading-title elementor-size-default\">Wellness<\/h2>\t\t\t\t<\/div>\n\t\t\t\t<div class=\"elementor-element elementor-element-0516f49 elementor-align-center elementor-widget elementor-widget-button\" data-id=\"0516f49\" data-element_type=\"widget\" data-e-type=\"widget\" data-widget_type=\"button.default\">\n\t\t\t\t\t\t\t\t\t\t<a class=\"elementor-button elementor-button-link elementor-size-sm\" href=\"https:\/\/www.hotelplaza.hr\/pl\/wellness-omis\/\">\n\t\t\t\t\t\t<span class=\"elementor-button-content-wrapper\">\n\t\t\t\t\t\t\t\t\t<span class=\"elementor-button-text\">Wi\u0119cej<\/span>\n\t\t\t\t\t<\/span>\n\t\t\t\t\t<\/a>\n\t\t\t\t\t\t\t\t<\/div>\n\t\t\t\t\t<\/div>\n\t\t<\/div>\n\t\t\t\t<div class=\"elementor-column elementor-col-25 elementor-top-column elementor-element elementor-element-81da5f7 proba\" data-id=\"81da5f7\" data-element_type=\"column\" data-e-type=\"column\" data-settings=\"{&quot;background_background&quot;:&quot;classic&quot;}\">\n\t\t\t<div class=\"elementor-widget-wrap elementor-element-populated\">\n\t\t\t\t\t\t<div class=\"elementor-element elementor-element-e28834c elementor-widget elementor-widget-image\" data-id=\"e28834c\" data-element_type=\"widget\" data-e-type=\"widget\" data-widget_type=\"image.default\">\n\t\t\t\t\t\t\t\t\t\t\t\t\t\t\t<img decoding=\"async\" width=\"640\" height=\"440\" src=\"https:\/\/www.hotelplaza.hr\/wp-content\/uploads\/2021\/02\/omis_conference.jpg\" class=\"attachment-large size-large wp-image-8956\" alt=\"\" srcset=\"https:\/\/www.hotelplaza.hr\/wp-content\/uploads\/2021\/02\/omis_conference.jpg 640w, https:\/\/www.hotelplaza.hr\/wp-content\/uploads\/2021\/02\/omis_conference-300x206.jpg 300w\" sizes=\"(max-width: 640px) 100vw, 640px\" \/>\t\t\t\t\t\t\t\t\t\t\t\t\t\t\t<\/div>\n\t\t\t\t<div class=\"elementor-element elementor-element-f451e12 subtilines elementor-widget elementor-widget-text-editor\" data-id=\"f451e12\" data-element_type=\"widget\" data-e-type=\"widget\" data-widget_type=\"text-editor.default\">\n\t\t\t\t\t\t\t\t\t<p class=\"t1\" style=\"margin-bottom: 0px;\">Wyj\u0105tkowy dzie\u0144<\/p>\t\t\t\t\t\t\t\t<\/div>\n\t\t\t\t<div class=\"elementor-element elementor-element-03a0682 elementor-widget elementor-widget-heading\" data-id=\"03a0682\" data-element_type=\"widget\" data-e-type=\"widget\" data-widget_type=\"heading.default\">\n\t\t\t\t\t<h2 class=\"elementor-heading-title elementor-size-default\">Wydarzenia<\/h2>\t\t\t\t<\/div>\n\t\t\t\t<div class=\"elementor-element elementor-element-5a744d5 elementor-align-center elementor-widget elementor-widget-button\" data-id=\"5a744d5\" data-element_type=\"widget\" data-e-type=\"widget\" data-widget_type=\"button.default\">\n\t\t\t\t\t\t\t\t\t\t<a class=\"elementor-button elementor-button-link elementor-size-sm\" href=\"https:\/\/www.hotelplaza.hr\/pl\/konferencje-uroczystosci\/\">\n\t\t\t\t\t\t<span class=\"elementor-button-content-wrapper\">\n\t\t\t\t\t\t\t\t\t<span class=\"elementor-button-text\">Wi\u0119cej<\/span>\n\t\t\t\t\t<\/span>\n\t\t\t\t\t<\/a>\n\t\t\t\t\t\t\t\t<\/div>\n\t\t\t\t\t<\/div>\n\t\t<\/div>\n\t\t\t\t<div class=\"elementor-column elementor-col-25 elementor-top-column elementor-element elementor-element-79d8ea4 proba\" data-id=\"79d8ea4\" data-element_type=\"column\" data-e-type=\"column\" data-settings=\"{&quot;background_background&quot;:&quot;classic&quot;}\">\n\t\t\t<div class=\"elementor-widget-wrap elementor-element-populated\">\n\t\t\t\t\t\t<div class=\"elementor-element elementor-element-bc84833 elementor-widget elementor-widget-image\" data-id=\"bc84833\" data-element_type=\"widget\" data-e-type=\"widget\" data-widget_type=\"image.default\">\n\t\t\t\t\t\t\t\t\t\t\t\t\t\t\t<img loading=\"lazy\" decoding=\"async\" width=\"640\" height=\"440\" src=\"https:\/\/www.hotelplaza.hr\/wp-content\/uploads\/2021\/02\/Omis_dozivljaj_naslovna.jpg\" class=\"attachment-large size-large wp-image-8957\" alt=\"\" srcset=\"https:\/\/www.hotelplaza.hr\/wp-content\/uploads\/2021\/02\/Omis_dozivljaj_naslovna.jpg 640w, https:\/\/www.hotelplaza.hr\/wp-content\/uploads\/2021\/02\/Omis_dozivljaj_naslovna-300x206.jpg 300w\" sizes=\"(max-width: 640px) 100vw, 640px\" \/>\t\t\t\t\t\t\t\t\t\t\t\t\t\t\t<\/div>\n\t\t\t\t<div class=\"elementor-element elementor-element-f4aa326 subtilines elementor-widget elementor-widget-text-editor\" data-id=\"f4aa326\" data-element_type=\"widget\" data-e-type=\"widget\" data-widget_type=\"text-editor.default\">\n\t\t\t\t\t\t\t\t\t<p class=\"t1\" style=\"margin-bottom: 0px;\">Poczuj chwil\u0119<\/p>\t\t\t\t\t\t\t\t<\/div>\n\t\t\t\t<div class=\"elementor-element elementor-element-168cc2b elementor-widget elementor-widget-heading\" data-id=\"168cc2b\" data-element_type=\"widget\" data-e-type=\"widget\" data-widget_type=\"heading.default\">\n\t\t\t\t\t<h2 class=\"elementor-heading-title elementor-size-default\">Do\u015bwiadczenie<\/h2>\t\t\t\t<\/div>\n\t\t\t\t<div class=\"elementor-element elementor-element-0fba85d elementor-align-center elementor-widget elementor-widget-button\" data-id=\"0fba85d\" data-element_type=\"widget\" data-e-type=\"widget\" data-widget_type=\"button.default\">\n\t\t\t\t\t\t\t\t\t\t<a class=\"elementor-button elementor-button-link elementor-size-sm\" href=\"https:\/\/www.hotelplaza.hr\/pl\/zajecia--omis\/\">\n\t\t\t\t\t\t<span class=\"elementor-button-content-wrapper\">\n\t\t\t\t\t\t\t\t\t<span class=\"elementor-button-text\">Wi\u0119cej<\/span>\n\t\t\t\t\t<\/span>\n\t\t\t\t\t<\/a>\n\t\t\t\t\t\t\t\t<\/div>\n\t\t\t\t\t<\/div>\n\t\t<\/div>\n\t\t\t\t\t<\/div>\n\t\t<\/section>\n\t\t\t\t<\/div>\n\t\t","protected":false},"excerpt":{"rendered":"<p>EKSKLUZYWNE 4-GWIAZDKOWE HOTELE Specjalne oferty przyjemno\u015b\u0107 gastronomiczna Restauracje Wi\u0119cej Prawdziwa pi\u0119kno\u015b\u0107 Wellness Wi\u0119cej Wyj\u0105tkowy dzie\u0144 Wydarzenia Wi\u0119cej Poczuj chwil\u0119 Do\u015bwiadczenie Wi\u0119cej<\/p>\n","protected":false},"author":1,"featured_media":0,"parent":0,"menu_order":0,"comment_status":"closed","ping_status":"closed","template":"","meta":{"rs_blank_template":"","rs_page_bg_color":"","slide_template_v7":"","site-sidebar-layout":"no-sidebar","site-content-layout":"content-boxed-container","ast-site-content-layout":"default","site-content-style":"default","site-sidebar-style":"default","ast-global-header-display":"","ast-banner-title-visibility":"","ast-main-header-display":"disabled","ast-hfb-above-header-display":"","ast-hfb-below-header-display":"","ast-hfb-mobile-header-display":"","site-post-title":"disabled","ast-breadcrumbs-content":"disabled","ast-featured-img":"disabled","footer-sml-layout":"disabled","ast-disable-related-posts":"","theme-transparent-header-meta":"enabled","adv-header-id-meta":"","stick-header-meta":"","header-above-stick-meta":"","header-main-stick-meta":"","header-below-stick-meta":"","astra-migrate-meta-layouts":"default","ast-page-background-enabled":"default","ast-page-background-meta":{"desktop":{"background-color":"","background-image":"","background-repeat":"repeat","background-position":"center center","background-size":"auto","background-attachment":"scroll","background-type":"","background-media":"","overlay-type":"","overlay-color":"","overlay-opacity":"","overlay-gradient":""},"tablet":{"background-color":"","background-image":"","background-repeat":"repeat","background-position":"center center","background-size":"auto","background-attachment":"scroll","background-type":"","background-media":"","overlay-type":"","overlay-color":"","overlay-opacity":"","overlay-gradient":""},"mobile":{"background-color":"","background-image":"","background-repeat":"repeat","background-position":"center center","background-size":"auto","background-attachment":"scroll","background-type":"","background-media":"","overlay-type":"","overlay-color":"","overlay-opacity":"","overlay-gradient":""}},"ast-content-background-meta":{"desktop":{"background-color":"var(--ast-global-color-5)","background-image":"","background-repeat":"repeat","background-position":"center center","background-size":"auto","background-attachment":"scroll","background-type":"","background-media":"","overlay-type":"","overlay-color":"","overlay-opacity":"","overlay-gradient":""},"tablet":{"background-color":"var(--ast-global-color-5)","background-image":"","background-repeat":"repeat","background-position":"center center","background-size":"auto","background-attachment":"scroll","background-type":"","background-media":"","overlay-type":"","overlay-color":"","overlay-opacity":"","overlay-gradient":""},"mobile":{"background-color":"var(--ast-global-color-5)","background-image":"","background-repeat":"repeat","background-position":"center center","background-size":"auto","background-attachment":"scroll","background-type":"","background-media":"","overlay-type":"","overlay-color":"","overlay-opacity":"","overlay-gradient":""}},"footnotes":""},"class_list":["post-9421","page","type-page","status-publish","hentry"],"yoast_head":"<!-- This site is optimized with the Yoast SEO plugin v27.4 - https:\/\/yoast.com\/product\/yoast-seo-wordpress\/ -->\n<title>Specjalne oferty - Omi\u0161 - Hotel Plaza<\/title>\n<meta name=\"robots\" content=\"index, follow, max-snippet:-1, max-image-preview:large, max-video-preview:-1\" \/>\n<link rel=\"canonical\" href=\"https:\/\/www.hotelplaza.hr\/pl\/specjalne-oferty-omis\/\" \/>\n<meta property=\"og:locale\" content=\"pl_PL\" \/>\n<meta property=\"og:type\" content=\"article\" \/>\n<meta property=\"og:title\" content=\"Specjalne oferty - Omi\u0161 - Hotel Plaza\" \/>\n<meta property=\"og:description\" content=\"EKSKLUZYWNE 4-GWIAZDKOWE HOTELE Specjalne oferty przyjemno\u015b\u0107 gastronomiczna Restauracje Wi\u0119cej Prawdziwa pi\u0119kno\u015b\u0107 Wellness Wi\u0119cej Wyj\u0105tkowy dzie\u0144 Wydarzenia Wi\u0119cej Poczuj chwil\u0119 Do\u015bwiadczenie Wi\u0119cej\" \/>\n<meta property=\"og:url\" content=\"https:\/\/www.hotelplaza.hr\/pl\/specjalne-oferty-omis\/\" \/>\n<meta property=\"og:site_name\" content=\"Hotel Plaza\" \/>\n<meta property=\"article:modified_time\" content=\"2021-07-03T13:45:27+00:00\" \/>\n<meta property=\"og:image\" content=\"https:\/\/www.hotelplaza.hr\/wp-content\/uploads\/2021\/02\/omis_gastro_naslovna.jpg\" \/>\n<meta name=\"twitter:card\" content=\"summary_large_image\" \/>\n<meta name=\"twitter:label1\" content=\"Szacowany czas czytania\" \/>\n\t<meta name=\"twitter:data1\" content=\"1 minuta\" \/>\n<script type=\"application\/ld+json\" class=\"yoast-schema-graph\">{\"@context\":\"https:\\\/\\\/schema.org\",\"@graph\":[{\"@type\":\"WebPage\",\"@id\":\"https:\\\/\\\/www.hotelplaza.hr\\\/pl\\\/specjalne-oferty-omis\\\/\",\"url\":\"https:\\\/\\\/www.hotelplaza.hr\\\/pl\\\/specjalne-oferty-omis\\\/\",\"name\":\"Specjalne oferty - Omi\u0161 - Hotel Plaza\",\"isPartOf\":{\"@id\":\"https:\\\/\\\/www.hotelplaza.hr\\\/pl\\\/#website\"},\"primaryImageOfPage\":{\"@id\":\"https:\\\/\\\/www.hotelplaza.hr\\\/pl\\\/specjalne-oferty-omis\\\/#primaryimage\"},\"image\":{\"@id\":\"https:\\\/\\\/www.hotelplaza.hr\\\/pl\\\/specjalne-oferty-omis\\\/#primaryimage\"},\"thumbnailUrl\":\"https:\\\/\\\/www.hotelplaza.hr\\\/wp-content\\\/uploads\\\/2021\\\/02\\\/omis_gastro_naslovna.jpg\",\"datePublished\":\"2021-06-10T20:43:36+00:00\",\"dateModified\":\"2021-07-03T13:45:27+00:00\",\"breadcrumb\":{\"@id\":\"https:\\\/\\\/www.hotelplaza.hr\\\/pl\\\/specjalne-oferty-omis\\\/#breadcrumb\"},\"inLanguage\":\"pl-PL\",\"potentialAction\":[{\"@type\":\"ReadAction\",\"target\":[\"https:\\\/\\\/www.hotelplaza.hr\\\/pl\\\/specjalne-oferty-omis\\\/\"]}]},{\"@type\":\"ImageObject\",\"inLanguage\":\"pl-PL\",\"@id\":\"https:\\\/\\\/www.hotelplaza.hr\\\/pl\\\/specjalne-oferty-omis\\\/#primaryimage\",\"url\":\"https:\\\/\\\/www.hotelplaza.hr\\\/wp-content\\\/uploads\\\/2021\\\/02\\\/omis_gastro_naslovna.jpg\",\"contentUrl\":\"https:\\\/\\\/www.hotelplaza.hr\\\/wp-content\\\/uploads\\\/2021\\\/02\\\/omis_gastro_naslovna.jpg\"},{\"@type\":\"BreadcrumbList\",\"@id\":\"https:\\\/\\\/www.hotelplaza.hr\\\/pl\\\/specjalne-oferty-omis\\\/#breadcrumb\",\"itemListElement\":[{\"@type\":\"ListItem\",\"position\":1,\"name\":\"Po\u010detna stranica\",\"item\":\"https:\\\/\\\/www.hotelplaza.hr\\\/pl\\\/\"},{\"@type\":\"ListItem\",\"position\":2,\"name\":\"Specjalne oferty &#8211; Omi\u0161\"}]},{\"@type\":\"WebSite\",\"@id\":\"https:\\\/\\\/www.hotelplaza.hr\\\/pl\\\/#website\",\"url\":\"https:\\\/\\\/www.hotelplaza.hr\\\/pl\\\/\",\"name\":\"Hotel Plaza\",\"description\":\"Hotel\",\"potentialAction\":[{\"@type\":\"SearchAction\",\"target\":{\"@type\":\"EntryPoint\",\"urlTemplate\":\"https:\\\/\\\/www.hotelplaza.hr\\\/pl\\\/?s={search_term_string}\"},\"query-input\":{\"@type\":\"PropertyValueSpecification\",\"valueRequired\":true,\"valueName\":\"search_term_string\"}}],\"inLanguage\":\"pl-PL\"}]}<\/script>\n<!-- \/ Yoast SEO plugin. -->","yoast_head_json":{"title":"Specjalne oferty - Omi\u0161 - Hotel Plaza","robots":{"index":"index","follow":"follow","max-snippet":"max-snippet:-1","max-image-preview":"max-image-preview:large","max-video-preview":"max-video-preview:-1"},"canonical":"https:\/\/www.hotelplaza.hr\/pl\/specjalne-oferty-omis\/","og_locale":"pl_PL","og_type":"article","og_title":"Specjalne oferty - Omi\u0161 - Hotel Plaza","og_description":"EKSKLUZYWNE 4-GWIAZDKOWE HOTELE Specjalne oferty przyjemno\u015b\u0107 gastronomiczna Restauracje Wi\u0119cej Prawdziwa pi\u0119kno\u015b\u0107 Wellness Wi\u0119cej Wyj\u0105tkowy dzie\u0144 Wydarzenia Wi\u0119cej Poczuj chwil\u0119 Do\u015bwiadczenie Wi\u0119cej","og_url":"https:\/\/www.hotelplaza.hr\/pl\/specjalne-oferty-omis\/","og_site_name":"Hotel Plaza","article_modified_time":"2021-07-03T13:45:27+00:00","og_image":[{"url":"https:\/\/www.hotelplaza.hr\/wp-content\/uploads\/2021\/02\/omis_gastro_naslovna.jpg","type":"","width":"","height":""}],"twitter_card":"summary_large_image","twitter_misc":{"Szacowany czas czytania":"1 minuta"},"schema":{"@context":"https:\/\/schema.org","@graph":[{"@type":"WebPage","@id":"https:\/\/www.hotelplaza.hr\/pl\/specjalne-oferty-omis\/","url":"https:\/\/www.hotelplaza.hr\/pl\/specjalne-oferty-omis\/","name":"Specjalne oferty - Omi\u0161 - Hotel Plaza","isPartOf":{"@id":"https:\/\/www.hotelplaza.hr\/pl\/#website"},"primaryImageOfPage":{"@id":"https:\/\/www.hotelplaza.hr\/pl\/specjalne-oferty-omis\/#primaryimage"},"image":{"@id":"https:\/\/www.hotelplaza.hr\/pl\/specjalne-oferty-omis\/#primaryimage"},"thumbnailUrl":"https:\/\/www.hotelplaza.hr\/wp-content\/uploads\/2021\/02\/omis_gastro_naslovna.jpg","datePublished":"2021-06-10T20:43:36+00:00","dateModified":"2021-07-03T13:45:27+00:00","breadcrumb":{"@id":"https:\/\/www.hotelplaza.hr\/pl\/specjalne-oferty-omis\/#breadcrumb"},"inLanguage":"pl-PL","potentialAction":[{"@type":"ReadAction","target":["https:\/\/www.hotelplaza.hr\/pl\/specjalne-oferty-omis\/"]}]},{"@type":"ImageObject","inLanguage":"pl-PL","@id":"https:\/\/www.hotelplaza.hr\/pl\/specjalne-oferty-omis\/#primaryimage","url":"https:\/\/www.hotelplaza.hr\/wp-content\/uploads\/2021\/02\/omis_gastro_naslovna.jpg","contentUrl":"https:\/\/www.hotelplaza.hr\/wp-content\/uploads\/2021\/02\/omis_gastro_naslovna.jpg"},{"@type":"BreadcrumbList","@id":"https:\/\/www.hotelplaza.hr\/pl\/specjalne-oferty-omis\/#breadcrumb","itemListElement":[{"@type":"ListItem","position":1,"name":"Po\u010detna stranica","item":"https:\/\/www.hotelplaza.hr\/pl\/"},{"@type":"ListItem","position":2,"name":"Specjalne oferty &#8211; Omi\u0161"}]},{"@type":"WebSite","@id":"https:\/\/www.hotelplaza.hr\/pl\/#website","url":"https:\/\/www.hotelplaza.hr\/pl\/","name":"Hotel Plaza","description":"Hotel","potentialAction":[{"@type":"SearchAction","target":{"@type":"EntryPoint","urlTemplate":"https:\/\/www.hotelplaza.hr\/pl\/?s={search_term_string}"},"query-input":{"@type":"PropertyValueSpecification","valueRequired":true,"valueName":"search_term_string"}}],"inLanguage":"pl-PL"}]}},"_links":{"self":[{"href":"https:\/\/www.hotelplaza.hr\/pl\/wp-json\/wp\/v2\/pages\/9421","targetHints":{"allow":["GET"]}}],"collection":[{"href":"https:\/\/www.hotelplaza.hr\/pl\/wp-json\/wp\/v2\/pages"}],"about":[{"href":"https:\/\/www.hotelplaza.hr\/pl\/wp-json\/wp\/v2\/types\/page"}],"author":[{"embeddable":true,"href":"https:\/\/www.hotelplaza.hr\/pl\/wp-json\/wp\/v2\/users\/1"}],"replies":[{"embeddable":true,"href":"https:\/\/www.hotelplaza.hr\/pl\/wp-json\/wp\/v2\/comments?post=9421"}],"version-history":[{"count":5,"href":"https:\/\/www.hotelplaza.hr\/pl\/wp-json\/wp\/v2\/pages\/9421\/revisions"}],"predecessor-version":[{"id":9704,"href":"https:\/\/www.hotelplaza.hr\/pl\/wp-json\/wp\/v2\/pages\/9421\/revisions\/9704"}],"wp:attachment":[{"href":"https:\/\/www.hotelplaza.hr\/pl\/wp-json\/wp\/v2\/media?parent=9421"}],"curies":[{"name":"wp","href":"https:\/\/api.w.org\/{rel}","templated":true}]}}