{"id":15119,"date":"2022-03-06T17:23:51","date_gmt":"2022-03-06T17:23:51","guid":{"rendered":"https:\/\/www.hotelplaza.hr\/?page_id=15119"},"modified":"2022-03-06T17:23:51","modified_gmt":"2022-03-06T17:23:51","slug":"izposoja-koles-in-skuterjev","status":"publish","type":"page","link":"https:\/\/www.hotelplaza.hr\/sl\/izposoja-koles-in-skuterjev\/","title":{"rendered":"Izposoja koles in skuterjev"},"content":{"rendered":"\t\t<div data-elementor-type=\"wp-page\" data-elementor-id=\"15119\" class=\"elementor elementor-15119 elementor-1487\" data-elementor-post-type=\"page\">\n\t\t\t\t\t\t<section class=\"elementor-section elementor-top-section elementor-element elementor-element-aab9eaf elementor-section-full_width elementor-section-height-min-height elementor-section-stretched elementor-section-height-default elementor-section-items-middle\" data-id=\"aab9eaf\" data-element_type=\"section\" data-e-type=\"section\" data-settings=\"{&quot;stretch_section&quot;:&quot;section-stretched&quot;,&quot;background_background&quot;:&quot;classic&quot;}\">\n\t\t\t\t\t\t<div class=\"elementor-container elementor-column-gap-default\">\n\t\t\t\t\t<div class=\"elementor-column elementor-col-100 elementor-top-column elementor-element elementor-element-8aacb2f\" data-id=\"8aacb2f\" data-element_type=\"column\" data-e-type=\"column\">\n\t\t\t<div class=\"elementor-widget-wrap\">\n\t\t\t\t\t\t\t<\/div>\n\t\t<\/div>\n\t\t\t\t\t<\/div>\n\t\t<\/section>\n\t\t\t\t<section class=\"elementor-section elementor-top-section elementor-element elementor-element-a04405a elementor-section-stretched elementor-section-boxed elementor-section-height-default elementor-section-height-default\" data-id=\"a04405a\" data-element_type=\"section\" data-e-type=\"section\" data-settings=\"{&quot;background_background&quot;:&quot;classic&quot;,&quot;stretch_section&quot;:&quot;section-stretched&quot;}\">\n\t\t\t\t\t\t<div class=\"elementor-container elementor-column-gap-default\">\n\t\t\t\t\t<div class=\"elementor-column elementor-col-100 elementor-top-column elementor-element elementor-element-ed1d456\" data-id=\"ed1d456\" data-element_type=\"column\" data-e-type=\"column\">\n\t\t\t<div class=\"elementor-widget-wrap elementor-element-populated\">\n\t\t\t\t\t\t<div class=\"elementor-element elementor-element-5b587a2 subtilines elementor-widget elementor-widget-text-editor\" data-id=\"5b587a2\" data-element_type=\"widget\" data-e-type=\"widget\" data-widget_type=\"text-editor.default\">\n\t\t\t\t\t\t\t\t\t<p class=\"t1\">EKSKLUZIVNI HOTELI S 4 ZVEZDICAMI<\/p>\t\t\t\t\t\t\t\t<\/div>\n\t\t\t\t<div class=\"elementor-element elementor-element-f79b388 elementor-widget elementor-widget-heading\" data-id=\"f79b388\" data-element_type=\"widget\" data-e-type=\"widget\" data-widget_type=\"heading.default\">\n\t\t\t\t\t<h2 class=\"elementor-heading-title elementor-size-default\">Izposoja koles in skuterjev\n<\/h2>\t\t\t\t<\/div>\n\t\t\t\t<div class=\"elementor-element elementor-element-67388f9 elementor-widget elementor-widget-text-editor\" data-id=\"67388f9\" data-element_type=\"widget\" data-e-type=\"widget\" data-widget_type=\"text-editor.default\">\n\t\t\t\t\t\t\t\t\t<p>Razi\u0161\u010dite Omi\u0161ko riviero na dveh kolesih in u\u017eivajte v vo\u017enjah ob morju ali reki.<\/p><p>\u00a0<\/p><p>Hoteli Pla\u017ea ponujajo mo\u017enost izposoje koles, e-koles in skuterjev.<\/p><p>\u00a0<\/p><p>\u010ce \u017eelite pobegniti pred mestno gne\u010do in u\u017eivati \u200b\u200bv lepotah na\u0161e destinacije, si lahko po rezervaciji nastanitve ali med bivanjem na recepciji v enem od hotelov najamete kolo ali skuter.<\/p>\t\t\t\t\t\t\t\t<\/div>\n\t\t\t\t\t<\/div>\n\t\t<\/div>\n\t\t\t\t\t<\/div>\n\t\t<\/section>\n\t\t\t\t<\/div>\n\t\t","protected":false},"excerpt":{"rendered":"<p>EKSKLUZIVNI HOTELI S 4 ZVEZDICAMI Izposoja koles in skuterjev Razi\u0161\u010dite Omi\u0161ko riviero na dveh kolesih in u\u017eivajte v vo\u017enjah ob morju ali reki. Hoteli Pla\u017ea ponujajo mo\u017enost izposoje koles, e-koles in skuterjev. \u010ce \u017eelite pobegniti pred mestno gne\u010do in u\u017eivati \u200b\u200bv lepotah na\u0161e destinacije, si lahko po rezervaciji nastanitve ali med bivanjem na recepciji v [&hellip;]<\/p>\n","protected":false},"author":1,"featured_media":0,"parent":0,"menu_order":0,"comment_status":"closed","ping_status":"closed","template":"","meta":{"rs_blank_template":"","rs_page_bg_color":"","slide_template_v7":"","site-sidebar-layout":"no-sidebar","site-content-layout":"content-boxed-container","ast-site-content-layout":"default","site-content-style":"default","site-sidebar-style":"default","ast-global-header-display":"","ast-banner-title-visibility":"","ast-main-header-display":"disabled","ast-hfb-above-header-display":"","ast-hfb-below-header-display":"","ast-hfb-mobile-header-display":"","site-post-title":"disabled","ast-breadcrumbs-content":"disabled","ast-featured-img":"disabled","footer-sml-layout":"disabled","ast-disable-related-posts":"","theme-transparent-header-meta":"enabled","adv-header-id-meta":"","stick-header-meta":"","header-above-stick-meta":"","header-main-stick-meta":"","header-below-stick-meta":"","astra-migrate-meta-layouts":"default","ast-page-background-enabled":"default","ast-page-background-meta":{"desktop":{"background-color":"","background-image":"","background-repeat":"repeat","background-position":"center center","background-size":"auto","background-attachment":"scroll","background-type":"","background-media":"","overlay-type":"","overlay-color":"","overlay-opacity":"","overlay-gradient":""},"tablet":{"background-color":"","background-image":"","background-repeat":"repeat","background-position":"center center","background-size":"auto","background-attachment":"scroll","background-type":"","background-media":"","overlay-type":"","overlay-color":"","overlay-opacity":"","overlay-gradient":""},"mobile":{"background-color":"","background-image":"","background-repeat":"repeat","background-position":"center center","background-size":"auto","background-attachment":"scroll","background-type":"","background-media":"","overlay-type":"","overlay-color":"","overlay-opacity":"","overlay-gradient":""}},"ast-content-background-meta":{"desktop":{"background-color":"var(--ast-global-color-5)","background-image":"","background-repeat":"repeat","background-position":"center center","background-size":"auto","background-attachment":"scroll","background-type":"","background-media":"","overlay-type":"","overlay-color":"","overlay-opacity":"","overlay-gradient":""},"tablet":{"background-color":"var(--ast-global-color-5)","background-image":"","background-repeat":"repeat","background-position":"center center","background-size":"auto","background-attachment":"scroll","background-type":"","background-media":"","overlay-type":"","overlay-color":"","overlay-opacity":"","overlay-gradient":""},"mobile":{"background-color":"var(--ast-global-color-5)","background-image":"","background-repeat":"repeat","background-position":"center center","background-size":"auto","background-attachment":"scroll","background-type":"","background-media":"","overlay-type":"","overlay-color":"","overlay-opacity":"","overlay-gradient":""}},"footnotes":""},"class_list":["post-15119","page","type-page","status-publish","hentry"],"yoast_head":"<!-- This site is optimized with the Yoast SEO plugin v27.4 - https:\/\/yoast.com\/product\/yoast-seo-wordpress\/ -->\n<title>Izposoja koles in skuterjev - Hotel Plaza<\/title>\n<meta name=\"robots\" content=\"index, follow, max-snippet:-1, max-image-preview:large, max-video-preview:-1\" \/>\n<link rel=\"canonical\" href=\"https:\/\/www.hotelplaza.hr\/sl\/izposoja-koles-in-skuterjev\/\" \/>\n<meta property=\"og:locale\" content=\"sl_SI\" \/>\n<meta property=\"og:type\" content=\"article\" \/>\n<meta property=\"og:title\" content=\"Izposoja koles in skuterjev - Hotel Plaza\" \/>\n<meta property=\"og:description\" content=\"EKSKLUZIVNI HOTELI S 4 ZVEZDICAMI Izposoja koles in skuterjev Razi\u0161\u010dite Omi\u0161ko riviero na dveh kolesih in u\u017eivajte v vo\u017enjah ob morju ali reki. Hoteli Pla\u017ea ponujajo mo\u017enost izposoje koles, e-koles in skuterjev. \u010ce \u017eelite pobegniti pred mestno gne\u010do in u\u017eivati \u200b\u200bv lepotah na\u0161e destinacije, si lahko po rezervaciji nastanitve ali med bivanjem na recepciji v [&hellip;]\" \/>\n<meta property=\"og:url\" content=\"https:\/\/www.hotelplaza.hr\/sl\/izposoja-koles-in-skuterjev\/\" \/>\n<meta property=\"og:site_name\" content=\"Hotel Plaza\" \/>\n<meta name=\"twitter:card\" content=\"summary_large_image\" \/>\n<meta name=\"twitter:label1\" content=\"Est. reading time\" \/>\n\t<meta name=\"twitter:data1\" content=\"1 minuta\" \/>\n<script type=\"application\/ld+json\" class=\"yoast-schema-graph\">{\"@context\":\"https:\\\/\\\/schema.org\",\"@graph\":[{\"@type\":\"WebPage\",\"@id\":\"https:\\\/\\\/www.hotelplaza.hr\\\/sl\\\/izposoja-koles-in-skuterjev\\\/\",\"url\":\"https:\\\/\\\/www.hotelplaza.hr\\\/sl\\\/izposoja-koles-in-skuterjev\\\/\",\"name\":\"Izposoja koles in skuterjev - Hotel Plaza\",\"isPartOf\":{\"@id\":\"https:\\\/\\\/www.hotelplaza.hr\\\/sl\\\/#website\"},\"datePublished\":\"2022-03-06T17:23:51+00:00\",\"breadcrumb\":{\"@id\":\"https:\\\/\\\/www.hotelplaza.hr\\\/sl\\\/izposoja-koles-in-skuterjev\\\/#breadcrumb\"},\"inLanguage\":\"sl-SI\",\"potentialAction\":[{\"@type\":\"ReadAction\",\"target\":[\"https:\\\/\\\/www.hotelplaza.hr\\\/sl\\\/izposoja-koles-in-skuterjev\\\/\"]}]},{\"@type\":\"BreadcrumbList\",\"@id\":\"https:\\\/\\\/www.hotelplaza.hr\\\/sl\\\/izposoja-koles-in-skuterjev\\\/#breadcrumb\",\"itemListElement\":[{\"@type\":\"ListItem\",\"position\":1,\"name\":\"Po\u010detna stranica\",\"item\":\"https:\\\/\\\/www.hotelplaza.hr\\\/sl\\\/\"},{\"@type\":\"ListItem\",\"position\":2,\"name\":\"Izposoja koles in skuterjev\"}]},{\"@type\":\"WebSite\",\"@id\":\"https:\\\/\\\/www.hotelplaza.hr\\\/sl\\\/#website\",\"url\":\"https:\\\/\\\/www.hotelplaza.hr\\\/sl\\\/\",\"name\":\"Hotel Plaza\",\"description\":\"Hotel\",\"potentialAction\":[{\"@type\":\"SearchAction\",\"target\":{\"@type\":\"EntryPoint\",\"urlTemplate\":\"https:\\\/\\\/www.hotelplaza.hr\\\/sl\\\/?s={search_term_string}\"},\"query-input\":{\"@type\":\"PropertyValueSpecification\",\"valueRequired\":true,\"valueName\":\"search_term_string\"}}],\"inLanguage\":\"sl-SI\"}]}<\/script>\n<!-- \/ Yoast SEO plugin. -->","yoast_head_json":{"title":"Izposoja koles in skuterjev - Hotel Plaza","robots":{"index":"index","follow":"follow","max-snippet":"max-snippet:-1","max-image-preview":"max-image-preview:large","max-video-preview":"max-video-preview:-1"},"canonical":"https:\/\/www.hotelplaza.hr\/sl\/izposoja-koles-in-skuterjev\/","og_locale":"sl_SI","og_type":"article","og_title":"Izposoja koles in skuterjev - Hotel Plaza","og_description":"EKSKLUZIVNI HOTELI S 4 ZVEZDICAMI Izposoja koles in skuterjev Razi\u0161\u010dite Omi\u0161ko riviero na dveh kolesih in u\u017eivajte v vo\u017enjah ob morju ali reki. Hoteli Pla\u017ea ponujajo mo\u017enost izposoje koles, e-koles in skuterjev. \u010ce \u017eelite pobegniti pred mestno gne\u010do in u\u017eivati \u200b\u200bv lepotah na\u0161e destinacije, si lahko po rezervaciji nastanitve ali med bivanjem na recepciji v [&hellip;]","og_url":"https:\/\/www.hotelplaza.hr\/sl\/izposoja-koles-in-skuterjev\/","og_site_name":"Hotel Plaza","twitter_card":"summary_large_image","twitter_misc":{"Est. reading time":"1 minuta"},"schema":{"@context":"https:\/\/schema.org","@graph":[{"@type":"WebPage","@id":"https:\/\/www.hotelplaza.hr\/sl\/izposoja-koles-in-skuterjev\/","url":"https:\/\/www.hotelplaza.hr\/sl\/izposoja-koles-in-skuterjev\/","name":"Izposoja koles in skuterjev - Hotel Plaza","isPartOf":{"@id":"https:\/\/www.hotelplaza.hr\/sl\/#website"},"datePublished":"2022-03-06T17:23:51+00:00","breadcrumb":{"@id":"https:\/\/www.hotelplaza.hr\/sl\/izposoja-koles-in-skuterjev\/#breadcrumb"},"inLanguage":"sl-SI","potentialAction":[{"@type":"ReadAction","target":["https:\/\/www.hotelplaza.hr\/sl\/izposoja-koles-in-skuterjev\/"]}]},{"@type":"BreadcrumbList","@id":"https:\/\/www.hotelplaza.hr\/sl\/izposoja-koles-in-skuterjev\/#breadcrumb","itemListElement":[{"@type":"ListItem","position":1,"name":"Po\u010detna stranica","item":"https:\/\/www.hotelplaza.hr\/sl\/"},{"@type":"ListItem","position":2,"name":"Izposoja koles in skuterjev"}]},{"@type":"WebSite","@id":"https:\/\/www.hotelplaza.hr\/sl\/#website","url":"https:\/\/www.hotelplaza.hr\/sl\/","name":"Hotel Plaza","description":"Hotel","potentialAction":[{"@type":"SearchAction","target":{"@type":"EntryPoint","urlTemplate":"https:\/\/www.hotelplaza.hr\/sl\/?s={search_term_string}"},"query-input":{"@type":"PropertyValueSpecification","valueRequired":true,"valueName":"search_term_string"}}],"inLanguage":"sl-SI"}]}},"_links":{"self":[{"href":"https:\/\/www.hotelplaza.hr\/sl\/wp-json\/wp\/v2\/pages\/15119","targetHints":{"allow":["GET"]}}],"collection":[{"href":"https:\/\/www.hotelplaza.hr\/sl\/wp-json\/wp\/v2\/pages"}],"about":[{"href":"https:\/\/www.hotelplaza.hr\/sl\/wp-json\/wp\/v2\/types\/page"}],"author":[{"embeddable":true,"href":"https:\/\/www.hotelplaza.hr\/sl\/wp-json\/wp\/v2\/users\/1"}],"replies":[{"embeddable":true,"href":"https:\/\/www.hotelplaza.hr\/sl\/wp-json\/wp\/v2\/comments?post=15119"}],"version-history":[{"count":5,"href":"https:\/\/www.hotelplaza.hr\/sl\/wp-json\/wp\/v2\/pages\/15119\/revisions"}],"predecessor-version":[{"id":16096,"href":"https:\/\/www.hotelplaza.hr\/sl\/wp-json\/wp\/v2\/pages\/15119\/revisions\/16096"}],"wp:attachment":[{"href":"https:\/\/www.hotelplaza.hr\/sl\/wp-json\/wp\/v2\/media?parent=15119"}],"curies":[{"name":"wp","href":"https:\/\/api.w.org\/{rel}","templated":true}]}}