{"id":15149,"date":"2022-03-06T17:24:39","date_gmt":"2022-03-06T17:24:39","guid":{"rendered":"https:\/\/www.hotelplaza.hr\/?page_id=15149"},"modified":"2022-03-06T17:24:39","modified_gmt":"2022-03-06T17:24:39","slug":"kako-do-nas","status":"publish","type":"page","link":"https:\/\/www.hotelplaza.hr\/sl\/kako-do-nas\/","title":{"rendered":"Kako do nas?"},"content":{"rendered":"\t\t<div data-elementor-type=\"wp-page\" data-elementor-id=\"15149\" class=\"elementor elementor-15149 elementor-1456\" data-elementor-post-type=\"page\">\n\t\t\t\t\t\t<section class=\"elementor-section elementor-top-section elementor-element elementor-element-733928e elementor-section-full_width elementor-section-height-min-height elementor-section-stretched elementor-section-height-default elementor-section-items-middle\" data-id=\"733928e\" data-element_type=\"section\" data-e-type=\"section\" data-settings=\"{&quot;stretch_section&quot;:&quot;section-stretched&quot;,&quot;background_background&quot;:&quot;classic&quot;}\">\n\t\t\t\t\t\t<div class=\"elementor-container elementor-column-gap-default\">\n\t\t\t\t\t<div class=\"elementor-column elementor-col-100 elementor-top-column elementor-element elementor-element-dc81996\" data-id=\"dc81996\" data-element_type=\"column\" data-e-type=\"column\">\n\t\t\t<div class=\"elementor-widget-wrap\">\n\t\t\t\t\t\t\t<\/div>\n\t\t<\/div>\n\t\t\t\t\t<\/div>\n\t\t<\/section>\n\t\t\t\t<section class=\"elementor-section elementor-top-section elementor-element elementor-element-271d97e elementor-section-stretched elementor-section-boxed elementor-section-height-default elementor-section-height-default\" data-id=\"271d97e\" data-element_type=\"section\" data-e-type=\"section\" data-settings=\"{&quot;background_background&quot;:&quot;classic&quot;,&quot;stretch_section&quot;:&quot;section-stretched&quot;}\">\n\t\t\t\t\t\t<div class=\"elementor-container elementor-column-gap-default\">\n\t\t\t\t\t<div class=\"elementor-column elementor-col-100 elementor-top-column elementor-element elementor-element-8fa0d94\" data-id=\"8fa0d94\" data-element_type=\"column\" data-e-type=\"column\">\n\t\t\t<div class=\"elementor-widget-wrap elementor-element-populated\">\n\t\t\t\t\t\t<div class=\"elementor-element elementor-element-c6e08ad subtilines elementor-widget elementor-widget-text-editor\" data-id=\"c6e08ad\" data-element_type=\"widget\" data-e-type=\"widget\" data-widget_type=\"text-editor.default\">\n\t\t\t\t\t\t\t\t\t<p class=\"t1\">EKSKLUZIVNI HOTELI S 4 ZVEZDICAMI<\/p>\t\t\t\t\t\t\t\t<\/div>\n\t\t\t\t<div class=\"elementor-element elementor-element-de38332 elementor-widget elementor-widget-heading\" data-id=\"de38332\" data-element_type=\"widget\" data-e-type=\"widget\" data-widget_type=\"heading.default\">\n\t\t\t\t\t<h2 class=\"elementor-heading-title elementor-size-default\">Kako do nas?\n<\/h2>\t\t\t\t<\/div>\n\t\t\t\t<div class=\"elementor-element elementor-element-dc6e0d8 elementor-widget elementor-widget-text-editor\" data-id=\"dc6e0d8\" data-element_type=\"widget\" data-e-type=\"widget\" data-widget_type=\"text-editor.default\">\n\t\t\t\t\t\t\t\t\t<p><strong>Z AVTOM:<\/strong><\/p><p>Iz smeri Reke in Zagreba &#8211; na avtocesti A1 do izvoza Dugopolje, v smeri Splita, na dr\u017eavno cesto D-8 ali do izvoza Blato na Cetini v smeri Split &#8211; Omi\u0161, na dr\u017eavni cesti D-70 (ni priporo\u010dljivo za avtodome in druga ve\u010dja vozila) cesta D-8.<\/p><p>Iz smeri Dubrovnika &#8211; na avtocesti A1 do izvoza \u0160estanovac, v smeri Split &#8211; Omi\u0161 na dr\u017eavni cesti D-39 proti dr\u017eavni cesti D-8.<\/p><p>Informacije za voznike: <a href=\"https:\/\/www.hak.hr\/\" target=\"_blank\" rel=\"noopener\">Hrva\u0161ki avto klub<\/a><\/p><p>\u00a0<\/p><p><strong>Z LADJO:<\/strong><\/p><p>Na spletni strani <a href=\"https:\/\/www.jadrolinija.hr\/\" target=\"_blank\" rel=\"noopener\">www.jadrolinija.hr<\/a> poi\u0161\u010dite informacije o trajektnih linijah do najbli\u017ejega trajektnega pristani\u0161\u010da v Splitu.<\/p><p>\u00a0<\/p><p><strong>Z LETALOM:<\/strong><\/p><p>Do najbli\u017ejega letali\u0161\u010da v Splitu, nato pa s prevozom ali avtobusom do Omi\u0161a ali Du\u0107a.<\/p><p>Ve\u010d informacij o transferju najdete <a href=\"https:\/\/www.hotelplaza.hr\/sl\/transferji\/\" target=\"_blank\" rel=\"noopener\">tukaj<\/a><\/p><p>\u00a0<\/p><p><strong>Z AVTOBUSOM:<\/strong><\/p><p>Redne avtobusne linije iz Reke, Zagreba in Dubrovnika.<\/p><p>\u00a0<\/p>\t\t\t\t\t\t\t\t<\/div>\n\t\t\t\t\t<\/div>\n\t\t<\/div>\n\t\t\t\t\t<\/div>\n\t\t<\/section>\n\t\t\t\t<section class=\"elementor-section elementor-top-section elementor-element elementor-element-a8c68d0 elementor-section-boxed elementor-section-height-default elementor-section-height-default\" data-id=\"a8c68d0\" data-element_type=\"section\" data-e-type=\"section\">\n\t\t\t\t\t\t<div class=\"elementor-container elementor-column-gap-default\">\n\t\t\t\t\t<div class=\"elementor-column elementor-col-100 elementor-top-column elementor-element elementor-element-f94f14e\" data-id=\"f94f14e\" data-element_type=\"column\" data-e-type=\"column\">\n\t\t\t<div class=\"elementor-widget-wrap elementor-element-populated\">\n\t\t\t\t\t\t<div class=\"elementor-element elementor-element-ca28d84 elementor-widget elementor-widget-image\" data-id=\"ca28d84\" data-element_type=\"widget\" data-e-type=\"widget\" data-widget_type=\"image.default\">\n\t\t\t\t\t\t\t\t\t\t\t\t\t\t\t<img fetchpriority=\"high\" decoding=\"async\" width=\"1024\" height=\"486\" src=\"https:\/\/www.hotelplaza.hr\/wp-content\/uploads\/2021\/02\/Karta1-1024x486.png\" class=\"attachment-large size-large wp-image-15152\" alt=\"\" srcset=\"https:\/\/www.hotelplaza.hr\/wp-content\/uploads\/2021\/02\/Karta1-1024x486.png 1024w, https:\/\/www.hotelplaza.hr\/wp-content\/uploads\/2021\/02\/Karta1-300x142.png 300w, https:\/\/www.hotelplaza.hr\/wp-content\/uploads\/2021\/02\/Karta1-768x364.png 768w, https:\/\/www.hotelplaza.hr\/wp-content\/uploads\/2021\/02\/Karta1.png 1385w\" sizes=\"(max-width: 1024px) 100vw, 1024px\" \/>\t\t\t\t\t\t\t\t\t\t\t\t\t\t\t<\/div>\n\t\t\t\t\t<\/div>\n\t\t<\/div>\n\t\t\t\t\t<\/div>\n\t\t<\/section>\n\t\t\t\t<section class=\"elementor-section elementor-top-section elementor-element elementor-element-80a3ecd elementor-section-boxed elementor-section-height-default elementor-section-height-default\" data-id=\"80a3ecd\" data-element_type=\"section\" data-e-type=\"section\">\n\t\t\t\t\t\t<div class=\"elementor-container elementor-column-gap-default\">\n\t\t\t\t\t<div class=\"elementor-column elementor-col-100 elementor-top-column elementor-element elementor-element-982ea09\" data-id=\"982ea09\" data-element_type=\"column\" data-e-type=\"column\">\n\t\t\t<div class=\"elementor-widget-wrap elementor-element-populated\">\n\t\t\t\t\t\t<div class=\"elementor-element elementor-element-72adc84 elementor-widget elementor-widget-image\" data-id=\"72adc84\" data-element_type=\"widget\" data-e-type=\"widget\" data-widget_type=\"image.default\">\n\t\t\t\t\t\t\t\t\t\t\t\t\t\t\t<img decoding=\"async\" width=\"1024\" height=\"502\" src=\"https:\/\/www.hotelplaza.hr\/wp-content\/uploads\/2021\/02\/Karta3-1024x502.png\" class=\"attachment-large size-large wp-image-15153\" alt=\"\" srcset=\"https:\/\/www.hotelplaza.hr\/wp-content\/uploads\/2021\/02\/Karta3-1024x502.png 1024w, https:\/\/www.hotelplaza.hr\/wp-content\/uploads\/2021\/02\/Karta3-300x147.png 300w, https:\/\/www.hotelplaza.hr\/wp-content\/uploads\/2021\/02\/Karta3-768x377.png 768w, https:\/\/www.hotelplaza.hr\/wp-content\/uploads\/2021\/02\/Karta3.png 1385w\" sizes=\"(max-width: 1024px) 100vw, 1024px\" \/>\t\t\t\t\t\t\t\t\t\t\t\t\t\t\t<\/div>\n\t\t\t\t\t<\/div>\n\t\t<\/div>\n\t\t\t\t\t<\/div>\n\t\t<\/section>\n\t\t\t\t<\/div>\n\t\t","protected":false},"excerpt":{"rendered":"<p>EKSKLUZIVNI HOTELI S 4 ZVEZDICAMI Kako do nas? Z AVTOM: Iz smeri Reke in Zagreba &#8211; na avtocesti A1 do izvoza Dugopolje, v smeri Splita, na dr\u017eavno cesto D-8 ali do izvoza Blato na Cetini v smeri Split &#8211; Omi\u0161, na dr\u017eavni cesti D-70 (ni priporo\u010dljivo za avtodome in druga ve\u010dja vozila) cesta D-8. Iz [&hellip;]<\/p>\n","protected":false},"author":1,"featured_media":0,"parent":0,"menu_order":0,"comment_status":"closed","ping_status":"closed","template":"","meta":{"rs_blank_template":"","rs_page_bg_color":"","slide_template_v7":"","site-sidebar-layout":"no-sidebar","site-content-layout":"content-boxed-container","ast-site-content-layout":"default","site-content-style":"default","site-sidebar-style":"default","ast-global-header-display":"","ast-banner-title-visibility":"","ast-main-header-display":"disabled","ast-hfb-above-header-display":"","ast-hfb-below-header-display":"","ast-hfb-mobile-header-display":"","site-post-title":"disabled","ast-breadcrumbs-content":"disabled","ast-featured-img":"disabled","footer-sml-layout":"disabled","ast-disable-related-posts":"","theme-transparent-header-meta":"enabled","adv-header-id-meta":"","stick-header-meta":"","header-above-stick-meta":"","header-main-stick-meta":"","header-below-stick-meta":"","astra-migrate-meta-layouts":"default","ast-page-background-enabled":"default","ast-page-background-meta":{"desktop":{"background-color":"","background-image":"","background-repeat":"repeat","background-position":"center center","background-size":"auto","background-attachment":"scroll","background-type":"","background-media":"","overlay-type":"","overlay-color":"","overlay-opacity":"","overlay-gradient":""},"tablet":{"background-color":"","background-image":"","background-repeat":"repeat","background-position":"center center","background-size":"auto","background-attachment":"scroll","background-type":"","background-media":"","overlay-type":"","overlay-color":"","overlay-opacity":"","overlay-gradient":""},"mobile":{"background-color":"","background-image":"","background-repeat":"repeat","background-position":"center center","background-size":"auto","background-attachment":"scroll","background-type":"","background-media":"","overlay-type":"","overlay-color":"","overlay-opacity":"","overlay-gradient":""}},"ast-content-background-meta":{"desktop":{"background-color":"var(--ast-global-color-5)","background-image":"","background-repeat":"repeat","background-position":"center center","background-size":"auto","background-attachment":"scroll","background-type":"","background-media":"","overlay-type":"","overlay-color":"","overlay-opacity":"","overlay-gradient":""},"tablet":{"background-color":"var(--ast-global-color-5)","background-image":"","background-repeat":"repeat","background-position":"center center","background-size":"auto","background-attachment":"scroll","background-type":"","background-media":"","overlay-type":"","overlay-color":"","overlay-opacity":"","overlay-gradient":""},"mobile":{"background-color":"var(--ast-global-color-5)","background-image":"","background-repeat":"repeat","background-position":"center center","background-size":"auto","background-attachment":"scroll","background-type":"","background-media":"","overlay-type":"","overlay-color":"","overlay-opacity":"","overlay-gradient":""}},"footnotes":""},"class_list":["post-15149","page","type-page","status-publish","hentry"],"yoast_head":"<!-- This site is optimized with the Yoast SEO plugin v27.4 - https:\/\/yoast.com\/product\/yoast-seo-wordpress\/ -->\n<title>Kako do nas? - Hotel Plaza<\/title>\n<meta name=\"robots\" content=\"index, follow, max-snippet:-1, max-image-preview:large, max-video-preview:-1\" \/>\n<link rel=\"canonical\" href=\"https:\/\/www.hotelplaza.hr\/sl\/kako-do-nas\/\" \/>\n<meta property=\"og:locale\" content=\"sl_SI\" \/>\n<meta property=\"og:type\" content=\"article\" \/>\n<meta property=\"og:title\" content=\"Kako do nas? - Hotel Plaza\" \/>\n<meta property=\"og:description\" content=\"EKSKLUZIVNI HOTELI S 4 ZVEZDICAMI Kako do nas? Z AVTOM: Iz smeri Reke in Zagreba &#8211; na avtocesti A1 do izvoza Dugopolje, v smeri Splita, na dr\u017eavno cesto D-8 ali do izvoza Blato na Cetini v smeri Split &#8211; Omi\u0161, na dr\u017eavni cesti D-70 (ni priporo\u010dljivo za avtodome in druga ve\u010dja vozila) cesta D-8. Iz [&hellip;]\" \/>\n<meta property=\"og:url\" content=\"https:\/\/www.hotelplaza.hr\/sl\/kako-do-nas\/\" \/>\n<meta property=\"og:site_name\" content=\"Hotel Plaza\" \/>\n<meta property=\"og:image\" content=\"https:\/\/www.hotelplaza.hr\/wp-content\/uploads\/2021\/02\/Karta1-1024x486.png\" \/>\n<meta name=\"twitter:card\" content=\"summary_large_image\" \/>\n<meta name=\"twitter:label1\" content=\"Est. reading time\" \/>\n\t<meta name=\"twitter:data1\" content=\"1 minuta\" \/>\n<script type=\"application\/ld+json\" class=\"yoast-schema-graph\">{\"@context\":\"https:\\\/\\\/schema.org\",\"@graph\":[{\"@type\":\"WebPage\",\"@id\":\"https:\\\/\\\/www.hotelplaza.hr\\\/sl\\\/kako-do-nas\\\/\",\"url\":\"https:\\\/\\\/www.hotelplaza.hr\\\/sl\\\/kako-do-nas\\\/\",\"name\":\"Kako do nas? - Hotel Plaza\",\"isPartOf\":{\"@id\":\"https:\\\/\\\/www.hotelplaza.hr\\\/sl\\\/#website\"},\"primaryImageOfPage\":{\"@id\":\"https:\\\/\\\/www.hotelplaza.hr\\\/sl\\\/kako-do-nas\\\/#primaryimage\"},\"image\":{\"@id\":\"https:\\\/\\\/www.hotelplaza.hr\\\/sl\\\/kako-do-nas\\\/#primaryimage\"},\"thumbnailUrl\":\"https:\\\/\\\/www.hotelplaza.hr\\\/wp-content\\\/uploads\\\/2021\\\/02\\\/Karta1-1024x486.png\",\"datePublished\":\"2022-03-06T17:24:39+00:00\",\"breadcrumb\":{\"@id\":\"https:\\\/\\\/www.hotelplaza.hr\\\/sl\\\/kako-do-nas\\\/#breadcrumb\"},\"inLanguage\":\"sl-SI\",\"potentialAction\":[{\"@type\":\"ReadAction\",\"target\":[\"https:\\\/\\\/www.hotelplaza.hr\\\/sl\\\/kako-do-nas\\\/\"]}]},{\"@type\":\"ImageObject\",\"inLanguage\":\"sl-SI\",\"@id\":\"https:\\\/\\\/www.hotelplaza.hr\\\/sl\\\/kako-do-nas\\\/#primaryimage\",\"url\":\"https:\\\/\\\/www.hotelplaza.hr\\\/wp-content\\\/uploads\\\/2021\\\/02\\\/Karta1-1024x486.png\",\"contentUrl\":\"https:\\\/\\\/www.hotelplaza.hr\\\/wp-content\\\/uploads\\\/2021\\\/02\\\/Karta1-1024x486.png\"},{\"@type\":\"BreadcrumbList\",\"@id\":\"https:\\\/\\\/www.hotelplaza.hr\\\/sl\\\/kako-do-nas\\\/#breadcrumb\",\"itemListElement\":[{\"@type\":\"ListItem\",\"position\":1,\"name\":\"Po\u010detna stranica\",\"item\":\"https:\\\/\\\/www.hotelplaza.hr\\\/sl\\\/\"},{\"@type\":\"ListItem\",\"position\":2,\"name\":\"Kako do nas?\"}]},{\"@type\":\"WebSite\",\"@id\":\"https:\\\/\\\/www.hotelplaza.hr\\\/sl\\\/#website\",\"url\":\"https:\\\/\\\/www.hotelplaza.hr\\\/sl\\\/\",\"name\":\"Hotel Plaza\",\"description\":\"Hotel\",\"potentialAction\":[{\"@type\":\"SearchAction\",\"target\":{\"@type\":\"EntryPoint\",\"urlTemplate\":\"https:\\\/\\\/www.hotelplaza.hr\\\/sl\\\/?s={search_term_string}\"},\"query-input\":{\"@type\":\"PropertyValueSpecification\",\"valueRequired\":true,\"valueName\":\"search_term_string\"}}],\"inLanguage\":\"sl-SI\"}]}<\/script>\n<!-- \/ Yoast SEO plugin. -->","yoast_head_json":{"title":"Kako do nas? - Hotel Plaza","robots":{"index":"index","follow":"follow","max-snippet":"max-snippet:-1","max-image-preview":"max-image-preview:large","max-video-preview":"max-video-preview:-1"},"canonical":"https:\/\/www.hotelplaza.hr\/sl\/kako-do-nas\/","og_locale":"sl_SI","og_type":"article","og_title":"Kako do nas? - Hotel Plaza","og_description":"EKSKLUZIVNI HOTELI S 4 ZVEZDICAMI Kako do nas? Z AVTOM: Iz smeri Reke in Zagreba &#8211; na avtocesti A1 do izvoza Dugopolje, v smeri Splita, na dr\u017eavno cesto D-8 ali do izvoza Blato na Cetini v smeri Split &#8211; Omi\u0161, na dr\u017eavni cesti D-70 (ni priporo\u010dljivo za avtodome in druga ve\u010dja vozila) cesta D-8. Iz [&hellip;]","og_url":"https:\/\/www.hotelplaza.hr\/sl\/kako-do-nas\/","og_site_name":"Hotel Plaza","og_image":[{"url":"https:\/\/www.hotelplaza.hr\/wp-content\/uploads\/2021\/02\/Karta1-1024x486.png","type":"","width":"","height":""}],"twitter_card":"summary_large_image","twitter_misc":{"Est. reading time":"1 minuta"},"schema":{"@context":"https:\/\/schema.org","@graph":[{"@type":"WebPage","@id":"https:\/\/www.hotelplaza.hr\/sl\/kako-do-nas\/","url":"https:\/\/www.hotelplaza.hr\/sl\/kako-do-nas\/","name":"Kako do nas? - Hotel Plaza","isPartOf":{"@id":"https:\/\/www.hotelplaza.hr\/sl\/#website"},"primaryImageOfPage":{"@id":"https:\/\/www.hotelplaza.hr\/sl\/kako-do-nas\/#primaryimage"},"image":{"@id":"https:\/\/www.hotelplaza.hr\/sl\/kako-do-nas\/#primaryimage"},"thumbnailUrl":"https:\/\/www.hotelplaza.hr\/wp-content\/uploads\/2021\/02\/Karta1-1024x486.png","datePublished":"2022-03-06T17:24:39+00:00","breadcrumb":{"@id":"https:\/\/www.hotelplaza.hr\/sl\/kako-do-nas\/#breadcrumb"},"inLanguage":"sl-SI","potentialAction":[{"@type":"ReadAction","target":["https:\/\/www.hotelplaza.hr\/sl\/kako-do-nas\/"]}]},{"@type":"ImageObject","inLanguage":"sl-SI","@id":"https:\/\/www.hotelplaza.hr\/sl\/kako-do-nas\/#primaryimage","url":"https:\/\/www.hotelplaza.hr\/wp-content\/uploads\/2021\/02\/Karta1-1024x486.png","contentUrl":"https:\/\/www.hotelplaza.hr\/wp-content\/uploads\/2021\/02\/Karta1-1024x486.png"},{"@type":"BreadcrumbList","@id":"https:\/\/www.hotelplaza.hr\/sl\/kako-do-nas\/#breadcrumb","itemListElement":[{"@type":"ListItem","position":1,"name":"Po\u010detna stranica","item":"https:\/\/www.hotelplaza.hr\/sl\/"},{"@type":"ListItem","position":2,"name":"Kako do nas?"}]},{"@type":"WebSite","@id":"https:\/\/www.hotelplaza.hr\/sl\/#website","url":"https:\/\/www.hotelplaza.hr\/sl\/","name":"Hotel Plaza","description":"Hotel","potentialAction":[{"@type":"SearchAction","target":{"@type":"EntryPoint","urlTemplate":"https:\/\/www.hotelplaza.hr\/sl\/?s={search_term_string}"},"query-input":{"@type":"PropertyValueSpecification","valueRequired":true,"valueName":"search_term_string"}}],"inLanguage":"sl-SI"}]}},"_links":{"self":[{"href":"https:\/\/www.hotelplaza.hr\/sl\/wp-json\/wp\/v2\/pages\/15149","targetHints":{"allow":["GET"]}}],"collection":[{"href":"https:\/\/www.hotelplaza.hr\/sl\/wp-json\/wp\/v2\/pages"}],"about":[{"href":"https:\/\/www.hotelplaza.hr\/sl\/wp-json\/wp\/v2\/types\/page"}],"author":[{"embeddable":true,"href":"https:\/\/www.hotelplaza.hr\/sl\/wp-json\/wp\/v2\/users\/1"}],"replies":[{"embeddable":true,"href":"https:\/\/www.hotelplaza.hr\/sl\/wp-json\/wp\/v2\/comments?post=15149"}],"version-history":[{"count":5,"href":"https:\/\/www.hotelplaza.hr\/sl\/wp-json\/wp\/v2\/pages\/15149\/revisions"}],"predecessor-version":[{"id":15160,"href":"https:\/\/www.hotelplaza.hr\/sl\/wp-json\/wp\/v2\/pages\/15149\/revisions\/15160"}],"wp:attachment":[{"href":"https:\/\/www.hotelplaza.hr\/sl\/wp-json\/wp\/v2\/media?parent=15149"}],"curies":[{"name":"wp","href":"https:\/\/api.w.org\/{rel}","templated":true}]}}