{"id":15297,"date":"2022-03-06T17:25:43","date_gmt":"2022-03-06T17:25:43","guid":{"rendered":"https:\/\/www.hotelplaza.hr\/?page_id=15297"},"modified":"2022-03-06T17:25:43","modified_gmt":"2022-03-06T17:25:43","slug":"suites-omis","status":"publish","type":"page","link":"https:\/\/www.hotelplaza.hr\/sl\/suites-omis\/","title":{"rendered":"Suites Omi\u0161"},"content":{"rendered":"\t\t<div data-elementor-type=\"wp-page\" data-elementor-id=\"15297\" class=\"elementor elementor-15297 elementor-1141\" data-elementor-post-type=\"page\">\n\t\t\t\t\t\t<section class=\"elementor-section elementor-top-section elementor-element elementor-element-0b7e9bf elementor-section-full_width elementor-section-height-min-height elementor-section-stretched elementor-section-height-default elementor-section-items-middle\" data-id=\"0b7e9bf\" data-element_type=\"section\" data-e-type=\"section\" data-settings=\"{&quot;stretch_section&quot;:&quot;section-stretched&quot;,&quot;background_background&quot;:&quot;classic&quot;}\">\n\t\t\t\t\t\t<div class=\"elementor-container elementor-column-gap-default\">\n\t\t\t\t\t<div class=\"elementor-column elementor-col-100 elementor-top-column elementor-element elementor-element-5024e61\" data-id=\"5024e61\" data-element_type=\"column\" data-e-type=\"column\">\n\t\t\t<div class=\"elementor-widget-wrap elementor-element-populated\">\n\t\t\t\t\t\t<div class=\"elementor-element elementor-element-e1dc137 elementor-widget elementor-widget-heading\" data-id=\"e1dc137\" data-element_type=\"widget\" data-e-type=\"widget\" data-widget_type=\"heading.default\">\n\t\t\t\t\t<h1 class=\"elementor-heading-title elementor-size-default\">Spacious vacation with elegant design\n<\/h1>\t\t\t\t<\/div>\n\t\t\t\t\t<\/div>\n\t\t<\/div>\n\t\t\t\t\t<\/div>\n\t\t<\/section>\n\t\t\t\t<section class=\"elementor-section elementor-top-section elementor-element elementor-element-a04a891 elementor-section-stretched elementor-section-boxed elementor-section-height-default elementor-section-height-default\" data-id=\"a04a891\" data-element_type=\"section\" data-e-type=\"section\" data-settings=\"{&quot;background_background&quot;:&quot;classic&quot;,&quot;stretch_section&quot;:&quot;section-stretched&quot;}\">\n\t\t\t\t\t\t<div class=\"elementor-container elementor-column-gap-default\">\n\t\t\t\t\t<div class=\"elementor-column elementor-col-50 elementor-top-column elementor-element elementor-element-1af8197\" data-id=\"1af8197\" data-element_type=\"column\" data-e-type=\"column\">\n\t\t\t<div class=\"elementor-widget-wrap elementor-element-populated\">\n\t\t\t\t\t\t<div class=\"elementor-element elementor-element-dc726cc subtilines elementor-widget elementor-widget-text-editor\" data-id=\"dc726cc\" data-element_type=\"widget\" data-e-type=\"widget\" data-widget_type=\"text-editor.default\">\n\t\t\t\t\t\t\t\t\t<p class=\"t1\">HOTEL PLA\u017dA OMI\u0160<\/p>\t\t\t\t\t\t\t\t<\/div>\n\t\t\t\t<div class=\"elementor-element elementor-element-2f2a85d elementor-widget elementor-widget-heading\" data-id=\"2f2a85d\" data-element_type=\"widget\" data-e-type=\"widget\" data-widget_type=\"heading.default\">\n\t\t\t\t\t<p class=\"elementor-heading-title elementor-size-default\">Suite B\n<\/p>\t\t\t\t<\/div>\n\t\t\t\t<div class=\"elementor-element elementor-element-a9d9dcb elementor-widget elementor-widget-text-editor\" data-id=\"a9d9dcb\" data-element_type=\"widget\" data-e-type=\"widget\" data-widget_type=\"text-editor.default\">\n\t\t\t\t\t\t\t\t\t<p><em>na strani ulice z balkonom<\/em><\/p><p>\u00a0<\/p><p>Apartma velikosti 40 m2 obsega spalnico z zakonsko posteljo, povezano s kopalnico, in dnevno sobo s sede\u017eno garnituro, ki se uporabljajo kot dodatno le\u017ei\u0161\u010de.\u00a0<\/p>\t\t\t\t\t\t\t\t<\/div>\n\t\t\t\t<section class=\"elementor-section elementor-inner-section elementor-element elementor-element-69d133d elementor-section-boxed elementor-section-height-default elementor-section-height-default\" data-id=\"69d133d\" data-element_type=\"section\" data-e-type=\"section\">\n\t\t\t\t\t\t<div class=\"elementor-container elementor-column-gap-default\">\n\t\t\t\t\t<div class=\"elementor-column elementor-col-50 elementor-inner-column elementor-element elementor-element-1a2f91b\" data-id=\"1a2f91b\" data-element_type=\"column\" data-e-type=\"column\">\n\t\t\t<div class=\"elementor-widget-wrap elementor-element-populated\">\n\t\t\t\t\t\t<div class=\"elementor-element elementor-element-4db7fa7 elementor-align-center elementor-widget elementor-widget-button\" data-id=\"4db7fa7\" data-element_type=\"widget\" data-e-type=\"widget\" data-widget_type=\"button.default\">\n\t\t\t\t\t\t\t\t\t\t<a class=\"elementor-button elementor-button-link elementor-size-sm elementor-animation-hang\" href=\"https:\/\/www.hotelplaza.hr\/sl\/suite-b\/\">\n\t\t\t\t\t\t<span class=\"elementor-button-content-wrapper\">\n\t\t\t\t\t\t\t\t\t<span class=\"elementor-button-text\">Ve\u010d<\/span>\n\t\t\t\t\t<\/span>\n\t\t\t\t\t<\/a>\n\t\t\t\t\t\t\t\t<\/div>\n\t\t\t\t\t<\/div>\n\t\t<\/div>\n\t\t\t\t<div class=\"elementor-column elementor-col-50 elementor-inner-column elementor-element elementor-element-9e8a459\" data-id=\"9e8a459\" data-element_type=\"column\" data-e-type=\"column\">\n\t\t\t<div class=\"elementor-widget-wrap elementor-element-populated\">\n\t\t\t\t\t\t<div class=\"elementor-element elementor-element-6b7baf7 elementor-align-left elementor-mobile-align-center elementor-widget elementor-widget-button\" data-id=\"6b7baf7\" data-element_type=\"widget\" data-e-type=\"widget\" data-widget_type=\"button.default\">\n\t\t\t\t\t\t\t\t\t\t<a class=\"elementor-button elementor-button-link elementor-size-sm elementor-animation-hang\" href=\"https:\/\/www.hotelplaza.hr\/sl\/rezervirati\/?action=c_1&#038;hotel_id=4032&#038;guide_id=821\">\n\t\t\t\t\t\t<span class=\"elementor-button-content-wrapper\">\n\t\t\t\t\t\t\t\t\t<span class=\"elementor-button-text\">Rezervirajte<\/span>\n\t\t\t\t\t<\/span>\n\t\t\t\t\t<\/a>\n\t\t\t\t\t\t\t\t<\/div>\n\t\t\t\t\t<\/div>\n\t\t<\/div>\n\t\t\t\t\t<\/div>\n\t\t<\/section>\n\t\t\t\t\t<\/div>\n\t\t<\/div>\n\t\t\t\t<div class=\"elementor-column elementor-col-50 elementor-top-column elementor-element elementor-element-4407596\" data-id=\"4407596\" data-element_type=\"column\" data-e-type=\"column\">\n\t\t\t<div class=\"elementor-widget-wrap elementor-element-populated\">\n\t\t\t\t\t\t<div class=\"elementor-element elementor-element-c75715d elementor-pagination-position-outside elementor-widget elementor-widget-image-carousel\" data-id=\"c75715d\" data-element_type=\"widget\" data-e-type=\"widget\" data-settings=\"{&quot;slides_to_show&quot;:&quot;1&quot;,&quot;navigation&quot;:&quot;dots&quot;,&quot;autoplay&quot;:&quot;yes&quot;,&quot;pause_on_hover&quot;:&quot;yes&quot;,&quot;pause_on_interaction&quot;:&quot;yes&quot;,&quot;autoplay_speed&quot;:5000,&quot;infinite&quot;:&quot;yes&quot;,&quot;effect&quot;:&quot;slide&quot;,&quot;speed&quot;:500}\" data-widget_type=\"image-carousel.default\">\n\t\t\t\t\t\t\t<div class=\"elementor-image-carousel-wrapper swiper\" role=\"region\" aria-roledescription=\"carousel\" aria-label=\"Image Carousel\" dir=\"ltr\">\n\t\t\t<div class=\"elementor-image-carousel swiper-wrapper\" aria-live=\"off\">\n\t\t\t\t\t\t\t\t<div class=\"swiper-slide\" role=\"group\" aria-roledescription=\"slide\" aria-label=\"1 of 3\"><figure class=\"swiper-slide-inner\"><img decoding=\"async\" class=\"swiper-slide-image\" src=\"https:\/\/www.hotelplaza.hr\/wp-content\/uploads\/elementor\/thumbs\/SuiteB_LivingRoom9-p4xp7jokgt13vpwqoomc0ytqe6ryxj635bepvtl04c.jpg\" alt=\"SuiteB_LivingRoom9\" \/><\/figure><\/div><div class=\"swiper-slide\" role=\"group\" aria-roledescription=\"slide\" aria-label=\"2 of 3\"><figure class=\"swiper-slide-inner\"><img decoding=\"async\" class=\"swiper-slide-image\" src=\"https:\/\/www.hotelplaza.hr\/wp-content\/uploads\/elementor\/thumbs\/SuiteB_Room19-p4xp8ep8qc7kiunonk10t8zxzwj2zjl89kxqpyb0f0.jpg\" alt=\"SuiteB_Room19\" \/><\/figure><\/div><div class=\"swiper-slide\" role=\"group\" aria-roledescription=\"slide\" aria-label=\"3 of 3\"><figure class=\"swiper-slide-inner\"><img decoding=\"async\" class=\"swiper-slide-image\" src=\"https:\/\/www.hotelplaza.hr\/wp-content\/uploads\/elementor\/thumbs\/SuiteB_Bathroom9-p4xp6plqe3vxk74fkbm9t6ezduw837uod6j6iytlng.jpg\" alt=\"SuiteB_Bathroom9\" \/><\/figure><\/div>\t\t\t<\/div>\n\t\t\t\t\t\t\t\n\t\t\t\t\t\t\t\t\t<div class=\"swiper-pagination\"><\/div>\n\t\t\t\t\t\t\t\t\t<\/div>\n\t\t\t\t\t\t<\/div>\n\t\t\t\t\t<\/div>\n\t\t<\/div>\n\t\t\t\t\t<\/div>\n\t\t<\/section>\n\t\t\t\t<section class=\"elementor-section elementor-top-section elementor-element elementor-element-cba6bb0 elementor-section-stretched elementor-reverse-mobile elementor-section-boxed elementor-section-height-default elementor-section-height-default\" data-id=\"cba6bb0\" data-element_type=\"section\" data-e-type=\"section\" data-settings=\"{&quot;background_background&quot;:&quot;classic&quot;,&quot;stretch_section&quot;:&quot;section-stretched&quot;}\">\n\t\t\t\t\t\t<div class=\"elementor-container elementor-column-gap-default\">\n\t\t\t\t\t<div class=\"elementor-column elementor-col-50 elementor-top-column elementor-element elementor-element-ef8ef21\" data-id=\"ef8ef21\" data-element_type=\"column\" data-e-type=\"column\">\n\t\t\t<div class=\"elementor-widget-wrap elementor-element-populated\">\n\t\t\t\t\t\t<div class=\"elementor-element elementor-element-a4a4b30 elementor-pagination-position-outside elementor-widget elementor-widget-image-carousel\" data-id=\"a4a4b30\" data-element_type=\"widget\" data-e-type=\"widget\" data-settings=\"{&quot;slides_to_show&quot;:&quot;1&quot;,&quot;navigation&quot;:&quot;dots&quot;,&quot;autoplay&quot;:&quot;yes&quot;,&quot;pause_on_hover&quot;:&quot;yes&quot;,&quot;pause_on_interaction&quot;:&quot;yes&quot;,&quot;autoplay_speed&quot;:5000,&quot;infinite&quot;:&quot;yes&quot;,&quot;effect&quot;:&quot;slide&quot;,&quot;speed&quot;:500}\" data-widget_type=\"image-carousel.default\">\n\t\t\t\t\t\t\t<div class=\"elementor-image-carousel-wrapper swiper\" role=\"region\" aria-roledescription=\"carousel\" aria-label=\"Image Carousel\" dir=\"ltr\">\n\t\t\t<div class=\"elementor-image-carousel swiper-wrapper\" aria-live=\"off\">\n\t\t\t\t\t\t\t\t<div class=\"swiper-slide\" role=\"group\" aria-roledescription=\"slide\" aria-label=\"1 of 3\"><figure class=\"swiper-slide-inner\"><img decoding=\"async\" class=\"swiper-slide-image\" src=\"https:\/\/www.hotelplaza.hr\/wp-content\/uploads\/elementor\/thumbs\/DSC_0727-HDR61s-p4xp7c5uy4qtau7nwldbh0q1n3t17yc8ga6u1lw5i4.jpg\" alt=\"DSC_0727-HDR61s\" \/><\/figure><\/div><div class=\"swiper-slide\" role=\"group\" aria-roledescription=\"slide\" aria-label=\"2 of 3\"><figure class=\"swiper-slide-inner\"><img decoding=\"async\" class=\"swiper-slide-image\" src=\"https:\/\/www.hotelplaza.hr\/wp-content\/uploads\/elementor\/thumbs\/DSC_0750-HDR7-5s-p4xp71tmuycnr4mokywf7lbz3v7zva76qv0hrkbhek.jpg\" alt=\"DSC_0750-HDR7-5s\" \/><\/figure><\/div><div class=\"swiper-slide\" role=\"group\" aria-roledescription=\"slide\" aria-label=\"3 of 3\"><figure class=\"swiper-slide-inner\"><img decoding=\"async\" class=\"swiper-slide-image\" src=\"https:\/\/www.hotelplaza.hr\/wp-content\/uploads\/elementor\/thumbs\/DSC_0838-HDR5-1s-p4xp9lxtgpurcwwvn2puzy35bmlytmcvriy2soiwgs.jpg\" alt=\"DSC_0838-HDR5-1s\" \/><\/figure><\/div>\t\t\t<\/div>\n\t\t\t\t\t\t\t\n\t\t\t\t\t\t\t\t\t<div class=\"swiper-pagination\"><\/div>\n\t\t\t\t\t\t\t\t\t<\/div>\n\t\t\t\t\t\t<\/div>\n\t\t\t\t\t<\/div>\n\t\t<\/div>\n\t\t\t\t<div class=\"elementor-column elementor-col-50 elementor-top-column elementor-element elementor-element-bd8b47e\" data-id=\"bd8b47e\" data-element_type=\"column\" data-e-type=\"column\">\n\t\t\t<div class=\"elementor-widget-wrap elementor-element-populated\">\n\t\t\t\t\t\t<div class=\"elementor-element elementor-element-6e498ee subtilines elementor-widget elementor-widget-text-editor\" data-id=\"6e498ee\" data-element_type=\"widget\" data-e-type=\"widget\" data-widget_type=\"text-editor.default\">\n\t\t\t\t\t\t\t\t\t<p class=\"t1\">HOTEL PLA\u017dA OMI\u0160<\/p>\t\t\t\t\t\t\t\t<\/div>\n\t\t\t\t<div class=\"elementor-element elementor-element-927e7a8 elementor-widget elementor-widget-heading\" data-id=\"927e7a8\" data-element_type=\"widget\" data-e-type=\"widget\" data-widget_type=\"heading.default\">\n\t\t\t\t\t<p class=\"elementor-heading-title elementor-size-default\">Suite A<\/p>\t\t\t\t<\/div>\n\t\t\t\t<div class=\"elementor-element elementor-element-40947d7 elementor-widget elementor-widget-text-editor\" data-id=\"40947d7\" data-element_type=\"widget\" data-e-type=\"widget\" data-widget_type=\"text-editor.default\">\n\t\t\t\t\t\t\t\t\t<p><em>na morski strani z balkonom<\/em><\/p><p>\u00a0<\/p><div class=\"elementor-element elementor-element-6cd15dc3 elementor-widget elementor-widget-text-editor\" data-id=\"6cd15dc3\" data-element_type=\"widget\" data-widget_type=\"text-editor.default\"><div class=\"elementor-widget-container\"><div class=\"elementor-text-editor elementor-clearfix\"><p>Idealna izbira za goste, ki \u017eelijo ve\u010d udobja, ali za nastanitev dru\u017ein z otroki.\u00a0<\/p><\/div><\/div><\/div><div class=\"elementor-element elementor-element-aec4318 elementor-align-left elementor-mobile-align-center elementor-widget elementor-widget-button\" data-id=\"aec4318\" data-element_type=\"widget\" data-widget_type=\"button.default\"><div class=\"elementor-widget-container\"><div class=\"elementor-button-wrapper\">\u00a0<\/div><\/div><\/div>\t\t\t\t\t\t\t\t<\/div>\n\t\t\t\t<section class=\"elementor-section elementor-inner-section elementor-element elementor-element-07a7eba elementor-section-boxed elementor-section-height-default elementor-section-height-default\" data-id=\"07a7eba\" data-element_type=\"section\" data-e-type=\"section\">\n\t\t\t\t\t\t<div class=\"elementor-container elementor-column-gap-default\">\n\t\t\t\t\t<div class=\"elementor-column elementor-col-50 elementor-inner-column elementor-element elementor-element-2a9528d\" data-id=\"2a9528d\" data-element_type=\"column\" data-e-type=\"column\">\n\t\t\t<div class=\"elementor-widget-wrap elementor-element-populated\">\n\t\t\t\t\t\t<div class=\"elementor-element elementor-element-403150d elementor-align-center elementor-widget elementor-widget-button\" data-id=\"403150d\" data-element_type=\"widget\" data-e-type=\"widget\" data-widget_type=\"button.default\">\n\t\t\t\t\t\t\t\t\t\t<a class=\"elementor-button elementor-button-link elementor-size-sm elementor-animation-hang\" href=\"https:\/\/www.hotelplaza.hr\/sl\/suite-a\/\">\n\t\t\t\t\t\t<span class=\"elementor-button-content-wrapper\">\n\t\t\t\t\t\t\t\t\t<span class=\"elementor-button-text\">Ve\u010d<\/span>\n\t\t\t\t\t<\/span>\n\t\t\t\t\t<\/a>\n\t\t\t\t\t\t\t\t<\/div>\n\t\t\t\t\t<\/div>\n\t\t<\/div>\n\t\t\t\t<div class=\"elementor-column elementor-col-50 elementor-inner-column elementor-element elementor-element-fef2ef2\" data-id=\"fef2ef2\" data-element_type=\"column\" data-e-type=\"column\">\n\t\t\t<div class=\"elementor-widget-wrap elementor-element-populated\">\n\t\t\t\t\t\t<div class=\"elementor-element elementor-element-2f07b12 elementor-align-left elementor-mobile-align-center elementor-widget elementor-widget-button\" data-id=\"2f07b12\" data-element_type=\"widget\" data-e-type=\"widget\" data-widget_type=\"button.default\">\n\t\t\t\t\t\t\t\t\t\t<a class=\"elementor-button elementor-button-link elementor-size-sm elementor-animation-hang\" href=\"https:\/\/www.hotelplaza.hr\/sl\/rezervirati\/?action=c_1&#038;hotel_id=4032&#038;guide_id=821\">\n\t\t\t\t\t\t<span class=\"elementor-button-content-wrapper\">\n\t\t\t\t\t\t\t\t\t<span class=\"elementor-button-text\">Rezervirajte<\/span>\n\t\t\t\t\t<\/span>\n\t\t\t\t\t<\/a>\n\t\t\t\t\t\t\t\t<\/div>\n\t\t\t\t\t<\/div>\n\t\t<\/div>\n\t\t\t\t\t<\/div>\n\t\t<\/section>\n\t\t\t\t\t<\/div>\n\t\t<\/div>\n\t\t\t\t\t<\/div>\n\t\t<\/section>\n\t\t\t\t<\/div>\n\t\t","protected":false},"excerpt":{"rendered":"<p>Spacious vacation with elegant design HOTEL PLA\u017dA OMI\u0160 Suite B na strani ulice z balkonom \u00a0 Apartma velikosti 40 m2 obsega spalnico z zakonsko posteljo, povezano s kopalnico, in dnevno sobo s sede\u017eno garnituro, ki se uporabljajo kot dodatno le\u017ei\u0161\u010de.\u00a0 Ve\u010d Rezervirajte HOTEL PLA\u017dA OMI\u0160 Suite A na morski strani z balkonom \u00a0 Idealna izbira [&hellip;]<\/p>\n","protected":false},"author":1,"featured_media":0,"parent":0,"menu_order":0,"comment_status":"closed","ping_status":"closed","template":"","meta":{"rs_blank_template":"","rs_page_bg_color":"","slide_template_v7":"","site-sidebar-layout":"no-sidebar","site-content-layout":"content-boxed-container","ast-site-content-layout":"default","site-content-style":"default","site-sidebar-style":"default","ast-global-header-display":"","ast-banner-title-visibility":"","ast-main-header-display":"disabled","ast-hfb-above-header-display":"","ast-hfb-below-header-display":"","ast-hfb-mobile-header-display":"","site-post-title":"disabled","ast-breadcrumbs-content":"disabled","ast-featured-img":"disabled","footer-sml-layout":"disabled","ast-disable-related-posts":"","theme-transparent-header-meta":"enabled","adv-header-id-meta":"","stick-header-meta":"","header-above-stick-meta":"","header-main-stick-meta":"","header-below-stick-meta":"","astra-migrate-meta-layouts":"default","ast-page-background-enabled":"default","ast-page-background-meta":{"desktop":{"background-color":"","background-image":"","background-repeat":"repeat","background-position":"center center","background-size":"auto","background-attachment":"scroll","background-type":"","background-media":"","overlay-type":"","overlay-color":"","overlay-opacity":"","overlay-gradient":""},"tablet":{"background-color":"","background-image":"","background-repeat":"repeat","background-position":"center center","background-size":"auto","background-attachment":"scroll","background-type":"","background-media":"","overlay-type":"","overlay-color":"","overlay-opacity":"","overlay-gradient":""},"mobile":{"background-color":"","background-image":"","background-repeat":"repeat","background-position":"center center","background-size":"auto","background-attachment":"scroll","background-type":"","background-media":"","overlay-type":"","overlay-color":"","overlay-opacity":"","overlay-gradient":""}},"ast-content-background-meta":{"desktop":{"background-color":"var(--ast-global-color-5)","background-image":"","background-repeat":"repeat","background-position":"center center","background-size":"auto","background-attachment":"scroll","background-type":"","background-media":"","overlay-type":"","overlay-color":"","overlay-opacity":"","overlay-gradient":""},"tablet":{"background-color":"var(--ast-global-color-5)","background-image":"","background-repeat":"repeat","background-position":"center center","background-size":"auto","background-attachment":"scroll","background-type":"","background-media":"","overlay-type":"","overlay-color":"","overlay-opacity":"","overlay-gradient":""},"mobile":{"background-color":"var(--ast-global-color-5)","background-image":"","background-repeat":"repeat","background-position":"center center","background-size":"auto","background-attachment":"scroll","background-type":"","background-media":"","overlay-type":"","overlay-color":"","overlay-opacity":"","overlay-gradient":""}},"footnotes":""},"class_list":["post-15297","page","type-page","status-publish","hentry"],"yoast_head":"<!-- This site is optimized with the Yoast SEO plugin v27.4 - https:\/\/yoast.com\/product\/yoast-seo-wordpress\/ -->\n<title>Suites Omi\u0161 - Hotel Plaza<\/title>\n<meta name=\"robots\" content=\"index, follow, max-snippet:-1, max-image-preview:large, max-video-preview:-1\" \/>\n<link rel=\"canonical\" href=\"https:\/\/www.hotelplaza.hr\/sl\/suites-omis\/\" \/>\n<meta property=\"og:locale\" content=\"sl_SI\" \/>\n<meta property=\"og:type\" content=\"article\" \/>\n<meta property=\"og:title\" content=\"Suites Omi\u0161 - Hotel Plaza\" \/>\n<meta property=\"og:description\" content=\"Spacious vacation with elegant design HOTEL PLA\u017dA OMI\u0160 Suite B na strani ulice z balkonom \u00a0 Apartma velikosti 40 m2 obsega spalnico z zakonsko posteljo, povezano s kopalnico, in dnevno sobo s sede\u017eno garnituro, ki se uporabljajo kot dodatno le\u017ei\u0161\u010de.\u00a0 Ve\u010d Rezervirajte HOTEL PLA\u017dA OMI\u0160 Suite A na morski strani z balkonom \u00a0 Idealna izbira [&hellip;]\" \/>\n<meta property=\"og:url\" content=\"https:\/\/www.hotelplaza.hr\/sl\/suites-omis\/\" \/>\n<meta property=\"og:site_name\" content=\"Hotel Plaza\" \/>\n<meta property=\"og:image\" content=\"https:\/\/www.hotelplaza.hr\/wp-content\/uploads\/elementor\/thumbs\/SuiteB_LivingRoom9-p4xp7jokgt13vpwqoomc0ytqe6ryxj635bepila41s.jpg\" \/>\n<meta name=\"twitter:card\" content=\"summary_large_image\" \/>\n<meta name=\"twitter:label1\" content=\"Est. reading time\" \/>\n\t<meta name=\"twitter:data1\" content=\"3 minute\" \/>\n<script type=\"application\/ld+json\" class=\"yoast-schema-graph\">{\"@context\":\"https:\\\/\\\/schema.org\",\"@graph\":[{\"@type\":\"WebPage\",\"@id\":\"https:\\\/\\\/www.hotelplaza.hr\\\/sl\\\/suites-omis\\\/\",\"url\":\"https:\\\/\\\/www.hotelplaza.hr\\\/sl\\\/suites-omis\\\/\",\"name\":\"Suites Omi\u0161 - Hotel Plaza\",\"isPartOf\":{\"@id\":\"https:\\\/\\\/www.hotelplaza.hr\\\/sl\\\/#website\"},\"primaryImageOfPage\":{\"@id\":\"https:\\\/\\\/www.hotelplaza.hr\\\/sl\\\/suites-omis\\\/#primaryimage\"},\"image\":{\"@id\":\"https:\\\/\\\/www.hotelplaza.hr\\\/sl\\\/suites-omis\\\/#primaryimage\"},\"thumbnailUrl\":\"https:\\\/\\\/www.hotelplaza.hr\\\/wp-content\\\/uploads\\\/elementor\\\/thumbs\\\/SuiteB_LivingRoom9-p4xp7jokgt13vpwqoomc0ytqe6ryxj635bepila41s.jpg\",\"datePublished\":\"2022-03-06T17:25:43+00:00\",\"breadcrumb\":{\"@id\":\"https:\\\/\\\/www.hotelplaza.hr\\\/sl\\\/suites-omis\\\/#breadcrumb\"},\"inLanguage\":\"sl-SI\",\"potentialAction\":[{\"@type\":\"ReadAction\",\"target\":[\"https:\\\/\\\/www.hotelplaza.hr\\\/sl\\\/suites-omis\\\/\"]}]},{\"@type\":\"ImageObject\",\"inLanguage\":\"sl-SI\",\"@id\":\"https:\\\/\\\/www.hotelplaza.hr\\\/sl\\\/suites-omis\\\/#primaryimage\",\"url\":\"https:\\\/\\\/www.hotelplaza.hr\\\/wp-content\\\/uploads\\\/elementor\\\/thumbs\\\/SuiteB_LivingRoom9-p4xp7jokgt13vpwqoomc0ytqe6ryxj635bepila41s.jpg\",\"contentUrl\":\"https:\\\/\\\/www.hotelplaza.hr\\\/wp-content\\\/uploads\\\/elementor\\\/thumbs\\\/SuiteB_LivingRoom9-p4xp7jokgt13vpwqoomc0ytqe6ryxj635bepila41s.jpg\"},{\"@type\":\"BreadcrumbList\",\"@id\":\"https:\\\/\\\/www.hotelplaza.hr\\\/sl\\\/suites-omis\\\/#breadcrumb\",\"itemListElement\":[{\"@type\":\"ListItem\",\"position\":1,\"name\":\"Po\u010detna stranica\",\"item\":\"https:\\\/\\\/www.hotelplaza.hr\\\/sl\\\/\"},{\"@type\":\"ListItem\",\"position\":2,\"name\":\"Suites Omi\u0161\"}]},{\"@type\":\"WebSite\",\"@id\":\"https:\\\/\\\/www.hotelplaza.hr\\\/sl\\\/#website\",\"url\":\"https:\\\/\\\/www.hotelplaza.hr\\\/sl\\\/\",\"name\":\"Hotel Plaza\",\"description\":\"Hotel\",\"potentialAction\":[{\"@type\":\"SearchAction\",\"target\":{\"@type\":\"EntryPoint\",\"urlTemplate\":\"https:\\\/\\\/www.hotelplaza.hr\\\/sl\\\/?s={search_term_string}\"},\"query-input\":{\"@type\":\"PropertyValueSpecification\",\"valueRequired\":true,\"valueName\":\"search_term_string\"}}],\"inLanguage\":\"sl-SI\"}]}<\/script>\n<!-- \/ Yoast SEO plugin. -->","yoast_head_json":{"title":"Suites Omi\u0161 - Hotel Plaza","robots":{"index":"index","follow":"follow","max-snippet":"max-snippet:-1","max-image-preview":"max-image-preview:large","max-video-preview":"max-video-preview:-1"},"canonical":"https:\/\/www.hotelplaza.hr\/sl\/suites-omis\/","og_locale":"sl_SI","og_type":"article","og_title":"Suites Omi\u0161 - Hotel Plaza","og_description":"Spacious vacation with elegant design HOTEL PLA\u017dA OMI\u0160 Suite B na strani ulice z balkonom \u00a0 Apartma velikosti 40 m2 obsega spalnico z zakonsko posteljo, povezano s kopalnico, in dnevno sobo s sede\u017eno garnituro, ki se uporabljajo kot dodatno le\u017ei\u0161\u010de.\u00a0 Ve\u010d Rezervirajte HOTEL PLA\u017dA OMI\u0160 Suite A na morski strani z balkonom \u00a0 Idealna izbira [&hellip;]","og_url":"https:\/\/www.hotelplaza.hr\/sl\/suites-omis\/","og_site_name":"Hotel Plaza","og_image":[{"url":"https:\/\/www.hotelplaza.hr\/wp-content\/uploads\/elementor\/thumbs\/SuiteB_LivingRoom9-p4xp7jokgt13vpwqoomc0ytqe6ryxj635bepila41s.jpg","type":"","width":"","height":""}],"twitter_card":"summary_large_image","twitter_misc":{"Est. reading time":"3 minute"},"schema":{"@context":"https:\/\/schema.org","@graph":[{"@type":"WebPage","@id":"https:\/\/www.hotelplaza.hr\/sl\/suites-omis\/","url":"https:\/\/www.hotelplaza.hr\/sl\/suites-omis\/","name":"Suites Omi\u0161 - Hotel Plaza","isPartOf":{"@id":"https:\/\/www.hotelplaza.hr\/sl\/#website"},"primaryImageOfPage":{"@id":"https:\/\/www.hotelplaza.hr\/sl\/suites-omis\/#primaryimage"},"image":{"@id":"https:\/\/www.hotelplaza.hr\/sl\/suites-omis\/#primaryimage"},"thumbnailUrl":"https:\/\/www.hotelplaza.hr\/wp-content\/uploads\/elementor\/thumbs\/SuiteB_LivingRoom9-p4xp7jokgt13vpwqoomc0ytqe6ryxj635bepila41s.jpg","datePublished":"2022-03-06T17:25:43+00:00","breadcrumb":{"@id":"https:\/\/www.hotelplaza.hr\/sl\/suites-omis\/#breadcrumb"},"inLanguage":"sl-SI","potentialAction":[{"@type":"ReadAction","target":["https:\/\/www.hotelplaza.hr\/sl\/suites-omis\/"]}]},{"@type":"ImageObject","inLanguage":"sl-SI","@id":"https:\/\/www.hotelplaza.hr\/sl\/suites-omis\/#primaryimage","url":"https:\/\/www.hotelplaza.hr\/wp-content\/uploads\/elementor\/thumbs\/SuiteB_LivingRoom9-p4xp7jokgt13vpwqoomc0ytqe6ryxj635bepila41s.jpg","contentUrl":"https:\/\/www.hotelplaza.hr\/wp-content\/uploads\/elementor\/thumbs\/SuiteB_LivingRoom9-p4xp7jokgt13vpwqoomc0ytqe6ryxj635bepila41s.jpg"},{"@type":"BreadcrumbList","@id":"https:\/\/www.hotelplaza.hr\/sl\/suites-omis\/#breadcrumb","itemListElement":[{"@type":"ListItem","position":1,"name":"Po\u010detna stranica","item":"https:\/\/www.hotelplaza.hr\/sl\/"},{"@type":"ListItem","position":2,"name":"Suites Omi\u0161"}]},{"@type":"WebSite","@id":"https:\/\/www.hotelplaza.hr\/sl\/#website","url":"https:\/\/www.hotelplaza.hr\/sl\/","name":"Hotel Plaza","description":"Hotel","potentialAction":[{"@type":"SearchAction","target":{"@type":"EntryPoint","urlTemplate":"https:\/\/www.hotelplaza.hr\/sl\/?s={search_term_string}"},"query-input":{"@type":"PropertyValueSpecification","valueRequired":true,"valueName":"search_term_string"}}],"inLanguage":"sl-SI"}]}},"_links":{"self":[{"href":"https:\/\/www.hotelplaza.hr\/sl\/wp-json\/wp\/v2\/pages\/15297","targetHints":{"allow":["GET"]}}],"collection":[{"href":"https:\/\/www.hotelplaza.hr\/sl\/wp-json\/wp\/v2\/pages"}],"about":[{"href":"https:\/\/www.hotelplaza.hr\/sl\/wp-json\/wp\/v2\/types\/page"}],"author":[{"embeddable":true,"href":"https:\/\/www.hotelplaza.hr\/sl\/wp-json\/wp\/v2\/users\/1"}],"replies":[{"embeddable":true,"href":"https:\/\/www.hotelplaza.hr\/sl\/wp-json\/wp\/v2\/comments?post=15297"}],"version-history":[{"count":5,"href":"https:\/\/www.hotelplaza.hr\/sl\/wp-json\/wp\/v2\/pages\/15297\/revisions"}],"predecessor-version":[{"id":15901,"href":"https:\/\/www.hotelplaza.hr\/sl\/wp-json\/wp\/v2\/pages\/15297\/revisions\/15901"}],"wp:attachment":[{"href":"https:\/\/www.hotelplaza.hr\/sl\/wp-json\/wp\/v2\/media?parent=15297"}],"curies":[{"name":"wp","href":"https:\/\/api.w.org\/{rel}","templated":true}]}}